{"id":98,"date":"2014-08-16T21:53:17","date_gmt":"2014-08-16T19:53:17","guid":{"rendered":"http:\/\/jvelektronika.cz\/?page_id=98"},"modified":"2014-08-16T22:05:37","modified_gmt":"2014-08-16T20:05:37","slug":"videorecenze-1","status":"publish","type":"page","link":"https:\/\/jvelektronika.cz\/?page_id=98","title":{"rendered":"VIDEORECENZE 1"},"content":{"rendered":"<div>\n<h1>Packard Bell EasyNote TE69KB Silver &#8211; VIDEORECENZE 1<\/h1>\n<\/div>\n<div>\n<div><ins>23.09.2013 14:59<\/ins><\/p>\n<h1>Packard Bell EasyNote TE69KB Silver<\/h1>\n<h3>TE69KB-12502G50Mnsk<\/h3>\n<p>&nbsp;<\/p>\n<p><span style=\"text-decoration: underline;\"><strong>VIDEORECENZE 1<\/strong><\/span><\/p>\n<p>&nbsp;<\/p>\n<p><span style=\"text-decoration: underline;\"><strong>Popis cel\u00e9ho notebooku: Obsah balen\u00ed, hardware, prost\u0159ed\u00ed windows a dal\u0161\u00ed info&#8230;.<\/strong><\/span><\/p>\n<\/div>\n<\/div>\n<p>&nbsp;<\/p>\n<div class=\"epyt-video-wrapper\"><iframe loading=\"lazy\"  style=\"display: block; margin: 0px auto;\"  id=\"_ytid_25247\"  width=\"640\" height=\"360\"  data-origwidth=\"640\" data-origheight=\"360\" src=\"https:\/\/www.youtube.com\/embed\/FqupwK3wTBc?enablejsapi=1&#038;autoplay=0&#038;cc_load_policy=0&#038;cc_lang_pref=&#038;iv_load_policy=1&#038;loop=0&#038;modestbranding=0&#038;rel=1&#038;fs=1&#038;playsinline=1&#038;autohide=2&#038;theme=dark&#038;color=red&#038;controls=1&#038;\" class=\"__youtube_prefs__  epyt-is-override  no-lazyload\" title=\"YouTube player\"  allow=\"accelerometer; autoplay; clipboard-write; encrypted-media; gyroscope; picture-in-picture\" allowfullscreen data-no-lazy=\"1\" data-skipgform_ajax_framebjll=\"\"><\/iframe><\/div>\n","protected":false},"excerpt":{"rendered":"<p>Packard Bell EasyNote TE69KB Silver &#8211; VIDEORECENZE 1 23.09.2013 14:59 Packard Bell EasyNote TE69KB Silver TE69KB-12502G50Mnsk &nbsp; VIDEORECENZE 1 &nbsp; Popis cel\u00e9ho notebooku: Obsah balen\u00ed, hardware, prost\u0159ed\u00ed windows a dal\u0161\u00ed info&#8230;. &nbsp;<\/p>\n","protected":false},"author":1,"featured_media":0,"parent":59,"menu_order":0,"comment_status":"closed","ping_status":"open","template":"","meta":{"footnotes":""},"_links":{"self":[{"href":"https:\/\/jvelektronika.cz\/index.php?rest_route=\/wp\/v2\/pages\/98"}],"collection":[{"href":"https:\/\/jvelektronika.cz\/index.php?rest_route=\/wp\/v2\/pages"}],"about":[{"href":"https:\/\/jvelektronika.cz\/index.php?rest_route=\/wp\/v2\/types\/page"}],"author":[{"embeddable":true,"href":"https:\/\/jvelektronika.cz\/index.php?rest_route=\/wp\/v2\/users\/1"}],"replies":[{"embeddable":true,"href":"https:\/\/jvelektronika.cz\/index.php?rest_route=%2Fwp%2Fv2%2Fcomments&post=98"}],"version-history":[{"count":3,"href":"https:\/\/jvelektronika.cz\/index.php?rest_route=\/wp\/v2\/pages\/98\/revisions"}],"predecessor-version":[{"id":101,"href":"https:\/\/jvelektronika.cz\/index.php?rest_route=\/wp\/v2\/pages\/98\/revisions\/101"}],"up":[{"embeddable":true,"href":"https:\/\/jvelektronika.cz\/index.php?rest_route=\/wp\/v2\/pages\/59"}],"wp:attachment":[{"href":"https:\/\/jvelektronika.cz\/index.php?rest_route=%2Fwp%2Fv2%2Fmedia&parent=98"}],"curies":[{"name":"wp","href":"https:\/\/api.w.org\/{rel}","templated":true}]}}