{"id":96,"date":"2014-08-16T21:51:00","date_gmt":"2014-08-16T19:51:00","guid":{"rendered":"http:\/\/jvelektronika.cz\/?page_id=96"},"modified":"2014-08-16T21:51:00","modified_gmt":"2014-08-16T19:51:00","slug":"postrehy-a-dalsi-info","status":"publish","type":"page","link":"https:\/\/jvelektronika.cz\/?page_id=96","title":{"rendered":"Post\u0159ehy a dal\u0161\u00ed info"},"content":{"rendered":"<h1>Post\u0159ehy a dal\u0161\u00ed informace<\/h1>\n<p>&nbsp;<\/p>\n<h3>Pam\u011b\u0165 RAM<\/h3>\n<p>&nbsp;<\/p>\n<p>Notebook disponuje pam\u011bt\u00ed typu DDR3 o taktu 1600MHz av\u0161ak z\u00e1kladn\u00ed deska dok\u00e1\u017ee uznat pouze takt o frekvenci 1333MHz a v\u011bt\u0161\u00ed takt pam\u011bt\u00ed ji\u017e nelze vyu\u017e\u00edt.<\/p>\n","protected":false},"excerpt":{"rendered":"<p>Post\u0159ehy a dal\u0161\u00ed informace &nbsp; Pam\u011b\u0165 RAM &nbsp; Notebook disponuje pam\u011bt\u00ed typu DDR3 o taktu 1600MHz av\u0161ak z\u00e1kladn\u00ed deska dok\u00e1\u017ee uznat pouze takt o frekvenci 1333MHz a v\u011bt\u0161\u00ed takt pam\u011bt\u00ed ji\u017e nelze vyu\u017e\u00edt.<\/p>\n","protected":false},"author":1,"featured_media":0,"parent":59,"menu_order":0,"comment_status":"closed","ping_status":"open","template":"","meta":{"footnotes":""},"_links":{"self":[{"href":"https:\/\/jvelektronika.cz\/index.php?rest_route=\/wp\/v2\/pages\/96"}],"collection":[{"href":"https:\/\/jvelektronika.cz\/index.php?rest_route=\/wp\/v2\/pages"}],"about":[{"href":"https:\/\/jvelektronika.cz\/index.php?rest_route=\/wp\/v2\/types\/page"}],"author":[{"embeddable":true,"href":"https:\/\/jvelektronika.cz\/index.php?rest_route=\/wp\/v2\/users\/1"}],"replies":[{"embeddable":true,"href":"https:\/\/jvelektronika.cz\/index.php?rest_route=%2Fwp%2Fv2%2Fcomments&post=96"}],"version-history":[{"count":1,"href":"https:\/\/jvelektronika.cz\/index.php?rest_route=\/wp\/v2\/pages\/96\/revisions"}],"predecessor-version":[{"id":97,"href":"https:\/\/jvelektronika.cz\/index.php?rest_route=\/wp\/v2\/pages\/96\/revisions\/97"}],"up":[{"embeddable":true,"href":"https:\/\/jvelektronika.cz\/index.php?rest_route=\/wp\/v2\/pages\/59"}],"wp:attachment":[{"href":"https:\/\/jvelektronika.cz\/index.php?rest_route=%2Fwp%2Fv2%2Fmedia&parent=96"}],"curies":[{"name":"wp","href":"https:\/\/api.w.org\/{rel}","templated":true}]}}