{"id":94,"date":"2014-08-16T21:49:37","date_gmt":"2014-08-16T19:49:37","guid":{"rendered":"http:\/\/jvelektronika.cz\/?page_id=94"},"modified":"2015-03-14T09:11:43","modified_gmt":"2015-03-14T08:11:43","slug":"rozsireni-pameti-ram","status":"publish","type":"page","link":"https:\/\/jvelektronika.cz\/?page_id=94","title":{"rendered":"Roz\u0161\u00ed\u0159en\u00ed pam\u011bti ram"},"content":{"rendered":"<h3>Roz\u0161\u00ed\u0159en\u00ed pam\u011bti ram<\/h3>\n<p>&nbsp;<\/p>\n<p>Jak v\u0161ichni asi v\u00edte, tak 2Gb opera\u010dn\u00ed pam\u011bti je v dne\u0161n\u00ed dob\u011b pro po\u010d\u00edta\u010d m\u00e1lo. P\u0159ipom\u00edn\u00e1m, \u017ee tento notebook se prod\u00e1v\u00e1 s 2GB RAM, ale z toho je dostupn\u00fdch pouze 1,4Gb pro u\u017eivatele, co\u017e je velice m\u00e1le. S touto konfigurac\u00ed mi notebook pracoval pomalu, ve firefoxu jsem otev\u0159el p\u00e1r oken a ramka byla pln\u00e1 a o hr\u00e1ch nemluv\u011b.<\/p>\n<p>&nbsp;<\/p>\n<p>Zde je n\u011bkolik fotografi\u00ed, kter\u00e9 popisuj\u00ed p\u0159id\u00e1n\u00ed druh\u00e9ho pam\u011b\u0165ov\u00e9ho modulu, plus fotografii HDD.<\/p>\n<p>&nbsp;<\/p>\n<p><a href=\"http:\/\/jvelektronika.cz\/wp-content\/uploads\/2015\/02\/hdd.jpg\"><img decoding=\"async\" loading=\"lazy\" class=\"aligncenter size-full wp-image-730\" src=\"http:\/\/jvelektronika.cz\/wp-content\/uploads\/2015\/02\/hdd.jpg\" alt=\"hdd\" width=\"800\" height=\"600\" srcset=\"https:\/\/jvelektronika.cz\/wp-content\/uploads\/2015\/02\/hdd.jpg 800w, https:\/\/jvelektronika.cz\/wp-content\/uploads\/2015\/02\/hdd-300x225.jpg 300w\" sizes=\"(max-width: 800px) 100vw, 800px\" \/><\/a><a href=\"http:\/\/jvelektronika.cz\/wp-content\/uploads\/2015\/02\/fini\u0161.jpg\"><img decoding=\"async\" loading=\"lazy\" class=\"aligncenter size-full wp-image-722\" src=\"http:\/\/jvelektronika.cz\/wp-content\/uploads\/2015\/02\/fini\u0161.jpg\" alt=\"fini\u0161\" width=\"800\" height=\"600\" srcset=\"https:\/\/jvelektronika.cz\/wp-content\/uploads\/2015\/02\/fini\u0161.jpg 800w, https:\/\/jvelektronika.cz\/wp-content\/uploads\/2015\/02\/fini\u0161-300x225.jpg 300w\" sizes=\"(max-width: 800px) 100vw, 800px\" \/><\/a><\/p>\n<p>&nbsp;<\/p>\n<p>Na tomto obr\u00e1zku je vid\u011bt kryt, pod kter\u00fdm se skr\u00fdva pevn\u00fd disk a pam\u011b\u0165ov\u00e9 moduly. Kryt dr\u017e\u00ed t\u0159i \u0161rouby a packy, kter\u00e9 jsou za cvakl\u00e9.<\/p>\n<p>&nbsp;<\/p>\n<p><a href=\"http:\/\/jvelektronika.cz\/wp-content\/uploads\/2015\/02\/sloty.jpg\"><img decoding=\"async\" loading=\"lazy\" class=\"aligncenter size-full wp-image-817\" src=\"http:\/\/jvelektronika.cz\/wp-content\/uploads\/2015\/02\/sloty.jpg\" alt=\"sloty\" width=\"800\" height=\"600\" srcset=\"https:\/\/jvelektronika.cz\/wp-content\/uploads\/2015\/02\/sloty.jpg 800w, https:\/\/jvelektronika.cz\/wp-content\/uploads\/2015\/02\/sloty-300x225.jpg 300w\" sizes=\"(max-width: 800px) 100vw, 800px\" \/><\/a><\/p>\n<p>&nbsp;<\/p>\n<p>&nbsp;<\/p>\n<p>&nbsp;<\/p>\n<p>&nbsp;<\/p>\n<p>Jak je vid\u011bt z obr\u00e1zku, tak nov\u00e1 ramka se jednodu\u0161e zacvakne. Co se mi, ale p\u0159\u00edli\u0161 nel\u00edb\u00ed je prvn\u00ed slot pro pam\u011b\u0165ov\u00fd modul, kter\u00fd je schovan\u00fd pod dal\u0161\u00edma krytkama a proto bude n\u00e1ro\u010dn\u011bj\u0161\u00ed ho vym\u011bnit v p\u0159\u00edpad\u011b pot\u0159eby.<\/p>\n<p>&nbsp;<\/p>\n<p>&nbsp;<\/p>\n<p>&nbsp;<\/p>\n<p>Ramka je ji\u017e p\u0159id\u00e1na a te\u010f u\u017e sta\u010d\u00ed jen v\u0161e zad\u011blat zp\u011bt.<\/p>\n<p>&nbsp;<\/p>\n<p>&nbsp;<\/p>\n<p>&nbsp;<\/p>\n<p>Pevn\u00fd disk na SATA 2 rozhran\u00ed o kapacit\u011b 500Gb.<\/p>\n<p>&nbsp;<\/p>\n<p>&nbsp;<\/p>\n<p>&nbsp;<\/p>\n<p>Zde vid\u00edme, \u017ee v notebooku je ji\u017e 4GB ram na frekvenci 1333MHz<\/p>\n<p>&nbsp;<\/p>\n<p>&nbsp;<\/p>\n<p>&nbsp;<\/p>\n<p>Zde vid\u00edme index u\u017eivatelsk\u00fd sku\u0161enost\u00ed syst\u00e9mu Windows 8. Nejh\u016f\u0159e je na tom procesor a nejl\u00e9pe pevn\u00fd disk.<\/p>\n<p>Grafika pro hry, m\u00e1 celkov\u011b dobr\u00e9 hodnocen\u00ed a t\u0159eba Mafia 2 funguje na\u00a0 st\u0159edn\u00ed detajly a bez probl\u00e9mu<\/p>\n<p>funguje i nejnov\u011bji\u0161\u00ed verze hry Minecraft na p\u011bknou grafiku.<\/p>\n<p>Grafika m\u00e1 vlastn\u00ed pam\u011b\u0165 512Mb, ale d\u00edky sd\u00edlen\u00e9 zde m\u00e1me 2GB grafick\u00e9 pam\u011bti.<\/p>\n<div><\/div>\n","protected":false},"excerpt":{"rendered":"<p>Roz\u0161\u00ed\u0159en\u00ed pam\u011bti ram &nbsp; Jak v\u0161ichni asi v\u00edte, tak 2Gb opera\u010dn\u00ed pam\u011bti je v dne\u0161n\u00ed dob\u011b pro po\u010d\u00edta\u010d m\u00e1lo. P\u0159ipom\u00edn\u00e1m, \u017ee tento notebook se prod\u00e1v\u00e1 s 2GB RAM, ale z toho je dostupn\u00fdch pouze 1,4Gb pro u\u017eivatele, co\u017e je velice m\u00e1le. S touto konfigurac\u00ed mi notebook pracoval pomalu, ve firefoxu [&hellip;]<\/p>\n","protected":false},"author":1,"featured_media":0,"parent":59,"menu_order":0,"comment_status":"closed","ping_status":"open","template":"","meta":{"footnotes":""},"_links":{"self":[{"href":"https:\/\/jvelektronika.cz\/index.php?rest_route=\/wp\/v2\/pages\/94"}],"collection":[{"href":"https:\/\/jvelektronika.cz\/index.php?rest_route=\/wp\/v2\/pages"}],"about":[{"href":"https:\/\/jvelektronika.cz\/index.php?rest_route=\/wp\/v2\/types\/page"}],"author":[{"embeddable":true,"href":"https:\/\/jvelektronika.cz\/index.php?rest_route=\/wp\/v2\/users\/1"}],"replies":[{"embeddable":true,"href":"https:\/\/jvelektronika.cz\/index.php?rest_route=%2Fwp%2Fv2%2Fcomments&post=94"}],"version-history":[{"count":3,"href":"https:\/\/jvelektronika.cz\/index.php?rest_route=\/wp\/v2\/pages\/94\/revisions"}],"predecessor-version":[{"id":932,"href":"https:\/\/jvelektronika.cz\/index.php?rest_route=\/wp\/v2\/pages\/94\/revisions\/932"}],"up":[{"embeddable":true,"href":"https:\/\/jvelektronika.cz\/index.php?rest_route=\/wp\/v2\/pages\/59"}],"wp:attachment":[{"href":"https:\/\/jvelektronika.cz\/index.php?rest_route=%2Fwp%2Fv2%2Fmedia&parent=94"}],"curies":[{"name":"wp","href":"https:\/\/api.w.org\/{rel}","templated":true}]}}