{"id":59,"date":"2014-08-16T19:42:37","date_gmt":"2014-08-16T17:42:37","guid":{"rendered":"http:\/\/jvelektronika.cz\/?page_id=59"},"modified":"2015-12-12T16:42:33","modified_gmt":"2015-12-12T15:42:33","slug":"packard-bell-te69kb","status":"publish","type":"page","link":"https:\/\/jvelektronika.cz\/?page_id=59","title":{"rendered":"PB TE69KB"},"content":{"rendered":"<h1><a href=\"http:\/\/jvelektronika.cz\/?page_id=94\" target=\"_blank\">Roz\u0161\u00ed\u0159en\u00ed pam\u011bti ram<\/a><\/h1>\n<p>&nbsp;<\/p>\n<h1><a href=\"http:\/\/jvelektronika.cz\/?page_id=96\" target=\"_blank\">Post\u0159ehy a dal\u0161\u00ed info<\/a><\/h1>\n<p>&nbsp;<\/p>\n<h1><a href=\"http:\/\/jvelektronika.cz\/?page_id=98\" target=\"_blank\">VIDEORECENZE 1<\/a><\/h1>\n","protected":false},"excerpt":{"rendered":"<p>Roz\u0161\u00ed\u0159en\u00ed pam\u011bti ram &nbsp; Post\u0159ehy a dal\u0161\u00ed info &nbsp; VIDEORECENZE 1<\/p>\n","protected":false},"author":1,"featured_media":0,"parent":0,"menu_order":0,"comment_status":"closed","ping_status":"open","template":"","meta":{"footnotes":""},"_links":{"self":[{"href":"https:\/\/jvelektronika.cz\/index.php?rest_route=\/wp\/v2\/pages\/59"}],"collection":[{"href":"https:\/\/jvelektronika.cz\/index.php?rest_route=\/wp\/v2\/pages"}],"about":[{"href":"https:\/\/jvelektronika.cz\/index.php?rest_route=\/wp\/v2\/types\/page"}],"author":[{"embeddable":true,"href":"https:\/\/jvelektronika.cz\/index.php?rest_route=\/wp\/v2\/users\/1"}],"replies":[{"embeddable":true,"href":"https:\/\/jvelektronika.cz\/index.php?rest_route=%2Fwp%2Fv2%2Fcomments&post=59"}],"version-history":[{"count":4,"href":"https:\/\/jvelektronika.cz\/index.php?rest_route=\/wp\/v2\/pages\/59\/revisions"}],"predecessor-version":[{"id":1189,"href":"https:\/\/jvelektronika.cz\/index.php?rest_route=\/wp\/v2\/pages\/59\/revisions\/1189"}],"wp:attachment":[{"href":"https:\/\/jvelektronika.cz\/index.php?rest_route=%2Fwp%2Fv2%2Fmedia&parent=59"}],"curies":[{"name":"wp","href":"https:\/\/api.w.org\/{rel}","templated":true}]}}