{"id":57,"date":"2014-08-16T19:42:18","date_gmt":"2014-08-16T17:42:18","guid":{"rendered":"http:\/\/jvelektronika.cz\/?page_id=57"},"modified":"2014-08-16T22:22:40","modified_gmt":"2014-08-16T20:22:40","slug":"aspire-7560g","status":"publish","type":"page","link":"https:\/\/jvelektronika.cz\/?page_id=57","title":{"rendered":"Aspire 7560G"},"content":{"rendered":"<h1><a href=\"http:\/\/jvelektronika.cz\/?page_id=104\" target=\"_blank\">Acer Aspire 7560G-6344G64<\/a><\/h1>\n<p>&nbsp;<\/p>\n<h1><a href=\"http:\/\/jvelektronika.cz\/?page_id=113\" target=\"_blank\">Nastaven\u00ed grafiky ve h\u0159e DIRT 3<\/a><\/h1>\n<p>&nbsp;<\/p>\n<h1><a href=\"http:\/\/jvelektronika.cz\/?page_id=106\" target=\"_blank\">RECENZE 1<\/a><\/h1>\n<p>&nbsp;<\/p>\n<h1><a href=\"http:\/\/jvelektronika.cz\/?page_id=110\" target=\"_blank\">RECENZE 2<\/a><\/h1>\n<p>&nbsp;<\/p>\n<h1><a href=\"http:\/\/jvelektronika.cz\/?page_id=108\" target=\"_blank\">Test GTA 4 &#8211; Nastaven\u00ed grafiky<\/a><\/h1>\n","protected":false},"excerpt":{"rendered":"<p>Acer Aspire 7560G-6344G64 &nbsp; Nastaven\u00ed grafiky ve h\u0159e DIRT 3 &nbsp; RECENZE 1 &nbsp; RECENZE 2 &nbsp; Test GTA 4 &#8211; Nastaven\u00ed grafiky<\/p>\n","protected":false},"author":1,"featured_media":0,"parent":0,"menu_order":0,"comment_status":"closed","ping_status":"open","template":"","meta":{"footnotes":""},"_links":{"self":[{"href":"https:\/\/jvelektronika.cz\/index.php?rest_route=\/wp\/v2\/pages\/57"}],"collection":[{"href":"https:\/\/jvelektronika.cz\/index.php?rest_route=\/wp\/v2\/pages"}],"about":[{"href":"https:\/\/jvelektronika.cz\/index.php?rest_route=\/wp\/v2\/types\/page"}],"author":[{"embeddable":true,"href":"https:\/\/jvelektronika.cz\/index.php?rest_route=\/wp\/v2\/users\/1"}],"replies":[{"embeddable":true,"href":"https:\/\/jvelektronika.cz\/index.php?rest_route=%2Fwp%2Fv2%2Fcomments&post=57"}],"version-history":[{"count":3,"href":"https:\/\/jvelektronika.cz\/index.php?rest_route=\/wp\/v2\/pages\/57\/revisions"}],"predecessor-version":[{"id":120,"href":"https:\/\/jvelektronika.cz\/index.php?rest_route=\/wp\/v2\/pages\/57\/revisions\/120"}],"wp:attachment":[{"href":"https:\/\/jvelektronika.cz\/index.php?rest_route=%2Fwp%2Fv2%2Fmedia&parent=57"}],"curies":[{"name":"wp","href":"https:\/\/api.w.org\/{rel}","templated":true}]}}