{"id":532,"date":"2014-12-06T09:12:33","date_gmt":"2014-12-06T08:12:33","guid":{"rendered":"http:\/\/jvelektronika.cz\/?page_id=532"},"modified":"2015-06-17T20:32:17","modified_gmt":"2015-06-17T18:32:17","slug":"asus-memo-pad-me102a-10","status":"publish","type":"page","link":"https:\/\/jvelektronika.cz\/?page_id=532","title":{"rendered":"Xperia Tablet Z2"},"content":{"rendered":"<h1><span style=\"color: #00ccff;\">Xperia Tablet Z2<\/span><\/h1>\n<p>&nbsp;<\/p>\n<h2><a href=\"http:\/\/jvelektronika.cz\/?page_id=1026\" target=\"_blank\">USB ENDOSKOP NA TABLETU XPERIA Z2<\/a><\/h2>\n<p>&nbsp;<\/p>\n<p>Vlo\u017eena prvn\u00ed videorecenze tohoto \u00fa\u017easn\u00e9ho tabletu.<\/p>\n<p>&nbsp;<\/p>\n<p><a href=\"http:\/\/jvelektronika.cz\/wp-content\/uploads\/2014\/12\/sonyXPERIAz2tab.jpg\"><img decoding=\"async\" loading=\"lazy\" class=\"aligncenter  wp-image-560\" src=\"http:\/\/jvelektronika.cz\/wp-content\/uploads\/2014\/12\/sonyXPERIAz2tab.jpg\" alt=\"sonyXPERIAz2tab\" width=\"396\" height=\"268\" srcset=\"https:\/\/jvelektronika.cz\/wp-content\/uploads\/2014\/12\/sonyXPERIAz2tab.jpg 1240w, https:\/\/jvelektronika.cz\/wp-content\/uploads\/2014\/12\/sonyXPERIAz2tab-300x203.jpg 300w, https:\/\/jvelektronika.cz\/wp-content\/uploads\/2014\/12\/sonyXPERIAz2tab-1024x693.jpg 1024w\" sizes=\"(max-width: 396px) 100vw, 396px\" \/><\/a><\/p>\n<p>&nbsp;<\/p>\n<p>&nbsp;<\/p>\n<figure class=\"wp-block-embed wp-block-embed-youtube is-type-video is-provider-youtube epyt-figure\"><div class=\"wp-block-embed__wrapper\"><div class=\"epyt-video-wrapper\"><iframe  style=\"display: block; margin: 0px auto;\"  id=\"_ytid_80622\"  width=\"640\" height=\"360\"  data-origwidth=\"640\" data-origheight=\"360\" src=\"https:\/\/www.youtube.com\/embed\/dIvwtYl8-7w?enablejsapi=1&autoplay=0&cc_load_policy=0&cc_lang_pref=&iv_load_policy=1&loop=0&modestbranding=0&rel=1&fs=1&playsinline=1&autohide=2&theme=dark&color=red&controls=1&\" class=\"__youtube_prefs__  no-lazyload\" title=\"YouTube player\"  allow=\"accelerometer; autoplay; clipboard-write; encrypted-media; gyroscope; picture-in-picture\" allowfullscreen data-no-lazy=\"1\" data-skipgform_ajax_framebjll=\"\"><\/iframe><\/div><\/div><\/figure>\n","protected":false},"excerpt":{"rendered":"<p>Xperia Tablet Z2 &nbsp; USB ENDOSKOP NA TABLETU XPERIA Z2 &nbsp; Vlo\u017eena prvn\u00ed videorecenze tohoto \u00fa\u017easn\u00e9ho tabletu. &nbsp; &nbsp; &nbsp;<\/p>\n","protected":false},"author":1,"featured_media":0,"parent":45,"menu_order":0,"comment_status":"closed","ping_status":"open","template":"","meta":{"footnotes":""},"_links":{"self":[{"href":"https:\/\/jvelektronika.cz\/index.php?rest_route=\/wp\/v2\/pages\/532"}],"collection":[{"href":"https:\/\/jvelektronika.cz\/index.php?rest_route=\/wp\/v2\/pages"}],"about":[{"href":"https:\/\/jvelektronika.cz\/index.php?rest_route=\/wp\/v2\/types\/page"}],"author":[{"embeddable":true,"href":"https:\/\/jvelektronika.cz\/index.php?rest_route=\/wp\/v2\/users\/1"}],"replies":[{"embeddable":true,"href":"https:\/\/jvelektronika.cz\/index.php?rest_route=%2Fwp%2Fv2%2Fcomments&post=532"}],"version-history":[{"count":6,"href":"https:\/\/jvelektronika.cz\/index.php?rest_route=\/wp\/v2\/pages\/532\/revisions"}],"predecessor-version":[{"id":1028,"href":"https:\/\/jvelektronika.cz\/index.php?rest_route=\/wp\/v2\/pages\/532\/revisions\/1028"}],"up":[{"embeddable":true,"href":"https:\/\/jvelektronika.cz\/index.php?rest_route=\/wp\/v2\/pages\/45"}],"wp:attachment":[{"href":"https:\/\/jvelektronika.cz\/index.php?rest_route=%2Fwp%2Fv2%2Fmedia&parent=532"}],"curies":[{"name":"wp","href":"https:\/\/api.w.org\/{rel}","templated":true}]}}