{"id":4581,"date":"2026-04-17T19:44:59","date_gmt":"2026-04-17T17:44:59","guid":{"rendered":"https:\/\/jvelektronika.cz\/?page_id=4581"},"modified":"2026-04-17T19:49:50","modified_gmt":"2026-04-17T17:49:50","slug":"auraglow-fx","status":"publish","type":"page","link":"https:\/\/jvelektronika.cz\/?page_id=4581","title":{"rendered":"AuraGlow FX"},"content":{"rendered":"\n<p><\/p>\n\n\n\n<p class=\"has-text-align-center has-background has-large-font-size\" style=\"background:linear-gradient(135deg,rgb(228,241,246) 54%,rgb(15,52,236) 74%)\"><strong>AuraGlow FX<\/strong><\/p>\n\n\n\n<p><\/p>\n\n\n\n<p class=\"has-text-align-center has-background has-medium-font-size\" style=\"background:linear-gradient(135deg,rgb(6,147,227) 11%,rgb(189,232,243) 33%)\"><strong>PROJEKT FAS\u00c1DN\u00cdCH SV\u00cdTIDEL  -AuraGlow FX- ( FX=Facade eXTERIOR)<\/strong><\/p>\n\n\n\n<p><\/p>\n\n\n\n<p>Aktu\u00e1ln\u011b se cel\u00fd projekt nach\u00e1z\u00ed ve f\u00e1zy n\u00e1padu a prvn\u00edch n\u00e1vrh\u016f. Sm\u011brem dol\u016f bude sv\u00edtit b\u00edl\u00e9 sv\u011btlo a na fas\u00e1du a n\u011bbo sm\u011brem na hor\u016f modr\u00e9 sv\u011btlo.<\/p>\n\n\n\n<p>N\u00e1zev je ji\u017e vymy\u0161len\u00fd a nyn\u00ed m\u00e1m prvn\u00ed jednoduch\u00e9 n\u00e1vrhy mo\u017en\u00fdch vzhledov\u011b p\u011bkn\u00fdch krabic, jedn\u00e1 se sp\u00ed\u0161e o tvary a fin\u00e1ln\u00ed tvar zat\u00edm nen\u00ed vybran\u00fd.<\/p>\n\n\n\n<p><\/p>\n\n\n\n<figure class=\"wp-block-image size-large\"><a href=\"https:\/\/jvelektronika.cz\/wp-content\/uploads\/2026\/04\/jvauroglowfxnavrhyone.png\"><img decoding=\"async\" loading=\"lazy\" width=\"1024\" height=\"713\" src=\"https:\/\/jvelektronika.cz\/wp-content\/uploads\/2026\/04\/jvauroglowfxnavrhyone-1024x713.png\" alt=\"\" class=\"wp-image-4582\" srcset=\"https:\/\/jvelektronika.cz\/wp-content\/uploads\/2026\/04\/jvauroglowfxnavrhyone-1024x713.png 1024w, https:\/\/jvelektronika.cz\/wp-content\/uploads\/2026\/04\/jvauroglowfxnavrhyone-300x209.png 300w, https:\/\/jvelektronika.cz\/wp-content\/uploads\/2026\/04\/jvauroglowfxnavrhyone-768x534.png 768w, https:\/\/jvelektronika.cz\/wp-content\/uploads\/2026\/04\/jvauroglowfxnavrhyone-1536x1069.png 1536w, https:\/\/jvelektronika.cz\/wp-content\/uploads\/2026\/04\/jvauroglowfxnavrhyone-2048x1425.png 2048w\" sizes=\"(max-width: 1024px) 100vw, 1024px\" \/><\/a><\/figure>\n\n\n\n<p><\/p>\n\n\n\n<p><\/p>\n\n\n\n<p>Jak prob\u00edhal v\u00fdb\u011br n\u00e1zvu?<\/p>\n\n\n\n<p><\/p>\n\n\n\n<figure class=\"wp-block-gallery has-nested-images columns-4 is-cropped wp-block-gallery-1 is-layout-flex wp-block-gallery-is-layout-flex\">\n<figure class=\"wp-block-image size-large\"><a href=\"https:\/\/jvelektronika.cz\/wp-content\/uploads\/2026\/04\/aix4.jpg\"><img decoding=\"async\" loading=\"lazy\" width=\"473\" height=\"1024\" data-id=\"4583\" src=\"https:\/\/jvelektronika.cz\/wp-content\/uploads\/2026\/04\/aix4-473x1024.jpg\" alt=\"\" class=\"wp-image-4583\" srcset=\"https:\/\/jvelektronika.cz\/wp-content\/uploads\/2026\/04\/aix4-473x1024.jpg 473w, https:\/\/jvelektronika.cz\/wp-content\/uploads\/2026\/04\/aix4-138x300.jpg 138w, https:\/\/jvelektronika.cz\/wp-content\/uploads\/2026\/04\/aix4-768x1664.jpg 768w, https:\/\/jvelektronika.cz\/wp-content\/uploads\/2026\/04\/aix4-709x1536.jpg 709w, https:\/\/jvelektronika.cz\/wp-content\/uploads\/2026\/04\/aix4.jpg 945w\" sizes=\"(max-width: 473px) 100vw, 473px\" \/><\/a><\/figure>\n\n\n\n<figure class=\"wp-block-image size-large\"><a href=\"https:\/\/jvelektronika.cz\/wp-content\/uploads\/2026\/04\/aix3.jpg\"><img decoding=\"async\" loading=\"lazy\" width=\"473\" height=\"1024\" data-id=\"4584\" src=\"https:\/\/jvelektronika.cz\/wp-content\/uploads\/2026\/04\/aix3-473x1024.jpg\" alt=\"\" class=\"wp-image-4584\" srcset=\"https:\/\/jvelektronika.cz\/wp-content\/uploads\/2026\/04\/aix3-473x1024.jpg 473w, https:\/\/jvelektronika.cz\/wp-content\/uploads\/2026\/04\/aix3-138x300.jpg 138w, https:\/\/jvelektronika.cz\/wp-content\/uploads\/2026\/04\/aix3-768x1664.jpg 768w, https:\/\/jvelektronika.cz\/wp-content\/uploads\/2026\/04\/aix3-709x1536.jpg 709w, https:\/\/jvelektronika.cz\/wp-content\/uploads\/2026\/04\/aix3.jpg 945w\" sizes=\"(max-width: 473px) 100vw, 473px\" \/><\/a><\/figure>\n\n\n\n<figure class=\"wp-block-image size-large\"><a href=\"https:\/\/jvelektronika.cz\/wp-content\/uploads\/2026\/04\/aix2.jpg\"><img decoding=\"async\" loading=\"lazy\" width=\"473\" height=\"1024\" data-id=\"4585\" src=\"https:\/\/jvelektronika.cz\/wp-content\/uploads\/2026\/04\/aix2-473x1024.jpg\" alt=\"\" class=\"wp-image-4585\" srcset=\"https:\/\/jvelektronika.cz\/wp-content\/uploads\/2026\/04\/aix2-473x1024.jpg 473w, https:\/\/jvelektronika.cz\/wp-content\/uploads\/2026\/04\/aix2-138x300.jpg 138w, https:\/\/jvelektronika.cz\/wp-content\/uploads\/2026\/04\/aix2-768x1664.jpg 768w, https:\/\/jvelektronika.cz\/wp-content\/uploads\/2026\/04\/aix2-709x1536.jpg 709w, https:\/\/jvelektronika.cz\/wp-content\/uploads\/2026\/04\/aix2.jpg 945w\" sizes=\"(max-width: 473px) 100vw, 473px\" \/><\/a><\/figure>\n\n\n\n<figure class=\"wp-block-image size-large\"><a href=\"https:\/\/jvelektronika.cz\/wp-content\/uploads\/2026\/04\/aix1.jpg\"><img decoding=\"async\" loading=\"lazy\" width=\"473\" height=\"1024\" data-id=\"4586\" src=\"https:\/\/jvelektronika.cz\/wp-content\/uploads\/2026\/04\/aix1-473x1024.jpg\" alt=\"\" class=\"wp-image-4586\" srcset=\"https:\/\/jvelektronika.cz\/wp-content\/uploads\/2026\/04\/aix1-473x1024.jpg 473w, https:\/\/jvelektronika.cz\/wp-content\/uploads\/2026\/04\/aix1-138x300.jpg 138w, https:\/\/jvelektronika.cz\/wp-content\/uploads\/2026\/04\/aix1-768x1664.jpg 768w, https:\/\/jvelektronika.cz\/wp-content\/uploads\/2026\/04\/aix1-709x1536.jpg 709w, https:\/\/jvelektronika.cz\/wp-content\/uploads\/2026\/04\/aix1.jpg 945w\" sizes=\"(max-width: 473px) 100vw, 473px\" \/><\/a><\/figure>\n<\/figure>\n\n\n\n<p><\/p>\n\n\n\n<p>Fin\u00e1ln\u00ed soubory pro 3D tisk a DPS zde budou zve\u0159ejn\u011bny po dokon\u010den\u00ed.<\/p>\n\n\n\n<p><\/p>\n\n\n\n<p class=\"has-text-align-center\">17.4. 2026<\/p>\n\n\n\n<p><\/p>\n","protected":false},"excerpt":{"rendered":"<p>AuraGlow FX PROJEKT FAS\u00c1DN\u00cdCH SV\u00cdTIDEL -AuraGlow FX- ( FX=Facade eXTERIOR) Aktu\u00e1ln\u011b se cel\u00fd projekt nach\u00e1z\u00ed ve f\u00e1zy n\u00e1padu a prvn\u00edch n\u00e1vrh\u016f. Sm\u011brem dol\u016f bude sv\u00edtit b\u00edl\u00e9 sv\u011btlo a na fas\u00e1du a n\u011bbo sm\u011brem na hor\u016f modr\u00e9 sv\u011btlo. N\u00e1zev je ji\u017e vymy\u0161len\u00fd a nyn\u00ed m\u00e1m prvn\u00ed jednoduch\u00e9 n\u00e1vrhy mo\u017en\u00fdch vzhledov\u011b p\u011bkn\u00fdch [&hellip;]<\/p>\n","protected":false},"author":1,"featured_media":0,"parent":3770,"menu_order":0,"comment_status":"closed","ping_status":"closed","template":"","meta":{"footnotes":""},"_links":{"self":[{"href":"https:\/\/jvelektronika.cz\/index.php?rest_route=\/wp\/v2\/pages\/4581"}],"collection":[{"href":"https:\/\/jvelektronika.cz\/index.php?rest_route=\/wp\/v2\/pages"}],"about":[{"href":"https:\/\/jvelektronika.cz\/index.php?rest_route=\/wp\/v2\/types\/page"}],"author":[{"embeddable":true,"href":"https:\/\/jvelektronika.cz\/index.php?rest_route=\/wp\/v2\/users\/1"}],"replies":[{"embeddable":true,"href":"https:\/\/jvelektronika.cz\/index.php?rest_route=%2Fwp%2Fv2%2Fcomments&post=4581"}],"version-history":[{"count":2,"href":"https:\/\/jvelektronika.cz\/index.php?rest_route=\/wp\/v2\/pages\/4581\/revisions"}],"predecessor-version":[{"id":4590,"href":"https:\/\/jvelektronika.cz\/index.php?rest_route=\/wp\/v2\/pages\/4581\/revisions\/4590"}],"up":[{"embeddable":true,"href":"https:\/\/jvelektronika.cz\/index.php?rest_route=\/wp\/v2\/pages\/3770"}],"wp:attachment":[{"href":"https:\/\/jvelektronika.cz\/index.php?rest_route=%2Fwp%2Fv2%2Fmedia&parent=4581"}],"curies":[{"name":"wp","href":"https:\/\/api.w.org\/{rel}","templated":true}]}}