{"id":43,"date":"2014-08-16T19:39:30","date_gmt":"2014-08-16T17:39:30","guid":{"rendered":"http:\/\/jvelektronika.cz\/?page_id=43"},"modified":"2021-07-24T16:53:45","modified_gmt":"2021-07-24T14:53:45","slug":"xbox-360-e","status":"publish","type":"page","link":"https:\/\/jvelektronika.cz\/?page_id=43","title":{"rendered":"M\u016eJ PC"},"content":{"rendered":"<p>M\u00c9 PC JE SLO\u017dENO Z V\u00ddKON\u00ddCH HW KOMPONENT, VIDEO NA KONCI STR\u00c1NKY.<\/p>\n<p>PO\u010c\u00cdTA\u010c BYL KOMPLETN\u011a DOKON\u010cEN V ROCE 2021 d\u00e1le je v\u0161ak vylep\u0161ov\u00e1n.<\/p>\n<p>AKTUALIZACE 24. 07. 2021<\/p>\n<p><\/p>\n<h5><span style=\"color: #0000ff;\"><strong>AMD RYZEN 9 5900X<\/strong><\/span><\/h5>\n<h6><a href=\"https:\/\/www.alza.cz\/amd-ryzen-9-5900x-d6215746.htm#popis\">https:\/\/www.alza.cz\/amd-ryzen-9-5900x-d6215746.htm#popishttps:\/\/www.alza.cz\/amd-ryzen-5-3600-d5634213.htm<\/a><\/h6>\n<div id=\"h1c\">\n<h5><strong><span style=\"color: #0000ff;\">EVGA GeForce RTX 3070 Ti XC3 ULTRA<\/span><\/strong><\/h5>\n<h5><a href=\"https:\/\/www.alza.cz\/gaming\/evga-geforce-rtx-3070-ti-xc3-ultra-d6633346.htm\">https:\/\/www.alza.cz\/gaming\/evga-geforce-rtx-3070-ti-xc3-ultra-d6633346.htm<\/a><\/h5>\n<\/div>\n<h5><span style=\"color: #0000ff;\"><strong>Fractal Design Flex VRC-25 PCI-E riser card<\/strong><\/span><\/h5>\n<h6><a href=\"https:\/\/www.alza.cz\/fractal-design-flex-vrc-25-pci-e-riser-card-d5344596.htm\">https:\/\/www.alza.cz\/fractal-design-flex-vrc-25-pci-e-riser-card-d5344596.htm<\/a><\/h6>\n<h5><span style=\"color: #0000ff;\"><strong>ASUS ROG STRIX B550-A GAMING<\/strong><\/span><\/h5>\n<p><a href=\"https:\/\/rog.asus.com\/cz\/motherboards\/rog-strix\/rog-strix-b550-a-gaming-model\/\">https:\/\/rog.asus.com\/cz\/motherboards\/rog-strix\/rog-strix-b550-a-gaming-model\/<\/a><\/p>\n<p><a href=\"https:\/\/www.alza.cz\/gaming\/asus-rog-strix-b550-a-gaming-d6219601.htm\">https:\/\/www.alza.cz\/gaming\/asus-rog-strix-b550-a-gaming-d6219601.htm<\/a><\/p>\n<h5><strong><span style=\"color: #0000ff;\">ARCTIC Freezer 34 eSports One White\/Gray<\/span><\/strong><\/h5>\n<p><a href=\"https:\/\/www.alza.cz\/arctic-freezer-34-esports-one-white-gray-d6383357.htm\">https:\/\/www.alza.cz\/arctic-freezer-34-esports-one-white-gray-d6383357.htm<\/a><\/p>\n<h5><strong><span style=\"color: #3366ff;\">ROCCAT Taito Control<\/span><\/strong><\/h5>\n<p><a href=\"https:\/\/www.alza.cz\/roccat-taito-control-d4067211.htm\" target=\"_blank\" rel=\"noopener noreferrer\">https:\/\/www.alza.cz\/roccat-taito-control-d4067211.htm<\/a><\/p>\n<h5><strong><span style=\"color: #0000ff;\">Fractal Design Define R6 White Tempered Glass<\/span><\/strong><\/h5>\n<h5><span style=\"color: #000000;\"><a style=\"color: #000000;\" href=\"https:\/\/www.alza.cz\/fractal-design-define-r6-white-tempered-glass-d5485438.htm\"> https:\/\/www.alza.cz\/fractal-design-define-r6-white-tempered-glass-d5485438.htm<\/a><\/span><\/h5>\n<h5><strong><span style=\"color: #3366ff;\">( 2 balen\u00ed celkeov\u011b 4x8Gb ) 2X8Gb Crucial 16GB KIT DDR4 3200MHz CL16 Ballistix Black RGB Celkov\u011b m\u00e1m v po\u010d\u00edta\u010di 32Gb RAM<\/span><\/strong><\/h5>\n<p>h<a href=\"https:\/\/www.alza.cz\/crucial-16gb-kit-ddr4-3200mhz-cl16-ballistix-black-rgb-d5791911.htm\">ttps:\/\/www.alza.cz\/crucial-16gb-kit-ddr4-3200mhz-cl16-ballistix-black-rgb-d5791911.htm<\/a><\/p>\n<h5><span style=\"color: #3366ff;\"><strong>WD Red 2TB ( 2X )<\/strong><br><\/span><\/h5>\n<p><a href=\"https:\/\/www.alza.cz\/western-digital-red-2000gb-64mb-cache-d342211.htm?catid=18849714\" target=\"_blank\" rel=\"noopener noreferrer\">https:\/\/www.alza.cz\/western-digital-red-2000gb-64mb-cache-d342211.htm?catid=18849714<\/a><\/p>\n<h5><strong><span style=\"color: #3366ff;\">WD RED 4TB&nbsp; ( 1X )<\/span><\/strong><\/h5>\n<p><a href=\"https:\/\/www.alza.cz\/western-digital-red-4000gb-64mb-cache-d471130.htm\">https:\/\/www.alza.cz\/western-digital-red-4000gb-64mb-cache-d471130.htm<\/a><\/p>\n<h5><strong><span style=\"color: #0000ff;\">Samsung 980 PRO 250GB PCIe 4.0<\/span><\/strong><\/h5>\n<p><a href=\"https:\/\/www.alza.cz\/samsung-980-pro-250gb-d6150807.htm\">https:\/\/www.alza.cz\/samsung-980-pro-250gb-d6150807.htm<\/a><\/p>\n<h5><span style=\"color: #0000ff;\">Crucial MX500 1TB SSD<\/span><\/h5>\n<p><a href=\"https:\/\/www.alza.cz\/crucial-mx500-1tb-ssd-d5244243.htm\">https:\/\/www.alza.cz\/crucial-mx500-1tb-ssd-d5244243.htm<\/a><\/p>\n<h5><strong><span style=\"color: #3366ff;\">ROCCAT\u00ae Isku FX \u2013 Multicolor Gaming Keyboard<\/span><\/strong><\/h5>\n<p><a href=\"http:\/\/www.roccat.org\/en-CZ\/Products\/Gaming-Keyboards\/Isku-Series\/Isku-FX\/\" target=\"_blank\" rel=\"noopener noreferrer\">http:\/\/www.roccat.org\/en-CZ\/Products\/Gaming-Keyboards\/Isku-Series\/Isku-FX\/<\/a><\/p>\n<h5><strong><span style=\"color: #3366ff;\">ROCCAT\u00ae Kone XTD \u2013 Max Customization Gaming Mouse<\/span><\/strong><\/h5>\n<p><a href=\"http:\/\/www.roccat.org\/en-CZ\/Products\/Gaming-Mice\/Kone-XTD-Series\/Kone-XTD\/\">http:\/\/www.roccat.org\/en-CZ\/Products\/Gaming-Mice\/Kone-XTD-Series\/Kone-XTD\/<\/a><\/p>\n<h5><strong><span style=\"color: #3366ff;\">Corsair RM750x<\/span><\/strong><\/h5>\n<p><a href=\"https:\/\/www.alza.cz\/corsair-rm750x-d4251938.htm\">https:\/\/www.alza.cz\/corsair-rm750x-d4251938.htm<\/a><\/p>\n<h5><strong><span style=\"color: #0000ff;\">27&#8243; Philips 276E8VJSB&nbsp; &nbsp; 2x<\/span><\/strong><\/h5>\n<p><a href=\"https:\/\/www.alza.cz\/27-philips-276e8vjsb-d5481748.htm\">https:\/\/www.alza.cz\/27-philips-276e8vjsb-d5481748.htm<\/a><\/p>\n<p><\/p>\n<p><a href=\"http:\/\/jvelektronika.cz\/wp-content\/uploads\/2014\/08\/ok.jpg\"><img decoding=\"async\" loading=\"lazy\" class=\"aligncenter size-full wp-image-1506\" src=\"http:\/\/jvelektronika.cz\/wp-content\/uploads\/2014\/08\/ok.jpg\" alt=\"ok\" width=\"960\" height=\"720\" srcset=\"https:\/\/jvelektronika.cz\/wp-content\/uploads\/2014\/08\/ok.jpg 960w, https:\/\/jvelektronika.cz\/wp-content\/uploads\/2014\/08\/ok-300x225.jpg 300w, https:\/\/jvelektronika.cz\/wp-content\/uploads\/2014\/08\/ok-768x576.jpg 768w\" sizes=\"(max-width: 960px) 100vw, 960px\" \/><\/a><\/p>\n<p><\/p>\n<p><a href=\"http:\/\/jvelektronika.cz\/wp-content\/uploads\/2014\/08\/ok3.jpg\"><img decoding=\"async\" loading=\"lazy\" class=\"aligncenter size-full wp-image-1508\" src=\"http:\/\/jvelektronika.cz\/wp-content\/uploads\/2014\/08\/ok3.jpg\" alt=\"ok3\" width=\"960\" height=\"720\" srcset=\"https:\/\/jvelektronika.cz\/wp-content\/uploads\/2014\/08\/ok3.jpg 960w, https:\/\/jvelektronika.cz\/wp-content\/uploads\/2014\/08\/ok3-300x225.jpg 300w, https:\/\/jvelektronika.cz\/wp-content\/uploads\/2014\/08\/ok3-768x576.jpg 768w\" sizes=\"(max-width: 960px) 100vw, 960px\" \/><\/a> <a href=\"http:\/\/jvelektronika.cz\/wp-content\/uploads\/2014\/08\/ok2.jpg\"><img decoding=\"async\" loading=\"lazy\" class=\"aligncenter size-full wp-image-1507\" src=\"http:\/\/jvelektronika.cz\/wp-content\/uploads\/2014\/08\/ok2.jpg\" alt=\"ok2\" width=\"960\" height=\"720\" srcset=\"https:\/\/jvelektronika.cz\/wp-content\/uploads\/2014\/08\/ok2.jpg 960w, https:\/\/jvelektronika.cz\/wp-content\/uploads\/2014\/08\/ok2-300x225.jpg 300w, https:\/\/jvelektronika.cz\/wp-content\/uploads\/2014\/08\/ok2-768x576.jpg 768w\" sizes=\"(max-width: 960px) 100vw, 960px\" \/><\/a><\/p>\n<p><\/p>\n<figure class=\"wp-block-embed wp-block-embed-youtube is-type-video is-provider-youtube epyt-figure\"><div class=\"wp-block-embed__wrapper\"><div class=\"epyt-video-wrapper\"><iframe  style=\"display: block; margin: 0px auto;\"  id=\"_ytid_91665\"  width=\"640\" height=\"360\"  data-origwidth=\"640\" data-origheight=\"360\" src=\"https:\/\/www.youtube.com\/embed\/jCHeVBr_vng?enablejsapi=1&autoplay=0&cc_load_policy=0&cc_lang_pref=&iv_load_policy=1&loop=0&modestbranding=0&rel=1&fs=1&playsinline=1&autohide=2&theme=dark&color=red&controls=1&\" class=\"__youtube_prefs__  no-lazyload\" title=\"YouTube player\"  allow=\"accelerometer; autoplay; clipboard-write; encrypted-media; gyroscope; picture-in-picture\" allowfullscreen data-no-lazy=\"1\" data-skipgform_ajax_framebjll=\"\"><\/iframe><\/div><\/div><\/figure>\n<p><\/p>\n<figure class=\"wp-block-embed wp-block-embed-youtube is-type-video is-provider-youtube epyt-figure\"><div class=\"wp-block-embed__wrapper\"><div class=\"epyt-video-wrapper\"><iframe  style=\"display: block; margin: 0px auto;\"  id=\"_ytid_25696\"  width=\"640\" height=\"360\"  data-origwidth=\"640\" data-origheight=\"360\" src=\"https:\/\/www.youtube.com\/embed\/I2lxLc1HyAA?enablejsapi=1&autoplay=0&cc_load_policy=0&cc_lang_pref=&iv_load_policy=1&loop=0&modestbranding=0&rel=1&fs=1&playsinline=1&autohide=2&theme=dark&color=red&controls=1&\" class=\"__youtube_prefs__  no-lazyload\" title=\"YouTube player\"  allow=\"accelerometer; autoplay; clipboard-write; encrypted-media; gyroscope; picture-in-picture\" allowfullscreen data-no-lazy=\"1\" data-skipgform_ajax_framebjll=\"\"><\/iframe><\/div><\/div><\/figure>\n\n\n<h2 class=\"wp-block-heading\">AKTU\u00c1LN\u00cd SESTAVA \u010cERVENEC  2021 V FIN\u00c1LN\u00cd PODOB\u011a:<\/h2>\n\n\n\n<p><\/p>\n\n\n\n<figure class=\"wp-block-embed-youtube wp-block-embed is-type-video is-provider-youtube wp-embed-aspect-16-9 wp-has-aspect-ratio\"><div class=\"wp-block-embed__wrapper\">\n<div class=\"epyt-video-wrapper\"><iframe loading=\"lazy\"  style=\"display: block; margin: 0px auto;\"  id=\"_ytid_25915\"  width=\"640\" height=\"360\"  data-origwidth=\"640\" data-origheight=\"360\" src=\"https:\/\/www.youtube.com\/embed\/6rPy82Mot9w?enablejsapi=1&#038;autoplay=0&#038;cc_load_policy=0&#038;cc_lang_pref=&#038;iv_load_policy=1&#038;loop=0&#038;modestbranding=0&#038;rel=1&#038;fs=1&#038;playsinline=1&#038;autohide=2&#038;theme=dark&#038;color=red&#038;controls=1&#038;\" class=\"__youtube_prefs__  epyt-is-override  no-lazyload\" title=\"YouTube player\"  allow=\"accelerometer; autoplay; clipboard-write; encrypted-media; gyroscope; picture-in-picture\" allowfullscreen data-no-lazy=\"1\" data-skipgform_ajax_framebjll=\"\"><\/iframe><\/div>\n<\/div><\/figure>\n\n\n\n<ul class=\"wp-block-gallery columns-3 is-cropped wp-block-gallery-1 is-layout-flex wp-block-gallery-is-layout-flex\"><li class=\"blocks-gallery-item\"><figure><img decoding=\"async\" loading=\"lazy\" width=\"1024\" height=\"768\" src=\"https:\/\/jvelektronika.cz\/wp-content\/uploads\/2021\/07\/11-1024x768.jpg\" alt=\"\" data-id=\"3245\" data-link=\"https:\/\/jvelektronika.cz\/?attachment_id=3245\" class=\"wp-image-3245\" srcset=\"https:\/\/jvelektronika.cz\/wp-content\/uploads\/2021\/07\/11-1024x768.jpg 1024w, https:\/\/jvelektronika.cz\/wp-content\/uploads\/2021\/07\/11-300x225.jpg 300w, https:\/\/jvelektronika.cz\/wp-content\/uploads\/2021\/07\/11-768x576.jpg 768w\" sizes=\"(max-width: 1024px) 100vw, 1024px\" \/><\/figure><\/li><li class=\"blocks-gallery-item\"><figure><img decoding=\"async\" loading=\"lazy\" width=\"1024\" height=\"768\" src=\"https:\/\/jvelektronika.cz\/wp-content\/uploads\/2021\/07\/22-1024x768.jpg\" alt=\"\" data-id=\"3246\" data-link=\"https:\/\/jvelektronika.cz\/?attachment_id=3246\" class=\"wp-image-3246\" srcset=\"https:\/\/jvelektronika.cz\/wp-content\/uploads\/2021\/07\/22-1024x768.jpg 1024w, https:\/\/jvelektronika.cz\/wp-content\/uploads\/2021\/07\/22-300x225.jpg 300w, https:\/\/jvelektronika.cz\/wp-content\/uploads\/2021\/07\/22-768x576.jpg 768w\" sizes=\"(max-width: 1024px) 100vw, 1024px\" \/><\/figure><\/li><li class=\"blocks-gallery-item\"><figure><img decoding=\"async\" loading=\"lazy\" width=\"1024\" height=\"768\" src=\"https:\/\/jvelektronika.cz\/wp-content\/uploads\/2021\/07\/33-1024x768.jpg\" alt=\"\" data-id=\"3247\" data-link=\"https:\/\/jvelektronika.cz\/?attachment_id=3247\" class=\"wp-image-3247\" srcset=\"https:\/\/jvelektronika.cz\/wp-content\/uploads\/2021\/07\/33-1024x768.jpg 1024w, https:\/\/jvelektronika.cz\/wp-content\/uploads\/2021\/07\/33-300x225.jpg 300w, https:\/\/jvelektronika.cz\/wp-content\/uploads\/2021\/07\/33-768x576.jpg 768w\" sizes=\"(max-width: 1024px) 100vw, 1024px\" \/><\/figure><\/li><li class=\"blocks-gallery-item\"><figure><img decoding=\"async\" loading=\"lazy\" width=\"1024\" height=\"768\" src=\"https:\/\/jvelektronika.cz\/wp-content\/uploads\/2021\/07\/20210724_093901-1024x768.jpg\" alt=\"\" data-id=\"3248\" data-link=\"https:\/\/jvelektronika.cz\/?attachment_id=3248\" class=\"wp-image-3248\" srcset=\"https:\/\/jvelektronika.cz\/wp-content\/uploads\/2021\/07\/20210724_093901-1024x768.jpg 1024w, https:\/\/jvelektronika.cz\/wp-content\/uploads\/2021\/07\/20210724_093901-300x225.jpg 300w, https:\/\/jvelektronika.cz\/wp-content\/uploads\/2021\/07\/20210724_093901-768x576.jpg 768w\" sizes=\"(max-width: 1024px) 100vw, 1024px\" \/><\/figure><\/li><li class=\"blocks-gallery-item\"><figure><img decoding=\"async\" loading=\"lazy\" width=\"1024\" height=\"768\" src=\"https:\/\/jvelektronika.cz\/wp-content\/uploads\/2021\/07\/20210724_100120-1024x768.jpg\" alt=\"\" data-id=\"3249\" data-link=\"https:\/\/jvelektronika.cz\/?attachment_id=3249\" class=\"wp-image-3249\" srcset=\"https:\/\/jvelektronika.cz\/wp-content\/uploads\/2021\/07\/20210724_100120-1024x768.jpg 1024w, https:\/\/jvelektronika.cz\/wp-content\/uploads\/2021\/07\/20210724_100120-300x225.jpg 300w, https:\/\/jvelektronika.cz\/wp-content\/uploads\/2021\/07\/20210724_100120-768x576.jpg 768w\" sizes=\"(max-width: 1024px) 100vw, 1024px\" \/><\/figure><\/li><li class=\"blocks-gallery-item\"><figure><img decoding=\"async\" loading=\"lazy\" width=\"1024\" height=\"768\" src=\"https:\/\/jvelektronika.cz\/wp-content\/uploads\/2021\/07\/20210724_101958-1024x768.jpg\" alt=\"\" data-id=\"3250\" data-link=\"https:\/\/jvelektronika.cz\/?attachment_id=3250\" class=\"wp-image-3250\" srcset=\"https:\/\/jvelektronika.cz\/wp-content\/uploads\/2021\/07\/20210724_101958-1024x768.jpg 1024w, https:\/\/jvelektronika.cz\/wp-content\/uploads\/2021\/07\/20210724_101958-300x225.jpg 300w, https:\/\/jvelektronika.cz\/wp-content\/uploads\/2021\/07\/20210724_101958-768x576.jpg 768w\" sizes=\"(max-width: 1024px) 100vw, 1024px\" \/><\/figure><\/li><li class=\"blocks-gallery-item\"><figure><img decoding=\"async\" loading=\"lazy\" width=\"1024\" height=\"768\" src=\"https:\/\/jvelektronika.cz\/wp-content\/uploads\/2021\/07\/20210724_102004-1024x768.jpg\" alt=\"\" data-id=\"3251\" data-link=\"https:\/\/jvelektronika.cz\/?attachment_id=3251\" class=\"wp-image-3251\" srcset=\"https:\/\/jvelektronika.cz\/wp-content\/uploads\/2021\/07\/20210724_102004-1024x768.jpg 1024w, https:\/\/jvelektronika.cz\/wp-content\/uploads\/2021\/07\/20210724_102004-300x225.jpg 300w, https:\/\/jvelektronika.cz\/wp-content\/uploads\/2021\/07\/20210724_102004-768x576.jpg 768w\" sizes=\"(max-width: 1024px) 100vw, 1024px\" \/><\/figure><\/li><\/ul>\n\n\n\n<p>M\u00c9 STAR\u0160\u00cd SESTAVY:<\/p>\n\n\n\n<figure class=\"wp-block-embed-youtube wp-block-embed is-type-video is-provider-youtube wp-embed-aspect-16-9 wp-has-aspect-ratio\"><div class=\"wp-block-embed__wrapper\">\n<div class=\"epyt-video-wrapper\"><iframe loading=\"lazy\"  style=\"display: block; margin: 0px auto;\"  id=\"_ytid_17428\"  width=\"640\" height=\"360\"  data-origwidth=\"640\" data-origheight=\"360\" src=\"https:\/\/www.youtube.com\/embed\/DtsUxB3QXXg?enablejsapi=1&#038;autoplay=0&#038;cc_load_policy=0&#038;cc_lang_pref=&#038;iv_load_policy=1&#038;loop=0&#038;modestbranding=0&#038;rel=1&#038;fs=1&#038;playsinline=1&#038;autohide=2&#038;theme=dark&#038;color=red&#038;controls=1&#038;\" class=\"__youtube_prefs__  epyt-is-override  no-lazyload\" title=\"YouTube player\"  allow=\"accelerometer; autoplay; clipboard-write; encrypted-media; gyroscope; picture-in-picture\" allowfullscreen data-no-lazy=\"1\" data-skipgform_ajax_framebjll=\"\"><\/iframe><\/div>\n<\/div><\/figure>\n\n\n\n<p><\/p>\n\n\n\n<figure class=\"wp-block-embed-youtube wp-block-embed is-type-video is-provider-youtube wp-embed-aspect-16-9 wp-has-aspect-ratio\"><div class=\"wp-block-embed__wrapper\">\n<div class=\"epyt-video-wrapper\"><iframe loading=\"lazy\"  style=\"display: block; margin: 0px auto;\"  id=\"_ytid_77873\"  width=\"640\" height=\"360\"  data-origwidth=\"640\" data-origheight=\"360\" src=\"https:\/\/www.youtube.com\/embed\/MjPLBQyE1sE?enablejsapi=1&#038;autoplay=0&#038;cc_load_policy=0&#038;cc_lang_pref=&#038;iv_load_policy=1&#038;loop=0&#038;modestbranding=0&#038;rel=1&#038;fs=1&#038;playsinline=1&#038;autohide=2&#038;theme=dark&#038;color=red&#038;controls=1&#038;\" class=\"__youtube_prefs__  epyt-is-override  no-lazyload\" title=\"YouTube player\"  allow=\"accelerometer; autoplay; clipboard-write; encrypted-media; gyroscope; picture-in-picture\" allowfullscreen data-no-lazy=\"1\" data-skipgform_ajax_framebjll=\"\"><\/iframe><\/div>\n<\/div><\/figure>\n\n\n\n<p><\/p>\n\n\n\n<ul class=\"wp-block-gallery columns-3 is-cropped wp-block-gallery-3 is-layout-flex wp-block-gallery-is-layout-flex\"><li class=\"blocks-gallery-item\"><figure><a href=\"https:\/\/jvelektronika.cz\/?attachment_id=3148\"><img decoding=\"async\" loading=\"lazy\" width=\"800\" height=\"600\" src=\"https:\/\/jvelektronika.cz\/wp-content\/uploads\/2021\/03\/1.jpg\" alt=\"\" data-id=\"3148\" data-link=\"https:\/\/jvelektronika.cz\/?attachment_id=3148\" class=\"wp-image-3148\" srcset=\"https:\/\/jvelektronika.cz\/wp-content\/uploads\/2021\/03\/1.jpg 800w, https:\/\/jvelektronika.cz\/wp-content\/uploads\/2021\/03\/1-300x225.jpg 300w, https:\/\/jvelektronika.cz\/wp-content\/uploads\/2021\/03\/1-768x576.jpg 768w\" sizes=\"(max-width: 800px) 100vw, 800px\" \/><\/a><\/figure><\/li><li class=\"blocks-gallery-item\"><figure><a href=\"https:\/\/jvelektronika.cz\/?attachment_id=3149\"><img decoding=\"async\" loading=\"lazy\" width=\"800\" height=\"600\" src=\"https:\/\/jvelektronika.cz\/wp-content\/uploads\/2021\/03\/2.jpg\" alt=\"\" data-id=\"3149\" data-link=\"https:\/\/jvelektronika.cz\/?attachment_id=3149\" class=\"wp-image-3149\" srcset=\"https:\/\/jvelektronika.cz\/wp-content\/uploads\/2021\/03\/2.jpg 800w, https:\/\/jvelektronika.cz\/wp-content\/uploads\/2021\/03\/2-300x225.jpg 300w, https:\/\/jvelektronika.cz\/wp-content\/uploads\/2021\/03\/2-768x576.jpg 768w\" sizes=\"(max-width: 800px) 100vw, 800px\" \/><\/a><\/figure><\/li><li class=\"blocks-gallery-item\"><figure><a href=\"https:\/\/jvelektronika.cz\/?attachment_id=3150\"><img decoding=\"async\" loading=\"lazy\" width=\"800\" height=\"600\" src=\"https:\/\/jvelektronika.cz\/wp-content\/uploads\/2021\/03\/3.jpg\" alt=\"\" data-id=\"3150\" data-link=\"https:\/\/jvelektronika.cz\/?attachment_id=3150\" class=\"wp-image-3150\" srcset=\"https:\/\/jvelektronika.cz\/wp-content\/uploads\/2021\/03\/3.jpg 800w, https:\/\/jvelektronika.cz\/wp-content\/uploads\/2021\/03\/3-300x225.jpg 300w, https:\/\/jvelektronika.cz\/wp-content\/uploads\/2021\/03\/3-768x576.jpg 768w\" sizes=\"(max-width: 800px) 100vw, 800px\" \/><\/a><\/figure><\/li><\/ul>\n\n\n\n<ul class=\"wp-block-gallery columns-3 is-cropped wp-block-gallery-5 is-layout-flex wp-block-gallery-is-layout-flex\"><li class=\"blocks-gallery-item\"><figure><img decoding=\"async\" loading=\"lazy\" width=\"800\" height=\"600\" src=\"https:\/\/jvelektronika.cz\/wp-content\/uploads\/2021\/02\/ultrapc-jvelektronika-02.jpg\" alt=\"\" data-id=\"3118\" class=\"wp-image-3118\" srcset=\"https:\/\/jvelektronika.cz\/wp-content\/uploads\/2021\/02\/ultrapc-jvelektronika-02.jpg 800w, https:\/\/jvelektronika.cz\/wp-content\/uploads\/2021\/02\/ultrapc-jvelektronika-02-300x225.jpg 300w, https:\/\/jvelektronika.cz\/wp-content\/uploads\/2021\/02\/ultrapc-jvelektronika-02-768x576.jpg 768w\" sizes=\"(max-width: 800px) 100vw, 800px\" \/><\/figure><\/li><li class=\"blocks-gallery-item\"><figure><a href=\"https:\/\/jvelektronika.cz\/?attachment_id=3119\"><img decoding=\"async\" loading=\"lazy\" width=\"1024\" height=\"768\" src=\"https:\/\/jvelektronika.cz\/wp-content\/uploads\/2021\/02\/pc-ok-jv-1-1024x768.jpg\" alt=\"\" data-id=\"3119\" data-link=\"https:\/\/jvelektronika.cz\/?attachment_id=3119\" class=\"wp-image-3119\" srcset=\"https:\/\/jvelektronika.cz\/wp-content\/uploads\/2021\/02\/pc-ok-jv-1-1024x768.jpg 1024w, https:\/\/jvelektronika.cz\/wp-content\/uploads\/2021\/02\/pc-ok-jv-1-300x225.jpg 300w, https:\/\/jvelektronika.cz\/wp-content\/uploads\/2021\/02\/pc-ok-jv-1-768x576.jpg 768w, https:\/\/jvelektronika.cz\/wp-content\/uploads\/2021\/02\/pc-ok-jv-1.jpg 1440w\" sizes=\"(max-width: 1024px) 100vw, 1024px\" \/><\/a><\/figure><\/li><li class=\"blocks-gallery-item\"><figure><a href=\"https:\/\/jvelektronika.cz\/?attachment_id=3120\"><img decoding=\"async\" loading=\"lazy\" width=\"1024\" height=\"768\" src=\"https:\/\/jvelektronika.cz\/wp-content\/uploads\/2021\/02\/132038030_3582699738475319_568824364085454213_o-1-1024x768.jpg\" alt=\"\" data-id=\"3120\" data-link=\"https:\/\/jvelektronika.cz\/?attachment_id=3120\" class=\"wp-image-3120\" srcset=\"https:\/\/jvelektronika.cz\/wp-content\/uploads\/2021\/02\/132038030_3582699738475319_568824364085454213_o-1-1024x768.jpg 1024w, https:\/\/jvelektronika.cz\/wp-content\/uploads\/2021\/02\/132038030_3582699738475319_568824364085454213_o-1-300x225.jpg 300w, https:\/\/jvelektronika.cz\/wp-content\/uploads\/2021\/02\/132038030_3582699738475319_568824364085454213_o-1-768x576.jpg 768w, https:\/\/jvelektronika.cz\/wp-content\/uploads\/2021\/02\/132038030_3582699738475319_568824364085454213_o-1.jpg 1440w\" sizes=\"(max-width: 1024px) 100vw, 1024px\" \/><\/a><\/figure><\/li><\/ul>\n\n\n\n<p><\/p>\n\n\n\n<figure class=\"wp-block-image\"><img decoding=\"async\" loading=\"lazy\" width=\"1024\" height=\"768\" src=\"https:\/\/jvelektronika.cz\/wp-content\/uploads\/2020\/11\/1-1024x768.jpg\" alt=\"\" class=\"wp-image-3004\" srcset=\"https:\/\/jvelektronika.cz\/wp-content\/uploads\/2020\/11\/1-1024x768.jpg 1024w, https:\/\/jvelektronika.cz\/wp-content\/uploads\/2020\/11\/1-300x225.jpg 300w, https:\/\/jvelektronika.cz\/wp-content\/uploads\/2020\/11\/1-768x576.jpg 768w\" sizes=\"(max-width: 1024px) 100vw, 1024px\" \/><figcaption><br>P\u016eLNO\u010cN\u00cd SOBOTN\u00cd MOMENTKA 12. 06. 2021<\/figcaption><\/figure>\n\n\n\n<p><\/p>\n\n\n\n<p><strong>POSLEDN\u00cd AKTUALIZACE M\u00c9HO PO\u010c\u00cdTA\u010cE: 24. 07. 2021<\/strong><\/p>\n","protected":false},"excerpt":{"rendered":"<p>M\u00c9 PC JE SLO\u017dENO Z V\u00ddKON\u00ddCH HW KOMPONENT, VIDEO NA KONCI STR\u00c1NKY. PO\u010c\u00cdTA\u010c BYL KOMPLETN\u011a DOKON\u010cEN V ROCE 2021 d\u00e1le je v\u0161ak vylep\u0161ov\u00e1n. AKTUALIZACE 24. 07. 2021 AMD RYZEN 9 5900X https:\/\/www.alza.cz\/amd-ryzen-9-5900x-d6215746.htm#popishttps:\/\/www.alza.cz\/amd-ryzen-5-3600-d5634213.htm EVGA GeForce RTX 3070 Ti XC3 ULTRA https:\/\/www.alza.cz\/gaming\/evga-geforce-rtx-3070-ti-xc3-ultra-d6633346.htm Fractal Design Flex VRC-25 PCI-E riser card https:\/\/www.alza.cz\/fractal-design-flex-vrc-25-pci-e-riser-card-d5344596.htm ASUS ROG [&hellip;]<\/p>\n","protected":false},"author":1,"featured_media":3257,"parent":0,"menu_order":0,"comment_status":"closed","ping_status":"open","template":"","meta":{"footnotes":""},"_links":{"self":[{"href":"https:\/\/jvelektronika.cz\/index.php?rest_route=\/wp\/v2\/pages\/43"}],"collection":[{"href":"https:\/\/jvelektronika.cz\/index.php?rest_route=\/wp\/v2\/pages"}],"about":[{"href":"https:\/\/jvelektronika.cz\/index.php?rest_route=\/wp\/v2\/types\/page"}],"author":[{"embeddable":true,"href":"https:\/\/jvelektronika.cz\/index.php?rest_route=\/wp\/v2\/users\/1"}],"replies":[{"embeddable":true,"href":"https:\/\/jvelektronika.cz\/index.php?rest_route=%2Fwp%2Fv2%2Fcomments&post=43"}],"version-history":[{"count":53,"href":"https:\/\/jvelektronika.cz\/index.php?rest_route=\/wp\/v2\/pages\/43\/revisions"}],"predecessor-version":[{"id":3260,"href":"https:\/\/jvelektronika.cz\/index.php?rest_route=\/wp\/v2\/pages\/43\/revisions\/3260"}],"wp:featuredmedia":[{"embeddable":true,"href":"https:\/\/jvelektronika.cz\/index.php?rest_route=\/wp\/v2\/media\/3257"}],"wp:attachment":[{"href":"https:\/\/jvelektronika.cz\/index.php?rest_route=%2Fwp%2Fv2%2Fmedia&parent=43"}],"curies":[{"name":"wp","href":"https:\/\/api.w.org\/{rel}","templated":true}]}}