{"id":427,"date":"2014-09-27T18:17:20","date_gmt":"2014-09-27T16:17:20","guid":{"rendered":"http:\/\/jvelektronika.cz\/?page_id=427"},"modified":"2014-09-27T18:26:31","modified_gmt":"2014-09-27T16:26:31","slug":"xperia-z2-videorecenze-1","status":"publish","type":"page","link":"https:\/\/jvelektronika.cz\/?page_id=427","title":{"rendered":"Xperia Z2 &#8211; VIDEORECENZE 1"},"content":{"rendered":"<h1><span style=\"color: #00ccff;\">Xperia Z2 &#8211; VIDEORECENZE 1<\/span><\/h1>\n<p>&nbsp;<\/p>\n<p>Velice povedenn\u00e1 videorecenze skv\u011bl\u00e9ho telefonu a to Sony Xperia Z2<\/p>\n<p>Ve videorecenzi se pod\u00edv\u00e1me na z\u00e1kladn\u00ed p\u0159edstaven\u00ed telefonu a n\u011bkter\u00e9 jeho funkce.<\/p>\n<p>&nbsp;<\/p>\n<div class=\"epyt-video-wrapper\"><iframe loading=\"lazy\"  style=\"display: block; margin: 0px auto;\"  id=\"_ytid_39000\"  width=\"640\" height=\"360\"  data-origwidth=\"640\" data-origheight=\"360\" src=\"https:\/\/www.youtube.com\/embed\/BCrMpGMoGR8?enablejsapi=1&#038;autoplay=0&#038;cc_load_policy=0&#038;cc_lang_pref=&#038;iv_load_policy=1&#038;loop=0&#038;modestbranding=0&#038;rel=1&#038;fs=1&#038;playsinline=1&#038;autohide=2&#038;theme=dark&#038;color=red&#038;controls=1&#038;\" class=\"__youtube_prefs__  epyt-is-override  no-lazyload\" title=\"YouTube player\"  allow=\"accelerometer; autoplay; clipboard-write; encrypted-media; gyroscope; picture-in-picture\" allowfullscreen data-no-lazy=\"1\" data-skipgform_ajax_framebjll=\"\"><\/iframe><\/div>\n<p>&nbsp;<\/p>\n<p>&nbsp;<\/p>\n<p>&nbsp;<\/p>\n","protected":false},"excerpt":{"rendered":"<p>Xperia Z2 &#8211; VIDEORECENZE 1 &nbsp; Velice povedenn\u00e1 videorecenze skv\u011bl\u00e9ho telefonu a to Sony Xperia Z2 Ve videorecenzi se pod\u00edv\u00e1me na z\u00e1kladn\u00ed p\u0159edstaven\u00ed telefonu a n\u011bkter\u00e9 jeho funkce. &nbsp; &nbsp; &nbsp; &nbsp;<\/p>\n","protected":false},"author":1,"featured_media":0,"parent":368,"menu_order":0,"comment_status":"closed","ping_status":"open","template":"","meta":{"footnotes":""},"_links":{"self":[{"href":"https:\/\/jvelektronika.cz\/index.php?rest_route=\/wp\/v2\/pages\/427"}],"collection":[{"href":"https:\/\/jvelektronika.cz\/index.php?rest_route=\/wp\/v2\/pages"}],"about":[{"href":"https:\/\/jvelektronika.cz\/index.php?rest_route=\/wp\/v2\/types\/page"}],"author":[{"embeddable":true,"href":"https:\/\/jvelektronika.cz\/index.php?rest_route=\/wp\/v2\/users\/1"}],"replies":[{"embeddable":true,"href":"https:\/\/jvelektronika.cz\/index.php?rest_route=%2Fwp%2Fv2%2Fcomments&post=427"}],"version-history":[{"count":4,"href":"https:\/\/jvelektronika.cz\/index.php?rest_route=\/wp\/v2\/pages\/427\/revisions"}],"predecessor-version":[{"id":431,"href":"https:\/\/jvelektronika.cz\/index.php?rest_route=\/wp\/v2\/pages\/427\/revisions\/431"}],"up":[{"embeddable":true,"href":"https:\/\/jvelektronika.cz\/index.php?rest_route=\/wp\/v2\/pages\/368"}],"wp:attachment":[{"href":"https:\/\/jvelektronika.cz\/index.php?rest_route=%2Fwp%2Fv2%2Fmedia&parent=427"}],"curies":[{"name":"wp","href":"https:\/\/api.w.org\/{rel}","templated":true}]}}