{"id":4011,"date":"2024-07-05T23:17:51","date_gmt":"2024-07-05T21:17:51","guid":{"rendered":"https:\/\/jvelektronika.cz\/?page_id=4011"},"modified":"2024-07-05T23:38:32","modified_gmt":"2024-07-05T21:38:32","slug":"meshtastic","status":"publish","type":"page","link":"https:\/\/jvelektronika.cz\/?page_id=4011","title":{"rendered":"MESHTASTIC"},"content":{"rendered":"\n<p>Za\u0159\u00edzen\u00ed kter\u00e9 provozuji:<\/p>\n\n\n\n<p>T-Beam Meshtastic<\/p>\n\n\n\n<figure class=\"wp-block-embed is-type-link is-provider-vlozeni wp-block-embed-vlozeni\"><div class=\"wp-block-embed__wrapper\">\n<a href=\"https:\/\/www.lilygo.cc\/products\/t-beam-v1-1-esp32-lora-module\">T-Beam Meshtastic<\/a>\n<\/div><figcaption class=\"wp-element-caption\">Pro \u010cR je nutn\u00e9 vybrat model 868Mhz EU<\/figcaption><\/figure>\n\n\n\n<p><\/p>\n\n\n\n<figure class=\"wp-block-gallery has-nested-images columns-4 is-cropped has-background wp-block-gallery-1 is-layout-flex wp-block-gallery-is-layout-flex\" style=\"background:linear-gradient(135deg,rgb(0,0,0) 0%,rgb(19,3,3) 37%,rgb(40,116,252) 93%)\">\n<figure class=\"wp-block-image size-large\"><a href=\"https:\/\/jvelektronika.cz\/wp-content\/uploads\/2024\/07\/1-1.jpg\" target=\"_blank\" rel=\"noopener\"><img decoding=\"async\" loading=\"lazy\" width=\"800\" height=\"477\" data-id=\"4013\" src=\"https:\/\/jvelektronika.cz\/wp-content\/uploads\/2024\/07\/1-1.jpg\" alt=\"\" class=\"wp-image-4013\" srcset=\"https:\/\/jvelektronika.cz\/wp-content\/uploads\/2024\/07\/1-1.jpg 800w, https:\/\/jvelektronika.cz\/wp-content\/uploads\/2024\/07\/1-1-300x179.jpg 300w, https:\/\/jvelektronika.cz\/wp-content\/uploads\/2024\/07\/1-1-768x458.jpg 768w\" sizes=\"(max-width: 800px) 100vw, 800px\" \/><\/a><\/figure>\n\n\n\n<figure class=\"wp-block-image size-large\"><a href=\"https:\/\/jvelektronika.cz\/wp-content\/uploads\/2024\/07\/2.jpg\" target=\"_blank\" rel=\"noopener\"><img decoding=\"async\" loading=\"lazy\" width=\"1518\" height=\"1130\" data-id=\"4014\" src=\"https:\/\/jvelektronika.cz\/wp-content\/uploads\/2024\/07\/2-1024x762.jpg\" alt=\"\" class=\"wp-image-4014\" srcset=\"https:\/\/jvelektronika.cz\/wp-content\/uploads\/2024\/07\/2-1024x762.jpg 1024w, https:\/\/jvelektronika.cz\/wp-content\/uploads\/2024\/07\/2-300x223.jpg 300w, https:\/\/jvelektronika.cz\/wp-content\/uploads\/2024\/07\/2-768x572.jpg 768w, https:\/\/jvelektronika.cz\/wp-content\/uploads\/2024\/07\/2.jpg 1518w\" sizes=\"(max-width: 1518px) 100vw, 1518px\" \/><\/a><\/figure>\n\n\n\n<figure class=\"wp-block-image size-large\"><a href=\"https:\/\/jvelektronika.cz\/wp-content\/uploads\/2024\/07\/3.jpg\" target=\"_blank\" rel=\"noopener\"><img decoding=\"async\" loading=\"lazy\" width=\"1600\" height=\"1271\" data-id=\"4015\" src=\"https:\/\/jvelektronika.cz\/wp-content\/uploads\/2024\/07\/3-1024x813.jpg\" alt=\"\" class=\"wp-image-4015\" srcset=\"https:\/\/jvelektronika.cz\/wp-content\/uploads\/2024\/07\/3-1024x813.jpg 1024w, https:\/\/jvelektronika.cz\/wp-content\/uploads\/2024\/07\/3-300x238.jpg 300w, https:\/\/jvelektronika.cz\/wp-content\/uploads\/2024\/07\/3-768x610.jpg 768w, https:\/\/jvelektronika.cz\/wp-content\/uploads\/2024\/07\/3-1536x1220.jpg 1536w, https:\/\/jvelektronika.cz\/wp-content\/uploads\/2024\/07\/3.jpg 1600w\" sizes=\"(max-width: 1600px) 100vw, 1600px\" \/><\/a><\/figure>\n\n\n\n<figure class=\"wp-block-image size-large\"><a href=\"https:\/\/jvelektronika.cz\/wp-content\/uploads\/2024\/07\/4.jpg\" target=\"_blank\" rel=\"noopener\"><img decoding=\"async\" loading=\"lazy\" width=\"1024\" height=\"576\" data-id=\"4016\" src=\"https:\/\/jvelektronika.cz\/wp-content\/uploads\/2024\/07\/4-1024x576.jpg\" alt=\"\" class=\"wp-image-4016\" srcset=\"https:\/\/jvelektronika.cz\/wp-content\/uploads\/2024\/07\/4-1024x576.jpg 1024w, https:\/\/jvelektronika.cz\/wp-content\/uploads\/2024\/07\/4-300x169.jpg 300w, https:\/\/jvelektronika.cz\/wp-content\/uploads\/2024\/07\/4-768x432.jpg 768w, https:\/\/jvelektronika.cz\/wp-content\/uploads\/2024\/07\/4-1536x864.jpg 1536w, https:\/\/jvelektronika.cz\/wp-content\/uploads\/2024\/07\/4.jpg 1600w\" sizes=\"(max-width: 1024px) 100vw, 1024px\" \/><\/a><\/figure>\n\n\n\n<figure class=\"wp-block-image size-large\"><a href=\"https:\/\/jvelektronika.cz\/wp-content\/uploads\/2024\/07\/5.jpg\" target=\"_blank\" rel=\"noopener\"><img decoding=\"async\" loading=\"lazy\" width=\"850\" height=\"745\" data-id=\"4017\" src=\"https:\/\/jvelektronika.cz\/wp-content\/uploads\/2024\/07\/5.jpg\" alt=\"\" class=\"wp-image-4017\" srcset=\"https:\/\/jvelektronika.cz\/wp-content\/uploads\/2024\/07\/5.jpg 850w, https:\/\/jvelektronika.cz\/wp-content\/uploads\/2024\/07\/5-300x263.jpg 300w, https:\/\/jvelektronika.cz\/wp-content\/uploads\/2024\/07\/5-768x673.jpg 768w\" sizes=\"(max-width: 850px) 100vw, 850px\" \/><\/a><\/figure>\n\n\n\n<figure class=\"wp-block-image size-large\"><a href=\"https:\/\/jvelektronika.cz\/wp-content\/uploads\/2024\/07\/7.jpg\" target=\"_blank\" rel=\"noopener\"><img decoding=\"async\" loading=\"lazy\" width=\"472\" height=\"1024\" data-id=\"4018\" src=\"https:\/\/jvelektronika.cz\/wp-content\/uploads\/2024\/07\/7-472x1024.jpg\" alt=\"\" class=\"wp-image-4018\" srcset=\"https:\/\/jvelektronika.cz\/wp-content\/uploads\/2024\/07\/7-472x1024.jpg 472w, https:\/\/jvelektronika.cz\/wp-content\/uploads\/2024\/07\/7-138x300.jpg 138w, https:\/\/jvelektronika.cz\/wp-content\/uploads\/2024\/07\/7-708x1536.jpg 708w, https:\/\/jvelektronika.cz\/wp-content\/uploads\/2024\/07\/7.jpg 738w\" sizes=\"(max-width: 472px) 100vw, 472px\" \/><\/a><\/figure>\n\n\n\n<figure class=\"wp-block-image size-large\"><a href=\"https:\/\/jvelektronika.cz\/wp-content\/uploads\/2024\/07\/8.jpg\" target=\"_blank\" rel=\"noopener\"><img decoding=\"async\" loading=\"lazy\" width=\"472\" height=\"1024\" data-id=\"4019\" src=\"https:\/\/jvelektronika.cz\/wp-content\/uploads\/2024\/07\/8-472x1024.jpg\" alt=\"\" class=\"wp-image-4019\" srcset=\"https:\/\/jvelektronika.cz\/wp-content\/uploads\/2024\/07\/8-472x1024.jpg 472w, https:\/\/jvelektronika.cz\/wp-content\/uploads\/2024\/07\/8-138x300.jpg 138w, https:\/\/jvelektronika.cz\/wp-content\/uploads\/2024\/07\/8-708x1536.jpg 708w, https:\/\/jvelektronika.cz\/wp-content\/uploads\/2024\/07\/8.jpg 738w\" sizes=\"(max-width: 472px) 100vw, 472px\" \/><\/a><\/figure>\n<\/figure>\n\n\n\n<p><\/p>\n\n\n\n<p><\/p>\n\n\n\n<p>Brzy v\u00edce info.<\/p>\n\n\n\n<p><\/p>\n\n\n\n<p class=\"has-vivid-cyan-blue-color has-text-color has-background\" style=\"background:linear-gradient(135deg,rgb(171,208,233) 0%,rgb(215,215,215) 100%)\"><a href=\"https:\/\/www.hardwired.dev\/2024\/06\/09\/nestjs-chapter-01-new-project\/\" data-type=\"link\" data-id=\"https:\/\/www.hardwired.dev\/2024\/06\/09\/nestjs-chapter-01-new-project\/\">Popis od kolegy technika, kter\u00fd se tomuto v\u011bnuje ZDE<\/a><\/p>\n\n\n\n<p><\/p>\n\n\n\n<p>Publikov\u00e1no 5.7. 2024<\/p>\n","protected":false},"excerpt":{"rendered":"<p>Za\u0159\u00edzen\u00ed kter\u00e9 provozuji: T-Beam Meshtastic Brzy v\u00edce info. Popis od kolegy technika, kter\u00fd se tomuto v\u011bnuje ZDE Publikov\u00e1no 5.7. 2024<\/p>\n","protected":false},"author":1,"featured_media":4012,"parent":3770,"menu_order":0,"comment_status":"closed","ping_status":"closed","template":"","meta":{"footnotes":""},"_links":{"self":[{"href":"https:\/\/jvelektronika.cz\/index.php?rest_route=\/wp\/v2\/pages\/4011"}],"collection":[{"href":"https:\/\/jvelektronika.cz\/index.php?rest_route=\/wp\/v2\/pages"}],"about":[{"href":"https:\/\/jvelektronika.cz\/index.php?rest_route=\/wp\/v2\/types\/page"}],"author":[{"embeddable":true,"href":"https:\/\/jvelektronika.cz\/index.php?rest_route=\/wp\/v2\/users\/1"}],"replies":[{"embeddable":true,"href":"https:\/\/jvelektronika.cz\/index.php?rest_route=%2Fwp%2Fv2%2Fcomments&post=4011"}],"version-history":[{"count":3,"href":"https:\/\/jvelektronika.cz\/index.php?rest_route=\/wp\/v2\/pages\/4011\/revisions"}],"predecessor-version":[{"id":4028,"href":"https:\/\/jvelektronika.cz\/index.php?rest_route=\/wp\/v2\/pages\/4011\/revisions\/4028"}],"up":[{"embeddable":true,"href":"https:\/\/jvelektronika.cz\/index.php?rest_route=\/wp\/v2\/pages\/3770"}],"wp:featuredmedia":[{"embeddable":true,"href":"https:\/\/jvelektronika.cz\/index.php?rest_route=\/wp\/v2\/media\/4012"}],"wp:attachment":[{"href":"https:\/\/jvelektronika.cz\/index.php?rest_route=%2Fwp%2Fv2%2Fmedia&parent=4011"}],"curies":[{"name":"wp","href":"https:\/\/api.w.org\/{rel}","templated":true}]}}