{"id":397,"date":"2014-09-13T20:28:52","date_gmt":"2014-09-13T18:28:52","guid":{"rendered":"http:\/\/jvelektronika.cz\/?page_id=397"},"modified":"2014-09-27T18:34:02","modified_gmt":"2014-09-27T16:34:02","slug":"xperia-z2-video-4k-test","status":"publish","type":"page","link":"https:\/\/jvelektronika.cz\/?page_id=397","title":{"rendered":"Xperia Z2 VIDEO 4K Test"},"content":{"rendered":"<h1><span style=\"color: #99ccff;\">Xperia Z2 VIDEO 4K Test<\/span><\/h1>\n<p>&nbsp;<\/p>\n<p>Nato\u010dil jsem zku\u0161ebn\u00ed videa ve 4K rozli\u0161en\u00ed jedn\u00edm z nejlep\u0161\u00edch mobiln\u00ed telefon\u016f sou\u010dasnosti a v\u00fdsledek byl vskutku n\u00e1dhern\u00fd.<\/p>\n<p>Bohu\u017eel se p\u0159i editaci videa sn\u00ed\u017eila kvalita a dokonce i po\u010det FPS z 30FPS\/s na 25FPS\/s\u00a0 av\u0161ak i tak, je to par\u00e1da.<\/p>\n<p>&nbsp;<\/p>\n<p>VIDEO OTEV\u0158ETE KLIKNUT\u00cdM: <a title=\"Xperia Z2 4K VIDEO TEST\" href=\"https:\/\/www.youtube.com\/watch?v=pe1hY77SpSQ&amp;list=UUBITzd_HgBu0pAWYwX-GWyQ\" target=\"_blank\">ZDE<\/a><\/p>\n<div class=\"epyt-video-wrapper\"><iframe loading=\"lazy\"  style=\"display: block; margin: 0px auto;\"  id=\"_ytid_60457\"  width=\"640\" height=\"360\"  data-origwidth=\"640\" data-origheight=\"360\" src=\"https:\/\/www.youtube.com\/embed\/pe1hY77SpSQ?enablejsapi=1&#038;autoplay=0&#038;cc_load_policy=0&#038;cc_lang_pref=&#038;iv_load_policy=1&#038;loop=0&#038;modestbranding=0&#038;rel=1&#038;fs=1&#038;playsinline=1&#038;autohide=2&#038;theme=dark&#038;color=red&#038;controls=1&#038;\" class=\"__youtube_prefs__  epyt-is-override  no-lazyload\" title=\"YouTube player\"  allow=\"accelerometer; autoplay; clipboard-write; encrypted-media; gyroscope; picture-in-picture\" allowfullscreen data-no-lazy=\"1\" data-skipgform_ajax_framebjll=\"\"><\/iframe><\/div>\n<p>&nbsp;<\/p>\n<p>&nbsp;<\/p>\n","protected":false},"excerpt":{"rendered":"<p>Xperia Z2 VIDEO 4K Test &nbsp; Nato\u010dil jsem zku\u0161ebn\u00ed videa ve 4K rozli\u0161en\u00ed jedn\u00edm z nejlep\u0161\u00edch mobiln\u00ed telefon\u016f sou\u010dasnosti a v\u00fdsledek byl vskutku n\u00e1dhern\u00fd. Bohu\u017eel se p\u0159i editaci videa sn\u00ed\u017eila kvalita a dokonce i po\u010det FPS z 30FPS\/s na 25FPS\/s\u00a0 av\u0161ak i tak, je to par\u00e1da. &nbsp; VIDEO OTEV\u0158ETE KLIKNUT\u00cdM: [&hellip;]<\/p>\n","protected":false},"author":1,"featured_media":0,"parent":368,"menu_order":0,"comment_status":"closed","ping_status":"open","template":"","meta":{"footnotes":""},"_links":{"self":[{"href":"https:\/\/jvelektronika.cz\/index.php?rest_route=\/wp\/v2\/pages\/397"}],"collection":[{"href":"https:\/\/jvelektronika.cz\/index.php?rest_route=\/wp\/v2\/pages"}],"about":[{"href":"https:\/\/jvelektronika.cz\/index.php?rest_route=\/wp\/v2\/types\/page"}],"author":[{"embeddable":true,"href":"https:\/\/jvelektronika.cz\/index.php?rest_route=\/wp\/v2\/users\/1"}],"replies":[{"embeddable":true,"href":"https:\/\/jvelektronika.cz\/index.php?rest_route=%2Fwp%2Fv2%2Fcomments&post=397"}],"version-history":[{"count":2,"href":"https:\/\/jvelektronika.cz\/index.php?rest_route=\/wp\/v2\/pages\/397\/revisions"}],"predecessor-version":[{"id":435,"href":"https:\/\/jvelektronika.cz\/index.php?rest_route=\/wp\/v2\/pages\/397\/revisions\/435"}],"up":[{"embeddable":true,"href":"https:\/\/jvelektronika.cz\/index.php?rest_route=\/wp\/v2\/pages\/368"}],"wp:attachment":[{"href":"https:\/\/jvelektronika.cz\/index.php?rest_route=%2Fwp%2Fv2%2Fmedia&parent=397"}],"curies":[{"name":"wp","href":"https:\/\/api.w.org\/{rel}","templated":true}]}}