{"id":386,"date":"2014-08-30T08:17:54","date_gmt":"2014-08-30T06:17:54","guid":{"rendered":"http:\/\/jvelektronika.cz\/?page_id=386"},"modified":"2014-08-30T08:17:54","modified_gmt":"2014-08-30T06:17:54","slug":"xbox-one-za-tyden-v-cesku-v-prodeji","status":"publish","type":"page","link":"https:\/\/jvelektronika.cz\/?page_id=386","title":{"rendered":"Xbox One za t\u00fdden v \u010cesku v prodeji"},"content":{"rendered":"<h1>Xbox One za t\u00fdden v \u010cesku v prodeji<\/h1>\n<p>&nbsp;<\/p>\n<p>P\u0159\u00ed\u0161t\u00ed p\u00e1tek v Z\u00e1\u0159\u00ed, se za\u010dne v \u010cR prod\u00e1vat hern\u00ed konzole Xbox ONE.<\/p>\n<p>Z\u00e1jemci mohou vyb\u00edrat ze dvou verz\u00ed, levn\u011bj\u0161\u00ed bez pohybov\u00e9ho senzoru Kinect vyjde bez koruny na 11 000 K\u010d, varianta s Kinectem pak na 14 000 K\u010d.<\/p>\n<div class=\"epyt-video-wrapper\"><iframe loading=\"lazy\"  style=\"display: block; margin: 0px auto;\"  id=\"_ytid_84292\"  width=\"640\" height=\"360\"  data-origwidth=\"640\" data-origheight=\"360\" src=\"https:\/\/www.youtube.com\/embed\/LIYeHCFttMc?enablejsapi=1&#038;autoplay=0&#038;cc_load_policy=0&#038;cc_lang_pref=&#038;iv_load_policy=1&#038;loop=0&#038;modestbranding=0&#038;rel=1&#038;fs=1&#038;playsinline=1&#038;autohide=2&#038;theme=dark&#038;color=red&#038;controls=1&#038;\" class=\"__youtube_prefs__  epyt-is-override  no-lazyload\" title=\"YouTube player\"  allow=\"accelerometer; autoplay; clipboard-write; encrypted-media; gyroscope; picture-in-picture\" allowfullscreen data-no-lazy=\"1\" data-skipgform_ajax_framebjll=\"\"><\/iframe><\/div>\n<p>Krom\u011b hran\u00ed her je tak s novinkou mo\u017en\u00e9 streamovat filmy, brouzdat po internetu, ale klidn\u011b i telefonovat prost\u0159ednictv\u00edm bezplatn\u00e9 aplikace Skype. V\u0161e je nav\u00edc mo\u017en\u00e9 ovl\u00e1dat jednodu\u0161e prost\u0159ednictv\u00edm hlasov\u00fdch povel\u016f.<\/p>\n<p>Z\u00e1kladem novinky je osmij\u00e1drov\u00fd procesor, kter\u00fd m\u00e1 k dispozici 8 GB opera\u010dn\u00ed pam\u011bti. Pevn\u00fd disk m\u00e1 kapacitu 500 GB, dal\u0161\u00ed p\u016fjde p\u0159ipojit prost\u0159ednictv\u00edm USB portu. Nechyb\u00ed ani Blu-ray mechanika, kter\u00e1 krom\u011b her dok\u00e1\u017ee p\u0159ehr\u00e1vat i filmy ve vysok\u00e9m rozli\u0161en\u00ed, \u010di bezdr\u00e1tov\u00fd wi-fi adapt\u00e9r k p\u0159ipojen\u00ed na internet.<\/p>\n<p>Nov\u00e1 nen\u00ed jenom samotn\u00e1 televizn\u00ed konzole, ale tak\u00e9 pohybov\u00fd senzor Kinect. Ten bude Microsoft dod\u00e1vat p\u0159\u00edmo s\u00a0 Xboxem ONE, proto\u017ee bez n\u011bj by cel\u00fd syst\u00e9m nedok\u00e1zal vyu\u017e\u00edvat n\u011bkter\u00e9 funkce. Podle tv\u016frc\u016f je druh\u00e1 generace kinectu daleko citliv\u011bj\u0161\u00ed a p\u0159esn\u011bj\u0161\u00ed ne\u017e p\u0159edch\u016fdce.<\/p>\n","protected":false},"excerpt":{"rendered":"<p>Xbox One za t\u00fdden v \u010cesku v prodeji &nbsp; P\u0159\u00ed\u0161t\u00ed p\u00e1tek v Z\u00e1\u0159\u00ed, se za\u010dne v \u010cR prod\u00e1vat hern\u00ed konzole Xbox ONE. Z\u00e1jemci mohou vyb\u00edrat ze dvou verz\u00ed, levn\u011bj\u0161\u00ed bez pohybov\u00e9ho senzoru Kinect vyjde bez koruny na 11 000 K\u010d, varianta s Kinectem pak na 14 000 K\u010d. Krom\u011b hran\u00ed [&hellip;]<\/p>\n","protected":false},"author":1,"featured_media":0,"parent":63,"menu_order":0,"comment_status":"closed","ping_status":"open","template":"","meta":{"footnotes":""},"_links":{"self":[{"href":"https:\/\/jvelektronika.cz\/index.php?rest_route=\/wp\/v2\/pages\/386"}],"collection":[{"href":"https:\/\/jvelektronika.cz\/index.php?rest_route=\/wp\/v2\/pages"}],"about":[{"href":"https:\/\/jvelektronika.cz\/index.php?rest_route=\/wp\/v2\/types\/page"}],"author":[{"embeddable":true,"href":"https:\/\/jvelektronika.cz\/index.php?rest_route=\/wp\/v2\/users\/1"}],"replies":[{"embeddable":true,"href":"https:\/\/jvelektronika.cz\/index.php?rest_route=%2Fwp%2Fv2%2Fcomments&post=386"}],"version-history":[{"count":2,"href":"https:\/\/jvelektronika.cz\/index.php?rest_route=\/wp\/v2\/pages\/386\/revisions"}],"predecessor-version":[{"id":388,"href":"https:\/\/jvelektronika.cz\/index.php?rest_route=\/wp\/v2\/pages\/386\/revisions\/388"}],"up":[{"embeddable":true,"href":"https:\/\/jvelektronika.cz\/index.php?rest_route=\/wp\/v2\/pages\/63"}],"wp:attachment":[{"href":"https:\/\/jvelektronika.cz\/index.php?rest_route=%2Fwp%2Fv2%2Fmedia&parent=386"}],"curies":[{"name":"wp","href":"https:\/\/api.w.org\/{rel}","templated":true}]}}