{"id":3713,"date":"2023-07-01T19:21:04","date_gmt":"2023-07-01T17:21:04","guid":{"rendered":"https:\/\/jvelektronika.cz\/?page_id=3713"},"modified":"2023-08-10T00:57:24","modified_gmt":"2023-08-09T22:57:24","slug":"maker-faire-historicke-pocitace","status":"publish","type":"page","link":"https:\/\/jvelektronika.cz\/?page_id=3713","title":{"rendered":"Maker  Faire-2023"},"content":{"rendered":"\n<p>M\u00c1 \u00da\u010cAST NA PRA\u017dSK\u00c9M Maker Faire 2023<\/p>\n\n\n\n<p>PREZENTACE HISTORICK\u00ddCH PO\u010c\u00cdTA\u010c\u016e<\/p>\n\n\n\n<figure class=\"wp-block-gallery has-nested-images columns-default is-cropped wp-block-gallery-1 is-layout-flex wp-block-gallery-is-layout-flex\">\n<figure class=\"wp-block-image\"><a href=\"https:\/\/jvelektronika.cz\/?attachment_id=3718\"><img decoding=\"async\" loading=\"lazy\" width=\"1024\" height=\"768\" data-id=\"3718\" src=\"https:\/\/jvelektronika.cz\/wp-content\/uploads\/2023\/07\/IMG_4967-1024x768.jpg\" alt=\"\" class=\"wp-image-3718\" srcset=\"https:\/\/jvelektronika.cz\/wp-content\/uploads\/2023\/07\/IMG_4967-1024x768.jpg 1024w, https:\/\/jvelektronika.cz\/wp-content\/uploads\/2023\/07\/IMG_4967-300x225.jpg 300w, https:\/\/jvelektronika.cz\/wp-content\/uploads\/2023\/07\/IMG_4967-768x576.jpg 768w\" sizes=\"(max-width: 1024px) 100vw, 1024px\" \/><\/a><\/figure>\n\n\n\n<figure class=\"wp-block-image\"><a href=\"https:\/\/jvelektronika.cz\/?attachment_id=3719\"><img decoding=\"async\" loading=\"lazy\" width=\"1024\" height=\"768\" data-id=\"3719\" src=\"https:\/\/jvelektronika.cz\/wp-content\/uploads\/2023\/07\/IMG_4900-1024x768.jpg\" alt=\"\" class=\"wp-image-3719\" srcset=\"https:\/\/jvelektronika.cz\/wp-content\/uploads\/2023\/07\/IMG_4900-1024x768.jpg 1024w, https:\/\/jvelektronika.cz\/wp-content\/uploads\/2023\/07\/IMG_4900-300x225.jpg 300w, https:\/\/jvelektronika.cz\/wp-content\/uploads\/2023\/07\/IMG_4900-768x576.jpg 768w\" sizes=\"(max-width: 1024px) 100vw, 1024px\" \/><\/a><\/figure>\n\n\n\n<figure class=\"wp-block-image\"><a href=\"https:\/\/jvelektronika.cz\/?attachment_id=3720\"><img decoding=\"async\" loading=\"lazy\" width=\"1024\" height=\"768\" data-id=\"3720\" src=\"https:\/\/jvelektronika.cz\/wp-content\/uploads\/2023\/07\/IMG_4956-1024x768.jpg\" alt=\"\" class=\"wp-image-3720\" srcset=\"https:\/\/jvelektronika.cz\/wp-content\/uploads\/2023\/07\/IMG_4956-1024x768.jpg 1024w, https:\/\/jvelektronika.cz\/wp-content\/uploads\/2023\/07\/IMG_4956-300x225.jpg 300w, https:\/\/jvelektronika.cz\/wp-content\/uploads\/2023\/07\/IMG_4956-768x576.jpg 768w\" sizes=\"(max-width: 1024px) 100vw, 1024px\" \/><\/a><\/figure>\n\n\n\n<figure class=\"wp-block-image\"><a href=\"https:\/\/jvelektronika.cz\/?attachment_id=3721\"><img decoding=\"async\" loading=\"lazy\" width=\"1024\" height=\"768\" data-id=\"3721\" src=\"https:\/\/jvelektronika.cz\/wp-content\/uploads\/2023\/07\/IMG_4949-1024x768.jpg\" alt=\"\" class=\"wp-image-3721\" srcset=\"https:\/\/jvelektronika.cz\/wp-content\/uploads\/2023\/07\/IMG_4949-1024x768.jpg 1024w, https:\/\/jvelektronika.cz\/wp-content\/uploads\/2023\/07\/IMG_4949-300x225.jpg 300w, https:\/\/jvelektronika.cz\/wp-content\/uploads\/2023\/07\/IMG_4949-768x576.jpg 768w\" sizes=\"(max-width: 1024px) 100vw, 1024px\" \/><\/a><\/figure>\n\n\n\n<figure class=\"wp-block-image\"><a href=\"https:\/\/jvelektronika.cz\/?attachment_id=3722\"><img decoding=\"async\" loading=\"lazy\" width=\"1024\" height=\"768\" data-id=\"3722\" src=\"https:\/\/jvelektronika.cz\/wp-content\/uploads\/2023\/07\/IMG_4940-1024x768.jpg\" alt=\"\" class=\"wp-image-3722\" srcset=\"https:\/\/jvelektronika.cz\/wp-content\/uploads\/2023\/07\/IMG_4940-1024x768.jpg 1024w, https:\/\/jvelektronika.cz\/wp-content\/uploads\/2023\/07\/IMG_4940-300x225.jpg 300w, https:\/\/jvelektronika.cz\/wp-content\/uploads\/2023\/07\/IMG_4940-768x576.jpg 768w\" sizes=\"(max-width: 1024px) 100vw, 1024px\" \/><\/a><\/figure>\n\n\n\n<figure class=\"wp-block-image\"><a href=\"https:\/\/jvelektronika.cz\/?attachment_id=3723\"><img decoding=\"async\" loading=\"lazy\" width=\"1024\" height=\"768\" data-id=\"3723\" src=\"https:\/\/jvelektronika.cz\/wp-content\/uploads\/2023\/07\/IMG_4893-1024x768.jpg\" alt=\"\" class=\"wp-image-3723\" srcset=\"https:\/\/jvelektronika.cz\/wp-content\/uploads\/2023\/07\/IMG_4893-1024x768.jpg 1024w, https:\/\/jvelektronika.cz\/wp-content\/uploads\/2023\/07\/IMG_4893-300x225.jpg 300w, https:\/\/jvelektronika.cz\/wp-content\/uploads\/2023\/07\/IMG_4893-768x576.jpg 768w\" sizes=\"(max-width: 1024px) 100vw, 1024px\" \/><\/a><\/figure>\n<\/figure>\n\n\n\n<p><\/p>\n\n\n\n<figure class=\"wp-block-video\"><video controls src=\"https:\/\/jvelektronika.cz\/wp-content\/uploads\/2023\/07\/1.mov\"><\/video><\/figure>\n\n\n\n<p><\/p>\n\n\n\n<figure class=\"wp-block-video\"><video controls src=\"https:\/\/jvelektronika.cz\/wp-content\/uploads\/2023\/07\/IMG_4907.mov\"><\/video><\/figure>\n","protected":false},"excerpt":{"rendered":"<p>M\u00c1 \u00da\u010cAST NA PRA\u017dSK\u00c9M Maker Faire 2023 PREZENTACE HISTORICK\u00ddCH PO\u010c\u00cdTA\u010c\u016e<\/p>\n","protected":false},"author":1,"featured_media":3716,"parent":0,"menu_order":0,"comment_status":"closed","ping_status":"closed","template":"","meta":{"footnotes":""},"_links":{"self":[{"href":"https:\/\/jvelektronika.cz\/index.php?rest_route=\/wp\/v2\/pages\/3713"}],"collection":[{"href":"https:\/\/jvelektronika.cz\/index.php?rest_route=\/wp\/v2\/pages"}],"about":[{"href":"https:\/\/jvelektronika.cz\/index.php?rest_route=\/wp\/v2\/types\/page"}],"author":[{"embeddable":true,"href":"https:\/\/jvelektronika.cz\/index.php?rest_route=\/wp\/v2\/users\/1"}],"replies":[{"embeddable":true,"href":"https:\/\/jvelektronika.cz\/index.php?rest_route=%2Fwp%2Fv2%2Fcomments&post=3713"}],"version-history":[{"count":4,"href":"https:\/\/jvelektronika.cz\/index.php?rest_route=\/wp\/v2\/pages\/3713\/revisions"}],"predecessor-version":[{"id":3744,"href":"https:\/\/jvelektronika.cz\/index.php?rest_route=\/wp\/v2\/pages\/3713\/revisions\/3744"}],"wp:featuredmedia":[{"embeddable":true,"href":"https:\/\/jvelektronika.cz\/index.php?rest_route=\/wp\/v2\/media\/3716"}],"wp:attachment":[{"href":"https:\/\/jvelektronika.cz\/index.php?rest_route=%2Fwp%2Fv2%2Fmedia&parent=3713"}],"curies":[{"name":"wp","href":"https:\/\/api.w.org\/{rel}","templated":true}]}}