{"id":3539,"date":"2022-10-27T13:35:59","date_gmt":"2022-10-27T11:35:59","guid":{"rendered":"https:\/\/jvelektronika.cz\/?page_id=3539"},"modified":"2022-11-20T10:26:51","modified_gmt":"2022-11-20T09:26:51","slug":"isa-backplane-isa-motherboard-with-pentium-mmx","status":"publish","type":"page","link":"https:\/\/jvelektronika.cz\/?page_id=3539","title":{"rendered":"ISA BACKPLANE + ISA  MOTHERBOARD WITH PENTIUM MMX"},"content":{"rendered":"\n<p><\/p>\n\n\n\n<p> ISA DESKA+ISA Z\u00c1KLADN\u00cd DESKA S PENTIEM MMX<\/p>\n\n\n\n<p><\/p>\n\n\n\n<p>ISA BACKPLANE je vlastn\u00ed v\u00fdroby v\u010d. osazen\u00ed sou\u010d\u00e1stek.<\/p>\n\n\n\n<p>ISA z\u00e1kl\u00e1dn\u00ed desky se pou\u017e\u00edvaly jako pr\u016fmyslov\u00e9 po\u010d\u00edta\u010de. Tyto ISA desky se v dne\u0161n\u00ed dob\u011b pom\u011brn\u011b obt\u00ed\u017en\u011b sh\u00e1n\u00ed a kdy\u017e ji n\u011bkdo nab\u00edz\u00ed, tak za ni chce pom\u011brn\u011b vysokou \u010d\u00e1stku a narazit na n\u011bkoho, kdo ji p\u0159enech\u00e1 za slu\u0161n\u00e9 pen\u00edze je minim\u00e1ln\u00ed.<\/p>\n\n\n\n<p>Tato deska m\u00e1 v sob\u011b i \u0159adi\u010d a mdal\u0161\u00ed mo\u017enosti p\u0159ipojen\u00ed v\u010d. USB portu, ale nap\u0159. tyto desky s CPU 486 a star\u0161\u00ed budou vy\u017eadovat klasick\u00fd ISA \u0159adi\u010d a bude tedy obsazeno i v\u00edce slot\u016f.<\/p>\n\n\n\n<p><\/p>\n\n\n\n<figure class=\"wp-block-embed-youtube wp-block-embed is-type-video is-provider-youtube wp-embed-aspect-16-9 wp-has-aspect-ratio\"><div class=\"wp-block-embed__wrapper\">\n<div class=\"epyt-video-wrapper\"><iframe loading=\"lazy\"  style=\"display: block; margin: 0px auto;\"  id=\"_ytid_94620\"  width=\"640\" height=\"360\"  data-origwidth=\"640\" data-origheight=\"360\" src=\"https:\/\/www.youtube.com\/embed\/D5VZTXYtwog?enablejsapi=1&#038;autoplay=0&#038;cc_load_policy=0&#038;cc_lang_pref=&#038;iv_load_policy=1&#038;loop=0&#038;modestbranding=0&#038;rel=1&#038;fs=1&#038;playsinline=1&#038;autohide=2&#038;theme=dark&#038;color=red&#038;controls=1&#038;\" class=\"__youtube_prefs__  epyt-is-override  no-lazyload\" title=\"YouTube player\"  allow=\"accelerometer; autoplay; clipboard-write; encrypted-media; gyroscope; picture-in-picture\" allowfullscreen data-no-lazy=\"1\" data-skipgform_ajax_framebjll=\"\"><\/iframe><\/div>\n<\/div><\/figure>\n\n\n\n<p><\/p>\n\n\n\n<p><\/p>\n\n\n\n<p>Proto\u017ee se jedn\u00e1 o uk\u00e1zkovou sestavu, tak jsem se rozhodl ji p\u0159ipevnit na d\u0159ev\u011bnou desku, prozat\u00edm jsem p\u0159ipevnil distan\u010dn\u00ed sloupky a vytvo\u0159il dr\u00e1hu na kovovou \u010d\u00e1st karet ve spodn\u00ed \u010d\u00e1stit.<\/p>\n\n\n\n<p><\/p>\n\n\n\n<figure class=\"wp-block-image\"><img decoding=\"async\" loading=\"lazy\" width=\"1024\" height=\"768\" src=\"https:\/\/jvelektronika.cz\/wp-content\/uploads\/2022\/11\/isambjvok-1024x768.jpg\" alt=\"\" class=\"wp-image-3578\" srcset=\"https:\/\/jvelektronika.cz\/wp-content\/uploads\/2022\/11\/isambjvok.jpg 1024w, https:\/\/jvelektronika.cz\/wp-content\/uploads\/2022\/11\/isambjvok-300x225.jpg 300w, https:\/\/jvelektronika.cz\/wp-content\/uploads\/2022\/11\/isambjvok-768x576.jpg 768w\" sizes=\"(max-width: 1024px) 100vw, 1024px\" \/><\/figure>\n\n\n\n<figure class=\"wp-block-image\"><img decoding=\"async\" loading=\"lazy\" width=\"1024\" height=\"768\" src=\"https:\/\/jvelektronika.cz\/wp-content\/uploads\/2022\/11\/IMG_6452-1024x768.jpeg\" alt=\"\" class=\"wp-image-3576\" srcset=\"https:\/\/jvelektronika.cz\/wp-content\/uploads\/2022\/11\/IMG_6452.jpeg 1024w, https:\/\/jvelektronika.cz\/wp-content\/uploads\/2022\/11\/IMG_6452-300x225.jpeg 300w, https:\/\/jvelektronika.cz\/wp-content\/uploads\/2022\/11\/IMG_6452-768x576.jpeg 768w\" sizes=\"(max-width: 1024px) 100vw, 1024px\" \/><\/figure>\n\n\n\n<figure class=\"wp-block-image\"><img decoding=\"async\" loading=\"lazy\" width=\"976\" height=\"768\" src=\"https:\/\/jvelektronika.cz\/wp-content\/uploads\/2022\/11\/IMG_6483.jpeg\" alt=\"\" class=\"wp-image-3577\" srcset=\"https:\/\/jvelektronika.cz\/wp-content\/uploads\/2022\/11\/IMG_6483.jpeg 976w, https:\/\/jvelektronika.cz\/wp-content\/uploads\/2022\/11\/IMG_6483-300x236.jpeg 300w, https:\/\/jvelektronika.cz\/wp-content\/uploads\/2022\/11\/IMG_6483-768x604.jpeg 768w\" sizes=\"(max-width: 976px) 100vw, 976px\" \/><\/figure>\n\n\n\n<p><\/p>\n\n\n\n<p>Brzdy dal\u0161\u00ed pokra\u010dov\u00e1n\u00ed.<\/p>\n\n\n\n<p>Aktualizace 20. 11. 2022<\/p>\n\n\n\n<p><\/p>\n\n\n\n<p>\u010cl\u00e1nek vytvo\u0159en 27. 10. 2022<\/p>\n","protected":false},"excerpt":{"rendered":"<p>ISA DESKA+ISA Z\u00c1KLADN\u00cd DESKA S PENTIEM MMX ISA BACKPLANE je vlastn\u00ed v\u00fdroby v\u010d. osazen\u00ed sou\u010d\u00e1stek. ISA z\u00e1kl\u00e1dn\u00ed desky se pou\u017e\u00edvaly jako pr\u016fmyslov\u00e9 po\u010d\u00edta\u010de. Tyto ISA desky se v dne\u0161n\u00ed dob\u011b pom\u011brn\u011b obt\u00ed\u017en\u011b sh\u00e1n\u00ed a kdy\u017e ji n\u011bkdo nab\u00edz\u00ed, tak za ni chce pom\u011brn\u011b vysokou \u010d\u00e1stku a narazit na n\u011bkoho, kdo [&hellip;]<\/p>\n","protected":false},"author":1,"featured_media":3540,"parent":2626,"menu_order":0,"comment_status":"closed","ping_status":"closed","template":"","meta":{"footnotes":""},"_links":{"self":[{"href":"https:\/\/jvelektronika.cz\/index.php?rest_route=\/wp\/v2\/pages\/3539"}],"collection":[{"href":"https:\/\/jvelektronika.cz\/index.php?rest_route=\/wp\/v2\/pages"}],"about":[{"href":"https:\/\/jvelektronika.cz\/index.php?rest_route=\/wp\/v2\/types\/page"}],"author":[{"embeddable":true,"href":"https:\/\/jvelektronika.cz\/index.php?rest_route=\/wp\/v2\/users\/1"}],"replies":[{"embeddable":true,"href":"https:\/\/jvelektronika.cz\/index.php?rest_route=%2Fwp%2Fv2%2Fcomments&post=3539"}],"version-history":[{"count":2,"href":"https:\/\/jvelektronika.cz\/index.php?rest_route=\/wp\/v2\/pages\/3539\/revisions"}],"predecessor-version":[{"id":3579,"href":"https:\/\/jvelektronika.cz\/index.php?rest_route=\/wp\/v2\/pages\/3539\/revisions\/3579"}],"up":[{"embeddable":true,"href":"https:\/\/jvelektronika.cz\/index.php?rest_route=\/wp\/v2\/pages\/2626"}],"wp:featuredmedia":[{"embeddable":true,"href":"https:\/\/jvelektronika.cz\/index.php?rest_route=\/wp\/v2\/media\/3540"}],"wp:attachment":[{"href":"https:\/\/jvelektronika.cz\/index.php?rest_route=%2Fwp%2Fv2%2Fmedia&parent=3539"}],"curies":[{"name":"wp","href":"https:\/\/api.w.org\/{rel}","templated":true}]}}