{"id":3400,"date":"2022-04-27T19:53:33","date_gmt":"2022-04-27T17:53:33","guid":{"rendered":"https:\/\/jvelektronika.cz\/?page_id=3400"},"modified":"2022-04-27T19:55:54","modified_gmt":"2022-04-27T17:55:54","slug":"epaper","status":"publish","type":"page","link":"https:\/\/jvelektronika.cz\/?page_id=3400","title":{"rendered":"ePaper \tGDEW029Z10"},"content":{"rendered":"\n<p>( \u010cL\u00c1NEK NEN\u00cd DOKON\u010cEN: AKTUALIZACE 27. 4. 2022 )<\/p>\n\n\n\n<p><\/p>\n\n\n\n<p>Moje prvn\u00ed pokusy s t\u00edmto druhem zobrazova\u010de bude model <a href=\"http:\/\/www.good-display.com\/products_detail\/productId=308.html\"><br><\/a>GDEW029Z10 2,9 palc\u016f.<\/p>\n\n\n\n<p>Pro za\u010d\u00e1tek jsem vzal na zkou\u0161ku Arduino UNO av\u0161ak zde je probl\u00e9m s pam\u011bt\u00ed, kter\u00e1 m\u00e1 pouze 1,3Mb.<\/p>\n\n\n\n<p>Tento zobrazova\u010d podporuje 3 barvy:<\/p>\n\n\n\n<ol><li>B\u00cdLOU<\/li><li>\u010cERNOU<\/li><li>\u010cERVENOU<\/li><\/ol>\n\n\n\n<p><\/p>\n\n\n\n<p>S pomoc\u00ed arduina tedy p\u016fjdou zobrazit jen z\u00e1kladn\u00ed texty.<\/p>\n\n\n\n<figure class=\"wp-block-image\"><img decoding=\"async\" loading=\"lazy\" width=\"800\" height=\"600\" src=\"https:\/\/jvelektronika.cz\/wp-content\/uploads\/2022\/04\/02.jpeg\" alt=\"\" class=\"wp-image-3403\" srcset=\"https:\/\/jvelektronika.cz\/wp-content\/uploads\/2022\/04\/02.jpeg 800w, https:\/\/jvelektronika.cz\/wp-content\/uploads\/2022\/04\/02-300x225.jpeg 300w, https:\/\/jvelektronika.cz\/wp-content\/uploads\/2022\/04\/02-768x576.jpeg 768w\" sizes=\"(max-width: 800px) 100vw, 800px\" \/><\/figure>\n\n\n\n<p>Na obr\u00e1zku v\u00fd\u0161e vid\u00edme druhou stranu displeje, kde je desti\u010dka s eLink d\u00edky kt\u00e9re m\u016f\u017eeme p\u0159ipojit Arduino, RPI, STM, ESP atd.<\/p>\n\n\n\n<p><\/p>\n\n\n\n<figure class=\"wp-block-image\"><img decoding=\"async\" loading=\"lazy\" width=\"440\" height=\"388\" src=\"https:\/\/jvelektronika.cz\/wp-content\/uploads\/2022\/04\/03.jpeg\" alt=\"\" class=\"wp-image-3406\" srcset=\"https:\/\/jvelektronika.cz\/wp-content\/uploads\/2022\/04\/03.jpeg 440w, https:\/\/jvelektronika.cz\/wp-content\/uploads\/2022\/04\/03-300x265.jpeg 300w\" sizes=\"(max-width: 440px) 100vw, 440px\" \/><\/figure>\n\n\n\n<p>Ten mal\u00fd zkrat na pinech za\u0159\u00edd\u00ed to, \u017ee se pou\u017e\u00edv\u00e1 nap\u00e1jec\u00ed nap\u011bt\u00ed 3,3V<\/p>\n\n\n\n<p><\/p>\n\n\n\n<figure class=\"wp-block-image\"><img decoding=\"async\" loading=\"lazy\" width=\"800\" height=\"600\" src=\"https:\/\/jvelektronika.cz\/wp-content\/uploads\/2022\/04\/01.jpeg\" alt=\"\" class=\"wp-image-3402\" srcset=\"https:\/\/jvelektronika.cz\/wp-content\/uploads\/2022\/04\/01.jpeg 800w, https:\/\/jvelektronika.cz\/wp-content\/uploads\/2022\/04\/01-300x225.jpeg 300w, https:\/\/jvelektronika.cz\/wp-content\/uploads\/2022\/04\/01-768x576.jpeg 768w\" sizes=\"(max-width: 800px) 100vw, 800px\" \/><\/figure>\n\n\n\n<p><\/p>\n\n\n\n<figure class=\"wp-block-image\"><img decoding=\"async\" loading=\"lazy\" width=\"800\" height=\"508\" src=\"https:\/\/jvelektronika.cz\/wp-content\/uploads\/2022\/04\/04.jpeg\" alt=\"\" class=\"wp-image-3404\" srcset=\"https:\/\/jvelektronika.cz\/wp-content\/uploads\/2022\/04\/04.jpeg 800w, https:\/\/jvelektronika.cz\/wp-content\/uploads\/2022\/04\/04-300x191.jpeg 300w, https:\/\/jvelektronika.cz\/wp-content\/uploads\/2022\/04\/04-768x488.jpeg 768w\" sizes=\"(max-width: 800px) 100vw, 800px\" \/><figcaption><br>Zde vid\u00edme jednoduch\u00fd zdrojov\u00fd k\u00f3d v ARDUINO IDE, kter\u00fd by n\u00e1m m\u011bl zobrazit jednoduch\u00fd text.<br><br><\/figcaption><\/figure>\n\n\n\n<figure class=\"wp-block-image\"><img decoding=\"async\" loading=\"lazy\" width=\"800\" height=\"364\" src=\"https:\/\/jvelektronika.cz\/wp-content\/uploads\/2022\/04\/06.jpeg\" alt=\"\" class=\"wp-image-3405\" srcset=\"https:\/\/jvelektronika.cz\/wp-content\/uploads\/2022\/04\/06.jpeg 800w, https:\/\/jvelektronika.cz\/wp-content\/uploads\/2022\/04\/06-300x137.jpeg 300w, https:\/\/jvelektronika.cz\/wp-content\/uploads\/2022\/04\/06-768x349.jpeg 768w\" sizes=\"(max-width: 800px) 100vw, 800px\" \/><\/figure>\n\n\n\n<p>Zde m\u00e1me upozorn\u011bn\u00ed ohledn\u011b pam\u011bti na Arduino UNO.<\/p>\n\n\n\n<p><\/p>\n\n\n\n<p>Publikov\u00e1no 27. 04. 2022<\/p>\n","protected":false},"excerpt":{"rendered":"<p>( \u010cL\u00c1NEK NEN\u00cd DOKON\u010cEN: AKTUALIZACE 27. 4. 2022 ) Moje prvn\u00ed pokusy s t\u00edmto druhem zobrazova\u010de bude model GDEW029Z10 2,9 palc\u016f. Pro za\u010d\u00e1tek jsem vzal na zkou\u0161ku Arduino UNO av\u0161ak zde je probl\u00e9m s pam\u011bt\u00ed, kter\u00e1 m\u00e1 pouze 1,3Mb. Tento zobrazova\u010d podporuje 3 barvy: B\u00cdLOU \u010cERNOU \u010cERVENOU S pomoc\u00ed arduina [&hellip;]<\/p>\n","protected":false},"author":1,"featured_media":3401,"parent":0,"menu_order":0,"comment_status":"closed","ping_status":"closed","template":"","meta":{"footnotes":""},"_links":{"self":[{"href":"https:\/\/jvelektronika.cz\/index.php?rest_route=\/wp\/v2\/pages\/3400"}],"collection":[{"href":"https:\/\/jvelektronika.cz\/index.php?rest_route=\/wp\/v2\/pages"}],"about":[{"href":"https:\/\/jvelektronika.cz\/index.php?rest_route=\/wp\/v2\/types\/page"}],"author":[{"embeddable":true,"href":"https:\/\/jvelektronika.cz\/index.php?rest_route=\/wp\/v2\/users\/1"}],"replies":[{"embeddable":true,"href":"https:\/\/jvelektronika.cz\/index.php?rest_route=%2Fwp%2Fv2%2Fcomments&post=3400"}],"version-history":[{"count":2,"href":"https:\/\/jvelektronika.cz\/index.php?rest_route=\/wp\/v2\/pages\/3400\/revisions"}],"predecessor-version":[{"id":3412,"href":"https:\/\/jvelektronika.cz\/index.php?rest_route=\/wp\/v2\/pages\/3400\/revisions\/3412"}],"wp:featuredmedia":[{"embeddable":true,"href":"https:\/\/jvelektronika.cz\/index.php?rest_route=\/wp\/v2\/media\/3401"}],"wp:attachment":[{"href":"https:\/\/jvelektronika.cz\/index.php?rest_route=%2Fwp%2Fv2%2Fmedia&parent=3400"}],"curies":[{"name":"wp","href":"https:\/\/api.w.org\/{rel}","templated":true}]}}