{"id":3344,"date":"2021-11-21T12:16:59","date_gmt":"2021-11-21T11:16:59","guid":{"rendered":"https:\/\/jvelektronika.cz\/?page_id=3344"},"modified":"2021-12-08T17:33:25","modified_gmt":"2021-12-08T16:33:25","slug":"historicky-pc-386sx","status":"publish","type":"page","link":"https:\/\/jvelektronika.cz\/?page_id=3344","title":{"rendered":"HISTORICK\u00dd PC 386DX"},"content":{"rendered":"\n<p>FOTOGRAFIE ZE STAVBY BUDOU VLO\u017dEN\u00cd NEJPOZD\u011aJI DO \u0160T\u011aDR\u00c9HO DNE, PEVN\u011a V\u011a\u0158\u00cdM, \u017dE SE V\u0160EM BUDOU OB\u011a VIDEA L\u00cdBIT A \u017dE SE T\u0158EBA INSPIRUJETE KE STAVB\u011a VLASTN\u00cdHO HISTORICK\u00c9HO KOUSKU, KTER\u00dd SI U\u017dJITE.<\/p>\n\n\n\n<p><\/p>\n\n\n\n<p>DRUH\u00c1 \u010c\u00c1ST STAVBY PO\u010c\u00cdTA\u010cE S CPU 386DX 40MHz A SOU\u010cASN\u011a INSTALACE MS-DOS 6.22 A INSTALACE WINDOWS 3.11<\/p>\n\n\n\n<p><\/p>\n\n\n\n<figure class=\"wp-block-embed-youtube wp-block-embed is-type-video is-provider-youtube wp-embed-aspect-16-9 wp-has-aspect-ratio\"><div class=\"wp-block-embed__wrapper\">\n<div class=\"epyt-video-wrapper\"><iframe loading=\"lazy\"  style=\"display: block; margin: 0px auto;\"  id=\"_ytid_77961\"  width=\"640\" height=\"360\"  data-origwidth=\"640\" data-origheight=\"360\" src=\"https:\/\/www.youtube.com\/embed\/gDz13IHVgEc?enablejsapi=1&#038;autoplay=0&#038;cc_load_policy=0&#038;cc_lang_pref=&#038;iv_load_policy=1&#038;loop=0&#038;modestbranding=0&#038;rel=1&#038;fs=1&#038;playsinline=1&#038;autohide=2&#038;theme=dark&#038;color=red&#038;controls=1&#038;\" class=\"__youtube_prefs__  epyt-is-override  no-lazyload\" title=\"YouTube player\"  allow=\"accelerometer; autoplay; clipboard-write; encrypted-media; gyroscope; picture-in-picture\" allowfullscreen data-no-lazy=\"1\" data-skipgform_ajax_framebjll=\"\"><\/iframe><\/div>\n<\/div><\/figure>\n\n\n\n<p><\/p>\n\n\n\n<p>08. 12. 2021<\/p>\n\n\n\n<p><\/p>\n\n\n\n<p>PRVN\u00cd \u010c\u00c1ST STAVBY HISTORICK\u00c9HO PO\u010c\u00cdTA\u010cE S PROCESOREM 386DX 40MHz<\/p>\n\n\n\n<p><\/p>\n\n\n\n<figure class=\"wp-block-embed-youtube wp-block-embed is-type-video is-provider-youtube wp-embed-aspect-16-9 wp-has-aspect-ratio\"><div class=\"wp-block-embed__wrapper\">\n<div class=\"epyt-video-wrapper\"><iframe loading=\"lazy\"  style=\"display: block; margin: 0px auto;\"  id=\"_ytid_78350\"  width=\"640\" height=\"360\"  data-origwidth=\"640\" data-origheight=\"360\" src=\"https:\/\/www.youtube.com\/embed\/So1m1uyzpTU?enablejsapi=1&#038;autoplay=0&#038;cc_load_policy=0&#038;cc_lang_pref=&#038;iv_load_policy=1&#038;loop=0&#038;modestbranding=0&#038;rel=1&#038;fs=1&#038;playsinline=1&#038;autohide=2&#038;theme=dark&#038;color=red&#038;controls=1&#038;\" class=\"__youtube_prefs__  epyt-is-override  no-lazyload\" title=\"YouTube player\"  allow=\"accelerometer; autoplay; clipboard-write; encrypted-media; gyroscope; picture-in-picture\" allowfullscreen data-no-lazy=\"1\" data-skipgform_ajax_framebjll=\"\"><\/iframe><\/div>\n<\/div><\/figure>\n\n\n\n<p><\/p>\n\n\n\n<p style=\"text-align:center\">21. 11. 2021<\/p>\n","protected":false},"excerpt":{"rendered":"<p>FOTOGRAFIE ZE STAVBY BUDOU VLO\u017dEN\u00cd NEJPOZD\u011aJI DO \u0160T\u011aDR\u00c9HO DNE, PEVN\u011a V\u011a\u0158\u00cdM, \u017dE SE V\u0160EM BUDOU OB\u011a VIDEA L\u00cdBIT A \u017dE SE T\u0158EBA INSPIRUJETE KE STAVB\u011a VLASTN\u00cdHO HISTORICK\u00c9HO KOUSKU, KTER\u00dd SI U\u017dJITE. DRUH\u00c1 \u010c\u00c1ST STAVBY PO\u010c\u00cdTA\u010cE S CPU 386DX 40MHz A SOU\u010cASN\u011a INSTALACE MS-DOS 6.22 A INSTALACE WINDOWS 3.11 08. 12. [&hellip;]<\/p>\n","protected":false},"author":1,"featured_media":0,"parent":0,"menu_order":0,"comment_status":"closed","ping_status":"closed","template":"","meta":{"footnotes":""},"_links":{"self":[{"href":"https:\/\/jvelektronika.cz\/index.php?rest_route=\/wp\/v2\/pages\/3344"}],"collection":[{"href":"https:\/\/jvelektronika.cz\/index.php?rest_route=\/wp\/v2\/pages"}],"about":[{"href":"https:\/\/jvelektronika.cz\/index.php?rest_route=\/wp\/v2\/types\/page"}],"author":[{"embeddable":true,"href":"https:\/\/jvelektronika.cz\/index.php?rest_route=\/wp\/v2\/users\/1"}],"replies":[{"embeddable":true,"href":"https:\/\/jvelektronika.cz\/index.php?rest_route=%2Fwp%2Fv2%2Fcomments&post=3344"}],"version-history":[{"count":2,"href":"https:\/\/jvelektronika.cz\/index.php?rest_route=\/wp\/v2\/pages\/3344\/revisions"}],"predecessor-version":[{"id":3356,"href":"https:\/\/jvelektronika.cz\/index.php?rest_route=\/wp\/v2\/pages\/3344\/revisions\/3356"}],"wp:attachment":[{"href":"https:\/\/jvelektronika.cz\/index.php?rest_route=%2Fwp%2Fv2%2Fmedia&parent=3344"}],"curies":[{"name":"wp","href":"https:\/\/api.w.org\/{rel}","templated":true}]}}