{"id":327,"date":"2014-08-17T10:04:17","date_gmt":"2014-08-17T08:04:17","guid":{"rendered":"http:\/\/jvelektronika.cz\/?page_id=327"},"modified":"2015-02-10T20:13:47","modified_gmt":"2015-02-10T19:13:47","slug":"blikac-se-zarovkou","status":"publish","type":"page","link":"https:\/\/jvelektronika.cz\/?page_id=327","title":{"rendered":"Blika\u010d se \u017e\u00e1rovkou"},"content":{"rendered":"<div>\n<h1>Blika\u010d se \u017e\u00e1rovkou<\/h1>\n<\/div>\n<div>\n<div><ins>10.02.2012 19:05<\/ins><\/p>\n<h2><strong><span style=\"text-decoration: underline;\">Toto sch\u00e9ma nen\u00ed p\u0159evzat\u00e9 z jin\u00e9ho webu a nen\u00ed p\u0159ekop\u00edrovan\u00e9 z knihy apod.<\/span><\/strong><\/h2>\n<p>&nbsp;<\/p>\n<p>\u0160\u00cd\u0158EN\u00cd A KOP\u00cdROV\u00c1N\u00cd TOHOTO SCH\u00c9MATU JE ZAK\u00c1Z\u00c1NO!!!<\/p>\n<p>&nbsp;<\/p>\n<h3>Na konci str\u00e1nky si m\u016f\u017eete prohl\u00e9dnout video.<\/h3>\n<p>&nbsp;<\/p>\n<p>Douf\u00e1m, \u017ee nebude vadit zp\u016fsob jak\u00fdm je zde sch\u00e9ma vlo\u017eeno, ale je to proto aby bylo obt\u00ed\u017en\u011bj\u0161\u00ed \u0161\u00ed\u0159en\u00ed bez m\u00e9ho souhlasu.<\/p>\n<p>&nbsp;<\/p>\n<p>&nbsp;<\/p>\n<p>&nbsp;<\/p>\n<h3>Blika\u010d se \u017e\u00e1rovkou<\/h3>\n<p>&nbsp;<\/p>\n<p>Tranzistor T1 a T2 NPN BC 547<\/p>\n<p>Rezistory 2x 1K\u2126<\/p>\n<p>1x 120R<\/p>\n<p>Kondenz\u00e1tory C1 a C2 470uF<\/p>\n<p>\u017d\u00e1rovka 1x 3V<\/p>\n<p>Nap\u00e1jen\u00ed obvodu 4,5V<\/p>\n<p>&nbsp;<\/p>\n<p>&nbsp;<\/p>\n<p><em>Pozn\u00e1mka : Lze pou\u017e\u00edt i tranzistory typu PNP, ale pot\u00e9 je pot\u0159eba prohodit polaritu kondenz\u00e1tor\u016f a nap\u00e1jen\u00ed obvodu.<\/em><\/p>\n<p>&nbsp;<\/p>\n<p><a href=\"http:\/\/jvelektronika.cz\/wp-content\/uploads\/2015\/02\/\u017e.jpg\"><img decoding=\"async\" loading=\"lazy\" class=\"  wp-image-841 alignnone\" src=\"http:\/\/jvelektronika.cz\/wp-content\/uploads\/2015\/02\/\u017e.jpg\" alt=\"\u017e\" width=\"419\" height=\"314\" srcset=\"https:\/\/jvelektronika.cz\/wp-content\/uploads\/2015\/02\/\u017e.jpg 640w, https:\/\/jvelektronika.cz\/wp-content\/uploads\/2015\/02\/\u017e-300x225.jpg 300w\" sizes=\"(max-width: 419px) 100vw, 419px\" \/><\/a><\/p>\n<p>&nbsp;<\/p>\n<p>&nbsp;<\/p>\n<p>&nbsp;<\/p>\n<p><a href=\"http:\/\/jvelektronika.cz\/wp-content\/uploads\/2015\/02\/blika\u010d-se-\u017e\u00e1rovkou-001-1.jpg\"><img decoding=\"async\" loading=\"lazy\" class=\"  wp-image-842 alignnone\" src=\"http:\/\/jvelektronika.cz\/wp-content\/uploads\/2015\/02\/blika\u010d-se-\u017e\u00e1rovkou-001-1.jpg\" alt=\"blika\u010d se \u017e\u00e1rovkou 001 (1)\" width=\"913\" height=\"1255\" srcset=\"https:\/\/jvelektronika.cz\/wp-content\/uploads\/2015\/02\/blika\u010d-se-\u017e\u00e1rovkou-001-1.jpg 1700w, https:\/\/jvelektronika.cz\/wp-content\/uploads\/2015\/02\/blika\u010d-se-\u017e\u00e1rovkou-001-1-218x300.jpg 218w, https:\/\/jvelektronika.cz\/wp-content\/uploads\/2015\/02\/blika\u010d-se-\u017e\u00e1rovkou-001-1-744x1024.jpg 744w\" sizes=\"(max-width: 913px) 100vw, 913px\" \/><\/a><\/p>\n<p>&nbsp;<\/p>\n<p>&nbsp;<\/p>\n<p>&nbsp;<\/p>\n<p>&nbsp;<\/p>\n<p>&nbsp;<\/p>\n<p>&nbsp;<\/p>\n<p>&nbsp;<\/p>\n<p>Za p\u0159\u00edpadn\u00e9 \u0161kody na majetku, nebo ujm\u011b na zdrav\u00ed nenesu \u017e\u00e1dnou odpov\u011bdnost!!!<\/p>\n<p>&nbsp;<\/p>\n<div class=\"epyt-video-wrapper\"><iframe loading=\"lazy\"  style=\"display: block; margin: 0px auto;\"  id=\"_ytid_60179\"  width=\"640\" height=\"480\"  data-origwidth=\"640\" data-origheight=\"480\" src=\"https:\/\/www.youtube.com\/embed\/KFsPj9RoIM8?enablejsapi=1&#038;autoplay=0&#038;cc_load_policy=0&#038;cc_lang_pref=&#038;iv_load_policy=1&#038;loop=0&#038;modestbranding=0&#038;rel=1&#038;fs=1&#038;playsinline=1&#038;autohide=2&#038;theme=dark&#038;color=red&#038;controls=1&#038;\" class=\"__youtube_prefs__  epyt-is-override  no-lazyload\" title=\"YouTube player\"  allow=\"accelerometer; autoplay; clipboard-write; encrypted-media; gyroscope; picture-in-picture\" allowfullscreen data-no-lazy=\"1\" data-skipgform_ajax_framebjll=\"\"><\/iframe><\/div>\n<\/div>\n<\/div>\n<p>&nbsp;<\/p>\n","protected":false},"excerpt":{"rendered":"<p>Blika\u010d se \u017e\u00e1rovkou 10.02.2012 19:05 Toto sch\u00e9ma nen\u00ed p\u0159evzat\u00e9 z jin\u00e9ho webu a nen\u00ed p\u0159ekop\u00edrovan\u00e9 z knihy apod. &nbsp; \u0160\u00cd\u0158EN\u00cd A KOP\u00cdROV\u00c1N\u00cd TOHOTO SCH\u00c9MATU JE ZAK\u00c1Z\u00c1NO!!! &nbsp; Na konci str\u00e1nky si m\u016f\u017eete prohl\u00e9dnout video. &nbsp; Douf\u00e1m, \u017ee nebude vadit zp\u016fsob jak\u00fdm je zde sch\u00e9ma vlo\u017eeno, ale je to proto aby [&hellip;]<\/p>\n","protected":false},"author":1,"featured_media":0,"parent":254,"menu_order":0,"comment_status":"closed","ping_status":"open","template":"","meta":{"footnotes":""},"_links":{"self":[{"href":"https:\/\/jvelektronika.cz\/index.php?rest_route=\/wp\/v2\/pages\/327"}],"collection":[{"href":"https:\/\/jvelektronika.cz\/index.php?rest_route=\/wp\/v2\/pages"}],"about":[{"href":"https:\/\/jvelektronika.cz\/index.php?rest_route=\/wp\/v2\/types\/page"}],"author":[{"embeddable":true,"href":"https:\/\/jvelektronika.cz\/index.php?rest_route=\/wp\/v2\/users\/1"}],"replies":[{"embeddable":true,"href":"https:\/\/jvelektronika.cz\/index.php?rest_route=%2Fwp%2Fv2%2Fcomments&post=327"}],"version-history":[{"count":3,"href":"https:\/\/jvelektronika.cz\/index.php?rest_route=\/wp\/v2\/pages\/327\/revisions"}],"predecessor-version":[{"id":859,"href":"https:\/\/jvelektronika.cz\/index.php?rest_route=\/wp\/v2\/pages\/327\/revisions\/859"}],"up":[{"embeddable":true,"href":"https:\/\/jvelektronika.cz\/index.php?rest_route=\/wp\/v2\/pages\/254"}],"wp:attachment":[{"href":"https:\/\/jvelektronika.cz\/index.php?rest_route=%2Fwp%2Fv2%2Fmedia&parent=327"}],"curies":[{"name":"wp","href":"https:\/\/api.w.org\/{rel}","templated":true}]}}