{"id":32,"date":"2014-08-16T18:06:47","date_gmt":"2014-08-16T16:06:47","guid":{"rendered":"http:\/\/jvelektronika.cz\/?page_id=32"},"modified":"2026-04-17T19:33:49","modified_gmt":"2026-04-17T17:33:49","slug":"vitejte","status":"publish","type":"page","link":"https:\/\/jvelektronika.cz\/","title":{"rendered":"V\u00edtejte na webu jvelektronika.cz &#8211; ELEKTROTECHNIKA, PROJEKTY, IT"},"content":{"rendered":"<p style=\"text-align: center;\"><span style=\"color: #4c8fe5;\">V\u00edtejte na str\u00e1nk\u00e1ch JVELEKTRONIKA.<\/span><\/p>\n<p style=\"text-align: center;\">Na webu jvelektronika jsou elektrosch\u00e9mata, technologick\u00e9 projekty v\u010d. v\u00fdrobn\u00edch soubor\u016f ke sta\u017een\u00ed, videa k projekt\u016fm, IT a historick\u00e9 po\u010d\u00edta\u010de.<\/p>\n<p style=\"text-align: center;\"><span style=\"color: #3366ff;\">Z HISTORIE WEBU JVELEKTRONIKA:<\/span> Web<span style=\"color: #0000ff;\"> jvelektronika<\/span> b\u011b\u017eel pod jin\u00fdm jm\u00e9nem na swebu ji\u017e od roku <span style=\"color: #339966;\">2006<\/span>\u00a0tj. v dob\u011b, kdy jsme se u\u010dily na Z\u0160 v hodin\u00e1ch IT ps\u00e1t HTML k\u00f3d. Pozd\u011bji web fungoval na estranky.cz, d\u00e1le n\u011bkolik let b\u011b\u017eel na webnode.cz a zde ji\u017e byl web pojmenov\u00e1n <span style=\"color: #0000ff;\">jvelektronika<\/span>, tento n\u00e1zev p\u0159etrval a je odvozen od m\u00e9ho jm\u00e9na.<\/p>\n<p style=\"text-align: center;\">Od roku <span style=\"color: #339966;\">2013<\/span> funguje web <span style=\"color: #0000ff;\">jvelektronika.cz<\/span> na vlastn\u00ed dom\u00e9n\u011b a webhostingu, web se d\u00e1le vylep\u0161uje a za dobu sv\u00e9 existence pro\u0161el n\u011bkolikr\u00e1t v\u00fdraznou grafickou prom\u011bnou a\u017e do sou\u010dasn\u00e9 podoby.<\/p>\n<p style=\"text-align: center;\">Po registraci je mo\u017enost komentovat n\u011bkter\u00e9 \u010dl\u00e1nky.<\/p>\n<p style=\"text-align: center;\"><span style=\"color: #3366ff;\">Jako prvn\u00ed v \u010cR a SR jsem zalo\u017eil na <span style=\"color: #ff0000;\">GOOGLE+<\/span><span style=\"color: #ff9900;\"><strong> ( SPOLE\u010cNOST GOOGLE\u00a002. 04. 2019 UKON\u010cILA PROVOZ <\/strong><span style=\"color: #ff0000;\">G+<\/span><strong> ) <\/strong><\/span>skupinu pod n\u00e1zvem: Elektrotechnika, BASTLEN\u00cd a IT.<\/span> Postupem \u010dasu se stala <span style=\"color: #3366ff;\">nejv\u011bt\u0161\u00ed komunitou v \u010cR a SR<\/span>, kter\u00e1 se zab\u00fdvala elektrotechnikou, bastlen\u00edm atp. Bohu\u017eel, jako cel\u00e1 soci\u00e1ln\u00ed s\u00ed\u0165 a komunita se roz\u0161t\u011bpila na r\u016fzn\u00e9 soci\u00e1ln\u00ed s\u00edt\u011b. J\u00e1 vytvo\u0159il skupinu na <strong><span style=\"color: #0000ff;\">Me<\/span><span style=\"color: #20a8c9;\">We<\/span><\/strong><span style=\"color: #20a8c9;\">, <\/span><strong><span style=\"color: #333399;\">Facebooku <\/span><\/strong><span style=\"color: #333399;\"><span style=\"color: #000000;\">a na<\/span><\/span><span style=\"color: #b827d9;\"><strong> DISCORD<\/strong><\/span>, tyto skupiny se V\u00e1m zobraz\u00ed po kliknut\u00ed na ikonu soci\u00e1ln\u00ed s\u00edt\u011b na prav\u00e9 stran\u011b webu.<\/p>\n<p style=\"text-align: center;\"><span style=\"color: #3366ff;\">Pozv\u00e1nka pro v\u0161echny z\u00e1jemce na DISCORD:<\/span><\/p>\n<p style=\"text-align: center;\"><a href=\"https:\/\/discord.gg\/GJSEdNT\"><span style=\"color: #0000ff;\">https:\/\/discord.gg\/GJSEdNT<\/span><\/a><\/p>\n<p style=\"text-align: center;\">EMAIL pro dotazy a p\u0159ipom\u00ednky: <span style=\"color: #00ccff;\"><strong>jvelektronika@tiscali.cz<\/strong><\/span><\/p>\n<p style=\"text-align: center;\"><span style=\"color: #ff6600;\">Nov\u00e9 \u010dl\u00e1nky: <span style=\"color: #000000;\">Inteligentn\u00ed elektrom\u011bry Panasonic, n<\/span><\/span>ov\u00fd plazmonov\u00fd \u010dip pro ultra rychl\u00fd p\u0159enos dat sv\u011btlem.<\/p>\n<p style=\"text-align: center;\"><span style=\"color: #00ff00;\"><strong>NOV\u00c9 VIDEO:<\/strong><\/span> <span style=\"color: #00ccff;\">Maker Faire PRAHA 2025-PREZENTACE HISTORICK\u00ddCH PO\u010c\u00cdTA\u010c\u016e<\/span><\/p>\n<p style=\"text-align: center;\"><span style=\"color: #00ccff;\"><span style=\"color: #00ff00;\"><strong>NOV\u00c9 VIDEO<\/strong>:<\/span>\u00a0<span style=\"color: #00ccff;\">MATTER ESP32-led lampa a kamera stream<\/span><\/span><\/p>\n<p style=\"text-align: center;\"><strong><span style=\"color: #00ff00;\">NOV\u00dd \u010cL\u00c1NEK:<\/span><\/strong> <span style=\"color: #17aec2;\">Laser engraving machine, projekt CrystalTouch a DALI Nova Link 16, detektor elektricky nabit\u00fdch \u010d\u00e1stic. RTL-SDR v\u00fdroba ant\u00e9ny a prvn\u00ed testy<\/span><\/p>\n<p style=\"text-align: center;\"><span style=\"color: #00ccff;\"><span style=\"color: #ff0000;\">\u00a0<\/span><\/span><\/p>\n\n\n<figure class=\"wp-block-embed is-type-video is-provider-youtube wp-block-embed-youtube wp-embed-aspect-16-9 wp-has-aspect-ratio\"><div class=\"wp-block-embed__wrapper\">\n<div class=\"epyt-video-wrapper\"><iframe loading=\"lazy\"  style=\"display: block; margin: 0px auto;\"  id=\"_ytid_47522\"  width=\"640\" height=\"360\"  data-origwidth=\"640\" data-origheight=\"360\" src=\"https:\/\/www.youtube.com\/embed\/QMzGXupgkHw?enablejsapi=1&#038;autoplay=0&#038;cc_load_policy=0&#038;cc_lang_pref=&#038;iv_load_policy=1&#038;loop=0&#038;modestbranding=0&#038;rel=1&#038;fs=1&#038;playsinline=1&#038;autohide=2&#038;theme=dark&#038;color=red&#038;controls=1&#038;\" class=\"__youtube_prefs__  epyt-is-override  no-lazyload\" title=\"YouTube player\"  allow=\"accelerometer; autoplay; clipboard-write; encrypted-media; gyroscope; picture-in-picture\" allowfullscreen data-no-lazy=\"1\" data-skipgform_ajax_framebjll=\"\"><\/iframe><\/div>\n<\/div><\/figure>\n\n\n\n<p class=\"has-text-align-center\"><\/p>\n\n\n\n<p><\/p>\n\n\n\n<p><\/p>\n\n\n\n<p><\/p>\n\n\n\n<p><\/p>\n\n\n\n<p class=\"has-text-align-center\"><strong>Posledn\u00ed aktualizace: 17. 4. 2026<\/strong><\/p>\n","protected":false},"excerpt":{"rendered":"<p>V\u00edtejte na str\u00e1nk\u00e1ch JVELEKTRONIKA. Na webu jvelektronika jsou elektrosch\u00e9mata, technologick\u00e9 projekty v\u010d. v\u00fdrobn\u00edch soubor\u016f ke sta\u017een\u00ed, videa k projekt\u016fm, IT a historick\u00e9 po\u010d\u00edta\u010de. Z HISTORIE WEBU JVELEKTRONIKA: Web jvelektronika b\u011b\u017eel pod jin\u00fdm jm\u00e9nem na swebu ji\u017e od roku 2006\u00a0tj. v dob\u011b, kdy jsme se u\u010dily na Z\u0160 v hodin\u00e1ch IT [&hellip;]<\/p>\n","protected":false},"author":1,"featured_media":0,"parent":0,"menu_order":0,"comment_status":"open","ping_status":"open","template":"","meta":{"footnotes":""},"_links":{"self":[{"href":"https:\/\/jvelektronika.cz\/index.php?rest_route=\/wp\/v2\/pages\/32"}],"collection":[{"href":"https:\/\/jvelektronika.cz\/index.php?rest_route=\/wp\/v2\/pages"}],"about":[{"href":"https:\/\/jvelektronika.cz\/index.php?rest_route=\/wp\/v2\/types\/page"}],"author":[{"embeddable":true,"href":"https:\/\/jvelektronika.cz\/index.php?rest_route=\/wp\/v2\/users\/1"}],"replies":[{"embeddable":true,"href":"https:\/\/jvelektronika.cz\/index.php?rest_route=%2Fwp%2Fv2%2Fcomments&post=32"}],"version-history":[{"count":1240,"href":"https:\/\/jvelektronika.cz\/index.php?rest_route=\/wp\/v2\/pages\/32\/revisions"}],"predecessor-version":[{"id":4580,"href":"https:\/\/jvelektronika.cz\/index.php?rest_route=\/wp\/v2\/pages\/32\/revisions\/4580"}],"wp:attachment":[{"href":"https:\/\/jvelektronika.cz\/index.php?rest_route=%2Fwp%2Fv2%2Fmedia&parent=32"}],"curies":[{"name":"wp","href":"https:\/\/api.w.org\/{rel}","templated":true}]}}