{"id":315,"date":"2014-08-17T09:51:46","date_gmt":"2014-08-17T07:51:46","guid":{"rendered":"http:\/\/jvelektronika.cz\/?page_id=315"},"modified":"2021-04-24T10:20:27","modified_gmt":"2021-04-24T08:20:27","slug":"blikac-se-tremi-led","status":"publish","type":"page","link":"https:\/\/jvelektronika.cz\/?page_id=315","title":{"rendered":"Blika\u010d se t\u0159emi led"},"content":{"rendered":"<div>\n<h1>Blika\u010d se t\u0159emi led<\/h1>\n<\/div>\n<div><ins>13.03.2012 19:40<\/ins>Toto sch\u00e9ma nen\u00ed p\u0159evzat\u00e9 z jin\u00e9ho webu.Dal\u0161\u00ed \u0161\u00ed\u0159en\u00ed tohoto sch\u00e9matu je zak\u00e1z\u00e1no!!!\n<div>\u00a0<\/div>\n<h3>\u00a0<\/h3>\n<h3>Blika\u010d se t\u0159emi led<\/h3>\n<p>\u00a0<\/p>\n<p><em><strong>POZOR &#8211; 3 led diody je maximum, lze tak\u00e9 pou\u017e\u00edt pouze 2 led diody.<\/strong><\/em><\/p>\n<p>\u00a0<\/p>\n<p>Pomoc\u00ed trimru se nastavuje rychlost blik\u00e1n\u00ed<\/p>\n<p>V\u0161echny 3 led diody blikaj\u00ed sou\u010dasn\u011b.<\/p>\n<p>\u00a0<\/p>\n<p>Za p\u0159\u00edpadn\u00e9 \u0161kody na majetku, nebo ujm\u011b na zdrav\u00ed nenesu \u017e\u00e1dnou odpov\u011bdnost!<\/p>\n<\/div>\n<p>\u00a0<\/p>\n<p>\u00a0<\/p>\n\n\n<figure class=\"wp-block-image\"><img decoding=\"async\" loading=\"lazy\" width=\"744\" height=\"1024\" src=\"https:\/\/jvelektronika.cz\/wp-content\/uploads\/2015\/02\/blika\u010d-001-744x1024.jpg\" alt=\"\" class=\"wp-image-668\" srcset=\"https:\/\/jvelektronika.cz\/wp-content\/uploads\/2015\/02\/blika\u010d-001-744x1024.jpg 744w, https:\/\/jvelektronika.cz\/wp-content\/uploads\/2015\/02\/blika\u010d-001-218x300.jpg 218w, https:\/\/jvelektronika.cz\/wp-content\/uploads\/2015\/02\/blika\u010d-001.jpg 1200w\" sizes=\"(max-width: 744px) 100vw, 744px\" \/><\/figure>\n","protected":false},"excerpt":{"rendered":"<p>Blika\u010d se t\u0159emi led 13.03.2012 19:40Toto sch\u00e9ma nen\u00ed p\u0159evzat\u00e9 z jin\u00e9ho webu.Dal\u0161\u00ed \u0161\u00ed\u0159en\u00ed tohoto sch\u00e9matu je zak\u00e1z\u00e1no!!! \u00a0 \u00a0 Blika\u010d se t\u0159emi led \u00a0 POZOR &#8211; 3 led diody je maximum, lze tak\u00e9 pou\u017e\u00edt pouze 2 led diody. \u00a0 Pomoc\u00ed trimru se nastavuje rychlost blik\u00e1n\u00ed V\u0161echny 3 led diody blikaj\u00ed [&hellip;]<\/p>\n","protected":false},"author":1,"featured_media":0,"parent":254,"menu_order":0,"comment_status":"closed","ping_status":"open","template":"","meta":{"footnotes":""},"_links":{"self":[{"href":"https:\/\/jvelektronika.cz\/index.php?rest_route=\/wp\/v2\/pages\/315"}],"collection":[{"href":"https:\/\/jvelektronika.cz\/index.php?rest_route=\/wp\/v2\/pages"}],"about":[{"href":"https:\/\/jvelektronika.cz\/index.php?rest_route=\/wp\/v2\/types\/page"}],"author":[{"embeddable":true,"href":"https:\/\/jvelektronika.cz\/index.php?rest_route=\/wp\/v2\/users\/1"}],"replies":[{"embeddable":true,"href":"https:\/\/jvelektronika.cz\/index.php?rest_route=%2Fwp%2Fv2%2Fcomments&post=315"}],"version-history":[{"count":3,"href":"https:\/\/jvelektronika.cz\/index.php?rest_route=\/wp\/v2\/pages\/315\/revisions"}],"predecessor-version":[{"id":3198,"href":"https:\/\/jvelektronika.cz\/index.php?rest_route=\/wp\/v2\/pages\/315\/revisions\/3198"}],"up":[{"embeddable":true,"href":"https:\/\/jvelektronika.cz\/index.php?rest_route=\/wp\/v2\/pages\/254"}],"wp:attachment":[{"href":"https:\/\/jvelektronika.cz\/index.php?rest_route=%2Fwp%2Fv2%2Fmedia&parent=315"}],"curies":[{"name":"wp","href":"https:\/\/api.w.org\/{rel}","templated":true}]}}