{"id":311,"date":"2014-08-17T09:47:58","date_gmt":"2014-08-17T07:47:58","guid":{"rendered":"http:\/\/jvelektronika.cz\/?page_id=311"},"modified":"2021-04-24T10:33:22","modified_gmt":"2021-04-24T08:33:22","slug":"logicka-sonda","status":"publish","type":"page","link":"https:\/\/jvelektronika.cz\/?page_id=311","title":{"rendered":"Logick\u00e1 sonda"},"content":{"rendered":"<div>\n<h1>Logick\u00e1 sonda<\/h1>\n<\/div>\n<div><ins>14.04.2012 16:15<\/ins>\n<p>\u00a0<\/p>\n<h1>Sch\u00e9ma nen\u00ed p\u0159evz\u00e1te z jin\u00e9ho webu apod.<\/h1>\n<p>\u0160\u00ed\u0159en\u00ed bez m\u00e9ho souhlasu je zak\u00e1z\u00e1no!!!<\/p>\n<p>\u00a0<\/p>\n<p>! POZOR !<\/p>\n<p>Prvn\u00ed sch\u00e9ma kreslen\u00e9 v programu na m\u00e9m webu.<\/p>\n<h3>\u00a0<\/h3>\n<h3>Logick\u00e1 sonda<\/h3>\n<p>\u00a0<\/p>\n<p>P\u016fvodn\u011b jsem m\u011bl\u00a0 v pl\u00e1nu vlo\u017eit LOGICKOU SONDU\u00a0 se dv\u011bma led, ale dle m\u00e9ho n\u00e1zoru je tak to proveden\u00e1 LOGICK\u00c1 SONDA zaj\u00edmav\u00e1.<\/p>\n<p>\u00a0<\/p>\n<p>Reproduktor vyd\u00e1v\u00e1 opakovac\u00ed\u00a0 rychlou, nebo pomalou frekvenci zvuk\u016f.<\/p>\n<p>Rezistor 100K a kondenz\u00e1tor ur\u010duje rychlost vyd\u00e1van\u00e9ho t\u00f3nu.<\/p>\n<p>Rychl\u00e9 opakov\u00e1n\u00ed t\u00f3nu zna\u010d\u00ed z\u00e1porn\u00e9 nap\u011bt\u00ed.<\/p>\n<p>Hrot ( sonda ) se pou\u017eije m\u011bd\u011bn\u00fd dr\u00e1t a jeden konec se nabrous\u00ed do \u0161pi\u010dky.<\/p>\n<p>U kondenz\u00e1toru se plus nach\u00e1z\u00ed na v\u00fdvodu\u00a0 k b\u00e1zi tranzistoru T2.<\/p>\n<p>\u00a0<\/p>\n<p>N\u00e1pisu u reproduktoru si nev\u0161\u00edmejte. Pou\u017eijte oby\u010dejn\u00fd mal\u00fd reproduktor.<\/p>\n<p>\u00a0<\/p>\n<p>To to je prvn\u00ed sch\u00e9ma kreslen\u00e9 v programu co jsem vlo\u017eil na web. Sch\u00e9ma je nakresleno co nejjednodu\u0161eji, douf\u00e1m, \u017ee to nebude vadit.<\/p>\n<p>Za p\u0159\u00edpadn\u00e9 \u0161kody na majetku, nebo ujm\u011b na zdrav\u00ed nenesu \u017e\u00e1dnou odpov\u011bdnost!<\/p>\n<\/div>\n<p>\u00a0<\/p>\n\n\n<figure class=\"wp-block-image\"><img decoding=\"async\" loading=\"lazy\" width=\"608\" height=\"456\" src=\"https:\/\/jvelektronika.cz\/wp-content\/uploads\/2015\/02\/logick\u00e1-sonda2.png\" alt=\"\" class=\"wp-image-759\" srcset=\"https:\/\/jvelektronika.cz\/wp-content\/uploads\/2015\/02\/logick\u00e1-sonda2.png 608w, https:\/\/jvelektronika.cz\/wp-content\/uploads\/2015\/02\/logick\u00e1-sonda2-300x225.png 300w\" sizes=\"(max-width: 608px) 100vw, 608px\" \/><\/figure>\n","protected":false},"excerpt":{"rendered":"<p>Logick\u00e1 sonda 14.04.2012 16:15 \u00a0 Sch\u00e9ma nen\u00ed p\u0159evz\u00e1te z jin\u00e9ho webu apod. \u0160\u00ed\u0159en\u00ed bez m\u00e9ho souhlasu je zak\u00e1z\u00e1no!!! \u00a0 ! POZOR ! Prvn\u00ed sch\u00e9ma kreslen\u00e9 v programu na m\u00e9m webu. \u00a0 Logick\u00e1 sonda \u00a0 P\u016fvodn\u011b jsem m\u011bl\u00a0 v pl\u00e1nu vlo\u017eit LOGICKOU SONDU\u00a0 se dv\u011bma led, ale dle m\u00e9ho n\u00e1zoru je [&hellip;]<\/p>\n","protected":false},"author":1,"featured_media":0,"parent":254,"menu_order":0,"comment_status":"closed","ping_status":"open","template":"","meta":{"footnotes":""},"_links":{"self":[{"href":"https:\/\/jvelektronika.cz\/index.php?rest_route=\/wp\/v2\/pages\/311"}],"collection":[{"href":"https:\/\/jvelektronika.cz\/index.php?rest_route=\/wp\/v2\/pages"}],"about":[{"href":"https:\/\/jvelektronika.cz\/index.php?rest_route=\/wp\/v2\/types\/page"}],"author":[{"embeddable":true,"href":"https:\/\/jvelektronika.cz\/index.php?rest_route=\/wp\/v2\/users\/1"}],"replies":[{"embeddable":true,"href":"https:\/\/jvelektronika.cz\/index.php?rest_route=%2Fwp%2Fv2%2Fcomments&post=311"}],"version-history":[{"count":2,"href":"https:\/\/jvelektronika.cz\/index.php?rest_route=\/wp\/v2\/pages\/311\/revisions"}],"predecessor-version":[{"id":3201,"href":"https:\/\/jvelektronika.cz\/index.php?rest_route=\/wp\/v2\/pages\/311\/revisions\/3201"}],"up":[{"embeddable":true,"href":"https:\/\/jvelektronika.cz\/index.php?rest_route=\/wp\/v2\/pages\/254"}],"wp:attachment":[{"href":"https:\/\/jvelektronika.cz\/index.php?rest_route=%2Fwp%2Fv2%2Fmedia&parent=311"}],"curies":[{"name":"wp","href":"https:\/\/api.w.org\/{rel}","templated":true}]}}