{"id":3092,"date":"2021-01-29T23:42:00","date_gmt":"2021-01-29T22:42:00","guid":{"rendered":"https:\/\/jvelektronika.cz\/?page_id=3092"},"modified":"2021-01-29T23:48:03","modified_gmt":"2021-01-29T22:48:03","slug":"windows-phone-8-auktualizace-na-windows-mobile-10-v-lednu-2021","status":"publish","type":"page","link":"https:\/\/jvelektronika.cz\/?page_id=3092","title":{"rendered":"Windows Phone 8 auktualizace na Windows Mobile 10 v Lednu 2021"},"content":{"rendered":"\n<p><\/p>\n\n\n\n<p> Windows Phone 8 Updates to Windows Mobile 10 in January 2021<\/p>\n\n\n\n<p><\/p>\n\n\n\n<p>Jak jist\u011b v\u0161ichni v\u00edte, tak v Lednu 2020 byla ukon\u010dena podpora pro v\u0161echny telefony s Windows Mobile 10, nefunguje v\u011bt\u0161ina aplikac\u00ed a nelze vyu\u017e\u00edvat ani aplikace banky, tento \u010dl\u00e1nek je sp\u00ed\u0161e pro ty, co vlastn\u00ed n\u011bjakou Lumii a cht\u011bj\u00ed si ji ponechat t\u0159eba jako sb\u011bratelsk\u00fd kousek.<\/p>\n\n\n\n<p>Zde je tedy jednoduch\u00fd postup, jak aktualizovat WP8 na WM10.<\/p>\n\n\n\n<p><\/p>\n\n\n\n<figure class=\"wp-block-image\"><img decoding=\"async\" loading=\"lazy\" width=\"1024\" height=\"768\" src=\"https:\/\/jvelektronika.cz\/wp-content\/uploads\/2021\/01\/webjv-1024x768.jpg\" alt=\"\" class=\"wp-image-3095\" srcset=\"https:\/\/jvelektronika.cz\/wp-content\/uploads\/2021\/01\/webjv-1024x768.jpg 1024w, https:\/\/jvelektronika.cz\/wp-content\/uploads\/2021\/01\/webjv-300x225.jpg 300w, https:\/\/jvelektronika.cz\/wp-content\/uploads\/2021\/01\/webjv-768x576.jpg 768w\" sizes=\"(max-width: 1024px) 100vw, 1024px\" \/><\/figure>\n\n\n\n<figure class=\"wp-block-image\"><img decoding=\"async\" loading=\"lazy\" width=\"1024\" height=\"768\" src=\"https:\/\/jvelektronika.cz\/wp-content\/uploads\/2021\/01\/IMG_20210129_191751-1-1024x768.jpg\" alt=\"\" class=\"wp-image-3096\" srcset=\"https:\/\/jvelektronika.cz\/wp-content\/uploads\/2021\/01\/IMG_20210129_191751-1-1024x768.jpg 1024w, https:\/\/jvelektronika.cz\/wp-content\/uploads\/2021\/01\/IMG_20210129_191751-1-300x225.jpg 300w, https:\/\/jvelektronika.cz\/wp-content\/uploads\/2021\/01\/IMG_20210129_191751-1-768x576.jpg 768w\" sizes=\"(max-width: 1024px) 100vw, 1024px\" \/><\/figure>\n\n\n\n<figure class=\"wp-block-image\"><img decoding=\"async\" loading=\"lazy\" width=\"1024\" height=\"768\" src=\"https:\/\/jvelektronika.cz\/wp-content\/uploads\/2021\/01\/IMG_20210129_191808-1-1024x768.jpg\" alt=\"\" class=\"wp-image-3097\" srcset=\"https:\/\/jvelektronika.cz\/wp-content\/uploads\/2021\/01\/IMG_20210129_191808-1-1024x768.jpg 1024w, https:\/\/jvelektronika.cz\/wp-content\/uploads\/2021\/01\/IMG_20210129_191808-1-300x225.jpg 300w, https:\/\/jvelektronika.cz\/wp-content\/uploads\/2021\/01\/IMG_20210129_191808-1-768x576.jpg 768w\" sizes=\"(max-width: 1024px) 100vw, 1024px\" \/><\/figure>\n\n\n\n<p><\/p>\n\n\n\n<p>a)  <\/p>\n\n\n\n<p>Verze opera\u010dn\u00edho syst\u00e9mu va\u0161eho telefonu mus\u00ed b\u00fdt alespo\u0148 8.10.14219.341.&nbsp;Pokud je star\u0161\u00ed ne\u017e 8.10.14219.341, p\u0159ed pou\u017eit\u00edm bal\u00ed\u010dku jej aktualizujte.&nbsp;V\u011bt\u0161ina telefon\u016f by m\u011bla b\u00fdt schopna vyhled\u00e1vat aktualizace. <\/p>\n\n\n\n<p>b) <\/p>\n\n\n\n<p> Mus\u00edte m\u00edt WDRT a vy\u017eadovat nainstalovan\u00e9 v\u0161echny redistribuovateln\u00e9 runtime Microsoft Visual C ++, jinak nebude fungovat podle o\u010dek\u00e1v\u00e1n\u00ed.&nbsp;V\u0161echny redistribuovateln\u00e9 runtime Visual C ++ si m\u016f\u017eete st\u00e1hnout zde:<br><a rel=\"noreferrer noopener\" href=\"https:\/\/www.techpowerup.com\/download\/visual-c-redistributable-runtime-package-all-in-one\/\" target=\"_blank\">https:\/\/www.techpowerup.com\/download\/visual-c-redistributable-runtime-package-all-in-one\/<\/a><\/p>\n\n\n\n<p>c)<\/p>\n\n\n\n<p>St\u00e1hn\u011bte software z XDA.<\/p>\n\n\n\n<p> Rozbalte bal\u00ed\u010dek a otev\u0159ete soubor \u201erun_en.cmd\u201c (U\u017eivatel\u00e9 zjednodu\u0161en\u00e9 \u010d\u00edn\u0161tiny mohou m\u00edsto toho spustit soubor \u201erun_cn.cmd\u201c). <\/p>\n\n\n\n<p>d)<\/p>\n\n\n\n<p> Postupujte podle pokyn\u016f aplikace.<\/p>\n\n\n\n<p>e)<\/p>\n\n\n\n<p> Zobraz\u00ed se okno \u201eZa\u0159\u00edzen\u00ed a tisk\u00e1rny\u201c.&nbsp;Odpojte (je-li p\u0159ipojen) a vyjm\u011bte z n\u011bj telefon. <\/p>\n\n\n\n<p>f)<\/p>\n\n\n\n<p>A\u017e se zobraz\u00ed verze telefonu napi\u0161te p\u0159\u00edkaz: yes<\/p>\n\n\n\n<p>g)<\/p>\n\n\n\n<p>Telefon odpojte a\u017e v\u00e1m nab\u011bhne nov\u00fd syst\u00e9m a odzkou\u0161\u00edte, \u017ee funguje.<\/p>\n\n\n\n<p><\/p>\n\n\n\n<p>Cel\u00fd postup na XDA v\u010d. odkaz\u016f pro sta\u017een\u00ed pot\u0159ebn\u00fdch soubor\u016f:<\/p>\n\n\n\n<p><a href=\"https:\/\/forum.xda-developers.com\/t\/guide-win10-mobile-semi-offline-update-project-10586-107-updated-v5-3-beta6.3527340\/\">ZDE<\/a><\/p>\n\n\n\n<p><\/p>\n\n\n\n<figure class=\"wp-block-embed-youtube wp-block-embed is-type-video is-provider-youtube wp-embed-aspect-16-9 wp-has-aspect-ratio\"><div class=\"wp-block-embed__wrapper\">\n<div class=\"epyt-video-wrapper\"><iframe loading=\"lazy\"  style=\"display: block; margin: 0px auto;\"  id=\"_ytid_86705\"  width=\"640\" height=\"360\"  data-origwidth=\"640\" data-origheight=\"360\" src=\"https:\/\/www.youtube.com\/embed\/fhg48_NsVuQ?enablejsapi=1&#038;autoplay=0&#038;cc_load_policy=0&#038;cc_lang_pref=&#038;iv_load_policy=1&#038;loop=0&#038;modestbranding=0&#038;rel=1&#038;fs=1&#038;playsinline=1&#038;autohide=2&#038;theme=dark&#038;color=red&#038;controls=1&#038;\" class=\"__youtube_prefs__  epyt-is-override  no-lazyload\" title=\"YouTube player\"  allow=\"accelerometer; autoplay; clipboard-write; encrypted-media; gyroscope; picture-in-picture\" allowfullscreen data-no-lazy=\"1\" data-skipgform_ajax_framebjll=\"\"><\/iframe><\/div>\n<\/div><\/figure>\n\n\n\n<p><\/p>\n\n\n\n<p>\n\nPostup je na vlastn\u00ed riziko a nenesu \u017e\u00e1dnou odpov\u011bdnost za p\u0159\u00edpadn\u00e9 \u0161kody na majetku \u010di ujm\u011b na zdrav\u00edm.\n\n<\/p>\n\n\n\n<p>\u010cl\u00e1nek publikov\u00e1n 29. 1. 2021<\/p>\n","protected":false},"excerpt":{"rendered":"<p>Windows Phone 8 Updates to Windows Mobile 10 in January 2021 Jak jist\u011b v\u0161ichni v\u00edte, tak v Lednu 2020 byla ukon\u010dena podpora pro v\u0161echny telefony s Windows Mobile 10, nefunguje v\u011bt\u0161ina aplikac\u00ed a nelze vyu\u017e\u00edvat ani aplikace banky, tento \u010dl\u00e1nek je sp\u00ed\u0161e pro ty, co vlastn\u00ed n\u011bjakou Lumii a cht\u011bj\u00ed [&hellip;]<\/p>\n","protected":false},"author":1,"featured_media":0,"parent":0,"menu_order":0,"comment_status":"closed","ping_status":"closed","template":"","meta":{"footnotes":""},"_links":{"self":[{"href":"https:\/\/jvelektronika.cz\/index.php?rest_route=\/wp\/v2\/pages\/3092"}],"collection":[{"href":"https:\/\/jvelektronika.cz\/index.php?rest_route=\/wp\/v2\/pages"}],"about":[{"href":"https:\/\/jvelektronika.cz\/index.php?rest_route=\/wp\/v2\/types\/page"}],"author":[{"embeddable":true,"href":"https:\/\/jvelektronika.cz\/index.php?rest_route=\/wp\/v2\/users\/1"}],"replies":[{"embeddable":true,"href":"https:\/\/jvelektronika.cz\/index.php?rest_route=%2Fwp%2Fv2%2Fcomments&post=3092"}],"version-history":[{"count":2,"href":"https:\/\/jvelektronika.cz\/index.php?rest_route=\/wp\/v2\/pages\/3092\/revisions"}],"predecessor-version":[{"id":3103,"href":"https:\/\/jvelektronika.cz\/index.php?rest_route=\/wp\/v2\/pages\/3092\/revisions\/3103"}],"wp:attachment":[{"href":"https:\/\/jvelektronika.cz\/index.php?rest_route=%2Fwp%2Fv2%2Fmedia&parent=3092"}],"curies":[{"name":"wp","href":"https:\/\/api.w.org\/{rel}","templated":true}]}}