{"id":309,"date":"2014-08-17T09:46:24","date_gmt":"2014-08-17T07:46:24","guid":{"rendered":"http:\/\/jvelektronika.cz\/?page_id=309"},"modified":"2015-02-10T20:00:45","modified_gmt":"2015-02-10T19:00:45","slug":"blikac-k-mobilu","status":"publish","type":"page","link":"https:\/\/jvelektronika.cz\/?page_id=309","title":{"rendered":"Blika\u010d k mobilu"},"content":{"rendered":"<div>\n<h1>Blika\u010d k mobilu<\/h1>\n<\/div>\n<div>\n<div><ins>14.04.2012 19:20<\/ins><\/p>\n<h1>Toto sch\u00e9ma nen\u00ed p\u0159evzat\u00e9 z jin\u00e9ho webu apod.<\/h1>\n<p>Dal\u0161\u00ed \u0161\u00ed\u0159en\u00ed bez m\u00e9ho souhlasu je zak\u00e1z\u00e1no!!!<\/p>\n<p>&nbsp;<\/p>\n<p>Ji\u017e druh\u00e9 sch\u00e9ma kreslen\u00e9 v programu!!!<\/p>\n<p>&nbsp;<\/p>\n<h3>Na konci str\u00e1nky si m\u016f\u017eete prohl\u00e9dnout video.<\/h3>\n<p>&nbsp;<\/p>\n<p>&nbsp;<\/p>\n<h3>Blika\u010d k mobilu<\/h3>\n<p>&nbsp;<\/p>\n<p>Dip\u00f3l lze vyrobit z c\u00edvky o v\u011bt\u0161\u00edm pr\u016fm\u011bru, nebo m\u011bd\u011bn\u00e9ho dr\u00e1tu o rozm\u011brech a vytvarovat ho o t\u011bchto rozm\u011brech : 12 x 0,5 Cm<\/p>\n<p>Sign\u00e1l se zachyt\u00ed v kondenz\u00e1toru C1 odka\u010f putuje do germaniov\u00e9 diody, kter\u00e1 funguje jako indika\u010dn\u00ed.<\/p>\n<p>T1 a T2 jsou v Darlingtonov\u011b zapojen\u00ed, kde se sign\u00e1l zes\u00edl\u00ed.<\/p>\n<p>P\u0159ez tranzistor T3 se sign\u00e1l d\u00e1le zes\u00edl\u00fd a pot\u00e9 je indikov\u00e1n vysocesv\u00edtivou LED DIODOU.<\/p>\n<p>&nbsp;<\/p>\n<p>R1 lze pou\u017e\u00edt 3M3, na obr\u00e1zku m\u016f\u017eete vid\u011bt, \u017ee m\u00e1m pou\u017eit rezistor o t\u00e9to hodnot\u011b. Nen\u00ed t\u0159eba d\u00e1vat v\u011bt\u0161\u00ed.<\/p>\n<p>&nbsp;<\/p>\n<p>Za\u0159\u00edzen\u00ed lze nap\u00e1jet klasickou 9V bateri\u00ed, ale poku\u010f chcete blika\u010d zabudovat do n\u011bjak\u00e9 krabi\u010dky, tak lze pou\u017e\u00edt 12V baterii mal\u00fdch rozm\u011bru nap\u0159. co se pou\u017e\u00edv\u00e1 pro fotoapar\u00e1ty.<\/p>\n<p>&nbsp;<\/p>\n<p><strong><em>Nap\u00e1jen\u00ed je 9 Voltovou bateri\u00ed, ve sch\u00e9matu je nakresleno 12+ a 12-. ( Omlouv\u00e1m se, v programu, kter\u00fd pou\u017e\u00edv\u00edm kresl\u00edm poprv\u00e9 ).<\/em><\/strong><\/p>\n<p>&nbsp;<\/p>\n<p>Otestoval jsem vysocesv\u00edtiv\u00e9 led diody \u010derven\u00e9, b\u00edl\u00e9, zelen\u00e9 a modr\u00e9 barvy o rozm\u011br\u011bch 3mm i 5mm<\/p>\n<p>J\u00e1 m\u00e1m v za\u0159\u00edzen\u00ed b\u00edlou 3mm led.<\/p>\n<p>&nbsp;<\/p>\n<p>Tehdy jsem nem\u011bl k dispozici chlorid \u017eelezit\u00fd a vzhledem k tomu, \u017ee se jedn\u00e1 o jednoduch\u00fd v\u00fdrobek, tak jsem si pomohl ostr\u00fdm no\u017eem.<\/p>\n<p><a href=\"http:\/\/jvelektronika.cz\/wp-content\/uploads\/2015\/02\/blika\u010d-k-mobilufoto.jpg\"><img decoding=\"async\" loading=\"lazy\" class=\"  wp-image-670 alignnone\" src=\"http:\/\/jvelektronika.cz\/wp-content\/uploads\/2015\/02\/blika\u010d-k-mobilufoto.jpg\" alt=\"blika\u010d k mobilufoto\" width=\"525\" height=\"394\" srcset=\"https:\/\/jvelektronika.cz\/wp-content\/uploads\/2015\/02\/blika\u010d-k-mobilufoto.jpg 640w, https:\/\/jvelektronika.cz\/wp-content\/uploads\/2015\/02\/blika\u010d-k-mobilufoto-300x225.jpg 300w\" sizes=\"(max-width: 525px) 100vw, 525px\" \/><\/a><\/p>\n<p>&nbsp;<\/p>\n<p><a href=\"http:\/\/jvelektronika.cz\/wp-content\/uploads\/2015\/02\/blika\u010d-k-mobiluok.png\"><img decoding=\"async\" loading=\"lazy\" class=\"  wp-image-671 alignnone\" src=\"http:\/\/jvelektronika.cz\/wp-content\/uploads\/2015\/02\/blika\u010d-k-mobiluok.png\" alt=\"blika\u010d k mobiluok\" width=\"517\" height=\"469\" srcset=\"https:\/\/jvelektronika.cz\/wp-content\/uploads\/2015\/02\/blika\u010d-k-mobiluok.png 630w, https:\/\/jvelektronika.cz\/wp-content\/uploads\/2015\/02\/blika\u010d-k-mobiluok-300x272.png 300w\" sizes=\"(max-width: 517px) 100vw, 517px\" \/><\/a><\/p>\n<p>&nbsp;<\/p>\n<p>&nbsp;<\/p>\n<p>&nbsp;<\/p>\n<p>&nbsp;<\/p>\n<p>&nbsp;<\/p>\n<p>&nbsp;<\/p>\n<p>&nbsp;<\/p>\n<p>&nbsp;<\/p>\n<p>Za p\u0159\u00edpadn\u00e9 \u0161kody na majetku, nebo ujm\u011b na zdrav\u00ed nenesu \u017e\u00e1dnou odpov\u011bdnost!<\/p>\n<p>&nbsp;<\/p>\n<div class=\"epyt-video-wrapper\"><iframe loading=\"lazy\"  style=\"display: block; margin: 0px auto;\"  id=\"_ytid_22539\"  width=\"640\" height=\"480\"  data-origwidth=\"640\" data-origheight=\"480\" src=\"https:\/\/www.youtube.com\/embed\/-0_VHLu_miM?enablejsapi=1&#038;autoplay=0&#038;cc_load_policy=0&#038;cc_lang_pref=&#038;iv_load_policy=1&#038;loop=0&#038;modestbranding=0&#038;rel=1&#038;fs=1&#038;playsinline=1&#038;autohide=2&#038;theme=dark&#038;color=red&#038;controls=1&#038;\" class=\"__youtube_prefs__  epyt-is-override  no-lazyload\" title=\"YouTube player\"  allow=\"accelerometer; autoplay; clipboard-write; encrypted-media; gyroscope; picture-in-picture\" allowfullscreen data-no-lazy=\"1\" data-skipgform_ajax_framebjll=\"\"><\/iframe><\/div>\n<\/div>\n<\/div>\n<p>&nbsp;<\/p>\n","protected":false},"excerpt":{"rendered":"<p>Blika\u010d k mobilu 14.04.2012 19:20 Toto sch\u00e9ma nen\u00ed p\u0159evzat\u00e9 z jin\u00e9ho webu apod. Dal\u0161\u00ed \u0161\u00ed\u0159en\u00ed bez m\u00e9ho souhlasu je zak\u00e1z\u00e1no!!! &nbsp; Ji\u017e druh\u00e9 sch\u00e9ma kreslen\u00e9 v programu!!! &nbsp; Na konci str\u00e1nky si m\u016f\u017eete prohl\u00e9dnout video. &nbsp; &nbsp; Blika\u010d k mobilu &nbsp; Dip\u00f3l lze vyrobit z c\u00edvky o v\u011bt\u0161\u00edm pr\u016fm\u011bru, nebo [&hellip;]<\/p>\n","protected":false},"author":1,"featured_media":0,"parent":254,"menu_order":0,"comment_status":"closed","ping_status":"open","template":"","meta":{"footnotes":""},"_links":{"self":[{"href":"https:\/\/jvelektronika.cz\/index.php?rest_route=\/wp\/v2\/pages\/309"}],"collection":[{"href":"https:\/\/jvelektronika.cz\/index.php?rest_route=\/wp\/v2\/pages"}],"about":[{"href":"https:\/\/jvelektronika.cz\/index.php?rest_route=\/wp\/v2\/types\/page"}],"author":[{"embeddable":true,"href":"https:\/\/jvelektronika.cz\/index.php?rest_route=\/wp\/v2\/users\/1"}],"replies":[{"embeddable":true,"href":"https:\/\/jvelektronika.cz\/index.php?rest_route=%2Fwp%2Fv2%2Fcomments&post=309"}],"version-history":[{"count":3,"href":"https:\/\/jvelektronika.cz\/index.php?rest_route=\/wp\/v2\/pages\/309\/revisions"}],"predecessor-version":[{"id":854,"href":"https:\/\/jvelektronika.cz\/index.php?rest_route=\/wp\/v2\/pages\/309\/revisions\/854"}],"up":[{"embeddable":true,"href":"https:\/\/jvelektronika.cz\/index.php?rest_route=\/wp\/v2\/pages\/254"}],"wp:attachment":[{"href":"https:\/\/jvelektronika.cz\/index.php?rest_route=%2Fwp%2Fv2%2Fmedia&parent=309"}],"curies":[{"name":"wp","href":"https:\/\/api.w.org\/{rel}","templated":true}]}}