{"id":303,"date":"2014-08-17T09:40:32","date_gmt":"2014-08-17T07:40:32","guid":{"rendered":"http:\/\/jvelektronika.cz\/?page_id=303"},"modified":"2015-02-14T16:57:12","modified_gmt":"2015-02-14T15:57:12","slug":"zableskovy-blikac","status":"publish","type":"page","link":"https:\/\/jvelektronika.cz\/?page_id=303","title":{"rendered":"Z\u00e1bleskov\u00fd blika\u010d"},"content":{"rendered":"<div>\n<h1>Z\u00e1bleskov\u00fd blika\u010d<\/h1>\n<\/div>\n<div>\n<div><ins>12.07.2012 16:47<\/ins><\/p>\n<h1>Toto sch\u00e9ma nen\u00ed p\u0159evzat\u00e9 z jin\u00e9ho webu apod.<\/h1>\n<p>Dal\u0161\u00ed \u0161\u00ed\u0159en\u00ed bez m\u00e9ho souhlasu je zak\u00e1z\u00e1no!!<\/p>\n<div>\n<div>V\u00edc<\/div>\n<\/div>\n<h3>Z\u00e1bleskov\u00fd blika\u010d<\/h3>\n<p>&nbsp;<\/p>\n<p><em><strong>Na konci str\u00e1nky je vlo\u017eeno tak\u00e9 video.<\/strong><\/em><\/p>\n<p>&nbsp;<\/p>\n<p>C1 &#8211; Lze pou\u017e\u00edt i 47uF ( M\u016fj p\u0159\u00edpad )<\/p>\n<p>Tranzistor NPN BC547B, nebo KC507\/8<\/p>\n<p>Led dioda se pou\u017e\u00edv\u00e1 vysocesv\u00edtiv\u00e1. Na barv\u011b nez\u00e1le\u017e\u00ed.<\/p>\n<p>Rezistor 4,7K<\/p>\n<p>Nap\u00e1jec\u00ed nap\u011bt\u00ed je 5V-12V<\/p>\n<p>&nbsp;<\/p>\n<p><a href=\"http:\/\/jvelektronika.cz\/wp-content\/uploads\/2015\/02\/blesk.jpg\"><img decoding=\"async\" loading=\"lazy\" class=\"  wp-image-665 alignnone\" src=\"http:\/\/jvelektronika.cz\/wp-content\/uploads\/2015\/02\/blesk.jpg\" alt=\"blesk\" width=\"473\" height=\"523\" srcset=\"https:\/\/jvelektronika.cz\/wp-content\/uploads\/2015\/02\/blesk.jpg 640w, https:\/\/jvelektronika.cz\/wp-content\/uploads\/2015\/02\/blesk-271x300.jpg 271w\" sizes=\"(max-width: 473px) 100vw, 473px\" \/><\/a><\/p>\n<p>&nbsp;<\/p>\n<p>&nbsp;<\/p>\n<p><a href=\"http:\/\/jvelektronika.cz\/wp-content\/uploads\/2015\/02\/web-blik-new-ok.jpg\"><img decoding=\"async\" loading=\"lazy\" class=\"  wp-image-831 alignnone\" src=\"http:\/\/jvelektronika.cz\/wp-content\/uploads\/2015\/02\/web-blik-new-ok.jpg\" alt=\"web blik new ok\" width=\"472\" height=\"388\" srcset=\"https:\/\/jvelektronika.cz\/wp-content\/uploads\/2015\/02\/web-blik-new-ok.jpg 587w, https:\/\/jvelektronika.cz\/wp-content\/uploads\/2015\/02\/web-blik-new-ok-300x246.jpg 300w\" sizes=\"(max-width: 472px) 100vw, 472px\" \/><\/a><\/p>\n<p>&nbsp;<\/p>\n<p>&nbsp;<\/p>\n<p>Za p\u0159\u00edpadn\u00e9 \u0161kody na majetku, nebo ujm\u011b na zdrav\u00ed nenesu \u017e\u00e1dnou odpov\u011bdnost!<\/p>\n<\/div>\n<\/div>\n<p>&nbsp;<\/p>\n<div class=\"epyt-video-wrapper\"><iframe loading=\"lazy\"  style=\"display: block; margin: 0px auto;\"  id=\"_ytid_30894\"  width=\"640\" height=\"360\"  data-origwidth=\"640\" data-origheight=\"360\" src=\"https:\/\/www.youtube.com\/embed\/qzNWNgoaKrk?enablejsapi=1&#038;autoplay=0&#038;cc_load_policy=0&#038;cc_lang_pref=&#038;iv_load_policy=1&#038;loop=0&#038;modestbranding=0&#038;rel=1&#038;fs=1&#038;playsinline=1&#038;autohide=2&#038;theme=dark&#038;color=red&#038;controls=1&#038;\" class=\"__youtube_prefs__  epyt-is-override  no-lazyload\" title=\"YouTube player\"  allow=\"accelerometer; autoplay; clipboard-write; encrypted-media; gyroscope; picture-in-picture\" allowfullscreen data-no-lazy=\"1\" data-skipgform_ajax_framebjll=\"\"><\/iframe><\/div>\n","protected":false},"excerpt":{"rendered":"<p>Z\u00e1bleskov\u00fd blika\u010d 12.07.2012 16:47 Toto sch\u00e9ma nen\u00ed p\u0159evzat\u00e9 z jin\u00e9ho webu apod. Dal\u0161\u00ed \u0161\u00ed\u0159en\u00ed bez m\u00e9ho souhlasu je zak\u00e1z\u00e1no!! V\u00edc Z\u00e1bleskov\u00fd blika\u010d &nbsp; Na konci str\u00e1nky je vlo\u017eeno tak\u00e9 video. &nbsp; C1 &#8211; Lze pou\u017e\u00edt i 47uF ( M\u016fj p\u0159\u00edpad ) Tranzistor NPN BC547B, nebo KC507\/8 Led dioda se pou\u017e\u00edv\u00e1 [&hellip;]<\/p>\n","protected":false},"author":1,"featured_media":0,"parent":254,"menu_order":0,"comment_status":"closed","ping_status":"open","template":"","meta":{"footnotes":""},"_links":{"self":[{"href":"https:\/\/jvelektronika.cz\/index.php?rest_route=\/wp\/v2\/pages\/303"}],"collection":[{"href":"https:\/\/jvelektronika.cz\/index.php?rest_route=\/wp\/v2\/pages"}],"about":[{"href":"https:\/\/jvelektronika.cz\/index.php?rest_route=\/wp\/v2\/types\/page"}],"author":[{"embeddable":true,"href":"https:\/\/jvelektronika.cz\/index.php?rest_route=\/wp\/v2\/users\/1"}],"replies":[{"embeddable":true,"href":"https:\/\/jvelektronika.cz\/index.php?rest_route=%2Fwp%2Fv2%2Fcomments&post=303"}],"version-history":[{"count":3,"href":"https:\/\/jvelektronika.cz\/index.php?rest_route=\/wp\/v2\/pages\/303\/revisions"}],"predecessor-version":[{"id":879,"href":"https:\/\/jvelektronika.cz\/index.php?rest_route=\/wp\/v2\/pages\/303\/revisions\/879"}],"up":[{"embeddable":true,"href":"https:\/\/jvelektronika.cz\/index.php?rest_route=\/wp\/v2\/pages\/254"}],"wp:attachment":[{"href":"https:\/\/jvelektronika.cz\/index.php?rest_route=%2Fwp%2Fv2%2Fmedia&parent=303"}],"curies":[{"name":"wp","href":"https:\/\/api.w.org\/{rel}","templated":true}]}}