{"id":2987,"date":"2020-10-17T14:36:32","date_gmt":"2020-10-17T12:36:32","guid":{"rendered":"https:\/\/jvelektronika.cz\/?page_id=2987"},"modified":"2020-10-17T14:36:33","modified_gmt":"2020-10-17T12:36:33","slug":"lumia-950xl-an-attempt-to-unlock-a-bootloader-that-failed-restore-original-windows-10-phone","status":"publish","type":"page","link":"https:\/\/jvelektronika.cz\/?page_id=2987","title":{"rendered":"LUMIA 950XL-An attempt to unlock a BOOTLOADER that failed-RESTORE ORIGINAL WINDOWS 10 PHONE"},"content":{"rendered":"\n<p>Pokus o instalaci Win 10 pro ARM CPU se nezda\u0159il, l\u00e9pe \u0159e\u010deno nepoda\u0159ilo se \u00fasp\u011b\u0161n\u011b odemknout bootloader a v\u0161e pot\u0159ebn\u00e9 k tomu a telefon se st\u00e1le restartoval. Po vy\u010derp\u00e1vaj\u00edc\u00edm pokusech d\u00e1t telefon alespo\u0148 do p\u016fvodn\u00edho stavu se nakonec v\u0161e poda\u0159ilo a nainstalovala se rom p\u0159\u00edmo od Microsoftu.<\/p>\n\n\n\n<p>Zde je video jak postupovat, pokud by se v\u00e1m n\u011bco podobn\u00e9ho stalo:<\/p>\n\n\n\n<p><\/p>\n\n\n\n<figure class=\"wp-block-embed-youtube wp-block-embed is-type-video is-provider-youtube wp-embed-aspect-16-9 wp-has-aspect-ratio\"><div class=\"wp-block-embed__wrapper\">\n<div class=\"epyt-video-wrapper\"><iframe loading=\"lazy\"  style=\"display: block; margin: 0px auto;\"  id=\"_ytid_20723\"  width=\"640\" height=\"360\"  data-origwidth=\"640\" data-origheight=\"360\" src=\"https:\/\/www.youtube.com\/embed\/u7OoT6TVMm8?enablejsapi=1&#038;autoplay=0&#038;cc_load_policy=0&#038;cc_lang_pref=&#038;iv_load_policy=1&#038;loop=0&#038;modestbranding=0&#038;rel=1&#038;fs=1&#038;playsinline=1&#038;autohide=2&#038;theme=dark&#038;color=red&#038;controls=1&#038;\" class=\"__youtube_prefs__  epyt-is-override  no-lazyload\" title=\"YouTube player\"  allow=\"accelerometer; autoplay; clipboard-write; encrypted-media; gyroscope; picture-in-picture\" allowfullscreen data-no-lazy=\"1\" data-skipgform_ajax_framebjll=\"\"><\/iframe><\/div>\n<\/div><\/figure>\n","protected":false},"excerpt":{"rendered":"<p>Pokus o instalaci Win 10 pro ARM CPU se nezda\u0159il, l\u00e9pe \u0159e\u010deno nepoda\u0159ilo se \u00fasp\u011b\u0161n\u011b odemknout bootloader a v\u0161e pot\u0159ebn\u00e9 k tomu a telefon se st\u00e1le restartoval. Po vy\u010derp\u00e1vaj\u00edc\u00edm pokusech d\u00e1t telefon alespo\u0148 do p\u016fvodn\u00edho stavu se nakonec v\u0161e poda\u0159ilo a nainstalovala se rom p\u0159\u00edmo od Microsoftu. Zde je video [&hellip;]<\/p>\n","protected":false},"author":1,"featured_media":0,"parent":0,"menu_order":0,"comment_status":"closed","ping_status":"closed","template":"","meta":{"footnotes":""},"_links":{"self":[{"href":"https:\/\/jvelektronika.cz\/index.php?rest_route=\/wp\/v2\/pages\/2987"}],"collection":[{"href":"https:\/\/jvelektronika.cz\/index.php?rest_route=\/wp\/v2\/pages"}],"about":[{"href":"https:\/\/jvelektronika.cz\/index.php?rest_route=\/wp\/v2\/types\/page"}],"author":[{"embeddable":true,"href":"https:\/\/jvelektronika.cz\/index.php?rest_route=\/wp\/v2\/users\/1"}],"replies":[{"embeddable":true,"href":"https:\/\/jvelektronika.cz\/index.php?rest_route=%2Fwp%2Fv2%2Fcomments&post=2987"}],"version-history":[{"count":1,"href":"https:\/\/jvelektronika.cz\/index.php?rest_route=\/wp\/v2\/pages\/2987\/revisions"}],"predecessor-version":[{"id":2988,"href":"https:\/\/jvelektronika.cz\/index.php?rest_route=\/wp\/v2\/pages\/2987\/revisions\/2988"}],"wp:attachment":[{"href":"https:\/\/jvelektronika.cz\/index.php?rest_route=%2Fwp%2Fv2%2Fmedia&parent=2987"}],"curies":[{"name":"wp","href":"https:\/\/api.w.org\/{rel}","templated":true}]}}