{"id":2977,"date":"2020-10-16T17:04:23","date_gmt":"2020-10-16T15:04:23","guid":{"rendered":"https:\/\/jvelektronika.cz\/?page_id=2977"},"modified":"2020-10-16T17:04:24","modified_gmt":"2020-10-16T15:04:24","slug":"western-digital-rozsiruje-produktovou-radu-wd-purple","status":"publish","type":"page","link":"https:\/\/jvelektronika.cz\/?page_id=2977","title":{"rendered":"Western Digital roz\u0161i\u0159uje produktovou \u0159adu WD Purple"},"content":{"rendered":"\n<p><\/p>\n\n\n\n<p><em>Kombinace nov\u00e9ho pevn\u00e9ho disku HDD s kapacitou 18 TB, pam\u011b\u0165ov\u00e9 karty microSD 1 TB a ov\u011b\u0159en\u00e9ho software optimalizovan\u00e9ho pro nep\u0159etr\u017eit\u00e9 pracovn\u00ed zat\u00ed\u017een\u00ed 24\/7 p\u0159in\u00e1\u0161\u00ed kapacitu, v\u00fdkon a odolnost, kter\u00e1 je vy\u017eadov\u00e1na u z\u00e1znamov\u00fdch za\u0159\u00edzen\u00ed, chytr\u00fdch kamer, NVR za\u0159\u00edzen\u00ed podporuj\u00edc\u00ed hlubok\u00e9 u\u010den\u00ed a aplikac\u00ed pro anal\u00fdzu videa<\/em>.<\/p>\n\n\n\n<p> Spole\u010dnost Western Digital Corp. dnes ozn\u00e1mila roz\u0161\u00ed\u0159en\u00ed produktov\u00e9 \u0159ady WD Purple o pevn\u00fd disk s nejvy\u0161\u0161\u00ed kapacitou v odv\u011btv\u00ed 18 TB*, kter\u00fd je ur\u010den pro kamerov\u00e9 dohledov\u00e9 syst\u00e9my DVR a NVR a pro za\u0159\u00edzen\u00ed poskytuj\u00edc\u00ed analytick\u00e9 zpracov\u00e1n\u00ed dat. D\u00e1le bylo ozn\u00e1meno uveden\u00ed pam\u011b\u0165ov\u00e9 karty WD Purple SC QD101 microSD s kapacitou 1 TB* ur\u010den\u00e9 pro kamery podporuj\u00edc\u00ed um\u011blou inteligenci. <\/p>\n\n\n\n<p><\/p>\n\n\n\n<figure class=\"wp-block-image\"><img decoding=\"async\" loading=\"lazy\" width=\"500\" height=\"333\" src=\"https:\/\/jvelektronika.cz\/wp-content\/uploads\/2020\/10\/wdpurplejvelektronikaok.jpg\" alt=\"\" class=\"wp-image-2978\" srcset=\"https:\/\/jvelektronika.cz\/wp-content\/uploads\/2020\/10\/wdpurplejvelektronikaok.jpg 500w, https:\/\/jvelektronika.cz\/wp-content\/uploads\/2020\/10\/wdpurplejvelektronikaok-300x200.jpg 300w\" sizes=\"(max-width: 500px) 100vw, 500px\" \/><\/figure>\n\n\n\n<p><\/p>\n\n\n\n<p><\/p>\n\n\n\n<p> Tyto nov\u00e9 produkty umo\u017en\u00ed z\u00e1kazn\u00edk\u016fm navrhovat a sestavovat \u0159e\u0161en\u00ed pro celou \u0159adu pracovn\u00edch zat\u00ed\u017een\u00ed u chytr\u00e9ho videa. St\u00e1le v\u00edce se v\u00a0tomto odv\u011btv\u00ed vyu\u017e\u00edv\u00e1 hlubok\u00e9 u\u010den\u00ed a analytick\u00e9 zpracov\u00e1n\u00ed dat, v\u0161echny disky \u0159ady WD Purple d\u00edky sv\u00e9 optimalizaci napom\u00e1haj\u00ed v minimalizaci ztr\u00e1t sn\u00edmk\u016f a ne\u017e\u00e1douc\u00ed pixelace, vylep\u0161uj\u00ed celkov\u00e9 p\u0159ehr\u00e1v\u00e1n\u00ed z\u00e1znamu a posiluj\u00ed streamov\u00e1n\u00ed u pracovn\u00ed z\u00e1t\u011b\u017ee v nep\u0159etr\u017eit\u00e9m provozu 24\/7 \u2013 od nahr\u00e1n\u00ed z\u00e1znamu p\u0159es jeho ulo\u017een\u00ed a dlouhodob\u00e9 z\u00e1lohov\u00e1n\u00ed. <\/p>\n\n\n\n<p><strong>Hardware za hranice mo\u017enost\u00ed<\/strong><\/p>\n\n\n\n<p>Firmware, kter\u00fd pou\u017e\u00edv\u00e1 Western Digital u sv\u00fdch HDD disk\u016f WD Purple pro optimalizaci a spr\u00e1vu dat, hraje kl\u00ed\u010dovou roli ve vylep\u0161ov\u00e1n\u00ed syst\u00e9mov\u00fdch mo\u017enost\u00ed a tak\u00e9 ve spr\u00e1v\u011b a \u0159\u00edzen\u00ed aplikac\u00ed pro chytr\u00e9 video podporuj\u00edc\u00ed um\u011blou inteligenci. Tato kombinace napom\u00e1h\u00e1 z\u00e1kazn\u00edk\u016fm zlep\u0161it v\u00fdkon, spolehlivost a odolnost a dos\u00e1hnout celkov\u011b lep\u0161\u00edho opera\u010dn\u00edho v\u00fdkonu a tak\u00e9 sn\u00ed\u017eit celkov\u00e9 n\u00e1klady na vlastnictv\u00ed. Technologie Western Digital AllFrame\u2122 u pevn\u00fdch disk\u016f WD Purple poskytuje extenzivn\u00ed ukl\u00e1d\u00e1n\u00ed do vyrovn\u00e1vac\u00ed pam\u011bti a streamov\u00e1n\u00ed, a chr\u00e1n\u00ed tak z\u00e1znam p\u0159ed ztr\u00e1tou dat a udr\u017euje bezpe\u010dn\u00e9 streamov\u00e1n\u00ed.<\/p>\n\n\n\n<p><strong>Pevn\u00fd disk WD Purple 18 TB HDD<\/strong><\/p>\n\n\n\n<p><\/p>\n\n\n\n<figure class=\"wp-block-image\"><img decoding=\"async\" loading=\"lazy\" width=\"600\" height=\"600\" src=\"https:\/\/jvelektronika.cz\/wp-content\/uploads\/2020\/10\/jvpurplewd2.jpg\" alt=\"\" class=\"wp-image-2979\" srcset=\"https:\/\/jvelektronika.cz\/wp-content\/uploads\/2020\/10\/jvpurplewd2.jpg 600w, https:\/\/jvelektronika.cz\/wp-content\/uploads\/2020\/10\/jvpurplewd2-150x150.jpg 150w, https:\/\/jvelektronika.cz\/wp-content\/uploads\/2020\/10\/jvpurplewd2-300x300.jpg 300w\" sizes=\"(max-width: 600px) 100vw, 600px\" \/><\/figure>\n\n\n\n<p><\/p>\n\n\n\n<p> s\u00a0nejvy\u0161\u0161\u00ed kapacitou v odv\u011btv\u00ed disk\u016f pro dohledov\u00e9 kamerov\u00e9 syst\u00e9my je navr\u017een pro za\u0159\u00edzen\u00ed NVR a aplikace pro anal\u00fdzu videa a tak\u00e9 pro za\u0159\u00edzen\u00ed podporuj\u00edc\u00ed jednotku GPU pro zaji\u0161t\u011bn\u00ed videoz\u00e1znamu v re\u00e1ln\u00e9m \u010dase a pro jeho n\u00e1slednou anal\u00fdzu. Nov\u00fd pevn\u00fd disk s kapacitou 18 TB nab\u00edz\u00ed o 28 % v\u00edce kapacity ne\u017e p\u0159edchoz\u00ed generace a m\u00e1 dostatek ukl\u00e1dac\u00ed kapacity pro z\u00e1lohov\u00e1n\u00ed videoz\u00e1znamu, poskytov\u00e1n\u00ed referen\u010dn\u00edch sn\u00edmk\u016f i metadat a tak\u00e9 pro podporu efektivn\u011bj\u0161\u00edho vyu\u017eit\u00ed um\u011bl\u00e9 inteligence. Pevn\u00e9 disky WD Purple jsou nyn\u00ed k dost\u00e1n\u00ed v kapacit\u00e1ch 8 a\u017e 18 TB, maj\u00ed technologii AllFrame, kter\u00e1 podporuje z\u00e1znam a\u017e ze 64 kamer s HD rozli\u0161en\u00edm a dal\u0161\u00edch 32 streamovac\u00edch kan\u00e1l\u016f pro anal\u00fdzu dat s vyu\u017eit\u00edm hlubok\u00e9ho u\u010den\u00ed. <\/p>\n\n\n\n<p><strong>Pam\u011b\u0165ov\u00e1 karta WD Purple  QD101 1TB microSD<\/strong><\/p>\n\n\n\n<p>\n\nje navr\u017eena pro kamery, kter\u00e9 podporuj\u00ed um\u011blou inteligenci, bezpe\u010dnostn\u00ed kamery a perifern\u00ed za\u0159\u00edzen\u00ed. M\u016f\u017ee slou\u017eit jako prim\u00e1rn\u00e1 \u00falo\u017ei\u0161t\u011b nebo \u00falo\u017ei\u0161t\u011b pro z\u00e1lohov\u00e1n\u00ed dat. Vyu\u017e\u00edv\u00e1 technologii Western Digital 3D NAND s 96 vrstvami a poskytuje kombinaci vysok\u00e9 odolnosti (500 P\/E) a kapacity. Nyn\u00ed je nab\u00edzena v kapacit\u00e1ch* 1 TB, 512 GB, 256 GB, 128 GB, 64 GB a 32 GB.\n\n<\/p>\n\n\n\n<figure class=\"wp-block-image\"><img decoding=\"async\" loading=\"lazy\" width=\"600\" height=\"508\" src=\"https:\/\/jvelektronika.cz\/wp-content\/uploads\/2020\/10\/sdpurplewdjvelektronika3.jpg\" alt=\"\" class=\"wp-image-2980\" srcset=\"https:\/\/jvelektronika.cz\/wp-content\/uploads\/2020\/10\/sdpurplewdjvelektronika3.jpg 600w, https:\/\/jvelektronika.cz\/wp-content\/uploads\/2020\/10\/sdpurplewdjvelektronika3-300x254.jpg 300w\" sizes=\"(max-width: 600px) 100vw, 600px\" \/><\/figure>\n\n\n\n<p><\/p>\n\n\n\n<p> Odoln\u00e1, s vysokou \u017eivotnost\u00ed, karta WD Purple microSD odol\u00e1 nep\u0159izniv\u00fdm vliv\u016fm po\u010das\u00ed, vlhkosti a spolehliv\u011b pracuje v\u00a0rozmez\u00ed okoln\u00edch teplot od -25 do 85 \u00b0C. S kompatibiln\u00edmi kamerami je mo\u017en\u00e9 vyu\u017e\u00edt i n\u00e1stroj pro monitorov\u00e1n\u00ed stavu karty, kter\u00fd poskytuje integr\u00e1tor\u016fm a technik\u016fm informace o zb\u00fdvaj\u00edc\u00ed \u017eivotnosti a umo\u017en\u00ed jim p\u0159edem, pokud je to nutn\u00e9, prov\u00e9st servisn\u00ed z\u00e1sah. <\/p>\n\n\n\n<p><\/p>\n\n\n\n<p>Zdroj informac\u00ed: https:\/\/www.westerndigital.com\/<\/p>\n\n\n\n<p>Publikov\u00e1no dne 16. 10. 2020<\/p>\n","protected":false},"excerpt":{"rendered":"<p>Kombinace nov\u00e9ho pevn\u00e9ho disku HDD s kapacitou 18 TB, pam\u011b\u0165ov\u00e9 karty microSD 1 TB a ov\u011b\u0159en\u00e9ho software optimalizovan\u00e9ho pro nep\u0159etr\u017eit\u00e9 pracovn\u00ed zat\u00ed\u017een\u00ed 24\/7 p\u0159in\u00e1\u0161\u00ed kapacitu, v\u00fdkon a odolnost, kter\u00e1 je vy\u017eadov\u00e1na u z\u00e1znamov\u00fdch za\u0159\u00edzen\u00ed, chytr\u00fdch kamer, NVR za\u0159\u00edzen\u00ed podporuj\u00edc\u00ed hlubok\u00e9 u\u010den\u00ed a aplikac\u00ed pro anal\u00fdzu videa. Spole\u010dnost Western Digital Corp. [&hellip;]<\/p>\n","protected":false},"author":1,"featured_media":2978,"parent":63,"menu_order":0,"comment_status":"closed","ping_status":"closed","template":"","meta":{"footnotes":""},"_links":{"self":[{"href":"https:\/\/jvelektronika.cz\/index.php?rest_route=\/wp\/v2\/pages\/2977"}],"collection":[{"href":"https:\/\/jvelektronika.cz\/index.php?rest_route=\/wp\/v2\/pages"}],"about":[{"href":"https:\/\/jvelektronika.cz\/index.php?rest_route=\/wp\/v2\/types\/page"}],"author":[{"embeddable":true,"href":"https:\/\/jvelektronika.cz\/index.php?rest_route=\/wp\/v2\/users\/1"}],"replies":[{"embeddable":true,"href":"https:\/\/jvelektronika.cz\/index.php?rest_route=%2Fwp%2Fv2%2Fcomments&post=2977"}],"version-history":[{"count":1,"href":"https:\/\/jvelektronika.cz\/index.php?rest_route=\/wp\/v2\/pages\/2977\/revisions"}],"predecessor-version":[{"id":2981,"href":"https:\/\/jvelektronika.cz\/index.php?rest_route=\/wp\/v2\/pages\/2977\/revisions\/2981"}],"up":[{"embeddable":true,"href":"https:\/\/jvelektronika.cz\/index.php?rest_route=\/wp\/v2\/pages\/63"}],"wp:featuredmedia":[{"embeddable":true,"href":"https:\/\/jvelektronika.cz\/index.php?rest_route=\/wp\/v2\/media\/2978"}],"wp:attachment":[{"href":"https:\/\/jvelektronika.cz\/index.php?rest_route=%2Fwp%2Fv2%2Fmedia&parent=2977"}],"curies":[{"name":"wp","href":"https:\/\/api.w.org\/{rel}","templated":true}]}}