{"id":297,"date":"2014-08-17T09:35:53","date_gmt":"2014-08-17T07:35:53","guid":{"rendered":"http:\/\/jvelektronika.cz\/?page_id=297"},"modified":"2019-01-07T10:44:16","modified_gmt":"2019-01-07T09:44:16","slug":"blikac-rgb","status":"publish","type":"page","link":"https:\/\/jvelektronika.cz\/?page_id=297","title":{"rendered":"Blika\u010d RGB"},"content":{"rendered":"<div>\n<h1>Blika\u010d RGB<\/h1>\n<\/div>\n<div>\n<div>\n<p><ins>26.09.2012 11:37<\/ins><\/p>\n<h1>Blika\u010d RGB s 3 LED a PIC 12F629<\/h1>\n<p>&nbsp;<\/p>\n<h1>Toto sch\u00e9ma nen\u00ed p\u0159evzat\u00e9 z jin\u00e9ho webu apod.<\/h1>\n<p>Dal\u0161\u00ed \u0161\u00ed\u0159en\u00ed bez m\u00e9ho souhlasu je zak\u00e1z\u00e1no!!<\/p>\n<p>&nbsp;<\/p>\n<p>Na konci str\u00e1nky je vlo\u017eeno tak\u00e9 video.<\/p>\n<p>&nbsp;<\/p>\n<p>RGB blika\u010d s 3 LED a 3 Funkce s mikroprocesorem PIC 12F629<\/p>\n<p>&nbsp;<\/p>\n<p><strong>N\u00e1vod na v\u00fdrobu vlastn\u00edho program\u00e1toru naleznete: <a href=\"http:\/\/jvelektronika.cz\/?page_id=295\">ZDE<\/a><\/strong><\/p>\n<p><strong>Software pro JDM program\u00e1tor lze st\u00e1hnout na:<\/strong> <a href=\"https:\/\/www.dropbox.com\/s\/lfxd4j6zhk8vuyt\/pic%20rgb%20led.rar?dl=0\">ZDE <\/a><\/p>\n<p>HESLO ( vejvy1 )<\/p>\n<p><strong><em>Program\u00a0 PICProg4U opravdu funguje a dokonce jsem ho spustil na Windows 8 X64.<\/em><\/strong><\/p>\n<p><strong><em>V\u00fdroba vlastn\u00edho program\u00e1toru je opravdu levn\u00e1 a hlavn\u011b funguje!!!<\/em><\/strong><\/p>\n<p>&nbsp;<\/p>\n<p>Brzy dal\u0161\u00ed info. Aktualizace: 3.10. 2012<\/p>\n<p>&nbsp;<\/p>\n<p>Rozpis sou\u010d\u00e1stek:<\/p>\n<p>&nbsp;<\/p>\n<p>C1=100nF<\/p>\n<p>R1=10K<\/p>\n<p>R2,3,4=220R<\/p>\n<p>Tla\u010d\u00edtkov\u00fd sp\u00edna\u010d<\/p>\n<p>RGB led dioda, nebo 3x led &#8211; 1 \u010derven\u00e1, 1 zelen\u00e1, 1 modr\u00e1.<\/p>\n<p>Periodick\u00fd \u010dasova\u010d PIC 12F629<\/p>\n<p>Klasick\u00e1 patice na IO 1x<\/p>\n<p>&nbsp;<\/p>\n<p>&nbsp;<\/p>\n<p><a href=\"http:\/\/jvelektronika.cz\/wp-content\/uploads\/2015\/02\/okrgb.jpg\"><img decoding=\"async\" loading=\"lazy\" class=\" wp-image-779 alignnone\" src=\"http:\/\/jvelektronika.cz\/wp-content\/uploads\/2015\/02\/okrgb.jpg\" alt=\"okrgb\" width=\"403\" height=\"302\" srcset=\"https:\/\/jvelektronika.cz\/wp-content\/uploads\/2015\/02\/okrgb.jpg 640w, https:\/\/jvelektronika.cz\/wp-content\/uploads\/2015\/02\/okrgb-300x225.jpg 300w\" sizes=\"(max-width: 403px) 100vw, 403px\" \/><\/a><\/p>\n<p>&nbsp;<\/p>\n<p><a href=\"http:\/\/jvelektronika.cz\/wp-content\/uploads\/2015\/02\/rgbsch.jpg\"><img decoding=\"async\" loading=\"lazy\" class=\" wp-image-812 alignnone\" src=\"http:\/\/jvelektronika.cz\/wp-content\/uploads\/2015\/02\/rgbsch.jpg\" alt=\"rgbsch\" width=\"655\" height=\"407\" srcset=\"https:\/\/jvelektronika.cz\/wp-content\/uploads\/2015\/02\/rgbsch.jpg 1255w, https:\/\/jvelektronika.cz\/wp-content\/uploads\/2015\/02\/rgbsch-300x186.jpg 300w, https:\/\/jvelektronika.cz\/wp-content\/uploads\/2015\/02\/rgbsch-1024x636.jpg 1024w\" sizes=\"(max-width: 655px) 100vw, 655px\" \/><\/a><\/p>\n<p>&nbsp;<\/p>\n<p>Za p\u0159\u00edpadn\u00e9 \u0161kody na majetku, nebo ujm\u011b na zdrav\u00ed nenesu \u017e\u00e1dnou odpov\u011bdnost!<\/p>\n<p>&nbsp;<\/p>\n<div class=\"epyt-video-wrapper\"><iframe loading=\"lazy\"  style=\"display: block; margin: 0px auto;\"  id=\"_ytid_66936\"  width=\"640\" height=\"360\"  data-origwidth=\"640\" data-origheight=\"360\" src=\"https:\/\/www.youtube.com\/embed\/xkoDnKjpC84?enablejsapi=1&#038;autoplay=0&#038;cc_load_policy=0&#038;cc_lang_pref=&#038;iv_load_policy=1&#038;loop=0&#038;modestbranding=0&#038;rel=1&#038;fs=1&#038;playsinline=1&#038;autohide=2&#038;theme=dark&#038;color=red&#038;controls=1&#038;\" class=\"__youtube_prefs__  epyt-is-override  no-lazyload\" title=\"YouTube player\"  allow=\"accelerometer; autoplay; clipboard-write; encrypted-media; gyroscope; picture-in-picture\" allowfullscreen data-no-lazy=\"1\" data-skipgform_ajax_framebjll=\"\"><\/iframe><\/div>\n<\/div>\n<\/div>\n<p>&nbsp;<\/p>\n","protected":false},"excerpt":{"rendered":"<p>Blika\u010d RGB 26.09.2012 11:37 Blika\u010d RGB s 3 LED a PIC 12F629 &nbsp; Toto sch\u00e9ma nen\u00ed p\u0159evzat\u00e9 z jin\u00e9ho webu apod. Dal\u0161\u00ed \u0161\u00ed\u0159en\u00ed bez m\u00e9ho souhlasu je zak\u00e1z\u00e1no!! &nbsp; Na konci str\u00e1nky je vlo\u017eeno tak\u00e9 video. &nbsp; RGB blika\u010d s 3 LED a 3 Funkce s mikroprocesorem PIC 12F629 &nbsp; [&hellip;]<\/p>\n","protected":false},"author":1,"featured_media":0,"parent":254,"menu_order":0,"comment_status":"closed","ping_status":"open","template":"","meta":{"footnotes":""},"_links":{"self":[{"href":"https:\/\/jvelektronika.cz\/index.php?rest_route=\/wp\/v2\/pages\/297"}],"collection":[{"href":"https:\/\/jvelektronika.cz\/index.php?rest_route=\/wp\/v2\/pages"}],"about":[{"href":"https:\/\/jvelektronika.cz\/index.php?rest_route=\/wp\/v2\/types\/page"}],"author":[{"embeddable":true,"href":"https:\/\/jvelektronika.cz\/index.php?rest_route=\/wp\/v2\/users\/1"}],"replies":[{"embeddable":true,"href":"https:\/\/jvelektronika.cz\/index.php?rest_route=%2Fwp%2Fv2%2Fcomments&post=297"}],"version-history":[{"count":7,"href":"https:\/\/jvelektronika.cz\/index.php?rest_route=\/wp\/v2\/pages\/297\/revisions"}],"predecessor-version":[{"id":2109,"href":"https:\/\/jvelektronika.cz\/index.php?rest_route=\/wp\/v2\/pages\/297\/revisions\/2109"}],"up":[{"embeddable":true,"href":"https:\/\/jvelektronika.cz\/index.php?rest_route=\/wp\/v2\/pages\/254"}],"wp:attachment":[{"href":"https:\/\/jvelektronika.cz\/index.php?rest_route=%2Fwp%2Fv2%2Fmedia&parent=297"}],"curies":[{"name":"wp","href":"https:\/\/api.w.org\/{rel}","templated":true}]}}