{"id":2955,"date":"2020-10-05T18:10:21","date_gmt":"2020-10-05T16:10:21","guid":{"rendered":"https:\/\/jvelektronika.cz\/?page_id=2955"},"modified":"2025-10-11T16:47:29","modified_gmt":"2025-10-11T14:47:29","slug":"fnirsi-1013d-a-jds6600-generator-frekvence","status":"publish","type":"page","link":"https:\/\/jvelektronika.cz\/?page_id=2955","title":{"rendered":"FNIRSI-1013D a JDS6600 GENER\u00c1TOR FREKVENCE"},"content":{"rendered":"\n<p><\/p>\n\n\n\n<p>V prvn\u00ed \u0159ad\u011b je t\u0159eba zm\u00ednit, \u017ee ob\u011b za\u0159\u00edzen\u00ed ( gener\u00e1tor frekvence a osciloskop ) se pohybuj\u00ed v cen\u011b kolem 3000K\u010d a proto nelze prov\u00e1d\u011bt srovn\u00e1n\u00ed s p\u0159\u00edstroji za 14000K\u010d a v\u00edce s profi za\u0159\u00edzen\u00edm. Av\u0161ak ob\u011b tyto za\u0159\u00edzen\u00ed jsou dosta\u010duj\u00edc\u00ed na dom\u00e1c\u00ed bastlen\u00ed a podobn\u00e9 vyu\u017eit\u00ed.<\/p>\n\n\n\n<p>Zde p\u0159ikl\u00e1d\u00e1m n\u011bkolik fotografi\u00ed z prvn\u00edho testu gener\u00e1toru.<\/p>\n\n\n\n<figure class=\"wp-block-gallery has-nested-images columns-default is-cropped wp-block-gallery-1 is-layout-flex wp-block-gallery-is-layout-flex\">\n<figure class=\"wp-block-image\"><img decoding=\"async\" loading=\"lazy\" width=\"800\" height=\"600\" data-id=\"2956\" src=\"https:\/\/jvelektronika.cz\/wp-content\/uploads\/2020\/10\/1.jpg\" alt=\"\" class=\"wp-image-2956\" srcset=\"https:\/\/jvelektronika.cz\/wp-content\/uploads\/2020\/10\/1.jpg 800w, https:\/\/jvelektronika.cz\/wp-content\/uploads\/2020\/10\/1-300x225.jpg 300w, https:\/\/jvelektronika.cz\/wp-content\/uploads\/2020\/10\/1-768x576.jpg 768w\" sizes=\"(max-width: 800px) 100vw, 800px\" \/><\/figure>\n\n\n\n<figure class=\"wp-block-image\"><img decoding=\"async\" loading=\"lazy\" width=\"800\" height=\"600\" data-id=\"2957\" src=\"https:\/\/jvelektronika.cz\/wp-content\/uploads\/2020\/10\/2.jpg\" alt=\"\" class=\"wp-image-2957\" srcset=\"https:\/\/jvelektronika.cz\/wp-content\/uploads\/2020\/10\/2.jpg 800w, https:\/\/jvelektronika.cz\/wp-content\/uploads\/2020\/10\/2-300x225.jpg 300w, https:\/\/jvelektronika.cz\/wp-content\/uploads\/2020\/10\/2-768x576.jpg 768w\" sizes=\"(max-width: 800px) 100vw, 800px\" \/><\/figure>\n\n\n\n<figure class=\"wp-block-image\"><img decoding=\"async\" loading=\"lazy\" width=\"800\" height=\"600\" data-id=\"2958\" src=\"https:\/\/jvelektronika.cz\/wp-content\/uploads\/2020\/10\/3.jpg\" alt=\"\" class=\"wp-image-2958\" srcset=\"https:\/\/jvelektronika.cz\/wp-content\/uploads\/2020\/10\/3.jpg 800w, https:\/\/jvelektronika.cz\/wp-content\/uploads\/2020\/10\/3-300x225.jpg 300w, https:\/\/jvelektronika.cz\/wp-content\/uploads\/2020\/10\/3-768x576.jpg 768w\" sizes=\"(max-width: 800px) 100vw, 800px\" \/><\/figure>\n\n\n\n<figure class=\"wp-block-image\"><img decoding=\"async\" loading=\"lazy\" width=\"800\" height=\"600\" data-id=\"2959\" src=\"https:\/\/jvelektronika.cz\/wp-content\/uploads\/2020\/10\/4.jpg\" alt=\"\" class=\"wp-image-2959\" srcset=\"https:\/\/jvelektronika.cz\/wp-content\/uploads\/2020\/10\/4.jpg 800w, https:\/\/jvelektronika.cz\/wp-content\/uploads\/2020\/10\/4-300x225.jpg 300w, https:\/\/jvelektronika.cz\/wp-content\/uploads\/2020\/10\/4-768x576.jpg 768w\" sizes=\"(max-width: 800px) 100vw, 800px\" \/><\/figure>\n\n\n\n<figure class=\"wp-block-image\"><img decoding=\"async\" loading=\"lazy\" width=\"360\" height=\"270\" data-id=\"2960\" src=\"https:\/\/jvelektronika.cz\/wp-content\/uploads\/2020\/10\/5-e1601914057485.jpg\" alt=\"\" class=\"wp-image-2960\"\/><\/figure>\n\n\n\n<figure class=\"wp-block-image\"><img decoding=\"async\" loading=\"lazy\" width=\"800\" height=\"600\" data-id=\"2961\" src=\"https:\/\/jvelektronika.cz\/wp-content\/uploads\/2020\/10\/6.jpg\" alt=\"\" class=\"wp-image-2961\" srcset=\"https:\/\/jvelektronika.cz\/wp-content\/uploads\/2020\/10\/6.jpg 800w, https:\/\/jvelektronika.cz\/wp-content\/uploads\/2020\/10\/6-300x225.jpg 300w, https:\/\/jvelektronika.cz\/wp-content\/uploads\/2020\/10\/6-768x576.jpg 768w\" sizes=\"(max-width: 800px) 100vw, 800px\" \/><\/figure>\n\n\n\n<figure class=\"wp-block-image\"><img decoding=\"async\" loading=\"lazy\" width=\"800\" height=\"600\" data-id=\"2962\" src=\"https:\/\/jvelektronika.cz\/wp-content\/uploads\/2020\/10\/7.jpg\" alt=\"\" class=\"wp-image-2962\" srcset=\"https:\/\/jvelektronika.cz\/wp-content\/uploads\/2020\/10\/7.jpg 800w, https:\/\/jvelektronika.cz\/wp-content\/uploads\/2020\/10\/7-300x225.jpg 300w, https:\/\/jvelektronika.cz\/wp-content\/uploads\/2020\/10\/7-768x576.jpg 768w\" sizes=\"(max-width: 800px) 100vw, 800px\" \/><\/figure>\n\n\n\n<figure class=\"wp-block-image\"><img decoding=\"async\" loading=\"lazy\" width=\"800\" height=\"600\" data-id=\"2963\" src=\"https:\/\/jvelektronika.cz\/wp-content\/uploads\/2020\/10\/WP_20201005_17_06_37_Pro.jpg\" alt=\"\" class=\"wp-image-2963\" srcset=\"https:\/\/jvelektronika.cz\/wp-content\/uploads\/2020\/10\/WP_20201005_17_06_37_Pro.jpg 800w, https:\/\/jvelektronika.cz\/wp-content\/uploads\/2020\/10\/WP_20201005_17_06_37_Pro-300x225.jpg 300w, https:\/\/jvelektronika.cz\/wp-content\/uploads\/2020\/10\/WP_20201005_17_06_37_Pro-768x576.jpg 768w\" sizes=\"(max-width: 800px) 100vw, 800px\" \/><\/figure>\n\n\n\n<figure class=\"wp-block-image\"><img decoding=\"async\" loading=\"lazy\" width=\"800\" height=\"600\" data-id=\"2964\" src=\"https:\/\/jvelektronika.cz\/wp-content\/uploads\/2020\/10\/WP_20201005_17_07_44_Pro.jpg\" alt=\"\" class=\"wp-image-2964\" srcset=\"https:\/\/jvelektronika.cz\/wp-content\/uploads\/2020\/10\/WP_20201005_17_07_44_Pro.jpg 800w, https:\/\/jvelektronika.cz\/wp-content\/uploads\/2020\/10\/WP_20201005_17_07_44_Pro-300x225.jpg 300w, https:\/\/jvelektronika.cz\/wp-content\/uploads\/2020\/10\/WP_20201005_17_07_44_Pro-768x576.jpg 768w\" sizes=\"(max-width: 800px) 100vw, 800px\" \/><\/figure>\n<\/figure>\n\n\n\n<p><\/p>\n\n\n\n<p>Odkaz na osciloskop: <a href=\"https:\/\/www.aliexpress.com\/item\/4000861098295.html?spm=a2g0o.productlist.0.0.68775931aXml21&amp;s=p&amp;ad_pvid=202008130743375129082268987200003325097_1&amp;algo_pvid=cfaa4ab3-e311-4ce3-852a-94b44fb7aab9&amp;algo_expid=cfaa4ab3-e311-4ce3-852a-94b44fb7aab9-0&amp;btsid=0be3743615973298171897457efb40&amp;ws_ab_test=searchweb0_0,searchweb201602_,searchweb201603_\">ZDE<\/a><\/p>\n\n\n\n<p>Odkaz na frekven\u010dn\u00ed gener\u00e1tor: <a href=\"https:\/\/www.aliexpress.com\/item\/4001185940510.html?spm=a2g0o.cart.0.0.69393c00NqYgEF&amp;mp=1\">ZDE<\/a><\/p>\n\n\n\n<p><\/p>\n\n\n\n<p>Publikov\u00e1no 05. 10. 2020<\/p>\n\n\n\n<p>Aktualizace 16. 10. 2020<\/p>\n","protected":false},"excerpt":{"rendered":"<p>V prvn\u00ed \u0159ad\u011b je t\u0159eba zm\u00ednit, \u017ee ob\u011b za\u0159\u00edzen\u00ed ( gener\u00e1tor frekvence a osciloskop ) se pohybuj\u00ed v cen\u011b kolem 3000K\u010d a proto nelze prov\u00e1d\u011bt srovn\u00e1n\u00ed s p\u0159\u00edstroji za 14000K\u010d a v\u00edce s profi za\u0159\u00edzen\u00edm. Av\u0161ak ob\u011b tyto za\u0159\u00edzen\u00ed jsou dosta\u010duj\u00edc\u00ed na dom\u00e1c\u00ed bastlen\u00ed a podobn\u00e9 vyu\u017eit\u00ed. Zde p\u0159ikl\u00e1d\u00e1m n\u011bkolik [&hellip;]<\/p>\n","protected":false},"author":1,"featured_media":2960,"parent":0,"menu_order":0,"comment_status":"open","ping_status":"closed","template":"","meta":{"footnotes":""},"_links":{"self":[{"href":"https:\/\/jvelektronika.cz\/index.php?rest_route=\/wp\/v2\/pages\/2955"}],"collection":[{"href":"https:\/\/jvelektronika.cz\/index.php?rest_route=\/wp\/v2\/pages"}],"about":[{"href":"https:\/\/jvelektronika.cz\/index.php?rest_route=\/wp\/v2\/types\/page"}],"author":[{"embeddable":true,"href":"https:\/\/jvelektronika.cz\/index.php?rest_route=\/wp\/v2\/users\/1"}],"replies":[{"embeddable":true,"href":"https:\/\/jvelektronika.cz\/index.php?rest_route=%2Fwp%2Fv2%2Fcomments&post=2955"}],"version-history":[{"count":3,"href":"https:\/\/jvelektronika.cz\/index.php?rest_route=\/wp\/v2\/pages\/2955\/revisions"}],"predecessor-version":[{"id":4254,"href":"https:\/\/jvelektronika.cz\/index.php?rest_route=\/wp\/v2\/pages\/2955\/revisions\/4254"}],"wp:featuredmedia":[{"embeddable":true,"href":"https:\/\/jvelektronika.cz\/index.php?rest_route=\/wp\/v2\/media\/2960"}],"wp:attachment":[{"href":"https:\/\/jvelektronika.cz\/index.php?rest_route=%2Fwp%2Fv2%2Fmedia&parent=2955"}],"curies":[{"name":"wp","href":"https:\/\/api.w.org\/{rel}","templated":true}]}}