{"id":291,"date":"2014-08-17T09:29:23","date_gmt":"2014-08-17T07:29:23","guid":{"rendered":"http:\/\/jvelektronika.cz\/?page_id=291"},"modified":"2015-09-21T19:43:18","modified_gmt":"2015-09-21T17:43:18","slug":"melodicky-generator-zvuku","status":"publish","type":"page","link":"https:\/\/jvelektronika.cz\/?page_id=291","title":{"rendered":"Melodick\u00fd gener\u00e1tor zvuk\u016f"},"content":{"rendered":"<div>\n<h1>Melodick\u00fd gener\u00e1tor zvuk\u016f<\/h1>\n<\/div>\n<div>\n<div><ins>08.10.2012 09:34<\/ins><\/p>\n<h1>Melodick\u00fd gener\u00e1tor zvuk\u016f<\/h1>\n<p>&nbsp;<\/p>\n<p><strong>Na konci str\u00e1nky se m\u016f\u017eete pod\u00edvat na video.<\/strong><\/p>\n<p>&nbsp;<\/p>\n<p>Omlouv\u00e1m se za proveden\u00ed sch\u00e9matu. Z d\u016fvodu nedostatku \u010dasu jsem ho ud\u011blal t\u00edmto zp\u016fsobem av\u0161ak je zcela p\u0159ehledn\u00e9.<\/p>\n<p>Tranzistor s kondenz\u00e1torem jsou pou\u017eity jako zesilova\u010d. Cel\u00e9 za\u0159\u00edzen\u00ed lze nap\u00e1jet pouze jednou bateri\u00ed 1,5V ( AA \/ AAA ), nebo bateri\u00ed knofl\u00edkovou<\/p>\n<p>CR2032 ( 3V ).<br \/>\n<a href=\"http:\/\/jvelektronika.cz\/wp-content\/uploads\/2015\/02\/melodie.jpg\"><img decoding=\"async\" loading=\"lazy\" class=\"aligncenter size-full wp-image-762\" src=\"http:\/\/jvelektronika.cz\/wp-content\/uploads\/2015\/02\/melodie.jpg\" alt=\"melodie\" width=\"800\" height=\"600\" srcset=\"https:\/\/jvelektronika.cz\/wp-content\/uploads\/2015\/02\/melodie.jpg 800w, https:\/\/jvelektronika.cz\/wp-content\/uploads\/2015\/02\/melodie-300x225.jpg 300w\" sizes=\"(max-width: 800px) 100vw, 800px\" \/><\/a><\/p>\n<p>&nbsp;<\/p>\n<div class=\"epyt-video-wrapper\"><iframe loading=\"lazy\"  style=\"display: block; margin: 0px auto;\"  id=\"_ytid_53792\"  width=\"640\" height=\"360\"  data-origwidth=\"640\" data-origheight=\"360\" src=\"https:\/\/www.youtube.com\/embed\/30qia0mn-K0?enablejsapi=1&#038;autoplay=0&#038;cc_load_policy=0&#038;cc_lang_pref=&#038;iv_load_policy=1&#038;loop=0&#038;modestbranding=0&#038;rel=1&#038;fs=1&#038;playsinline=1&#038;autohide=2&#038;theme=dark&#038;color=red&#038;controls=1&#038;\" class=\"__youtube_prefs__  epyt-is-override  no-lazyload\" title=\"YouTube player\"  allow=\"accelerometer; autoplay; clipboard-write; encrypted-media; gyroscope; picture-in-picture\" allowfullscreen data-no-lazy=\"1\" data-skipgform_ajax_framebjll=\"\"><\/iframe><\/div>\n<\/div>\n<\/div>\n<p>&nbsp;<\/p>\n","protected":false},"excerpt":{"rendered":"<p>Melodick\u00fd gener\u00e1tor zvuk\u016f 08.10.2012 09:34 Melodick\u00fd gener\u00e1tor zvuk\u016f &nbsp; Na konci str\u00e1nky se m\u016f\u017eete pod\u00edvat na video. &nbsp; Omlouv\u00e1m se za proveden\u00ed sch\u00e9matu. Z d\u016fvodu nedostatku \u010dasu jsem ho ud\u011blal t\u00edmto zp\u016fsobem av\u0161ak je zcela p\u0159ehledn\u00e9. Tranzistor s kondenz\u00e1torem jsou pou\u017eity jako zesilova\u010d. Cel\u00e9 za\u0159\u00edzen\u00ed lze nap\u00e1jet pouze jednou bateri\u00ed [&hellip;]<\/p>\n","protected":false},"author":1,"featured_media":0,"parent":254,"menu_order":0,"comment_status":"closed","ping_status":"open","template":"","meta":{"footnotes":""},"_links":{"self":[{"href":"https:\/\/jvelektronika.cz\/index.php?rest_route=\/wp\/v2\/pages\/291"}],"collection":[{"href":"https:\/\/jvelektronika.cz\/index.php?rest_route=\/wp\/v2\/pages"}],"about":[{"href":"https:\/\/jvelektronika.cz\/index.php?rest_route=\/wp\/v2\/types\/page"}],"author":[{"embeddable":true,"href":"https:\/\/jvelektronika.cz\/index.php?rest_route=\/wp\/v2\/users\/1"}],"replies":[{"embeddable":true,"href":"https:\/\/jvelektronika.cz\/index.php?rest_route=%2Fwp%2Fv2%2Fcomments&post=291"}],"version-history":[{"count":4,"href":"https:\/\/jvelektronika.cz\/index.php?rest_route=\/wp\/v2\/pages\/291\/revisions"}],"predecessor-version":[{"id":1105,"href":"https:\/\/jvelektronika.cz\/index.php?rest_route=\/wp\/v2\/pages\/291\/revisions\/1105"}],"up":[{"embeddable":true,"href":"https:\/\/jvelektronika.cz\/index.php?rest_route=\/wp\/v2\/pages\/254"}],"wp:attachment":[{"href":"https:\/\/jvelektronika.cz\/index.php?rest_route=%2Fwp%2Fv2%2Fmedia&parent=291"}],"curies":[{"name":"wp","href":"https:\/\/api.w.org\/{rel}","templated":true}]}}