{"id":2894,"date":"2020-09-19T06:48:54","date_gmt":"2020-09-19T04:48:54","guid":{"rendered":"http:\/\/jvelektronika.cz\/?page_id=2894"},"modified":"2020-09-19T06:52:09","modified_gmt":"2020-09-19T04:52:09","slug":"nove-grafiky-nvidia-byly-okamzite-vyprodane","status":"publish","type":"page","link":"https:\/\/jvelektronika.cz\/?page_id=2894","title":{"rendered":"NOV\u00c9 GRAFIKY NVIDIA BYLY OKAM\u017dIT\u011a VYPRODAN\u00c9"},"content":{"rendered":"\n<p><\/p>\n\n\n\n<h3 class=\"wp-block-heading\"><strong>NOV\u00c1 S\u00c9RIE GRAFIK RTX3000 OD NVIDIE &#8211; PRVN\u00cd KUSY VYPRODAN\u00c9 B\u011aHEM N\u011aKOLIKA MINUT<\/strong><\/h3>\n\n\n\n<p> \u00daderem 15. hodiny se ve \u010dtvrtek za\u010daly prod\u00e1vat nov\u00e9 grafick\u00e9 karty \u0159ady GeForce RTX 30, konkr\u00e9tn\u011b prost\u0159edn\u00ed model ze t\u0159\u00ed p\u0159edstaven\u00fdch RTX 3080. Z\u00e1jem byl tak obrovsk\u00fd, \u017ee u\u017e po p\u00e1r des\u00edtk\u00e1ch minut v\u00fdrobce hl\u00e1sil vyprod\u00e1no .<\/p>\n\n\n\n<p><\/p>\n\n\n\n<figure class=\"wp-block-image\"><img decoding=\"async\" loading=\"lazy\" width=\"1024\" height=\"569\" src=\"http:\/\/jvelektronika.cz\/wp-content\/uploads\/2020\/09\/RTX3000-1024x569.jpg\" alt=\"\" class=\"wp-image-2895\" srcset=\"https:\/\/jvelektronika.cz\/wp-content\/uploads\/2020\/09\/RTX3000-1024x569.jpg 1024w, https:\/\/jvelektronika.cz\/wp-content\/uploads\/2020\/09\/RTX3000-300x167.jpg 300w, https:\/\/jvelektronika.cz\/wp-content\/uploads\/2020\/09\/RTX3000-768x427.jpg 768w, https:\/\/jvelektronika.cz\/wp-content\/uploads\/2020\/09\/RTX3000.jpg 1541w\" sizes=\"(max-width: 1024px) 100vw, 1024px\" \/><figcaption>FOTO:NVIDIA.COM<br><br> Vyprod\u00e1ny tedy nejsou pouze nejlevn\u011bj\u0161\u00ed modely s&nbsp;cenou 18&nbsp;999 K\u010d, ale tak\u00e9 dra\u017e\u0161\u00ed verze s&nbsp;vylep\u0161en\u00fdm chlazen\u00edm a dal\u0161\u00edmi \u00fapravami. U nich p\u0159itom byly ceny \u0159\u00e1dov\u011b vy\u0161\u0161\u00ed, pohybovaly se od 20 990 K\u010d a\u017e do 25 500 korun. Upraven\u00e9 karty nab\u00edz\u00ed nap\u0159\u00edklad spole\u010dnosti Asus, EVGA, Gainward, Gigabyte, MSI,  Zotac a sal\u0161\u00ed v\u00fdrobci.<br><br> GeForce RTX 3080 je dvakr\u00e1t rychlej\u0161\u00ed ne\u017e RTX 2080. Nab\u00edz\u00ed 10 GB nejnov\u011bj\u0161\u00ed GDDR6X pam\u011bti s rychlost\u00ed 19 Gbps. Nov\u00e1 RTX 3080 dok\u00e1\u017ee konstantn\u011b v modern\u00edch hr\u00e1ch dosahovat 60 sn\u00edmk\u016f za sekundu p\u0159i 4K rozli\u0161en\u00ed. <br><br><br><\/figcaption><\/figure>\n\n\n\n<p><\/p>\n\n\n\n<figure class=\"wp-block-image\"><img decoding=\"async\" src=\"http:\/\/jvelektronika.cz\/wp-content\/uploads\/2020\/09\/RTX3000X-1024x628.jpg\" alt=\"\" class=\"wp-image-2896\"\/><figcaption>FOTO: NVIDIA.COM<\/figcaption><\/figure>\n\n\n\n<p><\/p>\n\n\n\n<p> Lze o\u010dek\u00e1vat, \u017ee stejn\u011b vysok\u00e1 popt\u00e1vka bude i v&nbsp;p\u0159\u00edpad\u011b dal\u0161\u00edch dvou novinek, kter\u00e9 se teprve chystaj\u00ed na pulty obchod\u016f \u2013 \u0159e\u010d je o kart\u00e1ch RTX 3090 a RTX 3070. Prvn\u00ed zmi\u0148ovan\u00e1 p\u0159ijde na trh p\u0159\u00ed\u0161t\u00ed t\u00fdden a bude st\u00e1t 40&nbsp;999 K\u010d, druh\u00e1 pak v&nbsp;pr\u016fb\u011bhu \u0159\u00edjna za 13&nbsp;999 K\u010d. <\/p>\n\n\n\n<p><\/p>\n\n\n\n<p style=\"text-align:center\">Publikov\u00e1no: 19. 9. 2020<\/p>\n","protected":false},"excerpt":{"rendered":"<p>NOV\u00c1 S\u00c9RIE GRAFIK RTX3000 OD NVIDIE &#8211; PRVN\u00cd KUSY VYPRODAN\u00c9 B\u011aHEM N\u011aKOLIKA MINUT \u00daderem 15. hodiny se ve \u010dtvrtek za\u010daly prod\u00e1vat nov\u00e9 grafick\u00e9 karty \u0159ady GeForce RTX 30, konkr\u00e9tn\u011b prost\u0159edn\u00ed model ze t\u0159\u00ed p\u0159edstaven\u00fdch RTX 3080. Z\u00e1jem byl tak obrovsk\u00fd, \u017ee u\u017e po p\u00e1r des\u00edtk\u00e1ch minut v\u00fdrobce hl\u00e1sil vyprod\u00e1no . [&hellip;]<\/p>\n","protected":false},"author":1,"featured_media":0,"parent":0,"menu_order":0,"comment_status":"closed","ping_status":"closed","template":"","meta":{"footnotes":""},"_links":{"self":[{"href":"https:\/\/jvelektronika.cz\/index.php?rest_route=\/wp\/v2\/pages\/2894"}],"collection":[{"href":"https:\/\/jvelektronika.cz\/index.php?rest_route=\/wp\/v2\/pages"}],"about":[{"href":"https:\/\/jvelektronika.cz\/index.php?rest_route=\/wp\/v2\/types\/page"}],"author":[{"embeddable":true,"href":"https:\/\/jvelektronika.cz\/index.php?rest_route=\/wp\/v2\/users\/1"}],"replies":[{"embeddable":true,"href":"https:\/\/jvelektronika.cz\/index.php?rest_route=%2Fwp%2Fv2%2Fcomments&post=2894"}],"version-history":[{"count":2,"href":"https:\/\/jvelektronika.cz\/index.php?rest_route=\/wp\/v2\/pages\/2894\/revisions"}],"predecessor-version":[{"id":2899,"href":"https:\/\/jvelektronika.cz\/index.php?rest_route=\/wp\/v2\/pages\/2894\/revisions\/2899"}],"wp:attachment":[{"href":"https:\/\/jvelektronika.cz\/index.php?rest_route=%2Fwp%2Fv2%2Fmedia&parent=2894"}],"curies":[{"name":"wp","href":"https:\/\/api.w.org\/{rel}","templated":true}]}}