{"id":277,"date":"2014-08-17T09:16:56","date_gmt":"2014-08-17T07:16:56","guid":{"rendered":"http:\/\/jvelektronika.cz\/?page_id=277"},"modified":"2015-02-10T20:24:01","modified_gmt":"2015-02-10T19:24:01","slug":"policejni-blikac","status":"publish","type":"page","link":"https:\/\/jvelektronika.cz\/?page_id=277","title":{"rendered":"Policejn\u00ed blika\u010d"},"content":{"rendered":"<div>\n<h1>Policejn\u00ed blika\u010d<\/h1>\n<\/div>\n<div>\n<div><ins>01.03.2013 15:49<\/ins><\/p>\n<h1>Policejn\u00ed blika\u010d<\/h1>\n<h4>Toto sch\u00e9ma nen\u00ed p\u0159evzat\u00e9 z jin\u00e9ho webu apod.<\/h4>\n<p>Dal\u0161\u00ed \u0161\u00ed\u0159en\u00ed bez m\u00e9ho souhlasu je zak\u00e1z\u00e1no!!!<\/p>\n<p>&nbsp;<\/p>\n<h3>Policejn\u00ed maj\u00e1k<\/h3>\n<div>\n<div>V\u00edce zde<\/div>\n<h3><strong>Na konci str\u00e1nky se m\u016f\u017eete pod\u00edvat na video.<\/strong><\/h3>\n<p><strong>Na konci str\u00e1nky nov\u011b n\u00e1vrh na DPS.<\/strong><\/p>\n<\/div>\n<p>&nbsp;<\/p>\n<p>Jednoduch\u00e9 zapojen\u00ed efektn\u00edho blika\u010de, kter\u00e9 lze zabudovat do krabi\u010dky a d\u00e1t t\u0159eba na kolo.<\/p>\n<p>Kondenz\u00e1tory 1uF a 100uF po\u0159i\u010fte na 25V ( V m\u00e9m p\u0159\u00edpad\u011b je 1uF na 50V, proto\u017ee jin\u00fd nem\u011bli ).<\/p>\n<p>Za\u0159\u00edzen\u00ed funguje na principu astabiln\u00edho klopn\u00e9ho obvodu.<\/p>\n<p>Nap\u00e1jen\u00ed je mo\u017en\u00e9 tak\u00e9 9V bateri\u00ed.<\/p>\n<p>&nbsp;<\/p>\n<p><a href=\"http:\/\/jvelektronika.cz\/wp-content\/uploads\/2015\/02\/DSC_0222.jpg\"><img decoding=\"async\" loading=\"lazy\" class=\" size-full wp-image-715 alignnone\" src=\"http:\/\/jvelektronika.cz\/wp-content\/uploads\/2015\/02\/DSC_0222.jpg\" alt=\"DSC_0222\" width=\"320\" height=\"262\" srcset=\"https:\/\/jvelektronika.cz\/wp-content\/uploads\/2015\/02\/DSC_0222.jpg 320w, https:\/\/jvelektronika.cz\/wp-content\/uploads\/2015\/02\/DSC_0222-300x245.jpg 300w\" sizes=\"(max-width: 320px) 100vw, 320px\" \/><\/a><\/p>\n<p>&nbsp;<\/p>\n<p><a href=\"http:\/\/jvelektronika.cz\/wp-content\/uploads\/2015\/02\/policie.jpg\"><img decoding=\"async\" loading=\"lazy\" class=\"  wp-image-801 alignnone\" src=\"http:\/\/jvelektronika.cz\/wp-content\/uploads\/2015\/02\/policie.jpg\" alt=\"policie\" width=\"549\" height=\"309\" srcset=\"https:\/\/jvelektronika.cz\/wp-content\/uploads\/2015\/02\/policie.jpg 640w, https:\/\/jvelektronika.cz\/wp-content\/uploads\/2015\/02\/policie-300x168.jpg 300w\" sizes=\"(max-width: 549px) 100vw, 549px\" \/><\/a><\/p>\n<p>&nbsp;<\/p>\n<p>LED D1-4 = Modr\u00e9 vysocesv\u00edtiv\u00e9<\/p>\n<p>LED D4-8 = \u010cerven\u00e9 vysocesv\u00edtiv\u00e9<\/p>\n<p>IO = 2x NE555 ( Funguje jako Astabiln\u00ed klopn\u00fd obvod ) &#8211; Jedn\u00e1 se o klasickou verzi IO, nen\u00ed to CMOS.<br \/>\n<a href=\"http:\/\/jvelektronika.cz\/wp-content\/uploads\/2015\/02\/policejok1_1.jpg\"><img decoding=\"async\" loading=\"lazy\" class=\" size-full wp-image-800 alignnone\" src=\"http:\/\/jvelektronika.cz\/wp-content\/uploads\/2015\/02\/policejok1_1.jpg\" alt=\"policejok1_1\" width=\"545\" height=\"1075\" srcset=\"https:\/\/jvelektronika.cz\/wp-content\/uploads\/2015\/02\/policejok1_1.jpg 545w, https:\/\/jvelektronika.cz\/wp-content\/uploads\/2015\/02\/policejok1_1-152x300.jpg 152w, https:\/\/jvelektronika.cz\/wp-content\/uploads\/2015\/02\/policejok1_1-519x1024.jpg 519w\" sizes=\"(max-width: 545px) 100vw, 545px\" \/><\/a><\/p>\n<p>&nbsp;<\/p>\n<p>&nbsp;<\/p>\n<p>&nbsp;<\/p>\n<p>Za p\u0159\u00edpadn\u00e9 \u0161kody na majetku, nebo ujm\u011b na zdrav\u00ed nenesu \u017e\u00e1dnou odpov\u011bdnost!!!<\/p>\n<p>&nbsp;<\/p>\n<div class=\"epyt-video-wrapper\"><iframe loading=\"lazy\"  style=\"display: block; margin: 0px auto;\"  id=\"_ytid_82027\"  width=\"640\" height=\"360\"  data-origwidth=\"640\" data-origheight=\"360\" src=\"https:\/\/www.youtube.com\/embed\/ByKYY3-2jPg?enablejsapi=1&#038;autoplay=0&#038;cc_load_policy=0&#038;cc_lang_pref=&#038;iv_load_policy=1&#038;loop=0&#038;modestbranding=0&#038;rel=1&#038;fs=1&#038;playsinline=1&#038;autohide=2&#038;theme=dark&#038;color=red&#038;controls=1&#038;\" class=\"__youtube_prefs__  epyt-is-override  no-lazyload\" title=\"YouTube player\"  allow=\"accelerometer; autoplay; clipboard-write; encrypted-media; gyroscope; picture-in-picture\" allowfullscreen data-no-lazy=\"1\" data-skipgform_ajax_framebjll=\"\"><\/iframe><\/div>\n<\/div>\n<\/div>\n<p>&nbsp;<\/p>\n","protected":false},"excerpt":{"rendered":"<p>Policejn\u00ed blika\u010d 01.03.2013 15:49 Policejn\u00ed blika\u010d Toto sch\u00e9ma nen\u00ed p\u0159evzat\u00e9 z jin\u00e9ho webu apod. Dal\u0161\u00ed \u0161\u00ed\u0159en\u00ed bez m\u00e9ho souhlasu je zak\u00e1z\u00e1no!!! &nbsp; Policejn\u00ed maj\u00e1k V\u00edce zde Na konci str\u00e1nky se m\u016f\u017eete pod\u00edvat na video. Na konci str\u00e1nky nov\u011b n\u00e1vrh na DPS. &nbsp; Jednoduch\u00e9 zapojen\u00ed efektn\u00edho blika\u010de, kter\u00e9 lze zabudovat do [&hellip;]<\/p>\n","protected":false},"author":1,"featured_media":0,"parent":254,"menu_order":0,"comment_status":"closed","ping_status":"open","template":"","meta":{"footnotes":""},"_links":{"self":[{"href":"https:\/\/jvelektronika.cz\/index.php?rest_route=\/wp\/v2\/pages\/277"}],"collection":[{"href":"https:\/\/jvelektronika.cz\/index.php?rest_route=\/wp\/v2\/pages"}],"about":[{"href":"https:\/\/jvelektronika.cz\/index.php?rest_route=\/wp\/v2\/types\/page"}],"author":[{"embeddable":true,"href":"https:\/\/jvelektronika.cz\/index.php?rest_route=\/wp\/v2\/users\/1"}],"replies":[{"embeddable":true,"href":"https:\/\/jvelektronika.cz\/index.php?rest_route=%2Fwp%2Fv2%2Fcomments&post=277"}],"version-history":[{"count":4,"href":"https:\/\/jvelektronika.cz\/index.php?rest_route=\/wp\/v2\/pages\/277\/revisions"}],"predecessor-version":[{"id":865,"href":"https:\/\/jvelektronika.cz\/index.php?rest_route=\/wp\/v2\/pages\/277\/revisions\/865"}],"up":[{"embeddable":true,"href":"https:\/\/jvelektronika.cz\/index.php?rest_route=\/wp\/v2\/pages\/254"}],"wp:attachment":[{"href":"https:\/\/jvelektronika.cz\/index.php?rest_route=%2Fwp%2Fv2%2Fmedia&parent=277"}],"curies":[{"name":"wp","href":"https:\/\/api.w.org\/{rel}","templated":true}]}}