{"id":2748,"date":"2020-03-08T17:27:17","date_gmt":"2020-03-08T16:27:17","guid":{"rendered":"http:\/\/jvelektronika.cz\/?page_id=2748"},"modified":"2020-03-08T17:27:17","modified_gmt":"2020-03-08T16:27:17","slug":"veletrh-amper-2020-presunut-na-rok-2021","status":"publish","type":"page","link":"https:\/\/jvelektronika.cz\/?page_id=2748","title":{"rendered":"VELETRH AMPER 2020 P\u0158ESUNUT NA ROK 2021"},"content":{"rendered":"\n<p>KORONAVIRUS 2019-nCoV &#8211; VELETRH AMPER 2020 P\u0158ESUNUT NA ROK 2021<\/p>\n\n\n\n<div class=\"wp-block-image\"><figure class=\"aligncenter\"><img decoding=\"async\" loading=\"lazy\" width=\"951\" height=\"306\" src=\"http:\/\/jvelektronika.cz\/wp-content\/uploads\/2020\/03\/amper-cz-jv.jpg\" alt=\"\" class=\"wp-image-2749\" srcset=\"https:\/\/jvelektronika.cz\/wp-content\/uploads\/2020\/03\/amper-cz-jv.jpg 951w, https:\/\/jvelektronika.cz\/wp-content\/uploads\/2020\/03\/amper-cz-jv-300x97.jpg 300w, https:\/\/jvelektronika.cz\/wp-content\/uploads\/2020\/03\/amper-cz-jv-768x247.jpg 768w\" sizes=\"(max-width: 951px) 100vw, 951px\" \/><\/figure><\/div>\n\n\n\n<p>Veletrh amper 2020 je p\u0159esunut\/odlo\u017een na rok 2021 z d\u016fvod\u016f  zdrav\u00ed v\u0161ech z\u00fa\u010dastn\u011bn\u00fdch vzhledem k situaci ohledn\u011b KORONAVIRU, kter\u00fd se \u0161\u00ed\u0159\u00ed po cel\u00e9 planet\u011b.<\/p>\n\n\n\n<p> O\u00a0konkr\u00e9tn\u00edm term\u00ednu kon\u00e1n\u00ed veletrhu budou  po\u0159adatel informovat co mo\u017en\u00e1 nejd\u0159\u00edve, jakmile bude s\u00a0BVV dojedn\u00e1n a\u00a0potvrzen. <\/p>\n\n\n\n<p><\/p>\n\n\n\n<p>Zdroj informac\u00ed:  <a href=\"http:\/\/www.amper.cz\/\">http:\/\/www.amper.cz\/<\/a> <\/p>\n\n\n\n<p><\/p>\n\n\n\n<p>Publikov\u00e1no 08. 03. 2020<\/p>\n","protected":false},"excerpt":{"rendered":"<p>KORONAVIRUS 2019-nCoV &#8211; VELETRH AMPER 2020 P\u0158ESUNUT NA ROK 2021 Veletrh amper 2020 je p\u0159esunut\/odlo\u017een na rok 2021 z d\u016fvod\u016f zdrav\u00ed v\u0161ech z\u00fa\u010dastn\u011bn\u00fdch vzhledem k situaci ohledn\u011b KORONAVIRU, kter\u00fd se \u0161\u00ed\u0159\u00ed po cel\u00e9 planet\u011b. O\u00a0konkr\u00e9tn\u00edm term\u00ednu kon\u00e1n\u00ed veletrhu budou po\u0159adatel informovat co mo\u017en\u00e1 nejd\u0159\u00edve, jakmile bude s\u00a0BVV dojedn\u00e1n a\u00a0potvrzen. Zdroj [&hellip;]<\/p>\n","protected":false},"author":1,"featured_media":0,"parent":0,"menu_order":0,"comment_status":"closed","ping_status":"closed","template":"","meta":{"footnotes":""},"_links":{"self":[{"href":"https:\/\/jvelektronika.cz\/index.php?rest_route=\/wp\/v2\/pages\/2748"}],"collection":[{"href":"https:\/\/jvelektronika.cz\/index.php?rest_route=\/wp\/v2\/pages"}],"about":[{"href":"https:\/\/jvelektronika.cz\/index.php?rest_route=\/wp\/v2\/types\/page"}],"author":[{"embeddable":true,"href":"https:\/\/jvelektronika.cz\/index.php?rest_route=\/wp\/v2\/users\/1"}],"replies":[{"embeddable":true,"href":"https:\/\/jvelektronika.cz\/index.php?rest_route=%2Fwp%2Fv2%2Fcomments&post=2748"}],"version-history":[{"count":1,"href":"https:\/\/jvelektronika.cz\/index.php?rest_route=\/wp\/v2\/pages\/2748\/revisions"}],"predecessor-version":[{"id":2750,"href":"https:\/\/jvelektronika.cz\/index.php?rest_route=\/wp\/v2\/pages\/2748\/revisions\/2750"}],"wp:attachment":[{"href":"https:\/\/jvelektronika.cz\/index.php?rest_route=%2Fwp%2Fv2%2Fmedia&parent=2748"}],"curies":[{"name":"wp","href":"https:\/\/api.w.org\/{rel}","templated":true}]}}