{"id":273,"date":"2014-08-17T09:12:30","date_gmt":"2014-08-17T07:12:30","guid":{"rendered":"http:\/\/jvelektronika.cz\/?page_id=273"},"modified":"2019-01-05T11:25:34","modified_gmt":"2019-01-05T10:25:34","slug":"infra-dalkove-ovladani-zapni-vypni","status":"publish","type":"page","link":"https:\/\/jvelektronika.cz\/?page_id=273","title":{"rendered":"Infra d\u00e1lkov\u00e9 ovl\u00e1d\u00e1n\u00ed ZAPNI \/ VYPNI"},"content":{"rendered":"<div>\n<h1>Infra d\u00e1lkov\u00e9 ovl\u00e1d\u00e1n\u00ed ZAPNI \/ VYPNI<\/h1>\n<\/div>\n<div>\n<div><ins>22.05.2013 15:42<\/ins>\n<p>\u00a0<\/p>\n<h1>Infra-\u010derven\u00e9 d\u00e1lkov\u00e9 ovl\u00e1d\u00e1n\u00ed\u00a0 ZAPNI \/ VYPNI<\/h1>\n<p>Toto sch\u00e9ma nen\u00ed p\u0159evzat\u00e9 z jin\u00e9ho webu apod.<\/p>\n<p>Dal\u0161\u00ed \u0161\u00ed\u0159en\u00ed bez m\u00e9ho souhlasu je zak\u00e1z\u00e1no!!!<\/p>\n<p>\u00a0<\/p>\n<h3>Infra ovl\u00e1d\u00e1n\u00ed<\/h3>\n<p>\u00a0<\/p>\n<p>Vys\u00edl\u00e1\u010d &#8211; SCH\u00c9MA<\/p>\n<p>\u00a0<\/p>\n<p>Oscil\u00e1tor s IO555 vytv\u00e1\u0159\u00ed sign\u00e1l s frekvenc\u00ed asi 36 a\u017e 38kHz<\/p>\n<p>IR diodu lze pou\u017e\u00edt nap\u0159. TSAL6100.<\/p>\n<p>\u00a0<\/p>\n<p>P\u0159ij\u00edma\u010d &#8211; SCH\u00c9MA<\/p>\n<p>\u00a0<\/p>\n<p>TSOP 1736 infra p\u0159ij\u00edmac\u00ed dioda se zabudovan\u00fdm demodul\u00e1torem, tvarova\u010dem a TTL v\u00fdstupem.<\/p>\n<p>P\u0159ij\u00edma\u010d je nap\u00e1jen adapt\u00e9rem s v\u00fdstupm Uss=12V<\/p>\n<p>Za\u0159\u00edzen\u00ed odeb\u00edra cca. 16-20mA v klidov\u00e9m stavu.<\/p>\n<p>\u00a0<\/p>\n<p>Brzy dal\u0161\u00ed info&#8230;.<\/p>\n<p>\u00a0<\/p>\n<p>\u00a0<\/p>\n<p>Za p\u0159\u00edpadn\u00e9 \u0161kody na majetku, nebo ujm\u011b na zdrav\u00ed nenesu \u017e\u00e1dnou odpov\u011bdnost!!!<\/p>\n<\/div>\n<p>\u00a0<\/p>\n<\/div>\n<p>\u00a0<\/p>\n\n\n<figure class=\"wp-block-image\"><img decoding=\"async\" loading=\"lazy\" width=\"1013\" height=\"534\" src=\"http:\/\/jvelektronika.cz\/wp-content\/uploads\/2015\/02\/ir-na-web-vys\u00edla\u010d.jpg\" alt=\"\" class=\"wp-image-739\" srcset=\"https:\/\/jvelektronika.cz\/wp-content\/uploads\/2015\/02\/ir-na-web-vys\u00edla\u010d.jpg 1013w, https:\/\/jvelektronika.cz\/wp-content\/uploads\/2015\/02\/ir-na-web-vys\u00edla\u010d-300x158.jpg 300w\" sizes=\"(max-width: 1013px) 100vw, 1013px\" \/><figcaption>vys\u00edla\u010d<\/figcaption><\/figure>\n\n\n\n<figure class=\"wp-block-image\"><img decoding=\"async\" loading=\"lazy\" width=\"1280\" height=\"802\" src=\"http:\/\/jvelektronika.cz\/wp-content\/uploads\/2015\/02\/p\u0159ij\u00edma\u010d-ir.jpg\" alt=\"\" class=\"wp-image-803\" srcset=\"https:\/\/jvelektronika.cz\/wp-content\/uploads\/2015\/02\/p\u0159ij\u00edma\u010d-ir.jpg 1280w, https:\/\/jvelektronika.cz\/wp-content\/uploads\/2015\/02\/p\u0159ij\u00edma\u010d-ir-300x187.jpg 300w, https:\/\/jvelektronika.cz\/wp-content\/uploads\/2015\/02\/p\u0159ij\u00edma\u010d-ir-1024x641.jpg 1024w\" sizes=\"(max-width: 1280px) 100vw, 1280px\" \/><figcaption>p\u0159ij\u00edma\u010d<\/figcaption><\/figure>\n","protected":false},"excerpt":{"rendered":"<p>Infra d\u00e1lkov\u00e9 ovl\u00e1d\u00e1n\u00ed ZAPNI \/ VYPNI 22.05.2013 15:42 \u00a0 Infra-\u010derven\u00e9 d\u00e1lkov\u00e9 ovl\u00e1d\u00e1n\u00ed\u00a0 ZAPNI \/ VYPNI Toto sch\u00e9ma nen\u00ed p\u0159evzat\u00e9 z jin\u00e9ho webu apod. Dal\u0161\u00ed \u0161\u00ed\u0159en\u00ed bez m\u00e9ho souhlasu je zak\u00e1z\u00e1no!!! \u00a0 Infra ovl\u00e1d\u00e1n\u00ed \u00a0 Vys\u00edl\u00e1\u010d &#8211; SCH\u00c9MA \u00a0 Oscil\u00e1tor s IO555 vytv\u00e1\u0159\u00ed sign\u00e1l s frekvenc\u00ed asi 36 a\u017e 38kHz IR [&hellip;]<\/p>\n","protected":false},"author":1,"featured_media":0,"parent":254,"menu_order":0,"comment_status":"closed","ping_status":"open","template":"","meta":{"footnotes":""},"_links":{"self":[{"href":"https:\/\/jvelektronika.cz\/index.php?rest_route=\/wp\/v2\/pages\/273"}],"collection":[{"href":"https:\/\/jvelektronika.cz\/index.php?rest_route=\/wp\/v2\/pages"}],"about":[{"href":"https:\/\/jvelektronika.cz\/index.php?rest_route=\/wp\/v2\/types\/page"}],"author":[{"embeddable":true,"href":"https:\/\/jvelektronika.cz\/index.php?rest_route=\/wp\/v2\/users\/1"}],"replies":[{"embeddable":true,"href":"https:\/\/jvelektronika.cz\/index.php?rest_route=%2Fwp%2Fv2%2Fcomments&post=273"}],"version-history":[{"count":3,"href":"https:\/\/jvelektronika.cz\/index.php?rest_route=\/wp\/v2\/pages\/273\/revisions"}],"predecessor-version":[{"id":2031,"href":"https:\/\/jvelektronika.cz\/index.php?rest_route=\/wp\/v2\/pages\/273\/revisions\/2031"}],"up":[{"embeddable":true,"href":"https:\/\/jvelektronika.cz\/index.php?rest_route=\/wp\/v2\/pages\/254"}],"wp:attachment":[{"href":"https:\/\/jvelektronika.cz\/index.php?rest_route=%2Fwp%2Fv2%2Fmedia&parent=273"}],"curies":[{"name":"wp","href":"https:\/\/api.w.org\/{rel}","templated":true}]}}