{"id":271,"date":"2014-08-17T09:10:53","date_gmt":"2014-08-17T07:10:53","guid":{"rendered":"http:\/\/jvelektronika.cz\/?page_id=271"},"modified":"2015-03-12T06:23:54","modified_gmt":"2015-03-12T05:23:54","slug":"zvukova-sirena","status":"publish","type":"page","link":"https:\/\/jvelektronika.cz\/?page_id=271","title":{"rendered":"Zvukov\u00e1 sir\u00e9na"},"content":{"rendered":"<div>\n<h1>Zvukov\u00e1 sir\u00e9na<\/h1>\n<\/div>\n<div>\n<div><ins>12.08.2013 16:12<\/ins><\/p>\n<h3>Jednoduch\u00e1 houka\u010dka<\/h3>\n<h4>Toto sch\u00e9ma nen\u00ed p\u0159evzat\u00e9 z jin\u00e9ho webu apod.<\/h4>\n<p>Dal\u0161\u00ed \u0161\u00ed\u0159en\u00ed bez m\u00e9ho souhlasu je zak\u00e1z\u00e1no!!!<\/p>\n<div>\n<div>V\u00edce zde<\/div>\n<\/div>\n<p>NA KONCI STR\u00c1NKY SE M\u016e\u017dETE POD\u00cdVAT NA VIDEO.<\/p>\n<p>&nbsp;<\/p>\n<p><a href=\"http:\/\/jvelektronika.cz\/wp-content\/uploads\/2015\/02\/DSC_0864.jpg\"><img decoding=\"async\" loading=\"lazy\" class=\"  wp-image-717 alignnone\" src=\"http:\/\/jvelektronika.cz\/wp-content\/uploads\/2015\/02\/DSC_0864.jpg\" alt=\"DSC_0864\" width=\"540\" height=\"304\" srcset=\"https:\/\/jvelektronika.cz\/wp-content\/uploads\/2015\/02\/DSC_0864.jpg 1280w, https:\/\/jvelektronika.cz\/wp-content\/uploads\/2015\/02\/DSC_0864-300x168.jpg 300w, https:\/\/jvelektronika.cz\/wp-content\/uploads\/2015\/02\/DSC_0864-1024x576.jpg 1024w\" sizes=\"(max-width: 540px) 100vw, 540px\" \/><\/a><\/p>\n<p>&nbsp;<\/p>\n<p><a href=\"http:\/\/jvelektronika.cz\/wp-content\/uploads\/2015\/02\/houk.jpg\"><img decoding=\"async\" loading=\"lazy\" class=\" size-full wp-image-732 alignnone\" src=\"http:\/\/jvelektronika.cz\/wp-content\/uploads\/2015\/02\/houk.jpg\" alt=\"houk\" width=\"504\" height=\"635\" srcset=\"https:\/\/jvelektronika.cz\/wp-content\/uploads\/2015\/02\/houk.jpg 504w, https:\/\/jvelektronika.cz\/wp-content\/uploads\/2015\/02\/houk-238x300.jpg 238w\" sizes=\"(max-width: 504px) 100vw, 504px\" \/><\/a><\/p>\n<p>&nbsp;<\/p>\n<p>Za p\u0159\u00edpadn\u00e9 \u0161kody na majetku, nebo ujm\u011b na zdrav\u00ed nenesu \u017e\u00e1dnou odpov\u011bdnost!<\/p>\n<div>\n<div>V\u00edce zd<\/div>\n<\/div>\n<p>Brzy dal\u0161\u00ed info&#8230;.<\/p>\n<p>&nbsp;<\/p>\n<div class=\"epyt-video-wrapper\"><iframe loading=\"lazy\"  style=\"display: block; margin: 0px auto;\"  id=\"_ytid_74234\"  width=\"640\" height=\"360\"  data-origwidth=\"640\" data-origheight=\"360\" src=\"https:\/\/www.youtube.com\/embed\/W04pv1EqIXk?enablejsapi=1&#038;autoplay=0&#038;cc_load_policy=0&#038;cc_lang_pref=&#038;iv_load_policy=1&#038;loop=0&#038;modestbranding=0&#038;rel=1&#038;fs=1&#038;playsinline=1&#038;autohide=2&#038;theme=dark&#038;color=red&#038;controls=1&#038;\" class=\"__youtube_prefs__  epyt-is-override  no-lazyload\" title=\"YouTube player\"  allow=\"accelerometer; autoplay; clipboard-write; encrypted-media; gyroscope; picture-in-picture\" allowfullscreen data-no-lazy=\"1\" data-skipgform_ajax_framebjll=\"\"><\/iframe><\/div>\n<p>&nbsp;<\/p>\n<div class=\"epyt-video-wrapper\"><iframe loading=\"lazy\"  style=\"display: block; margin: 0px auto;\"  id=\"_ytid_24028\"  width=\"640\" height=\"360\"  data-origwidth=\"640\" data-origheight=\"360\" src=\"https:\/\/www.youtube.com\/embed\/iFwG4miQgks?enablejsapi=1&#038;autoplay=0&#038;cc_load_policy=0&#038;cc_lang_pref=&#038;iv_load_policy=1&#038;loop=0&#038;modestbranding=0&#038;rel=1&#038;fs=1&#038;playsinline=1&#038;autohide=2&#038;theme=dark&#038;color=red&#038;controls=1&#038;\" class=\"__youtube_prefs__  epyt-is-override  no-lazyload\" title=\"YouTube player\"  allow=\"accelerometer; autoplay; clipboard-write; encrypted-media; gyroscope; picture-in-picture\" allowfullscreen data-no-lazy=\"1\" data-skipgform_ajax_framebjll=\"\"><\/iframe><\/div>\n<\/div>\n<\/div>\n<p>&nbsp;<\/p>\n","protected":false},"excerpt":{"rendered":"<p>Zvukov\u00e1 sir\u00e9na 12.08.2013 16:12 Jednoduch\u00e1 houka\u010dka Toto sch\u00e9ma nen\u00ed p\u0159evzat\u00e9 z jin\u00e9ho webu apod. Dal\u0161\u00ed \u0161\u00ed\u0159en\u00ed bez m\u00e9ho souhlasu je zak\u00e1z\u00e1no!!! V\u00edce zde NA KONCI STR\u00c1NKY SE M\u016e\u017dETE POD\u00cdVAT NA VIDEO. &nbsp; &nbsp; &nbsp; Za p\u0159\u00edpadn\u00e9 \u0161kody na majetku, nebo ujm\u011b na zdrav\u00ed nenesu \u017e\u00e1dnou odpov\u011bdnost! V\u00edce zd Brzy dal\u0161\u00ed [&hellip;]<\/p>\n","protected":false},"author":1,"featured_media":0,"parent":254,"menu_order":0,"comment_status":"closed","ping_status":"open","template":"","meta":{"footnotes":""},"_links":{"self":[{"href":"https:\/\/jvelektronika.cz\/index.php?rest_route=\/wp\/v2\/pages\/271"}],"collection":[{"href":"https:\/\/jvelektronika.cz\/index.php?rest_route=\/wp\/v2\/pages"}],"about":[{"href":"https:\/\/jvelektronika.cz\/index.php?rest_route=\/wp\/v2\/types\/page"}],"author":[{"embeddable":true,"href":"https:\/\/jvelektronika.cz\/index.php?rest_route=\/wp\/v2\/users\/1"}],"replies":[{"embeddable":true,"href":"https:\/\/jvelektronika.cz\/index.php?rest_route=%2Fwp%2Fv2%2Fcomments&post=271"}],"version-history":[{"count":3,"href":"https:\/\/jvelektronika.cz\/index.php?rest_route=\/wp\/v2\/pages\/271\/revisions"}],"predecessor-version":[{"id":880,"href":"https:\/\/jvelektronika.cz\/index.php?rest_route=\/wp\/v2\/pages\/271\/revisions\/880"}],"up":[{"embeddable":true,"href":"https:\/\/jvelektronika.cz\/index.php?rest_route=\/wp\/v2\/pages\/254"}],"wp:attachment":[{"href":"https:\/\/jvelektronika.cz\/index.php?rest_route=%2Fwp%2Fv2%2Fmedia&parent=271"}],"curies":[{"name":"wp","href":"https:\/\/api.w.org\/{rel}","templated":true}]}}