{"id":2695,"date":"2019-12-15T18:51:22","date_gmt":"2019-12-15T17:51:22","guid":{"rendered":"http:\/\/jvelektronika.cz\/?page_id=2695"},"modified":"2019-12-15T18:51:23","modified_gmt":"2019-12-15T17:51:23","slug":"prenosna-merici-technika","status":"publish","type":"page","link":"https:\/\/jvelektronika.cz\/?page_id=2695","title":{"rendered":"P\u0158ENOSN\u00c1 M\u011a\u0158\u00cdC\u00cd TECHNIKA"},"content":{"rendered":"\n<p>Nejpo\u010detn\u011bj\u0161\u00ed skupinou p\u0159\u00edstroj\u016f v sortimentu jsou digit\u00e1ln\u00ed multimetry, kter\u00e9 jsou zastoupeny v r\u016fzn\u00fdch cenov\u00fdch kategori\u00edch.<\/p>\n\n\n\n<p>K dispozici jsou jak automatick\u00e9 p\u0159ep\u00edn\u00e1n\u00ed rozsah\u016f, tak i manu\u00e1ln\u00ed p\u0159ep\u00edna\u010d.<\/p>\n\n\n\n<p>Velmi zn\u00e1m\u00e1 zna\u010dka pro dom\u00e1c\u00ed kutily je <strong>Voltcraft<\/strong> , kter\u00fd m\u00e1 \u0161iroky v\u00fdb\u011br v\u010d. levn\u011bj\u0161\u00edch variant. Tato zna\u010dka spad\u00e1 pod spole\u010dnost Conrad a produkty t\u00e9to N\u011bmeck\u00e9 spole\u010dnosti lze zakoupit i v mnoha \u010desk\u00fd elektro obchodech, jako t\u0159eb GME, ale n\u011bkter\u00e9 produkty nab\u00edz\u00ed i Alza.cz<\/p>\n\n\n\n<p>Ze z\u00e1stupc\u016f pod 1000K\u010d lze po\u0159\u00eddit tento multimetr Digit\u00e1ln\u00ed multimetr Voltcraft VC-155<\/p>\n\n\n\n<figure class=\"wp-block-image\"><img decoding=\"async\" loading=\"lazy\" width=\"802\" height=\"848\" src=\"http:\/\/jvelektronika.cz\/wp-content\/uploads\/2019\/12\/conrad-jvelektronika-01.jpg\" alt=\"\" class=\"wp-image-2696\" srcset=\"https:\/\/jvelektronika.cz\/wp-content\/uploads\/2019\/12\/conrad-jvelektronika-01.jpg 802w, https:\/\/jvelektronika.cz\/wp-content\/uploads\/2019\/12\/conrad-jvelektronika-01-284x300.jpg 284w, https:\/\/jvelektronika.cz\/wp-content\/uploads\/2019\/12\/conrad-jvelektronika-01-768x812.jpg 768w\" sizes=\"(max-width: 802px) 100vw, 802px\" \/><\/figure>\n\n\n\n<p>Tak\u00e9 pomoc\u00ed p\u0159\u00eddavn\u00e9ho senzoru dok\u00e1\u017ee m\u011b\u0159it teplotu.<\/p>\n\n\n\n<p><\/p>\n\n\n\n<p>S automatickou volbou rozsahu lehce nad 1000K\u010d lze pou\u017e\u00edt tento p\u0159\u00edstroj Digit\u00e1ln\u00ed multimetr VOLTCRAFT VC185<\/p>\n\n\n\n<p><\/p>\n\n\n\n<figure class=\"wp-block-image\"><img decoding=\"async\" loading=\"lazy\" width=\"753\" height=\"854\" src=\"http:\/\/jvelektronika.cz\/wp-content\/uploads\/2019\/12\/jv02-multimetr.jpg\" alt=\"\" class=\"wp-image-2697\" srcset=\"https:\/\/jvelektronika.cz\/wp-content\/uploads\/2019\/12\/jv02-multimetr.jpg 753w, https:\/\/jvelektronika.cz\/wp-content\/uploads\/2019\/12\/jv02-multimetr-265x300.jpg 265w\" sizes=\"(max-width: 753px) 100vw, 753px\" \/><\/figure>\n\n\n\n<p><\/p>\n\n\n\n<p>Pro dom\u00e1c\u00ed kutily nesm\u00edm vynechat i ir teplom\u011br, jejich cena za\u010d\u00edn\u00e1 na ji\u017e 500K\u010d, na v\u00fdb\u011br m\u00e1me r\u016fznou optiku, m\u011b\u0159\u00edc\u00ed rozsahy a p\u0159esnost, n\u011bkter\u00e9 teplom\u011bry disponuj\u00ed funkcemi na v\u00edc, jako t\u0159eba m\u011b\u0159en\u00ed rosn\u00e9ho bodu. Infra\u010derven\u00fd teplom\u011br VOLTCRAFT IR<\/p>\n\n\n\n<figure class=\"wp-block-image\"><img decoding=\"async\" loading=\"lazy\" width=\"739\" height=\"824\" src=\"http:\/\/jvelektronika.cz\/wp-content\/uploads\/2019\/12\/irtempjvel22.jpg\" alt=\"\" class=\"wp-image-2701\" srcset=\"https:\/\/jvelektronika.cz\/wp-content\/uploads\/2019\/12\/irtempjvel22.jpg 739w, https:\/\/jvelektronika.cz\/wp-content\/uploads\/2019\/12\/irtempjvel22-269x300.jpg 269w\" sizes=\"(max-width: 739px) 100vw, 739px\" \/><\/figure>\n\n\n\n<p>A nyn\u00ed se p\u0159esuneme k profesion\u00e1ln\u00edm p\u0159\u00edstroj\u016fm pro revizn\u00ed m\u011b\u0159en\u00ed<\/p>\n\n\n\n<p><strong>K reviz\u00edm elektrick\u00fdch spot\u0159ebi\u010d\u016f<\/strong><\/p>\n\n\n\n<p> SECUTEST SIII+  je inteligentn\u00ed pln\u011b automatick\u00fd m\u011b\u0159ic\u00ed p\u0159\u00edstroj  k testov\u00e1n\u00ed elektrick\u00e9 bezpe\u010dnosti spot\u0159ebi\u010d\u016f a ru\u010dn\u00edho n\u00e1\u0159ad\u00ed. D\u00edky  jeho modul\u00e1rn\u00ed koncepci ho lze nakonfigurovat i pro m\u011b\u0159en\u00ed a revize  zdravotnick\u00e9 techniky. TG Basic je p\u0159enosn\u00fd bateriov\u011b nap\u00e1jen\u00fd p\u0159\u00edstroj  pro revize spot\u0159ebi\u010d\u016f p\u0159edev\u0161\u00edm tam, kde nen\u00ed dostupn\u00e9 s\u00ed\u0165ov\u00e9 nap\u011bt\u00ed.  Pro revize pracovn\u00edch stroj\u016f a m\u011b\u0159en\u00ed v rozv\u00e1d\u011b\u010d\u00edch je ur\u010den speci\u00e1ln\u00ed  p\u0159\u00edstroj PROFITEST 204, kter\u00fd lze pro tyto \u00fa\u010dely vybavit vysokonap\u011b\u0165ov\u00fdm  modulem a\u017e do 5,4 kV. <\/p>\n\n\n\n<figure class=\"wp-block-image\"><img decoding=\"async\" loading=\"lazy\" width=\"352\" height=\"390\" src=\"http:\/\/jvelektronika.cz\/wp-content\/uploads\/2019\/12\/Obr.3-jvelektronika.jpg\" alt=\"\" class=\"wp-image-2698\" srcset=\"https:\/\/jvelektronika.cz\/wp-content\/uploads\/2019\/12\/Obr.3-jvelektronika.jpg 352w, https:\/\/jvelektronika.cz\/wp-content\/uploads\/2019\/12\/Obr.3-jvelektronika-271x300.jpg 271w\" sizes=\"(max-width: 352px) 100vw, 352px\" \/><\/figure>\n\n\n\n<p><\/p>\n\n\n\n<p> <strong>S\u00ed\u0165ov\u00e9 analyz\u00e1tory<\/strong> <\/p>\n\n\n\n<p>MAVOWATT 230, MAVOWATT 240, MAVOWATT 270\n tvo\u0159\u00ed ucelenou \u0159adu velmi v\u00fdkonn\u00fdch s\u00ed\u0165ov\u00fdch analyz\u00e1tor\u016f umo\u017e\u0148uj\u00edc\u00edch \nm\u011b\u0159en\u00ed a vyhodnocen\u00ed ve\u0161ker\u00fdch s\u00ed\u0165ov\u00fdch veli\u010din s velkou p\u0159esnost\u00ed a \nvelk\u00fdm komfortem obsluhy. P\u0159\u00edstroje PQBox 0100 (obr. 4), 150 a 200 jsou \nsofistikovan\u00e9 s\u00ed\u0165ov\u00e9 analyz\u00e1tory t\u0159\u00eddy A, vyzna\u010duj\u00edc\u00ed se kvalitn\u00edm \nproveden\u00edm a jednoduchou obsluhou.<\/p>\n\n\n\n<figure class=\"wp-block-image\"><img decoding=\"async\" src=\"http:\/\/www.odbornecasopisy.cz\/img\/content\/Obr.4_44.jpg\" alt=\"\"\/><\/figure>\n\n\n\n<p><\/p>\n\n\n\n<p>Profi laboratorn\u00ed zdroje lze zakoupit u \u010desk\u00e9ho distributora <a href=\"http:\/\/www.silcon.cz\">http:\/\/www.silcon.cz<\/a><\/p>\n\n\n\n<p>Rigol DP831 &#8211; ZDROJ do laborato\u0159\u00ed  Programovatel\u00fd zdroj se t\u0159emi v\u00fdstupy, 160W, 0-8V\/5A, 0-30V\/2A, 0 a\u017e -30V\/2A <\/p>\n\n\n\n<p><br><\/p>\n\n\n\n<figure class=\"wp-block-image\"><img decoding=\"async\" loading=\"lazy\" width=\"800\" height=\"513\" src=\"http:\/\/jvelektronika.cz\/wp-content\/uploads\/2019\/12\/zdroj-jvel20.jpg\" alt=\"\" class=\"wp-image-2699\" srcset=\"https:\/\/jvelektronika.cz\/wp-content\/uploads\/2019\/12\/zdroj-jvel20.jpg 800w, https:\/\/jvelektronika.cz\/wp-content\/uploads\/2019\/12\/zdroj-jvel20-300x192.jpg 300w, https:\/\/jvelektronika.cz\/wp-content\/uploads\/2019\/12\/zdroj-jvel20-768x492.jpg 768w\" sizes=\"(max-width: 800px) 100vw, 800px\" \/><\/figure>\n\n\n\n<p><\/p>\n\n\n\n<p>A mezi p\u0159\u00edstroji nesm\u00ed sch\u00e1zet ani osciloskop. Na v\u00fdb\u011br m\u00e1me  pom\u011brn\u011b dostatek zna\u010dek i prodejc\u016f, r\u016fzn\u00e9 frekvence a v\u00edcekan\u00e1lov\u00e9 osciloskopy.<\/p>\n\n\n\n<p>Osciloskop 2x 200MHz jsem zvolil levn\u011bj\u0161\u00ed a pln\u011b dostupn\u00fd a vhodn\u00fd i na dom\u00e1c\u00ed bastlen\u00ed. Siglent SDS1202X-E<\/p>\n\n\n\n<figure class=\"wp-block-image\"><img decoding=\"async\" loading=\"lazy\" width=\"800\" height=\"502\" src=\"http:\/\/jvelektronika.cz\/wp-content\/uploads\/2019\/12\/osci2200jvel.jpg\" alt=\"\" class=\"wp-image-2700\" srcset=\"https:\/\/jvelektronika.cz\/wp-content\/uploads\/2019\/12\/osci2200jvel.jpg 800w, https:\/\/jvelektronika.cz\/wp-content\/uploads\/2019\/12\/osci2200jvel-300x188.jpg 300w, https:\/\/jvelektronika.cz\/wp-content\/uploads\/2019\/12\/osci2200jvel-768x482.jpg 768w\" sizes=\"(max-width: 800px) 100vw, 800px\" \/><\/figure>\n\n\n\n<p>Tento osciloskop lze objednat op\u011bt na webu http:\/\/www.silcon.cz<\/p>\n\n\n\n<p><\/p>\n\n\n\n<p>T\u00edmto bych tento \u010dl\u00e1nek ukon\u010dil.<\/p>\n\n\n\n<p>( TENTO \u010cL\u00c1NEK BUDE \u010cASEM AKTUALIZOV\u00c1N )<\/p>\n\n\n\n<p>15. 12. 2019<\/p>\n","protected":false},"excerpt":{"rendered":"<p>Nejpo\u010detn\u011bj\u0161\u00ed skupinou p\u0159\u00edstroj\u016f v sortimentu jsou digit\u00e1ln\u00ed multimetry, kter\u00e9 jsou zastoupeny v r\u016fzn\u00fdch cenov\u00fdch kategori\u00edch. K dispozici jsou jak automatick\u00e9 p\u0159ep\u00edn\u00e1n\u00ed rozsah\u016f, tak i manu\u00e1ln\u00ed p\u0159ep\u00edna\u010d. Velmi zn\u00e1m\u00e1 zna\u010dka pro dom\u00e1c\u00ed kutily je Voltcraft , kter\u00fd m\u00e1 \u0161iroky v\u00fdb\u011br v\u010d. levn\u011bj\u0161\u00edch variant. Tato zna\u010dka spad\u00e1 pod spole\u010dnost Conrad a produkty [&hellip;]<\/p>\n","protected":false},"author":1,"featured_media":0,"parent":2172,"menu_order":0,"comment_status":"closed","ping_status":"closed","template":"","meta":{"footnotes":""},"_links":{"self":[{"href":"https:\/\/jvelektronika.cz\/index.php?rest_route=\/wp\/v2\/pages\/2695"}],"collection":[{"href":"https:\/\/jvelektronika.cz\/index.php?rest_route=\/wp\/v2\/pages"}],"about":[{"href":"https:\/\/jvelektronika.cz\/index.php?rest_route=\/wp\/v2\/types\/page"}],"author":[{"embeddable":true,"href":"https:\/\/jvelektronika.cz\/index.php?rest_route=\/wp\/v2\/users\/1"}],"replies":[{"embeddable":true,"href":"https:\/\/jvelektronika.cz\/index.php?rest_route=%2Fwp%2Fv2%2Fcomments&post=2695"}],"version-history":[{"count":1,"href":"https:\/\/jvelektronika.cz\/index.php?rest_route=\/wp\/v2\/pages\/2695\/revisions"}],"predecessor-version":[{"id":2702,"href":"https:\/\/jvelektronika.cz\/index.php?rest_route=\/wp\/v2\/pages\/2695\/revisions\/2702"}],"up":[{"embeddable":true,"href":"https:\/\/jvelektronika.cz\/index.php?rest_route=\/wp\/v2\/pages\/2172"}],"wp:attachment":[{"href":"https:\/\/jvelektronika.cz\/index.php?rest_route=%2Fwp%2Fv2%2Fmedia&parent=2695"}],"curies":[{"name":"wp","href":"https:\/\/api.w.org\/{rel}","templated":true}]}}