{"id":269,"date":"2014-08-17T09:03:38","date_gmt":"2014-08-17T07:03:38","guid":{"rendered":"http:\/\/jvelektronika.cz\/?page_id=269"},"modified":"2021-04-24T10:38:42","modified_gmt":"2021-04-24T08:38:42","slug":"metronom-s-ne555-a-led-diodou","status":"publish","type":"page","link":"https:\/\/jvelektronika.cz\/?page_id=269","title":{"rendered":"METRONOM S NE555 A LED DIODOU"},"content":{"rendered":"<div>\n<h1>METRONOM S NE555 A LED DIODOU<\/h1>\n<\/div>\n<div>\n<div><ins>15.11.2013 05:14<\/ins>\n<p>\u00a0<\/p>\n<h1>METRONOM S NE555 A LED DIODOU<\/h1>\n<h4>Toto sch\u00e9ma nen\u00ed p\u0159evzat\u00e9 z jin\u00e9ho webu apod.<\/h4>\n<p>Dal\u0161\u00ed \u0161\u00ed\u0159en\u00ed bez m\u00e9ho souhlasu je zak\u00e1z\u00e1no!!!<\/p>\n<p>\u00a0<\/p>\n<p>Jedn\u00e1 se o jednoduch\u00e9 zapojen\u00ed metronomu s \u010dasova\u010dem ne555 a krom reproduktoru je zde i led dioda.<\/p>\n<p>Brzy bude i sch\u00e9ma.<\/p>\n<p>\u00a0<\/p>\n<p>Za p\u0159\u00edpadn\u00e9 \u0161kody na majetku, nebo ujm\u011b na zdrav\u00ed nenesu \u017e\u00e1dnou odpov\u011bdnost!!!<\/p>\n<p>\u00a0<\/p>\n<p><iframe loading=\"lazy\" title=\"METRONOM S NE555 A LED DIODOU\" width=\"640\" height=\"360\" src=\"https:\/\/www.youtube.com\/embed\/nuac341QREg?feature=oembed\" frameborder=\"0\" allow=\"accelerometer; autoplay; clipboard-write; encrypted-media; gyroscope; picture-in-picture\" allowfullscreen><\/iframe><\/p>\n<\/div>\n<\/div>\n<p>\u00a0<\/p>\n<p>\u00a0<\/p>\n\n","protected":false},"excerpt":{"rendered":"<p>METRONOM S NE555 A LED DIODOU 15.11.2013 05:14 \u00a0 METRONOM S NE555 A LED DIODOU Toto sch\u00e9ma nen\u00ed p\u0159evzat\u00e9 z jin\u00e9ho webu apod. Dal\u0161\u00ed \u0161\u00ed\u0159en\u00ed bez m\u00e9ho souhlasu je zak\u00e1z\u00e1no!!! \u00a0 Jedn\u00e1 se o jednoduch\u00e9 zapojen\u00ed metronomu s \u010dasova\u010dem ne555 a krom reproduktoru je zde i led dioda. Brzy bude [&hellip;]<\/p>\n","protected":false},"author":1,"featured_media":0,"parent":254,"menu_order":0,"comment_status":"closed","ping_status":"open","template":"","meta":{"footnotes":""},"_links":{"self":[{"href":"https:\/\/jvelektronika.cz\/index.php?rest_route=\/wp\/v2\/pages\/269"}],"collection":[{"href":"https:\/\/jvelektronika.cz\/index.php?rest_route=\/wp\/v2\/pages"}],"about":[{"href":"https:\/\/jvelektronika.cz\/index.php?rest_route=\/wp\/v2\/types\/page"}],"author":[{"embeddable":true,"href":"https:\/\/jvelektronika.cz\/index.php?rest_route=\/wp\/v2\/users\/1"}],"replies":[{"embeddable":true,"href":"https:\/\/jvelektronika.cz\/index.php?rest_route=%2Fwp%2Fv2%2Fcomments&post=269"}],"version-history":[{"count":2,"href":"https:\/\/jvelektronika.cz\/index.php?rest_route=\/wp\/v2\/pages\/269\/revisions"}],"predecessor-version":[{"id":3204,"href":"https:\/\/jvelektronika.cz\/index.php?rest_route=\/wp\/v2\/pages\/269\/revisions\/3204"}],"up":[{"embeddable":true,"href":"https:\/\/jvelektronika.cz\/index.php?rest_route=\/wp\/v2\/pages\/254"}],"wp:attachment":[{"href":"https:\/\/jvelektronika.cz\/index.php?rest_route=%2Fwp%2Fv2%2Fmedia&parent=269"}],"curies":[{"name":"wp","href":"https:\/\/api.w.org\/{rel}","templated":true}]}}