{"id":2629,"date":"2019-11-17T16:29:56","date_gmt":"2019-11-17T15:29:56","guid":{"rendered":"http:\/\/jvelektronika.cz\/?page_id=2629"},"modified":"2019-11-17T16:29:57","modified_gmt":"2019-11-17T15:29:57","slug":"hp-elitebook-8470p-review","status":"publish","type":"page","link":"https:\/\/jvelektronika.cz\/?page_id=2629","title":{"rendered":"HP EliteBook 8470p Review"},"content":{"rendered":"\n<p>Tento notebook st\u00e1l rovn\u00fdch 5000K\u010d a je pln\u011b funk\u010dn\u00ed.<\/p>\n\n\n\n<p>Ve videu si jej p\u0159edstav\u00edme, \u010d\u00e1ste\u010dn\u011b rozebereme a zase slo\u017e\u00edme.<\/p>\n\n\n\n<p>Tento notebook je ur\u010den na programov\u00e1n\u00ed a tak\u00e9 r\u016fzn\u00e9 experimenty.<\/p>\n\n\n\n<p><\/p>\n\n\n\n<h2 class=\"wp-block-heading\"><\/h2>\n\n\n\n<figure class=\"wp-block-embed-youtube wp-block-embed is-type-video is-provider-youtube wp-embed-aspect-16-9 wp-has-aspect-ratio\"><div class=\"wp-block-embed__wrapper\">\n<div class=\"epyt-video-wrapper\"><iframe loading=\"lazy\"  style=\"display: block; margin: 0px auto;\"  id=\"_ytid_81693\"  width=\"640\" height=\"360\"  data-origwidth=\"640\" data-origheight=\"360\" src=\"https:\/\/www.youtube.com\/embed\/UOvXtXFCy84?enablejsapi=1&#038;autoplay=0&#038;cc_load_policy=0&#038;cc_lang_pref=&#038;iv_load_policy=1&#038;loop=0&#038;modestbranding=0&#038;rel=1&#038;fs=1&#038;playsinline=1&#038;autohide=2&#038;theme=dark&#038;color=red&#038;controls=1&#038;\" class=\"__youtube_prefs__  epyt-is-override  no-lazyload\" title=\"YouTube player\"  allow=\"accelerometer; autoplay; clipboard-write; encrypted-media; gyroscope; picture-in-picture\" allowfullscreen data-no-lazy=\"1\" data-skipgform_ajax_framebjll=\"\"><\/iframe><\/div>\n<\/div><\/figure>\n","protected":false},"excerpt":{"rendered":"<p>Tento notebook st\u00e1l rovn\u00fdch 5000K\u010d a je pln\u011b funk\u010dn\u00ed. Ve videu si jej p\u0159edstav\u00edme, \u010d\u00e1ste\u010dn\u011b rozebereme a zase slo\u017e\u00edme. Tento notebook je ur\u010den na programov\u00e1n\u00ed a tak\u00e9 r\u016fzn\u00e9 experimenty.<\/p>\n","protected":false},"author":1,"featured_media":0,"parent":0,"menu_order":0,"comment_status":"closed","ping_status":"closed","template":"","meta":{"footnotes":""},"_links":{"self":[{"href":"https:\/\/jvelektronika.cz\/index.php?rest_route=\/wp\/v2\/pages\/2629"}],"collection":[{"href":"https:\/\/jvelektronika.cz\/index.php?rest_route=\/wp\/v2\/pages"}],"about":[{"href":"https:\/\/jvelektronika.cz\/index.php?rest_route=\/wp\/v2\/types\/page"}],"author":[{"embeddable":true,"href":"https:\/\/jvelektronika.cz\/index.php?rest_route=\/wp\/v2\/users\/1"}],"replies":[{"embeddable":true,"href":"https:\/\/jvelektronika.cz\/index.php?rest_route=%2Fwp%2Fv2%2Fcomments&post=2629"}],"version-history":[{"count":1,"href":"https:\/\/jvelektronika.cz\/index.php?rest_route=\/wp\/v2\/pages\/2629\/revisions"}],"predecessor-version":[{"id":2630,"href":"https:\/\/jvelektronika.cz\/index.php?rest_route=\/wp\/v2\/pages\/2629\/revisions\/2630"}],"wp:attachment":[{"href":"https:\/\/jvelektronika.cz\/index.php?rest_route=%2Fwp%2Fv2%2Fmedia&parent=2629"}],"curies":[{"name":"wp","href":"https:\/\/api.w.org\/{rel}","templated":true}]}}