{"id":261,"date":"2014-08-17T08:55:27","date_gmt":"2014-08-17T06:55:27","guid":{"rendered":"http:\/\/jvelektronika.cz\/?page_id=261"},"modified":"2014-08-17T08:55:27","modified_gmt":"2014-08-17T06:55:27","slug":"postup-vyroby-plosneho-spoje","status":"publish","type":"page","link":"https:\/\/jvelektronika.cz\/?page_id=261","title":{"rendered":"POSTUP V\u00ddROBY PLO\u0160N\u00c9HO SPOJE"},"content":{"rendered":"<div>\n<h1>POSTUP V\u00ddROBY PLO\u0160N\u00c9HO SPOJE<\/h1>\n<\/div>\n<div>\n<div><ins>01.04.2014 05:10<\/ins><\/p>\n<h1>POSTUP V\u00ddROBY PLO\u0160N\u00c9HO SPOJE<\/h1>\n<p>&nbsp;<\/p>\n<p>JEDNODUCH\u00dd POSTUP V\u00ddROBY PLO\u0160N\u00c9HO SPOJE \/ DPS V KR\u00c1TK\u00c9M VIDEU.<\/p>\n<p>&nbsp;<\/p>\n<div class=\"epyt-video-wrapper\"><iframe loading=\"lazy\"  style=\"display: block; margin: 0px auto;\"  id=\"_ytid_36428\"  width=\"640\" height=\"360\"  data-origwidth=\"640\" data-origheight=\"360\" src=\"https:\/\/www.youtube.com\/embed\/K3R4hlVYBUg?enablejsapi=1&#038;autoplay=0&#038;cc_load_policy=0&#038;cc_lang_pref=&#038;iv_load_policy=1&#038;loop=0&#038;modestbranding=0&#038;rel=1&#038;fs=1&#038;playsinline=1&#038;autohide=2&#038;theme=dark&#038;color=red&#038;controls=1&#038;\" class=\"__youtube_prefs__  epyt-is-override  no-lazyload\" title=\"YouTube player\"  allow=\"accelerometer; autoplay; clipboard-write; encrypted-media; gyroscope; picture-in-picture\" allowfullscreen data-no-lazy=\"1\" data-skipgform_ajax_framebjll=\"\"><\/iframe><\/div>\n<\/div>\n<\/div>\n<p>&nbsp;<\/p>\n","protected":false},"excerpt":{"rendered":"<p>POSTUP V\u00ddROBY PLO\u0160N\u00c9HO SPOJE 01.04.2014 05:10 POSTUP V\u00ddROBY PLO\u0160N\u00c9HO SPOJE &nbsp; JEDNODUCH\u00dd POSTUP V\u00ddROBY PLO\u0160N\u00c9HO SPOJE \/ DPS V KR\u00c1TK\u00c9M VIDEU. &nbsp; &nbsp;<\/p>\n","protected":false},"author":1,"featured_media":0,"parent":254,"menu_order":0,"comment_status":"closed","ping_status":"open","template":"","meta":{"footnotes":""},"_links":{"self":[{"href":"https:\/\/jvelektronika.cz\/index.php?rest_route=\/wp\/v2\/pages\/261"}],"collection":[{"href":"https:\/\/jvelektronika.cz\/index.php?rest_route=\/wp\/v2\/pages"}],"about":[{"href":"https:\/\/jvelektronika.cz\/index.php?rest_route=\/wp\/v2\/types\/page"}],"author":[{"embeddable":true,"href":"https:\/\/jvelektronika.cz\/index.php?rest_route=\/wp\/v2\/users\/1"}],"replies":[{"embeddable":true,"href":"https:\/\/jvelektronika.cz\/index.php?rest_route=%2Fwp%2Fv2%2Fcomments&post=261"}],"version-history":[{"count":1,"href":"https:\/\/jvelektronika.cz\/index.php?rest_route=\/wp\/v2\/pages\/261\/revisions"}],"predecessor-version":[{"id":262,"href":"https:\/\/jvelektronika.cz\/index.php?rest_route=\/wp\/v2\/pages\/261\/revisions\/262"}],"up":[{"embeddable":true,"href":"https:\/\/jvelektronika.cz\/index.php?rest_route=\/wp\/v2\/pages\/254"}],"wp:attachment":[{"href":"https:\/\/jvelektronika.cz\/index.php?rest_route=%2Fwp%2Fv2%2Fmedia&parent=261"}],"curies":[{"name":"wp","href":"https:\/\/api.w.org\/{rel}","templated":true}]}}