{"id":256,"date":"2014-08-17T08:50:39","date_gmt":"2014-08-17T06:50:39","guid":{"rendered":"http:\/\/jvelektronika.cz\/?page_id=256"},"modified":"2021-04-24T10:36:17","modified_gmt":"2021-04-24T08:36:17","slug":"256-2","status":"publish","type":"page","link":"https:\/\/jvelektronika.cz\/?page_id=256","title":{"rendered":"Blika\u010d na kolo"},"content":{"rendered":"<div>\n<h1>Blika\u010d na kolo<\/h1>\n<\/div>\n<div><ins>01.04.2014 05:15<\/ins>\n<p>\u00a0<\/p>\n<h3>JEDNODUCH\u00dd BLIKA\u010c NA KOLO<\/h3>\n<p>\u00a0<\/p>\n<p>Toto sch\u00e9ma nen\u00ed p\u0159evzat\u00e9 z jin\u00e9ho webu apod.<\/p>\n<p>Dal\u0161\u00ed \u0161\u00ed\u0159en\u00ed bez m\u00e9ho souhlasu je zak\u00e1z\u00e1no!!!<\/p>\n<p>\u00a0<\/p>\n<p>Za p\u0159\u00edpadn\u00e9 \u0161kody na majetku, nebo ujm\u011b na zdrav\u00ed nenesu \u017e\u00e1dnou odpov\u011bdnost!!!<\/p>\n<\/div>\n<p>\u00a0<\/p>\n<p><iframe loading=\"lazy\" title=\"Blika\u010d na kolo\" width=\"640\" height=\"360\" src=\"https:\/\/www.youtube.com\/embed\/uUzlQGKu1z8?feature=oembed\" frameborder=\"0\" allow=\"accelerometer; autoplay; clipboard-write; encrypted-media; gyroscope; picture-in-picture\" allowfullscreen><\/iframe><\/p>\n\n\n<figure class=\"wp-block-image\"><img decoding=\"async\" loading=\"lazy\" width=\"1024\" height=\"711\" src=\"https:\/\/jvelektronika.cz\/wp-content\/uploads\/2015\/02\/blikkolo-001-1024x711.jpg\" alt=\"\" class=\"wp-image-677\" srcset=\"https:\/\/jvelektronika.cz\/wp-content\/uploads\/2015\/02\/blikkolo-001-1024x711.jpg 1024w, https:\/\/jvelektronika.cz\/wp-content\/uploads\/2015\/02\/blikkolo-001-300x208.jpg 300w, https:\/\/jvelektronika.cz\/wp-content\/uploads\/2015\/02\/blikkolo-001.jpg 1241w\" sizes=\"(max-width: 1024px) 100vw, 1024px\" \/><\/figure>\n","protected":false},"excerpt":{"rendered":"<p>Blika\u010d na kolo 01.04.2014 05:15 \u00a0 JEDNODUCH\u00dd BLIKA\u010c NA KOLO \u00a0 Toto sch\u00e9ma nen\u00ed p\u0159evzat\u00e9 z jin\u00e9ho webu apod. Dal\u0161\u00ed \u0161\u00ed\u0159en\u00ed bez m\u00e9ho souhlasu je zak\u00e1z\u00e1no!!! \u00a0 Za p\u0159\u00edpadn\u00e9 \u0161kody na majetku, nebo ujm\u011b na zdrav\u00ed nenesu \u017e\u00e1dnou odpov\u011bdnost!!! \u00a0<\/p>\n","protected":false},"author":1,"featured_media":0,"parent":254,"menu_order":0,"comment_status":"closed","ping_status":"open","template":"","meta":{"footnotes":""},"_links":{"self":[{"href":"https:\/\/jvelektronika.cz\/index.php?rest_route=\/wp\/v2\/pages\/256"}],"collection":[{"href":"https:\/\/jvelektronika.cz\/index.php?rest_route=\/wp\/v2\/pages"}],"about":[{"href":"https:\/\/jvelektronika.cz\/index.php?rest_route=\/wp\/v2\/types\/page"}],"author":[{"embeddable":true,"href":"https:\/\/jvelektronika.cz\/index.php?rest_route=\/wp\/v2\/users\/1"}],"replies":[{"embeddable":true,"href":"https:\/\/jvelektronika.cz\/index.php?rest_route=%2Fwp%2Fv2%2Fcomments&post=256"}],"version-history":[{"count":3,"href":"https:\/\/jvelektronika.cz\/index.php?rest_route=\/wp\/v2\/pages\/256\/revisions"}],"predecessor-version":[{"id":3202,"href":"https:\/\/jvelektronika.cz\/index.php?rest_route=\/wp\/v2\/pages\/256\/revisions\/3202"}],"up":[{"embeddable":true,"href":"https:\/\/jvelektronika.cz\/index.php?rest_route=\/wp\/v2\/pages\/254"}],"wp:attachment":[{"href":"https:\/\/jvelektronika.cz\/index.php?rest_route=%2Fwp%2Fv2%2Fmedia&parent=256"}],"curies":[{"name":"wp","href":"https:\/\/api.w.org\/{rel}","templated":true}]}}