{"id":240,"date":"2014-08-17T08:37:19","date_gmt":"2014-08-17T06:37:19","guid":{"rendered":"http:\/\/jvelektronika.cz\/?page_id=240"},"modified":"2019-01-08T11:58:00","modified_gmt":"2019-01-08T10:58:00","slug":"elektronika-teorie","status":"publish","type":"page","link":"https:\/\/jvelektronika.cz\/?page_id=240","title":{"rendered":"ELEKTRONIKA &#8211; TEORIE"},"content":{"rendered":"<h1><a href=\"http:\/\/jvelektronika.cz\/?page_id=2114\">LED \u017d\u00c1ROVKY A JEJICH VLASTNOSTI<\/a><\/h1>\n<h1><a href=\"http:\/\/jvelektronika.cz\/?page_id=1847\">Tyristor<\/a><\/h1>\n<h1><\/h1>\n<h1><a href=\"http:\/\/jvelektronika.cz\/?page_id=242\" target=\"_blank\" rel=\"noopener\">Led diody<\/a><\/h1>\n<h1><a href=\"http:\/\/jvelektronika.cz\/?page_id=249\" target=\"_blank\" rel=\"noopener\">Ohm\u016fv z\u00e1kon<\/a><\/h1>\n<h1>\u00a0<a href=\"http:\/\/jvelektronika.cz\/?page_id=244\" target=\"_blank\" rel=\"noopener\">REZISTOR<\/a><\/h1>\n<h2><a title=\"TRANZISTOR\" href=\"http:\/\/jvelektronika.cz\/?page_id=247\"><strong>TRANZISTOR<\/strong><\/a><\/h2>\n<h2><span style=\"color: #00ccff;\"><a style=\"color: #00ccff;\" title=\"univerz\u00e1ln\u00ed adapt\u00e9ry\" href=\"http:\/\/jvelektronika.cz\/?page_id=1138\" target=\"_blank\" rel=\"noopener\">JAK VYBRAT UNIVERZ\u00c1LN\u00cd ADAPT\u00c9R K NOTEBOOKU A DAL\u0160\u00cdM ZA\u0158\u00cdZEN\u00cdM<\/a><\/span><\/h2>\n","protected":false},"excerpt":{"rendered":"<p>LED \u017d\u00c1ROVKY A JEJICH VLASTNOSTI Tyristor Led diody Ohm\u016fv z\u00e1kon \u00a0REZISTOR TRANZISTOR JAK VYBRAT UNIVERZ\u00c1LN\u00cd ADAPT\u00c9R K NOTEBOOKU A DAL\u0160\u00cdM ZA\u0158\u00cdZEN\u00cdM<\/p>\n","protected":false},"author":1,"featured_media":0,"parent":39,"menu_order":0,"comment_status":"closed","ping_status":"open","template":"","meta":{"footnotes":""},"_links":{"self":[{"href":"https:\/\/jvelektronika.cz\/index.php?rest_route=\/wp\/v2\/pages\/240"}],"collection":[{"href":"https:\/\/jvelektronika.cz\/index.php?rest_route=\/wp\/v2\/pages"}],"about":[{"href":"https:\/\/jvelektronika.cz\/index.php?rest_route=\/wp\/v2\/types\/page"}],"author":[{"embeddable":true,"href":"https:\/\/jvelektronika.cz\/index.php?rest_route=\/wp\/v2\/users\/1"}],"replies":[{"embeddable":true,"href":"https:\/\/jvelektronika.cz\/index.php?rest_route=%2Fwp%2Fv2%2Fcomments&post=240"}],"version-history":[{"count":11,"href":"https:\/\/jvelektronika.cz\/index.php?rest_route=\/wp\/v2\/pages\/240\/revisions"}],"predecessor-version":[{"id":2134,"href":"https:\/\/jvelektronika.cz\/index.php?rest_route=\/wp\/v2\/pages\/240\/revisions\/2134"}],"up":[{"embeddable":true,"href":"https:\/\/jvelektronika.cz\/index.php?rest_route=\/wp\/v2\/pages\/39"}],"wp:attachment":[{"href":"https:\/\/jvelektronika.cz\/index.php?rest_route=%2Fwp%2Fv2%2Fmedia&parent=240"}],"curies":[{"name":"wp","href":"https:\/\/api.w.org\/{rel}","templated":true}]}}