{"id":2357,"date":"2019-04-04T05:17:06","date_gmt":"2019-04-04T03:17:06","guid":{"rendered":"http:\/\/jvelektronika.cz\/?page_id=2357"},"modified":"2019-04-04T17:40:56","modified_gmt":"2019-04-04T15:40:56","slug":"termokamery-flir-t840-a-gf77","status":"publish","type":"page","link":"https:\/\/jvelektronika.cz\/?page_id=2357","title":{"rendered":"Termokamery FLIR T840 a GF77"},"content":{"rendered":"<h3>Termokamery FLIR T840 a GF77<\/h3>\n<p>&nbsp;<\/p>\n<p>Spolehliv\u00fdm n\u00e1strojem pro zji\u0161t\u011bn\u00ed skute\u010dn\u00e9ho stavu stroj\u016f, za\u0159\u00edzen\u00ed a v\u00fdrobn\u00edch proces\u016f je termodiagnostika \u2013 sn\u00edm\u00e1n\u00ed teplotn\u00edho pole termokamerami FLIR, od nejstar\u0161\u00edho a nejv\u011bt\u0161\u00edho sv\u011btov\u00e9ho v\u00fdrobce termokamer na sv\u011bt\u011b. Termodiagnostika m\u00e1 v\u00fdhodu v tom, \u017ee se jedn\u00e1 o bezkontaktn\u00ed metodu, kter\u00e1 se prov\u00e1d\u00ed za pln\u00e9ho provozu a m\u00e1 prokazateln\u00e9 v\u00fdsledky ve sn\u00ed\u017een\u00ed v\u00fdrobn\u00edch a provozn\u00edch ztr\u00e1t zp\u016fsoben\u00fdch nepl\u00e1novan\u00fdmi odst\u00e1vkami, zmetkovitost\u00ed a zvy\u0161uje spolehlivost stroj\u016f a za\u0159\u00edzen\u00ed.<\/p>\n<p>&nbsp;<\/p>\n<p><a href=\"http:\/\/jvelektronika.cz\/wp-content\/uploads\/2019\/04\/ter1.jpg\"><img decoding=\"async\" loading=\"lazy\" class=\"aligncenter size-full wp-image-2358\" src=\"http:\/\/jvelektronika.cz\/wp-content\/uploads\/2019\/04\/ter1.jpg\" alt=\"\" width=\"800\" height=\"193\" srcset=\"https:\/\/jvelektronika.cz\/wp-content\/uploads\/2019\/04\/ter1.jpg 800w, https:\/\/jvelektronika.cz\/wp-content\/uploads\/2019\/04\/ter1-300x72.jpg 300w, https:\/\/jvelektronika.cz\/wp-content\/uploads\/2019\/04\/ter1-768x185.jpg 768w\" sizes=\"(max-width: 800px) 100vw, 800px\" \/><\/a>STANDARTN\u00cd Z\u00c1VADY V PR\u016eMYSLU<\/p>\n<p>&nbsp;<\/p>\n<p>Nej\u010dast\u011bj\u0161\u00ed z\u00e1vady jdou p\u0159eh\u0159\u00e1t\u00e9 elektrick\u00e9 spoje, p\u0159et\u00ed\u017een\u00e9 stroje a za\u0159\u00edzen\u00ed, kter\u00e9 mohou v\u00e9st k v\u00fdpadk\u016fm stroj\u016f a za\u0159\u00edzen\u00ed, co\u017e se projev\u00ed nepl\u00e1novanou odst\u00e1vkou a v\u00fdrobn\u00edm ztr\u00e1t\u00e1m a v nejhor\u0161\u00edm p\u0159\u00edpad\u011b k po\u017e\u00e1ru. Pravidelnou kontrolou termokamerou FLIR, lze potenci\u00e1ln\u00ed kritick\u00e1 m\u00edsta v\u010das odhalit a zabr\u00e1nit tak nemal\u00fdm ztr\u00e1t\u00e1m.<br \/>\nNab\u00eddka termokamer FLIR je nejv\u011bt\u0161\u00ed a uspokoj\u00ed v\u0161echny po\u017eadavky na kvalitn\u00ed bezkontaktn\u00ed m\u011b\u0159en\u00ed teplot. Termokamery FLIR vyu\u017e\u00edvaj\u00ed nejmodern\u011bj\u0161\u00ed technologie, jsou odoln\u00e9, maj\u00ed snadn\u00e9 ovl\u00e1d\u00e1n\u00ed a unik\u00e1tn\u00ed m\u011b\u0159\u00edc\u00ed a obrazov\u00e9 funkce umo\u017e\u0148uj\u00edc\u00ed m\u011b\u0159en\u00ed a\u017e do +2000 \u00b0C a vyu\u017e\u00edvaj\u00ed se v cel\u00e9 \u0159ad\u011b odv\u011btv\u00ed, jako je elektro (kontrola rozvod\u016f, elektro za\u0159\u00edzen\u00ed a stroj\u016f, FVE), stroj\u00edrenstv\u00ed a mechanika (tepeln\u00e9 nam\u00e1h\u00e1n\u00ed stroj\u016f a za\u0159\u00edzen\u00ed), v\u00fdrobn\u00ed procesy (kontrola teplot a zpracov\u00e1n\u00ed materi\u00e1lu), hutnictv\u00ed (kontrola teploty taveniny) i stavebnictv\u00ed (detekce tepeln\u00fdch most\u016f, vlhkost\u00ed, atd.) a tak\u00e9 detekci a zobrazen\u00ed \u00fanik\u016f cel\u00e9 \u0159ady plyn\u016f a t\u011bkav\u00fdch l\u00e1tek.<\/p>\n<p>&nbsp;<\/p>\n<p><a href=\"http:\/\/jvelektronika.cz\/wp-content\/uploads\/2019\/04\/kmter2.jpg\"><img decoding=\"async\" loading=\"lazy\" class=\"aligncenter size-full wp-image-2359\" src=\"http:\/\/jvelektronika.cz\/wp-content\/uploads\/2019\/04\/kmter2.jpg\" alt=\"\" width=\"500\" height=\"446\" srcset=\"https:\/\/jvelektronika.cz\/wp-content\/uploads\/2019\/04\/kmter2.jpg 500w, https:\/\/jvelektronika.cz\/wp-content\/uploads\/2019\/04\/kmter2-300x268.jpg 300w\" sizes=\"(max-width: 500px) 100vw, 500px\" \/><\/a>RU\u010cN\u00cd KAMERY<\/p>\n<p>&nbsp;<\/p>\n<p><strong>Funkce FLIR UltraMax \u2013 4x zv\u00fd\u0161en\u00ed rozli\u0161en\u00ed<\/strong><br \/>\nV p\u0159\u00edpadech, kdy doch\u00e1z\u00ed k ojedin\u011bl\u00fdm pot\u0159eb\u00e1m vy\u0161\u0161\u00edho rozli\u0161en\u00ed, ale v drtiv\u00e9 v\u011bt\u0161in\u011b p\u0159\u00edpad\u016f dosta\u010duje st\u00e1vaj\u00edc\u00ed rozli\u0161en\u00ed termokamery, nab\u00edzej\u00ed termokamery FLIR speci\u00e1ln\u00ed funkci UltraMax.<br \/>\nFunkce FLIR UltraMax umo\u017e\u0148uje po\u0159\u00eddit termogramy s 4x vy\u0161\u0161\u00edm rozli\u0161en\u00edm a hlavn\u011b s vy\u0161\u0161\u00ed p\u0159esnost\u00ed m\u011b\u0159en\u00fdch hodnot. V\u00fdhodou d\u00e1le je, \u017ee funkce UltraMax je zalo\u017eena jen na vlastn\u00edm pohybu termokamery u\u017eivatelem, tedy nikoli na mechanick\u00e9m syst\u00e9mu pohybu sn\u00edma\u010de, kter\u00fd se d\u0159\u00edve nebo pozd\u011bji m\u016f\u017ee po\u0161kodit a p\u0159edstavuje tak budouc\u00ed n\u00e1kladnou opravu.<\/p>\n<p>&nbsp;<\/p>\n<p>Vy\u0161\u0161\u00ed \u0159adou jsou termokamery FLIR T530 a FLIR T540 s rozli\u0161en\u00edm a\u017e 464 x 348 bod\u016f (s UltraMax 928 x 696 bod\u016f), kter\u00e9 dopl\u0148uj\u00ed profesion\u00e1ln\u00ed termokamery FLIR T640 a T660 s rozli\u0161en\u00edm 640 x 480 bod\u016f (s UltraMax 1280 x 960 bod\u016f) a \u0161pi\u010dkovou termokameru FLIR T10x0 s rozli\u0161en\u00edm 1024 x 768 bod\u016f (s UltraMax 2048 x 1536 bod\u016f). Termokamery FLIR \u0159ady T maj\u00ed 4\u201c dotykov\u00fd odoln\u00fd LCD displej a oto\u010dnou sn\u00edmac\u00ed \u010d\u00e1st v \u00fahlu a\u017e 180\u00b0 velmi usnad\u0148uj\u00edc\u00ed m\u011b\u0159en\u00ed ze v\u0161ech pozic i t\u011b\u017eko p\u0159\u00edstupn\u00fdch objekt\u016f.<br \/>\nPosledn\u00ed novinkou je unik\u00e1tn\u00ed termokamera FLIR T840 s rozli\u0161en\u00edm 464 x 348 bod\u016f (s UltraMax 928 x 696 bod\u016f) a citlivost\u00ed a\u017e 0,03 \u00b0C, kter\u00e1 je vybavena vysoce kontrastn\u00edm hled\u00e1\u010dkem umo\u017e\u0148uj\u00edc\u00ed venkovn\u00ed m\u011b\u0159en\u00ed p\u0159i jak\u00fdchkoli sv\u011bteln\u00fdch podm\u00ednk\u00e1ch.<\/p>\n<p>&nbsp;<\/p>\n<p><a href=\"http:\/\/jvelektronika.cz\/wp-content\/uploads\/2019\/04\/t840jv.jpg\"><img decoding=\"async\" loading=\"lazy\" class=\"aligncenter size-full wp-image-2360\" src=\"http:\/\/jvelektronika.cz\/wp-content\/uploads\/2019\/04\/t840jv.jpg\" alt=\"\" width=\"491\" height=\"350\" srcset=\"https:\/\/jvelektronika.cz\/wp-content\/uploads\/2019\/04\/t840jv.jpg 491w, https:\/\/jvelektronika.cz\/wp-content\/uploads\/2019\/04\/t840jv-300x214.jpg 300w\" sizes=\"(max-width: 491px) 100vw, 491px\" \/><\/a><\/p>\n<p>&nbsp;<\/p>\n<p>Termokamera FLIR T840 m\u00e1 stejn\u011b jako termokamery FLIR Exx v\u00fdm\u011bnn\u00e9 objektivy s p\u0159esn\u00fdm automatick\u00fdm laserov\u00fdm ost\u0159en\u00edm pro \u0161irok\u00e9 spektrum pou\u017eit\u00ed, d\u00e1lkom\u011br pro p\u0159esn\u00e9 m\u011b\u0159en\u00ed vzd\u00e1lenosti, GPS pro ulo\u017een\u00ed sou\u0159adnic m\u00edsta m\u011b\u0159en\u00ed a vyjma vestav\u011bn\u00e9ho hled\u00e1\u010dku tak\u00e9 velk\u00fd a p\u0159ehledn\u00fd 4\u201c dotykov\u00fd displej s \u010desk\u00fdm menu. Termokamera FLIR T840 je ur\u010dena zejm\u00e9na profesion\u00e1ln\u00edm termodiagnostik\u016fm v elektrorozvodn\u00fdch spole\u010dnostech.<\/p>\n<p>&nbsp;<\/p>\n<p>Je nutno dodat, \u017ee se jedn\u00e1 o kvalitn\u00ed p\u0159\u00edstroje a dle modelu maji i jin\u00e9 parametry, ceny se pohybuj\u00ed v cca. od 12 000K\u010d a\u017e po 260 000K\u010d bez DPH. Ceny jsou aktu\u00e1ln\u00ed na webu conrad.cz ke dni 04. 04. 2019.<\/p>\n<p>Tak\u00e9 je mo\u017enost si nechat vypracovat cenovou nab\u00eddku a dal\u0161\u00ed spcefikace p\u0159\u00edmo na webu: http:\/\/www.spektravision.cz\/ .<\/p>\n<p>&nbsp;<\/p>\n<p>ZDROJ INFORMAC\u00cd:\u00a0 http:\/\/www.spektravision.cz\/<\/p>\n<p>&nbsp;<\/p>\n<p>Publikov\u00e1no 04. 04. 2019<\/p>\n<p>&nbsp;<\/p>\n<p>&nbsp;<\/p>\n","protected":false},"excerpt":{"rendered":"<p>Termokamery FLIR T840 a GF77 &nbsp; Spolehliv\u00fdm n\u00e1strojem pro zji\u0161t\u011bn\u00ed skute\u010dn\u00e9ho stavu stroj\u016f, za\u0159\u00edzen\u00ed a v\u00fdrobn\u00edch proces\u016f je termodiagnostika \u2013 sn\u00edm\u00e1n\u00ed teplotn\u00edho pole termokamerami FLIR, od nejstar\u0161\u00edho a nejv\u011bt\u0161\u00edho sv\u011btov\u00e9ho v\u00fdrobce termokamer na sv\u011bt\u011b. Termodiagnostika m\u00e1 v\u00fdhodu v tom, \u017ee se jedn\u00e1 o bezkontaktn\u00ed metodu, kter\u00e1 se prov\u00e1d\u00ed za pln\u00e9ho [&hellip;]<\/p>\n","protected":false},"author":1,"featured_media":0,"parent":2172,"menu_order":0,"comment_status":"closed","ping_status":"closed","template":"","meta":{"footnotes":""},"_links":{"self":[{"href":"https:\/\/jvelektronika.cz\/index.php?rest_route=\/wp\/v2\/pages\/2357"}],"collection":[{"href":"https:\/\/jvelektronika.cz\/index.php?rest_route=\/wp\/v2\/pages"}],"about":[{"href":"https:\/\/jvelektronika.cz\/index.php?rest_route=\/wp\/v2\/types\/page"}],"author":[{"embeddable":true,"href":"https:\/\/jvelektronika.cz\/index.php?rest_route=\/wp\/v2\/users\/1"}],"replies":[{"embeddable":true,"href":"https:\/\/jvelektronika.cz\/index.php?rest_route=%2Fwp%2Fv2%2Fcomments&post=2357"}],"version-history":[{"count":3,"href":"https:\/\/jvelektronika.cz\/index.php?rest_route=\/wp\/v2\/pages\/2357\/revisions"}],"predecessor-version":[{"id":2364,"href":"https:\/\/jvelektronika.cz\/index.php?rest_route=\/wp\/v2\/pages\/2357\/revisions\/2364"}],"up":[{"embeddable":true,"href":"https:\/\/jvelektronika.cz\/index.php?rest_route=\/wp\/v2\/pages\/2172"}],"wp:attachment":[{"href":"https:\/\/jvelektronika.cz\/index.php?rest_route=%2Fwp%2Fv2%2Fmedia&parent=2357"}],"curies":[{"name":"wp","href":"https:\/\/api.w.org\/{rel}","templated":true}]}}