{"id":234,"date":"2014-08-17T08:27:11","date_gmt":"2014-08-17T06:27:11","guid":{"rendered":"http:\/\/jvelektronika.cz\/?page_id=234"},"modified":"2014-08-17T08:27:11","modified_gmt":"2014-08-17T06:27:11","slug":"v-y-v-e-6-fyzika-zs","status":"publish","type":"page","link":"https:\/\/jvelektronika.cz\/?page_id=234","title":{"rendered":"V Y V E 6 &#8211; FYZIKA Z\u0160"},"content":{"rendered":"<div>\n<h1>V Y V E 6 &#8211; FYZIKA Z\u0160<\/h1>\n<\/div>\n<div>\n<div><ins>30.04.2013 20:29<\/ins><\/p>\n<h1>V Y V E\u00a0 6 &#8211; FYZIKA Z\u0160<\/h1>\n<p>&nbsp;<\/p>\n<p>V Y V E\u00a0 6 &#8211; FYZIKA Z\u0160<br \/>\nVoda, s\u016fl, elekt\u0159ina, citrusy atd<\/p>\n<\/div>\n<\/div>\n<p>&nbsp;<\/p>\n<div class=\"epyt-video-wrapper\"><iframe loading=\"lazy\"  style=\"display: block; margin: 0px auto;\"  id=\"_ytid_25650\"  width=\"640\" height=\"360\"  data-origwidth=\"640\" data-origheight=\"360\" src=\"https:\/\/www.youtube.com\/embed\/hXlcyF7irY8?enablejsapi=1&#038;autoplay=0&#038;cc_load_policy=0&#038;cc_lang_pref=&#038;iv_load_policy=1&#038;loop=0&#038;modestbranding=0&#038;rel=1&#038;fs=1&#038;playsinline=1&#038;autohide=2&#038;theme=dark&#038;color=red&#038;controls=1&#038;\" class=\"__youtube_prefs__  epyt-is-override  no-lazyload\" title=\"YouTube player\"  allow=\"accelerometer; autoplay; clipboard-write; encrypted-media; gyroscope; picture-in-picture\" allowfullscreen data-no-lazy=\"1\" data-skipgform_ajax_framebjll=\"\"><\/iframe><\/div>\n","protected":false},"excerpt":{"rendered":"<p>V Y V E 6 &#8211; FYZIKA Z\u0160 30.04.2013 20:29 V Y V E\u00a0 6 &#8211; FYZIKA Z\u0160 &nbsp; V Y V E\u00a0 6 &#8211; FYZIKA Z\u0160 Voda, s\u016fl, elekt\u0159ina, citrusy atd &nbsp;<\/p>\n","protected":false},"author":1,"featured_media":0,"parent":225,"menu_order":0,"comment_status":"closed","ping_status":"open","template":"","meta":{"footnotes":""},"_links":{"self":[{"href":"https:\/\/jvelektronika.cz\/index.php?rest_route=\/wp\/v2\/pages\/234"}],"collection":[{"href":"https:\/\/jvelektronika.cz\/index.php?rest_route=\/wp\/v2\/pages"}],"about":[{"href":"https:\/\/jvelektronika.cz\/index.php?rest_route=\/wp\/v2\/types\/page"}],"author":[{"embeddable":true,"href":"https:\/\/jvelektronika.cz\/index.php?rest_route=\/wp\/v2\/users\/1"}],"replies":[{"embeddable":true,"href":"https:\/\/jvelektronika.cz\/index.php?rest_route=%2Fwp%2Fv2%2Fcomments&post=234"}],"version-history":[{"count":1,"href":"https:\/\/jvelektronika.cz\/index.php?rest_route=\/wp\/v2\/pages\/234\/revisions"}],"predecessor-version":[{"id":235,"href":"https:\/\/jvelektronika.cz\/index.php?rest_route=\/wp\/v2\/pages\/234\/revisions\/235"}],"up":[{"embeddable":true,"href":"https:\/\/jvelektronika.cz\/index.php?rest_route=\/wp\/v2\/pages\/225"}],"wp:attachment":[{"href":"https:\/\/jvelektronika.cz\/index.php?rest_route=%2Fwp%2Fv2%2Fmedia&parent=234"}],"curies":[{"name":"wp","href":"https:\/\/api.w.org\/{rel}","templated":true}]}}