{"id":2284,"date":"2019-02-25T18:19:55","date_gmt":"2019-02-25T17:19:55","guid":{"rendered":"http:\/\/jvelektronika.cz\/?page_id=2284"},"modified":"2019-02-25T18:19:55","modified_gmt":"2019-02-25T17:19:55","slug":"schematacad-tvorba-vykresove-dokumentace","status":"publish","type":"page","link":"https:\/\/jvelektronika.cz\/?page_id=2284","title":{"rendered":"Sch\u00e9mataCAD &#8211; Tvorba v\u00fdkresov\u00e9 dokumentace"},"content":{"rendered":"<h2>Sch\u00e9mataCAD &#8211; Tvorba v\u00fdkresov\u00e9 dokumentace<\/h2>\n<p>&nbsp;<\/p>\n<p><b>Jednoduch\u00e9 pou\u017e\u00edv\u00e1n\u00ed a snadn\u00e9 ovl\u00e1d\u00e1n\u00ed<\/b><\/p>\n<p><b><\/b>Firma ELMER se \u0159\u00edd\u00ed z\u00e1sadou, \u017ee by u\u017eivatel m\u011bl um\u011bt software pou\u017e\u00edvat pokud mo\u017eno intuitivn\u011b, bez nutnosti listov\u00e1n\u00ed v manu\u00e1lu \u010di za\u0161kolov\u00e1n\u00ed. A\u010dkoliv Sch\u00e9mataCAD nem\u00edn\u00ed konkurovat slo\u017eit\u00fdm softwar\u016fm s nep\u0159ebern\u00fdmi mo\u017enostmi a volbami, tak i p\u0159esto nab\u00edz\u00ed ucelenou \u0159adu pot\u0159ebn\u00fdch a p\u0159itom jasn\u011b pochopiteln\u00fdch funkc\u00ed.<\/p>\n<p><b>Na\u010d\u00edt\u00e1n\u00ed 3D CAD v\u00fdkres\u016f ve form\u00e1tech DWG\/DXF<\/b><\/p>\n<p>Funkce na\u010d\u00edt\u00e1n\u00ed v obl\u00edben\u00fdch CAD v\u00fdkresov\u00fdch form\u00e1tech DWG\/DXF (v\u010detn\u011b nejnov\u011bj\u0161\u00ed verze 2017) je velmi \u010dasto pou\u017e\u00edv\u00e1na a \u0159ada u\u017eivatel\u016f zakresluje rozvody pr\u00e1v\u011b do takov\u00fdchto stavebn\u00edch podklad\u016f. Tento import v\u00fdkres\u016f je velmi propracovan\u00fd. Jsou na\u010dteny a spr\u00e1vn\u011b zobrazeny ve\u0161ker\u00e9 prvky, bloky i extern\u00ed reference, zachov\u00e1ny jsou typy p\u00edsem, \u0161rafy a zejm\u00e9na styly \u010dar, v\u010detn\u011b komplexn\u00edch \u010dar (nap\u0159. \u010d\u00e1ry s vlnovkami), tak d\u016fle\u017eit\u00fdch pro kreslen\u00ed in\u017een\u00fdrsk\u00fdch s\u00edt\u00ed. Novinkou je na\u010d\u00edt\u00e1n\u00ed i trojrozm\u011brn\u00fdch 3D v\u00fdkres\u016f s mo\u017enost\u00ed nat\u00e1\u010den\u00ed v prostoru.<\/p>\n<p>&nbsp;<\/p>\n<p><a href=\"http:\/\/jvelektronika.cz\/wp-content\/uploads\/2019\/02\/cad1.png\"><img decoding=\"async\" loading=\"lazy\" class=\"aligncenter size-full wp-image-2285\" src=\"http:\/\/jvelektronika.cz\/wp-content\/uploads\/2019\/02\/cad1.png\" alt=\"\" width=\"639\" height=\"556\" srcset=\"https:\/\/jvelektronika.cz\/wp-content\/uploads\/2019\/02\/cad1.png 639w, https:\/\/jvelektronika.cz\/wp-content\/uploads\/2019\/02\/cad1-300x261.png 300w\" sizes=\"(max-width: 639px) 100vw, 639px\" \/><\/a><\/p>\n<p>&nbsp;<\/p>\n<p><b>Novinka &#8211; prohl\u00ed\u017ee\u010d v\u00fdkres\u016f pro Android tablety a mobily<\/b><\/p>\n<p>Software Sch\u00e9mataCAD je v\u00fdjime\u010dn\u00fd i t\u00edm, \u017ee funguje na dotykov\u00fdch Android tabletech a mobilech jako prohl\u00ed\u017ee\u010d CAD v\u00fdkres\u016f. Pr\u00e1v\u011b na tabletu je mo\u017en\u00e9 v\u00fdkres pohodln\u011b prohl\u00ed\u017eet v ter\u00e9nu, t\u0159eba na stavb\u011b. Pomoc\u00ed dotykov\u00e9 obrazovky lze v\u00fdkres posouvat, p\u0159ibli\u017eovat, ot\u00e1\u010det v prostoru, vyp\u00ednat vrstvy a ode\u010d\u00edtat vzd\u00e1lenosti. U\u017eivatel nyn\u00ed m\u016f\u017ee m\u00edt sv\u00e9 v\u00fdkresy kdykoliv a kdekoliv s sebou.<\/p>\n<p><b>\u0160irok\u00fd v\u00fdb\u011br sch\u00e9matick\u00fdch zna\u010dek<br \/>\n<\/b>V softwaru je p\u0159ipraveno v\u00edce ne\u017e 1200 elektrotechnick\u00fdch zna\u010dek. Zna\u010dky lze ve v\u00fdkresu popisovat, p\u0159esouvat, kop\u00edrovat a propojovat automatick\u00fdmi spoji, kter\u00e9 vykresl\u00ed optim\u00e1ln\u00ed veden\u00ed spoje Vzhled zna\u010dek lze upravovat a jednodu\u0161e je mo\u017en\u00e9 nakreslit nov\u00e9 zna\u010dky a p\u0159idat je do knihovny. U\u017eite\u010dn\u00e1 je i mo\u017enost hromadn\u00e9 opravy \u010di z\u00e1m\u011bny stejn\u00fdch zna\u010dek na ji\u017e hotov\u00e9m v\u00fdkresu.<\/p>\n<p><a href=\"http:\/\/jvelektronika.cz\/wp-content\/uploads\/2019\/02\/cad2.png\"><img decoding=\"async\" loading=\"lazy\" class=\"aligncenter size-full wp-image-2286\" src=\"http:\/\/jvelektronika.cz\/wp-content\/uploads\/2019\/02\/cad2.png\" alt=\"\" width=\"639\" height=\"625\" srcset=\"https:\/\/jvelektronika.cz\/wp-content\/uploads\/2019\/02\/cad2.png 639w, https:\/\/jvelektronika.cz\/wp-content\/uploads\/2019\/02\/cad2-300x293.png 300w\" sizes=\"(max-width: 639px) 100vw, 639px\" \/><\/a><\/p>\n<p>&nbsp;<\/p>\n<p><b>Kreslen\u00ed instala\u010dn\u00edch v\u00fdkres\u016f<\/b><\/p>\n<p><b> <\/b>Kreslen\u00ed rozvodu instalace do p\u016fdorysu je jednou ze st\u011b\u017eejn\u00edch oblast\u00ed vyu\u017eit\u00ed softwaru Sch\u00e9mataCAD. Pro tvorbu p\u016fdorysu je funkce na kreslen\u00ed zd\u00ed nebo lze na\u010d\u00edtat v\u00fdkresy p\u016fdorysu v nejpou\u017e\u00edvan\u011bj\u0161\u00edm form\u00e1tu DWG a DXF. Dokonce i pap\u00edrov\u00fd v\u00fdkres lze pomoc\u00ed skeneru a funkce pro inteligentn\u00ed rozklad obr\u00e1zku p\u0159ev\u00e9st na pln\u011b upraviteln\u00fd v\u00fdkres.<\/p>\n<p>&nbsp;<\/p>\n<p>ZDROJ INFORMAC\u00cd: https:\/\/www.elmer.cz\/<\/p>\n<p>&nbsp;<\/p>\n<p>Publikov\u00e1no 25. 02. 2019<\/p>\n","protected":false},"excerpt":{"rendered":"<p>Sch\u00e9mataCAD &#8211; Tvorba v\u00fdkresov\u00e9 dokumentace &nbsp; Jednoduch\u00e9 pou\u017e\u00edv\u00e1n\u00ed a snadn\u00e9 ovl\u00e1d\u00e1n\u00ed Firma ELMER se \u0159\u00edd\u00ed z\u00e1sadou, \u017ee by u\u017eivatel m\u011bl um\u011bt software pou\u017e\u00edvat pokud mo\u017eno intuitivn\u011b, bez nutnosti listov\u00e1n\u00ed v manu\u00e1lu \u010di za\u0161kolov\u00e1n\u00ed. A\u010dkoliv Sch\u00e9mataCAD nem\u00edn\u00ed konkurovat slo\u017eit\u00fdm softwar\u016fm s nep\u0159ebern\u00fdmi mo\u017enostmi a volbami, tak i p\u0159esto nab\u00edz\u00ed ucelenou \u0159adu [&hellip;]<\/p>\n","protected":false},"author":1,"featured_media":0,"parent":2172,"menu_order":0,"comment_status":"closed","ping_status":"closed","template":"","meta":{"footnotes":""},"_links":{"self":[{"href":"https:\/\/jvelektronika.cz\/index.php?rest_route=\/wp\/v2\/pages\/2284"}],"collection":[{"href":"https:\/\/jvelektronika.cz\/index.php?rest_route=\/wp\/v2\/pages"}],"about":[{"href":"https:\/\/jvelektronika.cz\/index.php?rest_route=\/wp\/v2\/types\/page"}],"author":[{"embeddable":true,"href":"https:\/\/jvelektronika.cz\/index.php?rest_route=\/wp\/v2\/users\/1"}],"replies":[{"embeddable":true,"href":"https:\/\/jvelektronika.cz\/index.php?rest_route=%2Fwp%2Fv2%2Fcomments&post=2284"}],"version-history":[{"count":1,"href":"https:\/\/jvelektronika.cz\/index.php?rest_route=\/wp\/v2\/pages\/2284\/revisions"}],"predecessor-version":[{"id":2287,"href":"https:\/\/jvelektronika.cz\/index.php?rest_route=\/wp\/v2\/pages\/2284\/revisions\/2287"}],"up":[{"embeddable":true,"href":"https:\/\/jvelektronika.cz\/index.php?rest_route=\/wp\/v2\/pages\/2172"}],"wp:attachment":[{"href":"https:\/\/jvelektronika.cz\/index.php?rest_route=%2Fwp%2Fv2%2Fmedia&parent=2284"}],"curies":[{"name":"wp","href":"https:\/\/api.w.org\/{rel}","templated":true}]}}