{"id":228,"date":"2014-08-17T08:22:08","date_gmt":"2014-08-17T06:22:08","guid":{"rendered":"http:\/\/jvelektronika.cz\/?page_id=228"},"modified":"2014-08-17T08:22:08","modified_gmt":"2014-08-17T06:22:08","slug":"tuha-v-praxi","status":"publish","type":"page","link":"https:\/\/jvelektronika.cz\/?page_id=228","title":{"rendered":"Tuha v praxi"},"content":{"rendered":"<div>\n<h1>Tuha v praxi<\/h1>\n<\/div>\n<div>\n<div><ins>02.03.2013 17:25<\/ins><\/p>\n<h1>Tuha v praxi<\/h1>\n<p>&nbsp;<\/p>\n<p><strong>V Y V E\u00a0\u00a0\u00a0\u00a0\u00a0 \u010c. 3<\/strong><\/p>\n<p>&nbsp;<\/p>\n<h3>V\u00fdukov\u00e9 video elektrotechnick\u00e9<\/h3>\n<p>&nbsp;<\/p>\n<p>Odpor tuhy a jej\u00ed pou\u017eit\u00ed.<\/p>\n<\/div>\n<\/div>\n<p>&nbsp;<\/p>\n<div class=\"epyt-video-wrapper\"><iframe loading=\"lazy\"  style=\"display: block; margin: 0px auto;\"  id=\"_ytid_77138\"  width=\"640\" height=\"360\"  data-origwidth=\"640\" data-origheight=\"360\" src=\"https:\/\/www.youtube.com\/embed\/_lhGJKjweMk?enablejsapi=1&#038;autoplay=0&#038;cc_load_policy=0&#038;cc_lang_pref=&#038;iv_load_policy=1&#038;loop=0&#038;modestbranding=0&#038;rel=1&#038;fs=1&#038;playsinline=1&#038;autohide=2&#038;theme=dark&#038;color=red&#038;controls=1&#038;\" class=\"__youtube_prefs__  epyt-is-override  no-lazyload\" title=\"YouTube player\"  allow=\"accelerometer; autoplay; clipboard-write; encrypted-media; gyroscope; picture-in-picture\" allowfullscreen data-no-lazy=\"1\" data-skipgform_ajax_framebjll=\"\"><\/iframe><\/div>\n","protected":false},"excerpt":{"rendered":"<p>Tuha v praxi 02.03.2013 17:25 Tuha v praxi &nbsp; V Y V E\u00a0\u00a0\u00a0\u00a0\u00a0 \u010c. 3 &nbsp; V\u00fdukov\u00e9 video elektrotechnick\u00e9 &nbsp; Odpor tuhy a jej\u00ed pou\u017eit\u00ed. &nbsp;<\/p>\n","protected":false},"author":1,"featured_media":0,"parent":225,"menu_order":0,"comment_status":"closed","ping_status":"open","template":"","meta":{"footnotes":""},"_links":{"self":[{"href":"https:\/\/jvelektronika.cz\/index.php?rest_route=\/wp\/v2\/pages\/228"}],"collection":[{"href":"https:\/\/jvelektronika.cz\/index.php?rest_route=\/wp\/v2\/pages"}],"about":[{"href":"https:\/\/jvelektronika.cz\/index.php?rest_route=\/wp\/v2\/types\/page"}],"author":[{"embeddable":true,"href":"https:\/\/jvelektronika.cz\/index.php?rest_route=\/wp\/v2\/users\/1"}],"replies":[{"embeddable":true,"href":"https:\/\/jvelektronika.cz\/index.php?rest_route=%2Fwp%2Fv2%2Fcomments&post=228"}],"version-history":[{"count":1,"href":"https:\/\/jvelektronika.cz\/index.php?rest_route=\/wp\/v2\/pages\/228\/revisions"}],"predecessor-version":[{"id":229,"href":"https:\/\/jvelektronika.cz\/index.php?rest_route=\/wp\/v2\/pages\/228\/revisions\/229"}],"up":[{"embeddable":true,"href":"https:\/\/jvelektronika.cz\/index.php?rest_route=\/wp\/v2\/pages\/225"}],"wp:attachment":[{"href":"https:\/\/jvelektronika.cz\/index.php?rest_route=%2Fwp%2Fv2%2Fmedia&parent=228"}],"curies":[{"name":"wp","href":"https:\/\/api.w.org\/{rel}","templated":true}]}}