{"id":225,"date":"2014-08-17T08:20:38","date_gmt":"2014-08-17T06:20:38","guid":{"rendered":"http:\/\/jvelektronika.cz\/?page_id=225"},"modified":"2014-08-17T10:36:56","modified_gmt":"2014-08-17T08:36:56","slug":"v-y-v-e","status":"publish","type":"page","link":"https:\/\/jvelektronika.cz\/?page_id=225","title":{"rendered":"V Y V E"},"content":{"rendered":"<h2><span style=\"color: #00ff00;\">V\u00ddUKOV\u00c1 VIDEA ELEKTROTECHNICK\u00c1<\/span><\/h2>\n<p>&nbsp;<\/p>\n<h1><a href=\"http:\/\/jvelektronika.cz\/?page_id=230\" target=\"_blank\">Reproduktory<\/a><\/h1>\n<p>&nbsp;<\/p>\n<h1><a href=\"http:\/\/jvelektronika.cz\/?page_id=228\" target=\"_blank\">Tuha v praxi<\/a><\/h1>\n<p>&nbsp;<\/p>\n<h1><a href=\"http:\/\/jvelektronika.cz\/?page_id=232\" target=\"_blank\">V Y V E 5 SPECI\u00c1L &#8211; BIOS<\/a><\/h1>\n<p>&nbsp;<\/p>\n<h1><a href=\"http:\/\/jvelektronika.cz\/?page_id=234\" target=\"_blank\">V Y V E 6 &#8211; FYZIKA Z\u0160<\/a><\/h1>\n<p>&nbsp;<\/p>\n<h1><\/h1>\n<h1><a href=\"http:\/\/jvelektronika.cz\/?page_id=236\" target=\"_blank\">V Y V E 7 &#8211; OSCILOSKOP: Z\u00c1KLADY A V\u00ddPO\u010cTY<\/a><\/h1>\n<p>&nbsp;<\/p>\n","protected":false},"excerpt":{"rendered":"<p>V\u00ddUKOV\u00c1 VIDEA ELEKTROTECHNICK\u00c1 &nbsp; Reproduktory &nbsp; Tuha v praxi &nbsp; V Y V E 5 SPECI\u00c1L &#8211; BIOS &nbsp; V Y V E 6 &#8211; FYZIKA Z\u0160 &nbsp; V Y V E 7 &#8211; OSCILOSKOP: Z\u00c1KLADY A V\u00ddPO\u010cTY &nbsp;<\/p>\n","protected":false},"author":1,"featured_media":0,"parent":39,"menu_order":0,"comment_status":"closed","ping_status":"open","template":"","meta":{"footnotes":""},"_links":{"self":[{"href":"https:\/\/jvelektronika.cz\/index.php?rest_route=\/wp\/v2\/pages\/225"}],"collection":[{"href":"https:\/\/jvelektronika.cz\/index.php?rest_route=\/wp\/v2\/pages"}],"about":[{"href":"https:\/\/jvelektronika.cz\/index.php?rest_route=\/wp\/v2\/types\/page"}],"author":[{"embeddable":true,"href":"https:\/\/jvelektronika.cz\/index.php?rest_route=\/wp\/v2\/users\/1"}],"replies":[{"embeddable":true,"href":"https:\/\/jvelektronika.cz\/index.php?rest_route=%2Fwp%2Fv2%2Fcomments&post=225"}],"version-history":[{"count":4,"href":"https:\/\/jvelektronika.cz\/index.php?rest_route=\/wp\/v2\/pages\/225\/revisions"}],"predecessor-version":[{"id":351,"href":"https:\/\/jvelektronika.cz\/index.php?rest_route=\/wp\/v2\/pages\/225\/revisions\/351"}],"up":[{"embeddable":true,"href":"https:\/\/jvelektronika.cz\/index.php?rest_route=\/wp\/v2\/pages\/39"}],"wp:attachment":[{"href":"https:\/\/jvelektronika.cz\/index.php?rest_route=%2Fwp%2Fv2%2Fmedia&parent=225"}],"curies":[{"name":"wp","href":"https:\/\/api.w.org\/{rel}","templated":true}]}}