{"id":2236,"date":"2019-02-02T16:10:19","date_gmt":"2019-02-02T15:10:19","guid":{"rendered":"http:\/\/jvelektronika.cz\/?page_id=2236"},"modified":"2019-02-02T16:10:19","modified_gmt":"2019-02-02T15:10:19","slug":"sony-xperia-xz4-odhalena-s-predstihem","status":"publish","type":"page","link":"https:\/\/jvelektronika.cz\/?page_id=2236","title":{"rendered":"Sony Xperia XZ4 odhalena s p\u0159edstihem"},"content":{"rendered":"<h2>Sony Xperia XZ4 odhalena s p\u0159edstihem<\/h2>\n<h1 class=\"entry-title\">Je zn\u00e1ma t\u00e9m\u011b\u0159 cel\u00e1 v\u00fdbava<\/h1>\n<p>&nbsp;<\/p>\n<div class=\"lead\">\n<ul class=\"entry-summary\">\n<li>\u010cte\u010dka se vrac\u00ed na prav\u00fd bok.<\/li>\n<li>O v\u00fdkon se postar\u00e1 Snapdragon 855 spolu s 6 a\u017e 8 GB RAM<\/li>\n<li>Na zadn\u00ed stran\u011b budou t\u0159i fotoapar\u00e1ty<\/li>\n<li>Pot\u011b\u0161\u00ed siln\u00e1 baterie s kapacitou 4 400 mAh<\/li>\n<\/ul>\n<\/div>\n<p>N\u011bkolik t\u00fddn\u016f p\u0159ed p\u0159edstaven\u00edm Xperie XZ4 do\u0161lo k \u00faniku specifikac\u00ed. Xperia bude m\u00edt ultra\u0161iroko\u00fahl\u00fd displej s pom\u011brem 21:9 a \u00fahlop\u0159\u00ed\u010dkou 6,5 palce. Typov\u011b p\u016fjde o OLED panel s rozli\u0161en\u00edm 3 360 \u00d7 1 440 pixel\u016f. O ochranu se postar\u00e1 sklo Gorilla Glass 5. Chyb\u011bt telefonu nebude ani zv\u00fd\u0161en\u00e1 odolnost IP68. Hardware obstar\u00e1 procesor Snapdragon 855 s 6GB RAM a 128GB \u00falo\u017ei\u0161t\u011bm. Pot\u011b\u0161\u00ed siln\u00e1 baterie s kapacitou 4 400 mAh.<\/p>\n<p>&nbsp;<\/p>\n<p><a href=\"http:\/\/jvelektronika.cz\/wp-content\/uploads\/2019\/02\/xz4jv.jpg\"><img decoding=\"async\" loading=\"lazy\" class=\"aligncenter size-full wp-image-2237\" src=\"http:\/\/jvelektronika.cz\/wp-content\/uploads\/2019\/02\/xz4jv.jpg\" alt=\"\" width=\"764\" height=\"503\" srcset=\"https:\/\/jvelektronika.cz\/wp-content\/uploads\/2019\/02\/xz4jv.jpg 764w, https:\/\/jvelektronika.cz\/wp-content\/uploads\/2019\/02\/xz4jv-300x198.jpg 300w\" sizes=\"(max-width: 764px) 100vw, 764px\" \/><\/a><\/p>\n<p>&nbsp;<\/p>\n<p><big class=\"panel__title panel__title--noline\" title=\"\">Z\u00e1kladn\u00ed \u00fadaje<\/big><\/p>\n<table class=\"catalogue-specs\">\n<tbody>\n<tr>\n<th>p\u0159edstaven\u00ed p\u0159\u00edstroje<\/th>\n<td>\u00fanor 2019<\/td>\n<\/tr>\n<tr>\n<th>za\u010d\u00e1tek prodeje<\/th>\n<td>Q1\u00a02019<\/td>\n<\/tr>\n<tr>\n<th>v\u00fdrobce<\/th>\n<td>Sony<\/td>\n<\/tr>\n<tr>\n<th>cena<\/th>\n<td>?<\/td>\n<\/tr>\n<\/tbody>\n<\/table>\n<p><big class=\"panel__title panel__title--noline\" title=\"\">Hardware<\/big><\/p>\n<table class=\"catalogue-specs\">\n<tbody>\n<tr>\n<th>rozm\u011bry<\/th>\n<td>167 \u00d7 72 \u00d7 8,2 mm<\/td>\n<\/tr>\n<tr>\n<th>hmotnost<\/th>\n<td>191 g<\/td>\n<\/tr>\n<tr>\n<th>typ konstrukce<\/th>\n<td>klasick\u00e1<\/td>\n<\/tr>\n<tr>\n<th>kl\u00e1vesnice<\/th>\n<td>dotykov\u00e1<\/td>\n<\/tr>\n<tr>\n<th>zv\u00fd\u0161en\u00e1 odolnost<\/th>\n<td>IP68<\/td>\n<\/tr>\n<tr>\n<th>v\u00fdm\u011bnn\u00e9 kryty<\/th>\n<td><span class=\"red\">ne<\/span><\/td>\n<\/tr>\n<tr>\n<th>typ SIM karty<\/th>\n<td>nano SIM<\/td>\n<\/tr>\n<tr>\n<th>slot pro 2 SIM karty<\/th>\n<td><span class=\"green\">ano<\/span><\/td>\n<\/tr>\n<tr>\n<th>senzory<\/th>\n<td>akcelerometr, gyroskop, senzor bl\u00edzkosti, senzor okoln\u00edho sv\u011btla, \u010dte\u010dka otisk\u016f prst\u016f<\/td>\n<\/tr>\n<tr class=\"title\">\n<th colspan=\"2\">Pam\u011b\u0165<\/th>\n<\/tr>\n<tr>\n<th>integrovan\u00e1 pam\u011b\u0165<\/th>\n<td>128\u00a0GB<\/td>\n<\/tr>\n<tr>\n<th>RAM<\/th>\n<td>6\u00a0GB<\/td>\n<\/tr>\n<tr>\n<th>pam\u011b\u0165ov\u00e9 karty<\/th>\n<td>microSDXC (max 512 GB)<\/td>\n<\/tr>\n<tr class=\"title\">\n<th colspan=\"2\">V\u00fdpo\u010detn\u00ed v\u00fdkon<\/th>\n<\/tr>\n<tr>\n<th>chipset<\/th>\n<td>Qualcomm Snapdragon 855<\/td>\n<\/tr>\n<tr>\n<th>procesor<\/th>\n<td>1\u00d72,84\u00a0GHz + 3\u00d72,42\u00a0GHz + 4\u00d71,8\u00a0GHz, 7\u00a0nm<\/td>\n<\/tr>\n<tr>\n<th>grafick\u00fd akceler\u00e1tor<\/th>\n<td>Adreno 640<\/td>\n<\/tr>\n<tr class=\"title\">\n<th colspan=\"2\">Konektivita<\/th>\n<\/tr>\n<tr>\n<th>syst\u00e9mov\u00fd konektor<\/th>\n<td>USB-C<\/td>\n<\/tr>\n<tr>\n<th>nab\u00edjen\u00ed z USB<\/th>\n<td><span class=\"green\">ano<\/span><\/td>\n<\/tr>\n<tr>\n<th>USB Mass Storage<\/th>\n<td>ne (MTP)<\/td>\n<\/tr>\n<tr>\n<th>audio konektor<\/th>\n<td>p\u0159es syst\u00e9mov\u00fd konektor<\/td>\n<\/tr>\n<tr>\n<th>USB host<\/th>\n<td><span class=\"green\">ano<\/span><\/td>\n<\/tr>\n<\/tbody>\n<\/table>\n<p><big class=\"panel__title panel__title--noline\" title=\"\">Displej<\/big><\/p>\n<table class=\"catalogue-specs\">\n<tbody>\n<tr>\n<th>typ<\/th>\n<td>AMOLED<\/td>\n<\/tr>\n<tr>\n<th>typ matice<\/th>\n<td>RGB<\/td>\n<\/tr>\n<tr>\n<th>rozli\u0161en\u00ed a jemnost<\/th>\n<td>3\u00a0360 \u00d7 1\u00a0440 px (562 PPI)<\/td>\n<\/tr>\n<tr>\n<th>\u00fahlop\u0159\u00ed\u010dka<\/th>\n<td>6,5&#8243;<\/td>\n<\/tr>\n<tr>\n<th>po\u010det barev<\/th>\n<td>16 mio.<\/td>\n<\/tr>\n<tr>\n<th>dotykov\u00fd displej<\/th>\n<td>kapacitn\u00ed<\/td>\n<\/tr>\n<tr>\n<th>zv\u00fd\u0161en\u00e1 citlivost<\/th>\n<td><span class=\"green\">ano<\/span><\/td>\n<\/tr>\n<tr>\n<th>tvrzen\u00e9 sklo<\/th>\n<td><span class=\"green\">ano<\/span><\/td>\n<\/tr>\n<tr>\n<th>stavov\u00e1 LED dioda<\/th>\n<td><span class=\"green\">ano<\/span><\/td>\n<\/tr>\n<tr class=\"title\">\n<th colspan=\"2\">Druh\u00fd displej<\/th>\n<\/tr>\n<\/tbody>\n<\/table>\n<p><big class=\"panel__title panel__title--noline\" title=\"\">Fotoapar\u00e1t a videokamera<\/big><\/p>\n<table class=\"catalogue-specs\">\n<tbody>\n<tr>\n<th>integrovan\u00fd fotoapar\u00e1t<\/th>\n<td><span class=\"green\">ano<\/span><\/td>\n<\/tr>\n<tr>\n<th>blesk<\/th>\n<td>LED dioda<\/td>\n<\/tr>\n<tr class=\"title\">\n<th colspan=\"2\">Ost\u0159en\u00ed<\/th>\n<\/tr>\n<tr>\n<th>autofokus<\/th>\n<td><span class=\"green\">ano<\/span><\/td>\n<\/tr>\n<tr>\n<th>touch focus<\/th>\n<td><span class=\"green\">ano<\/span><\/td>\n<\/tr>\n<tr>\n<th>makro re\u017eim<\/th>\n<td><span class=\"green\">ano<\/span><\/td>\n<\/tr>\n<tr>\n<th>detekce obli\u010deje<\/th>\n<td><span class=\"green\">ano<\/span><\/td>\n<\/tr>\n<tr class=\"title\">\n<th colspan=\"2\">Nastaven\u00ed obrazu<\/th>\n<\/tr>\n<tr>\n<th>kompenzace expozice<\/th>\n<td><span class=\"green\">ano<\/span><\/td>\n<\/tr>\n<tr>\n<th>vyv\u00e1\u017een\u00ed b\u00edl\u00e9<\/th>\n<td><span class=\"green\">ano<\/span><\/td>\n<\/tr>\n<tr>\n<th>panorama<\/th>\n<td><span class=\"green\">ano<\/span><\/td>\n<\/tr>\n<tr class=\"title\">\n<th colspan=\"2\">Dal\u0161\u00ed parametry<\/th>\n<\/tr>\n<tr>\n<th>zoom<\/th>\n<td>digit\u00e1ln\u00ed<\/td>\n<\/tr>\n<tr>\n<th>samospou\u0161\u0165<\/th>\n<td><span class=\"green\">ano<\/span><\/td>\n<\/tr>\n<tr>\n<th>burst mode<\/th>\n<td><span class=\"green\">ano<\/span><\/td>\n<\/tr>\n<tr>\n<th>stabiliz\u00e1tor obrazu<\/th>\n<td><span class=\"green\">ano<\/span> (digit\u00e1ln\u00ed)<\/td>\n<\/tr>\n<tr>\n<th>geotagging<\/th>\n<td><span class=\"green\">ano<\/span><\/td>\n<\/tr>\n<tr>\n<th>hardwarov\u00e1 spou\u0161\u0165<\/th>\n<td><span class=\"green\">ano<\/span><\/td>\n<\/tr>\n<tr class=\"title\">\n<th colspan=\"2\">Videokamera<\/th>\n<\/tr>\n<tr>\n<th>nat\u00e1\u010den\u00ed videa<\/th>\n<td><span class=\"green\">ano<\/span><\/td>\n<\/tr>\n<tr>\n<th>rozli\u0161en\u00ed<\/th>\n<td>3\u00a0840 \u00d7 2\u00a0160 px<\/td>\n<\/tr>\n<tr>\n<th>rychlost<\/th>\n<td>30 FPS<\/td>\n<\/tr>\n<tr>\n<th>form\u00e1t<\/th>\n<td>mp4<\/td>\n<\/tr>\n<tr>\n<th>kontinu\u00e1ln\u00ed zaost\u0159ov\u00e1n\u00ed<\/th>\n<td><span class=\"green\">ano<\/span><\/td>\n<\/tr>\n<tr class=\"title\">\n<th colspan=\"2\">Sekund\u00e1rn\u00ed fotoapar\u00e1t<\/th>\n<\/tr>\n<tr>\n<th>mo\u017enost focen\u00ed<\/th>\n<td><span class=\"green\">ano<\/span><\/td>\n<\/tr>\n<tr>\n<th>mo\u017enost nat\u00e1\u010den\u00ed videa<\/th>\n<td><span class=\"green\">ano<\/span><\/td>\n<\/tr>\n<\/tbody>\n<\/table>\n<p><big class=\"panel__title panel__title--noline\" title=\"\">V\u00fddr\u017e<\/big><\/p>\n<table class=\"catalogue-specs\">\n<tbody>\n<tr>\n<th>akumul\u00e1tor<\/th>\n<td>Li-Ion (4\u00a0400 mAh)<\/td>\n<\/tr>\n<tr>\n<th>vym\u011bniteln\u00e1 baterie<\/th>\n<td><span class=\"red\">ne<\/span><\/td>\n<\/tr>\n<tr>\n<th>bezdr\u00e1tov\u00e9 nab\u00edjen\u00ed<\/th>\n<td><span class=\"green\">ano<\/span><\/td>\n<\/tr>\n<tr>\n<th>doba hovoru<\/th>\n<td>? minut<\/td>\n<\/tr>\n<tr class=\"title\">\n<th colspan=\"2\">Testy v\u00fddr\u017ee<\/th>\n<\/tr>\n<\/tbody>\n<\/table>\n<p><big class=\"panel__title panel__title--noline\" title=\"\">S\u00edt\u011b a datov\u00e9 funkce<\/big><\/p>\n<table class=\"catalogue-specs\">\n<tbody>\n<tr>\n<th>GSM p\u00e1sma<\/th>\n<td>850 \/ 900 \/ 1800 \/ 1900 MHz<\/td>\n<\/tr>\n<tr>\n<th>W-CDMA (3G) p\u00e1sma<\/th>\n<td>850 \/ 900 \/ 1 900 \/ 2 100 MHz<\/td>\n<\/tr>\n<tr>\n<th>LTE p\u00e1sma<\/th>\n<td>700 \/ 800 \/ 850 \/ 900 \/ 1 700 \/ 1 800 \/ 1 900 \/ 2 100 \/ 2 600 MHz<\/td>\n<\/tr>\n<tr>\n<th>GPRS<\/th>\n<td><span class=\"green\">ano<\/span><\/td>\n<\/tr>\n<tr>\n<th>EDGE<\/th>\n<td><span class=\"green\">ano<\/span><\/td>\n<\/tr>\n<tr>\n<th>HSPA<\/th>\n<td>42 Mb\/s<\/td>\n<\/tr>\n<tr>\n<th>LTE<\/th>\n<td>1 200 \/ 150 Mb\/s<\/td>\n<\/tr>\n<tr>\n<th>Wi-Fi<\/th>\n<td>802.11a\/b\/g\/n\/ac<\/td>\n<\/tr>\n<tr>\n<th>Wi-Fi Direct<\/th>\n<td><span class=\"green\">ano<\/span><\/td>\n<\/tr>\n<tr>\n<th>NFC<\/th>\n<td><span class=\"green\">ano<\/span><\/td>\n<\/tr>\n<tr>\n<th>NFC Secure Element<\/th>\n<td>na SIM kart\u011b<\/td>\n<\/tr>\n<tr>\n<th>Infraport<\/th>\n<td><span class=\"red\">ne<\/span><\/td>\n<\/tr>\n<tr>\n<th>Bluetooth<\/th>\n<td>5.0<\/td>\n<\/tr>\n<tr>\n<th>sd\u00edlen\u00ed internetu<\/th>\n<td><span class=\"green\">ano<\/span><\/td>\n<\/tr>\n<\/tbody>\n<\/table>\n<p><big class=\"panel__title panel__title--noline\" title=\"\">Software<\/big><\/p>\n<table class=\"catalogue-specs\">\n<tbody>\n<tr>\n<th>opera\u010dn\u00ed syst\u00e9m<\/th>\n<td>Android 9.0<\/td>\n<\/tr>\n<tr>\n<th>multitasking<\/th>\n<td><span class=\"green\">ano<\/span><\/td>\n<\/tr>\n<tr>\n<th>\u010desk\u00e1 lokalizace<\/th>\n<td><span class=\"green\">ano<\/span><\/td>\n<\/tr>\n<tr>\n<th>hlasov\u00e9 ovl\u00e1d\u00e1n\u00ed<\/th>\n<td><span class=\"green\">ano<\/span><\/td>\n<\/tr>\n<tr>\n<th>hlasov\u00fd asistent<\/th>\n<td>Google Assistant<\/td>\n<\/tr>\n<tr>\n<th>mo\u017enost zm\u011bny velikosti p\u00edsma<\/th>\n<td><span class=\"green\">ano<\/span><\/td>\n<\/tr>\n<tr class=\"title\">\n<th colspan=\"2\">Internetov\u00fd prohl\u00ed\u017ee\u010d<\/th>\n<\/tr>\n<tr>\n<th>prohl\u00ed\u017ee\u010d<\/th>\n<td>Google Chrome<\/td>\n<\/tr>\n<tr>\n<th>Adobe Flash<\/th>\n<td><span class=\"red\">ne<\/span><\/td>\n<\/tr>\n<tr class=\"title\">\n<th colspan=\"2\">Soci\u00e1ln\u00ed s\u00edt\u011b<\/th>\n<\/tr>\n<tr>\n<th>p\u0159edinstalovan\u00ed klienti<\/th>\n<td>Facebook, Google+<\/td>\n<\/tr>\n<tr>\n<th>integrace se seznamem kontakt\u016f a kalend\u00e1\u0159em<\/th>\n<td><span class=\"green\">ano<\/span><\/td>\n<\/tr>\n<\/tbody>\n<\/table>\n<p><big class=\"panel__title panel__title--noline\" title=\"\">Telefonov\u00e1n\u00ed<\/big><\/p>\n<table class=\"catalogue-specs\">\n<tbody>\n<tr>\n<th>v\u00edcepolo\u017ekov\u00fd seznam<\/th>\n<td><span class=\"green\">ano<\/span><\/td>\n<\/tr>\n<tr>\n<th>synchronizace kontakt\u016f<\/th>\n<td>Google, MS Exchange<\/td>\n<\/tr>\n<tr>\n<th>melodie u kontaktu \u010di skupiny<\/th>\n<td><span class=\"green\">ano<\/span><\/td>\n<\/tr>\n<tr>\n<th>hlasov\u00e9 vyt\u00e1\u010den\u00ed<\/th>\n<td><span class=\"green\">ano<\/span><\/td>\n<\/tr>\n<tr>\n<th>skupiny volaj\u00edc\u00edch<\/th>\n<td><span class=\"green\">ano<\/span><\/td>\n<\/tr>\n<tr>\n<th>filtrov\u00e1n\u00ed hovor\u016f<\/th>\n<td><span class=\"green\">ano<\/span><\/td>\n<\/tr>\n<tr>\n<th>mp3 vyzv\u00e1n\u011bn\u00ed<\/th>\n<td><span class=\"green\">ano<\/span><\/td>\n<\/tr>\n<tr>\n<th>vyzv\u00e1n\u011bc\u00ed profily<\/th>\n<td><span class=\"red\">ne<\/span><\/td>\n<\/tr>\n<\/tbody>\n<\/table>\n<p><big class=\"panel__title panel__title--noline\" title=\"\">Zpr\u00e1vy a Instant Messaging<\/big><\/p>\n<table class=\"catalogue-specs\">\n<tbody>\n<tr class=\"title\">\n<th colspan=\"2\">Zpr\u00e1vy<\/th>\n<\/tr>\n<tr>\n<th>slovn\u00edk pro rychl\u00e9 psan\u00ed<\/th>\n<td><span class=\"green\">ano<\/span><\/td>\n<\/tr>\n<tr>\n<th>MMS<\/th>\n<td><span class=\"green\">ano<\/span><\/td>\n<\/tr>\n<tr>\n<th>vlastn\u00ed zvuk zpr\u00e1v<\/th>\n<td><span class=\"green\">ano<\/span><\/td>\n<\/tr>\n<tr>\n<th>IM klienti<\/th>\n<td>Hangouts<\/td>\n<\/tr>\n<tr class=\"title\">\n<th colspan=\"2\">E-mail<\/th>\n<\/tr>\n<tr>\n<th>e-mailov\u00fd klient<\/th>\n<td><span class=\"green\">ano<\/span><\/td>\n<\/tr>\n<tr>\n<th>pr\u00e1ce s p\u0159\u00edlohami<\/th>\n<td><span class=\"green\">ano<\/span><\/td>\n<\/tr>\n<tr>\n<th>stahov\u00e1n\u00ed na pozad\u00ed<\/th>\n<td><span class=\"green\">ano<\/span><\/td>\n<\/tr>\n<tr>\n<th>MS Exchange<\/th>\n<td><span class=\"green\">ano<\/span><\/td>\n<\/tr>\n<\/tbody>\n<\/table>\n<p><big class=\"panel__title panel__title--noline\" title=\"\">Organiza\u010dn\u00ed a pracovn\u00ed funkce<\/big><\/p>\n<table class=\"catalogue-specs\">\n<tbody>\n<tr class=\"title\">\n<th colspan=\"2\">Organizace \u010dasu<\/th>\n<\/tr>\n<tr>\n<th>kalend\u00e1\u0159<\/th>\n<td><span class=\"green\">ano<\/span><\/td>\n<\/tr>\n<tr>\n<th>upom\u00ednky<\/th>\n<td><span class=\"green\">ano<\/span><\/td>\n<\/tr>\n<tr>\n<th>\u00fakolovn\u00edk<\/th>\n<td><span class=\"red\">ne<\/span><\/td>\n<\/tr>\n<tr>\n<th>pozn\u00e1mky<\/th>\n<td><span class=\"red\">ne<\/span><\/td>\n<\/tr>\n<tr>\n<th>synchronizace s PC<\/th>\n<td><span class=\"green\">ano<\/span><\/td>\n<\/tr>\n<tr>\n<th>synchronizace on-line<\/th>\n<td><span class=\"green\">ano<\/span><\/td>\n<\/tr>\n<tr class=\"title\">\n<th colspan=\"2\">N\u00e1stroje<\/th>\n<\/tr>\n<tr>\n<th>bud\u00edk<\/th>\n<td><span class=\"green\">ano<\/span><\/td>\n<\/tr>\n<tr>\n<th>opakovan\u00fd bud\u00edk<\/th>\n<td><span class=\"green\">ano<\/span><\/td>\n<\/tr>\n<tr>\n<th>bud\u00edk p\u0159i vypnut\u00e9m p\u0159\u00edstroji<\/th>\n<td><span class=\"red\">ne<\/span><\/td>\n<\/tr>\n<tr>\n<th>vlastn\u00ed melodie buzen\u00ed<\/th>\n<td><span class=\"green\">ano<\/span><\/td>\n<\/tr>\n<tr>\n<th>pracovn\u00ed n\u00e1stroje<\/th>\n<td>prohl\u00ed\u017ee\u010d Office dokument\u016f, editor Office dokument\u016f, prohl\u00ed\u017ee\u010d PDF, spr\u00e1vce soubor\u016f<\/td>\n<\/tr>\n<tr>\n<th>dal\u0161\u00ed n\u00e1stroje<\/th>\n<td>kalkula\u010dka, diktafon, stopky, odpo\u010det \u010dasu<\/td>\n<\/tr>\n<\/tbody>\n<\/table>\n<p><big class=\"panel__title panel__title--noline\" title=\"\">Z\u00e1bava a multim\u00e9dia<\/big><\/p>\n<table class=\"catalogue-specs\">\n<tbody>\n<tr class=\"title\">\n<th colspan=\"2\">Obr\u00e1zky<\/th>\n<\/tr>\n<tr>\n<th>prohl\u00ed\u017ee\u010d obr\u00e1zk\u016f<\/th>\n<td><span class=\"green\">ano<\/span><\/td>\n<\/tr>\n<tr>\n<th>editor obr\u00e1zk\u016f<\/th>\n<td><span class=\"green\">ano<\/span><\/td>\n<\/tr>\n<tr class=\"title\">\n<th colspan=\"2\">Videa<\/th>\n<\/tr>\n<tr>\n<th>p\u0159ehr\u00e1va\u010d videa<\/th>\n<td><span class=\"green\">ano<\/span><\/td>\n<\/tr>\n<tr>\n<th>editor videa<\/th>\n<td><span class=\"green\">ano<\/span><\/td>\n<\/tr>\n<tr class=\"title\">\n<th colspan=\"2\">Hudba<\/th>\n<\/tr>\n<tr>\n<th>hudebn\u00ed p\u0159ehr\u00e1va\u010d<\/th>\n<td><span class=\"green\">ano<\/span><\/td>\n<\/tr>\n<tr>\n<th>podporovan\u00e9 form\u00e1ty<\/th>\n<td>mp3, aac, wav, ogg, flac<\/td>\n<\/tr>\n<tr>\n<th>ekvaliz\u00e9r<\/th>\n<td><span class=\"green\">ano<\/span><\/td>\n<\/tr>\n<tr>\n<th>nastaviteln\u00fd ekvaliz\u00e9r<\/th>\n<td><span class=\"green\">ano<\/span><\/td>\n<\/tr>\n<tr>\n<th>stereo reproduktory<\/th>\n<td><span class=\"green\">ano<\/span><\/td>\n<\/tr>\n<tr>\n<th>FM r\u00e1dio<\/th>\n<td><span class=\"red\">ne<\/span><\/td>\n<\/tr>\n<\/tbody>\n<\/table>\n<p><big class=\"panel__title panel__title--noline\" title=\"\">GPS a navigace<\/big><\/p>\n<table class=\"catalogue-specs\">\n<tbody>\n<tr>\n<th>GPS<\/th>\n<td><span class=\"green\">ano<\/span><\/td>\n<\/tr>\n<tr>\n<th>GLONASS<\/th>\n<td><span class=\"green\">ano<\/span><\/td>\n<\/tr>\n<tr>\n<th>A-GPS<\/th>\n<td><span class=\"green\">ano<\/span><\/td>\n<\/tr>\n<tr>\n<th>elektronick\u00fd kompas<\/th>\n<td><span class=\"green\">ano<\/span><\/td>\n<\/tr>\n<tr class=\"title\">\n<th colspan=\"2\">Mapov\u00e1 aplikace<\/th>\n<\/tr>\n<tr>\n<th>n\u00e1zev mapov\u00e9 aplikace<\/th>\n<td>Google Mapy<\/td>\n<\/tr>\n<tr>\n<th>\u00falo\u017ei\u0161t\u011b map<\/th>\n<td>on-line (mo\u017enost st\u00e1hnout do mezipam\u011bti)<\/td>\n<\/tr>\n<tr>\n<th>automobilov\u00e1 navigace<\/th>\n<td><span class=\"green\">ano<\/span><\/td>\n<\/tr>\n<tr>\n<th>dal\u0161\u00ed typy navigace<\/th>\n<td>p\u011b\u0161\u00ed, MHD<\/td>\n<\/tr>\n<tr>\n<th>stahov\u00e1n\u00ed dopravn\u00ed situace \/ dal\u0161\u00edch informac\u00ed<\/th>\n<td><span class=\"green\">ano<\/span><\/td>\n<\/tr>\n<\/tbody>\n<\/table>\n<p><big class=\"panel__title panel__title--noline\" title=\"\">P\u0159\u00edslu\u0161enstv\u00ed<\/big><\/p>\n<table class=\"catalogue-specs\">\n<tbody>\n<tr>\n<th>z\u00e1kladn\u00ed p\u0159\u00edslu\u0161enstv\u00ed<\/th>\n<td>USB kabel<\/td>\n<\/tr>\n<tr>\n<th>dal\u0161\u00ed<\/th>\n<td>redukce z USB-C na 3,5mm jack<\/td>\n<\/tr>\n<\/tbody>\n<\/table>\n","protected":false},"excerpt":{"rendered":"<p>Sony Xperia XZ4 odhalena s p\u0159edstihem Je zn\u00e1ma t\u00e9m\u011b\u0159 cel\u00e1 v\u00fdbava &nbsp; \u010cte\u010dka se vrac\u00ed na prav\u00fd bok. O v\u00fdkon se postar\u00e1 Snapdragon 855 spolu s 6 a\u017e 8 GB RAM Na zadn\u00ed stran\u011b budou t\u0159i fotoapar\u00e1ty Pot\u011b\u0161\u00ed siln\u00e1 baterie s kapacitou 4 400 mAh N\u011bkolik t\u00fddn\u016f p\u0159ed p\u0159edstaven\u00edm Xperie [&hellip;]<\/p>\n","protected":false},"author":1,"featured_media":0,"parent":63,"menu_order":0,"comment_status":"closed","ping_status":"closed","template":"","meta":{"footnotes":""},"_links":{"self":[{"href":"https:\/\/jvelektronika.cz\/index.php?rest_route=\/wp\/v2\/pages\/2236"}],"collection":[{"href":"https:\/\/jvelektronika.cz\/index.php?rest_route=\/wp\/v2\/pages"}],"about":[{"href":"https:\/\/jvelektronika.cz\/index.php?rest_route=\/wp\/v2\/types\/page"}],"author":[{"embeddable":true,"href":"https:\/\/jvelektronika.cz\/index.php?rest_route=\/wp\/v2\/users\/1"}],"replies":[{"embeddable":true,"href":"https:\/\/jvelektronika.cz\/index.php?rest_route=%2Fwp%2Fv2%2Fcomments&post=2236"}],"version-history":[{"count":1,"href":"https:\/\/jvelektronika.cz\/index.php?rest_route=\/wp\/v2\/pages\/2236\/revisions"}],"predecessor-version":[{"id":2238,"href":"https:\/\/jvelektronika.cz\/index.php?rest_route=\/wp\/v2\/pages\/2236\/revisions\/2238"}],"up":[{"embeddable":true,"href":"https:\/\/jvelektronika.cz\/index.php?rest_route=\/wp\/v2\/pages\/63"}],"wp:attachment":[{"href":"https:\/\/jvelektronika.cz\/index.php?rest_route=%2Fwp%2Fv2%2Fmedia&parent=2236"}],"curies":[{"name":"wp","href":"https:\/\/api.w.org\/{rel}","templated":true}]}}