{"id":2196,"date":"2019-01-25T07:21:46","date_gmt":"2019-01-25T06:21:46","guid":{"rendered":"http:\/\/jvelektronika.cz\/?page_id=2196"},"modified":"2019-01-25T07:21:46","modified_gmt":"2019-01-25T06:21:46","slug":"testery-elektricke-bezpecnosti-schleich-glp2","status":"publish","type":"page","link":"https:\/\/jvelektronika.cz\/?page_id=2196","title":{"rendered":"Testery elektrick\u00e9 bezpe\u010dnosti Schleich GLP2"},"content":{"rendered":"<h1 class=\"article-title\"><span style=\"color: #3366ff;\">Testery elektrick\u00e9 bezpe\u010dnosti Schleich GLP2<\/span><\/h1>\n<p>&nbsp;<\/p>\n<p>Tyto p\u0159\u00edstroje poskytuj\u00ed neomezen\u00e9 mo\u017enosti konfigurace instalovan\u00fdch test\u016f, kter\u00e9 dokonale odpov\u00eddaj\u00ed individu\u00e1ln\u00edm specifikac\u00edm a o\u010dek\u00e1v\u00e1n\u00edm z\u00e1kazn\u00edk\u016f.<br \/>\nJedine\u010dn\u00e1 mo\u017enost kombinovat schopnosti tester\u016f Schleich je zalo\u017eena na modul\u00e1rn\u00ed koncepci &#8211; Schleich Modular Concept. Tento koncept byl vyvinut pro vytvo\u0159en\u00ed p\u0159izp\u016fsobiteln\u00fdch, cenov\u011b v\u00fdhodn\u00fdch tester\u016f. Specifickou vlastnost\u00ed tester\u016f SCHLEICH je integrovan\u00e9 automatick\u00e9 p\u0159ep\u00edn\u00e1n\u00ed mezi n\u00edzkonap\u011b\u0165ov\u00fdmi a vysokonap\u011b\u0165ov\u00fdmi testy. Proto m\u016f\u017ee b\u00fdt testovan\u00fd objekt automaticky testov\u00e1n pouze v jednom testovac\u00edm postupu, bez nutnosti p\u0159epojov\u00e1n\u00ed m\u011b\u0159ic\u00edch kabel\u016f \u010di svorek. D\u00edky t\u00e9to schopnosti je mo\u017en\u00e9 z\u00edskat cenov\u011b v\u00fdhodn\u00e9 a individu\u00e1ln\u011b p\u0159izp\u016fsoben\u00e9 multitestery (obr. 2).<\/p>\n<p>&nbsp;<\/p>\n<p><a href=\"http:\/\/jvelektronika.cz\/wp-content\/uploads\/2019\/01\/1obr.jpg\"><img decoding=\"async\" loading=\"lazy\" class=\"aligncenter size-full wp-image-2197\" src=\"http:\/\/jvelektronika.cz\/wp-content\/uploads\/2019\/01\/1obr.jpg\" alt=\"\" width=\"800\" height=\"290\" srcset=\"https:\/\/jvelektronika.cz\/wp-content\/uploads\/2019\/01\/1obr.jpg 800w, https:\/\/jvelektronika.cz\/wp-content\/uploads\/2019\/01\/1obr-300x109.jpg 300w, https:\/\/jvelektronika.cz\/wp-content\/uploads\/2019\/01\/1obr-768x278.jpg 768w\" sizes=\"(max-width: 800px) 100vw, 800px\" \/><\/a><\/p>\n<p>&nbsp;<\/p>\n<p>D\u00edky intuitivn\u00edmu a snadno ovladateln\u00e9mu softwaru jsou testery Schleich ide\u00e1ln\u00ed pro s\u00e9riovou v\u00fdrobu s dokumentac\u00ed v\u00fdsledk\u016f test\u016f i bez n\u00ed, ale p\u0159\u00edstroje lze pou\u017e\u00edvat tak\u00e9 pro ru\u010dn\u011b prov\u00e1d\u011bn\u00e9 testy, typov\u00e9 zkou\u0161ky a kontrolu materi\u00e1l\u016f v laborato\u0159\u00edch.<br \/>\nJejich opera\u010dn\u00edm syst\u00e9mem jsou Windows<sup>\u00a9<\/sup> Embedded Compact 7, kter\u00fd je dokonale vhodn\u00fd pro vestav\u011bn\u00e9 syst\u00e9my. Funk\u010dnost je podle o\u010dek\u00e1v\u00e1n\u00ed intuitivn\u00ed a logick\u00e1.<\/p>\n<p>&nbsp;<\/p>\n<p>Prioritou je p\u0159esnost a reprodukovatelnost nam\u011b\u0159en\u00fdch hodnot, ale i dlouhodob\u00e1 stabilita p\u0159\u00edstroj\u016f.<br \/>\nOvl\u00e1d\u00e1n\u00ed testeru je prost\u0159ednictv\u00edm dotykov\u00e9 obrazovky a barevn\u00e9ho displeje. Tento typ ovl\u00e1d\u00e1n\u00ed je standardem ve t\u0159\u00edd\u011b tester\u016f GLP2 ji\u017e 10 let. Ovl\u00e1d\u00e1n\u00ed cel\u00e9ho testeru lze prov\u00e1d\u011bt dotykem prstu se symboly na grafick\u00e9m displeji. Lze tak\u00e9 zadat \u010d\u00edsla a p\u00edsmena aktivac\u00ed virtu\u00e1ln\u00ed kl\u00e1vesnice. Nav\u00edc lze samoz\u0159ejm\u011b tak\u00e9 p\u0159ipojit norm\u00e1ln\u00ed kl\u00e1vesnici, my\u0161 a \/ nebo \u010dte\u010dku \u010d\u00e1rov\u00fdch k\u00f3d\u016f.<br \/>\nStandardn\u011b je p\u0159\u00edstroj GLP2-ce vybaven pam\u011bt\u00ed 4 GB, kter\u00e1 nab\u00edz\u00ed dostate\u010dnou kapacitu pro t\u00e9m\u011b\u0159 neomezen\u00fd po\u010det testovac\u00edch sekvenc\u00ed a v\u00fdsledky test\u016f. V\u00fdsledky testu mohou b\u00fdt bu\u010f vyti\u0161t\u011bny, ulo\u017eeny na USB-stick nebo ulo\u017eeny na serveru v s\u00edti z\u00e1kazn\u00edka.<\/p>\n<p>&nbsp;<\/p>\n<p><a href=\"http:\/\/jvelektronika.cz\/wp-content\/uploads\/2019\/01\/2obr.jpg\"><img decoding=\"async\" loading=\"lazy\" class=\"aligncenter size-full wp-image-2198\" src=\"http:\/\/jvelektronika.cz\/wp-content\/uploads\/2019\/01\/2obr.jpg\" alt=\"\" width=\"800\" height=\"477\" srcset=\"https:\/\/jvelektronika.cz\/wp-content\/uploads\/2019\/01\/2obr.jpg 800w, https:\/\/jvelektronika.cz\/wp-content\/uploads\/2019\/01\/2obr-300x179.jpg 300w, https:\/\/jvelektronika.cz\/wp-content\/uploads\/2019\/01\/2obr-768x458.jpg 768w\" sizes=\"(max-width: 800px) 100vw, 800px\" \/><\/a><\/p>\n<p>&nbsp;<\/p>\n<p>GLP2-ce m\u016f\u017ee b\u00fdt snadno integrov\u00e1n do datov\u00e9 s\u00edt\u011b u\u017eivatele (obr. 3). Po\u010det testovac\u00edch p\u0159\u00edstroj\u016f GLP2-ce v s\u00edti je neomezen\u00fd. Do s\u00edt\u011b lze ukl\u00e1dat jak testovac\u00ed sekvence, tak i v\u00fdsledky test\u016f dv\u011bma zp\u016fsoby. Bu\u010f na u\u017eivatelem ur\u010den\u00e1 datov\u00fd \u00falo\u017ei\u0161t\u011b v s\u00edti, nebo do datab\u00e1zov\u00fdch syst\u00e9m\u016f SQL u\u017eivatele.<br \/>\nV jedine\u010dn\u00e9m ru\u010dn\u00edm re\u017eimu (obr. 4) lze p\u0159\u00edmo pou\u017e\u00edt v\u0161echny testovac\u00ed metody integrovan\u00e9 do testeru. P\u0159edem nen\u00ed t\u0159eba \u017e\u00e1dn\u00e1 parametrizace testovac\u00ed sekvence. Je pouze nutn\u00e9 zvolit po\u017eadovanou zku\u0161ebn\u00ed metodu a spustit test. Hodnocen\u00ed testovan\u00e9ho objektu je tedy dostupn\u00e9 okam\u017eit\u011b a podrobn\u011b. Po ukon\u010den\u00ed manu\u00e1ln\u00edho testu lze samoz\u0159ejm\u011b nam\u011b\u0159en\u00e9 hodnoty ulo\u017eit pod specifick\u00fdm n\u00e1zvem v\u010detn\u011b nap\u0159. v\u00fdrobn\u00edho \u010d\u00edsla testovan\u00e9ho objektu do pam\u011bti p\u0159\u00edstroje a pozd\u011bji vytisknou protokol.<\/p>\n<p>&nbsp;<\/p>\n<p><a href=\"http:\/\/jvelektronika.cz\/wp-content\/uploads\/2019\/01\/obr3.jpg\"><img decoding=\"async\" loading=\"lazy\" class=\"aligncenter size-full wp-image-2199\" src=\"http:\/\/jvelektronika.cz\/wp-content\/uploads\/2019\/01\/obr3.jpg\" alt=\"\" width=\"800\" height=\"293\" srcset=\"https:\/\/jvelektronika.cz\/wp-content\/uploads\/2019\/01\/obr3.jpg 800w, https:\/\/jvelektronika.cz\/wp-content\/uploads\/2019\/01\/obr3-300x110.jpg 300w, https:\/\/jvelektronika.cz\/wp-content\/uploads\/2019\/01\/obr3-768x281.jpg 768w\" sizes=\"(max-width: 800px) 100vw, 800px\" \/><\/a><\/p>\n<p>&nbsp;<\/p>\n<p>Testery GLP2-ce mohou obsahovat voln\u011b definovan\u00e9 konfigurace test\u016f, podle po\u017eadavk\u016f u\u017eivatele:<\/p>\n<ul>\n<li>Testy PE\/ zemn\u00edho vodi\u010de a\u017e proudem do 200 A, elektronicky nastaviteln\u00e9 a \u0159\u00edzen\u00e9<\/li>\n<li>Test izola\u010dn\u00edho odporu a\u017e nap\u011bt\u00edm do 10 KV, 100 k\u03a9\u201310 G\u03a9, elektronicky nastaviteln\u00e9 a \u0159\u00edzen\u00e9<\/li>\n<li>Unikaj\u00edc\u00ed proudy od 0,1 \u00b5A do 30 mA a frekvence do 1MHz podle norem EN 60990 a EN 60601 a standard\u016f UL<\/li>\n<li>VN testy elektrick\u00e9 pevnosti st\u0159\u00eddav\u00fdm nap\u011bt\u00edm a\u017e do 100 KV, s bezpe\u010dnostn\u00edm omezen\u00edm proudu do 3 mA, bez omezen\u00ed a\u017e 2 A, elektronicky nastaviteln\u00e9 a \u0159\u00edzen\u00e9<\/li>\n<li>VN testy elektrick\u00e9 pevnosti stejnosm\u011brn\u00fdm nap\u011bt\u00edm a\u017e do 100 KV, s bezpe\u010dnostn\u00edm omezen\u00edm proudu do 4 mA, bez omezen\u00ed a\u017e 100mA, elektronicky nastaviteln\u00e9 a \u0159\u00edzen\u00e9 funk\u010dn\u00ed testy 1- a \/nebo 3-f\u00e1zov\u00e9 pro nap\u011bt\u00ed 1 a\u017e 690V AC a a\u017e do 120 A proudu z\u00e1t\u011b\u017ee<\/li>\n<li>Funk\u010dn\u00ed testy DC pro nap\u011bt\u00ed 1 a\u017e 500 DC a a\u017e do 120 A proudu z\u00e1t\u011b\u017ee<\/li>\n<li>P\u0159epo\u010dten\u00e9 unikaj\u00edc\u00ed proudy<\/li>\n<li>Zbytkov\u00e9 nap\u011bt\u00ed 1 a 3 f\u00e1zov\u00e9<\/li>\n<li>Odpor 1 m\u03a9\u2013500 M\u03a9<\/li>\n<li>Induk\u010dnost a kapacita<\/li>\n<\/ul>\n<p>&nbsp;<\/p>\n<p>Dal\u0161\u00ed podrobnosti o testerech GLP2 a dal\u0161\u00edch testovac\u00edch za\u0159\u00edzen\u00edch firmy Schleich z\u00edsk\u00e1te od v\u00fdhradn\u00edho z\u00e1stupce pro \u010cR a SR spole\u010dnosti <strong>Blue Panther s.r.o.<\/strong> <a href=\"https:\/\/www.blue-panther.cz\/\" target=\"_blank\" rel=\"noopener\">www.blue-panther.cz<\/a>.<\/p>\n<p>&nbsp;<\/p>\n<p>Publikov\u00e1no 25. 01. 2019<\/p>\n","protected":false},"excerpt":{"rendered":"<p>Testery elektrick\u00e9 bezpe\u010dnosti Schleich GLP2 &nbsp; Tyto p\u0159\u00edstroje poskytuj\u00ed neomezen\u00e9 mo\u017enosti konfigurace instalovan\u00fdch test\u016f, kter\u00e9 dokonale odpov\u00eddaj\u00ed individu\u00e1ln\u00edm specifikac\u00edm a o\u010dek\u00e1v\u00e1n\u00edm z\u00e1kazn\u00edk\u016f. Jedine\u010dn\u00e1 mo\u017enost kombinovat schopnosti tester\u016f Schleich je zalo\u017eena na modul\u00e1rn\u00ed koncepci &#8211; Schleich Modular Concept. Tento koncept byl vyvinut pro vytvo\u0159en\u00ed p\u0159izp\u016fsobiteln\u00fdch, cenov\u011b v\u00fdhodn\u00fdch tester\u016f. Specifickou vlastnost\u00ed tester\u016f [&hellip;]<\/p>\n","protected":false},"author":1,"featured_media":0,"parent":2172,"menu_order":0,"comment_status":"closed","ping_status":"closed","template":"","meta":{"footnotes":""},"_links":{"self":[{"href":"https:\/\/jvelektronika.cz\/index.php?rest_route=\/wp\/v2\/pages\/2196"}],"collection":[{"href":"https:\/\/jvelektronika.cz\/index.php?rest_route=\/wp\/v2\/pages"}],"about":[{"href":"https:\/\/jvelektronika.cz\/index.php?rest_route=\/wp\/v2\/types\/page"}],"author":[{"embeddable":true,"href":"https:\/\/jvelektronika.cz\/index.php?rest_route=\/wp\/v2\/users\/1"}],"replies":[{"embeddable":true,"href":"https:\/\/jvelektronika.cz\/index.php?rest_route=%2Fwp%2Fv2%2Fcomments&post=2196"}],"version-history":[{"count":1,"href":"https:\/\/jvelektronika.cz\/index.php?rest_route=\/wp\/v2\/pages\/2196\/revisions"}],"predecessor-version":[{"id":2200,"href":"https:\/\/jvelektronika.cz\/index.php?rest_route=\/wp\/v2\/pages\/2196\/revisions\/2200"}],"up":[{"embeddable":true,"href":"https:\/\/jvelektronika.cz\/index.php?rest_route=\/wp\/v2\/pages\/2172"}],"wp:attachment":[{"href":"https:\/\/jvelektronika.cz\/index.php?rest_route=%2Fwp%2Fv2%2Fmedia&parent=2196"}],"curies":[{"name":"wp","href":"https:\/\/api.w.org\/{rel}","templated":true}]}}