{"id":2179,"date":"2019-01-18T21:18:49","date_gmt":"2019-01-18T20:18:49","guid":{"rendered":"http:\/\/jvelektronika.cz\/?page_id=2179"},"modified":"2019-02-02T09:21:17","modified_gmt":"2019-02-02T08:21:17","slug":"arduino-pro-gateway-for-lora","status":"publish","type":"page","link":"https:\/\/jvelektronika.cz\/?page_id=2179","title":{"rendered":"Arduino Pro Gateway for LoRa"},"content":{"rendered":"<h1><span style=\"color: #3366ff;\">Arduino Pro Gateway for LoRa<\/span><\/h1>\n<p>&nbsp;<\/p>\n<p>Nov\u00fd modul od poloviny Ledna 2019 je v prodeji.<\/p>\n<p><span class=\"tlid-translation translation\">Sada Arduino<\/span><\/p>\n<h6>Pro Gateway for LoRa <span class=\"tlid-translation translation\">poskytuje konektivitu LoRa (dlouh\u00fd dosah) s pou\u017eit\u00edm ultra-dlouh\u00e9ho dosahu a vysokou odolnost\u00ed proti ru\u0161en\u00ed na p\u00e1smech 868 MHz.<br \/>\nBr\u00e1na nab\u00edz\u00ed a\u017e 8 kan\u00e1l\u016f LoRa ve frekvenci 868 MHz.Co\u017e je ide\u00e1ln\u00ed za\u0159\u00edzen\u00ed pro pou\u017eit\u00ed v aplikac\u00edch LoRaWAN.<\/span><\/h6>\n<p>M\u00e1 funkci Listen Before Talk. Po zapnut\u00ed za\u0159\u00edzen\u00ed p\u0159\u00edstroj nep\u0159etr\u017eit\u011b sleduje kan\u00e1ly a vys\u00edl\u00e1 pouze v p\u0159\u00edpad\u011b, \u017ee je kan\u00e1l voln\u00fd.<\/p>\n<p>Instalace, zaji\u0161t\u011bn\u00ed a vzd\u00e1len\u00e1 spr\u00e1va br\u00e1ny jsou neuv\u011b\u0159iteln\u011b jednoduch\u00e9 d\u00edky na\u0161\u00ed platform\u011b Arduino Create.<\/p>\n<p>&nbsp;<\/p>\n<p><a href=\"http:\/\/jvelektronika.cz\/wp-content\/uploads\/2019\/01\/cc2.jpg\"><img decoding=\"async\" loading=\"lazy\" class=\"aligncenter size-full wp-image-2181\" src=\"http:\/\/jvelektronika.cz\/wp-content\/uploads\/2019\/01\/cc2.jpg\" alt=\"\" width=\"500\" height=\"375\" srcset=\"https:\/\/jvelektronika.cz\/wp-content\/uploads\/2019\/01\/cc2.jpg 500w, https:\/\/jvelektronika.cz\/wp-content\/uploads\/2019\/01\/cc2-300x225.jpg 300w\" sizes=\"(max-width: 500px) 100vw, 500px\" \/><\/a><\/p>\n<p>&nbsp;<\/p>\n<p>&nbsp;<\/p>\n<p><span class=\"tlid-translation translation\"><span class=\"\" title=\"\">Souprava obsahuje:<\/span><\/span><\/p>\n<p><span class=\"\" title=\"\">LoRa\u00a0 s \u010dipovou sadou baseband SX1301<\/span><br \/>\n<span class=\"\" title=\"\">Adapt\u00e9r pro Raspberry Pi<\/span><br \/>\n<span class=\"\" title=\"\">Hlin\u00edkov\u00e9 pouzdro<\/span><br \/>\n<span class=\"\" title=\"\">Raspberry Pi 3 model B +<\/span><br \/>\n<span class=\"\" title=\"\">Nap\u00e1jen\u00ed 5V<\/span><br \/>\n<span class=\"\" title=\"\">ethernetov\u00fd kabel<\/span><br \/>\n<span class=\"\" title=\"\">Extern\u00ed ant\u00e9nu<\/span><\/p>\n<p>&nbsp;<\/p>\n<p>Cena je <span id=\"product-price-1335\" class=\"regular-price\"><span class=\"price\">\u20ac350.00<\/span><\/span><\/p>\n<p>&nbsp;<\/p>\n<p><a href=\"http:\/\/jvelektronika.cz\/wp-content\/uploads\/2019\/01\/cc1.jpg\"><img decoding=\"async\" loading=\"lazy\" class=\"aligncenter size-full wp-image-2180\" src=\"http:\/\/jvelektronika.cz\/wp-content\/uploads\/2019\/01\/cc1.jpg\" alt=\"\" width=\"500\" height=\"375\" srcset=\"https:\/\/jvelektronika.cz\/wp-content\/uploads\/2019\/01\/cc1.jpg 500w, https:\/\/jvelektronika.cz\/wp-content\/uploads\/2019\/01\/cc1-300x225.jpg 300w\" sizes=\"(max-width: 500px) 100vw, 500px\" \/><\/a><\/p>\n<p>&nbsp;<\/p>\n<p>Zdroj informac\u00ed: https:\/\/store.arduino.cc\/arduino-pro-gateway<\/p>\n<p>&nbsp;<\/p>\n<p>Publikov\u00e1no: 18. 01. 2019<br \/>\n&nbsp;<\/p>\n","protected":false},"excerpt":{"rendered":"<p>Arduino Pro Gateway for LoRa &nbsp; Nov\u00fd modul od poloviny Ledna 2019 je v prodeji. Sada Arduino Pro Gateway for LoRa poskytuje konektivitu LoRa (dlouh\u00fd dosah) s pou\u017eit\u00edm ultra-dlouh\u00e9ho dosahu a vysokou odolnost\u00ed proti ru\u0161en\u00ed na p\u00e1smech 868 MHz. Br\u00e1na nab\u00edz\u00ed a\u017e 8 kan\u00e1l\u016f LoRa ve frekvenci 868 MHz.Co\u017e je [&hellip;]<\/p>\n","protected":false},"author":1,"featured_media":0,"parent":2172,"menu_order":0,"comment_status":"closed","ping_status":"closed","template":"","meta":{"footnotes":""},"_links":{"self":[{"href":"https:\/\/jvelektronika.cz\/index.php?rest_route=\/wp\/v2\/pages\/2179"}],"collection":[{"href":"https:\/\/jvelektronika.cz\/index.php?rest_route=\/wp\/v2\/pages"}],"about":[{"href":"https:\/\/jvelektronika.cz\/index.php?rest_route=\/wp\/v2\/types\/page"}],"author":[{"embeddable":true,"href":"https:\/\/jvelektronika.cz\/index.php?rest_route=\/wp\/v2\/users\/1"}],"replies":[{"embeddable":true,"href":"https:\/\/jvelektronika.cz\/index.php?rest_route=%2Fwp%2Fv2%2Fcomments&post=2179"}],"version-history":[{"count":11,"href":"https:\/\/jvelektronika.cz\/index.php?rest_route=\/wp\/v2\/pages\/2179\/revisions"}],"predecessor-version":[{"id":2226,"href":"https:\/\/jvelektronika.cz\/index.php?rest_route=\/wp\/v2\/pages\/2179\/revisions\/2226"}],"up":[{"embeddable":true,"href":"https:\/\/jvelektronika.cz\/index.php?rest_route=\/wp\/v2\/pages\/2172"}],"wp:attachment":[{"href":"https:\/\/jvelektronika.cz\/index.php?rest_route=%2Fwp%2Fv2%2Fmedia&parent=2179"}],"curies":[{"name":"wp","href":"https:\/\/api.w.org\/{rel}","templated":true}]}}