{"id":203,"date":"2014-08-16T23:31:23","date_gmt":"2014-08-16T21:31:23","guid":{"rendered":"http:\/\/jvelektronika.cz\/?page_id=203"},"modified":"2014-08-16T23:31:23","modified_gmt":"2014-08-16T21:31:23","slug":"postrehy-a-informace","status":"publish","type":"page","link":"https:\/\/jvelektronika.cz\/?page_id=203","title":{"rendered":"Post\u0159ehy a Informace"},"content":{"rendered":"<div>\n<h1>Post\u0159ehy a Informace<\/h1>\n<\/div>\n<div>\n<div><ins>13.07.2014 08:08<\/ins><\/p>\n<h2>Acer Iconia Tab A1-810<\/h2>\n<p>&nbsp;<\/p>\n<p>Ned\u00e1vno vy\u0161la aktualizace Syst\u00e9mu Android 4.2.2, kter\u00e1 je nezbytn\u00e1 pro update na Android 4.4 KitKat.<\/p>\n<p>Doufejme, \u017ee spole\u010dnost Acer na takto v\u00fdkonn\u00fd tablet nezapom\u011bla a uvoln\u00ed novou verzi syst\u00e9mu Android.<\/p>\n<\/div>\n<\/div>\n<p>&nbsp;<\/p>\n","protected":false},"excerpt":{"rendered":"<p>Post\u0159ehy a Informace 13.07.2014 08:08 Acer Iconia Tab A1-810 &nbsp; Ned\u00e1vno vy\u0161la aktualizace Syst\u00e9mu Android 4.2.2, kter\u00e1 je nezbytn\u00e1 pro update na Android 4.4 KitKat. Doufejme, \u017ee spole\u010dnost Acer na takto v\u00fdkonn\u00fd tablet nezapom\u011bla a uvoln\u00ed novou verzi syst\u00e9mu Android. &nbsp;<\/p>\n","protected":false},"author":1,"featured_media":0,"parent":199,"menu_order":0,"comment_status":"closed","ping_status":"open","template":"","meta":{"footnotes":""},"_links":{"self":[{"href":"https:\/\/jvelektronika.cz\/index.php?rest_route=\/wp\/v2\/pages\/203"}],"collection":[{"href":"https:\/\/jvelektronika.cz\/index.php?rest_route=\/wp\/v2\/pages"}],"about":[{"href":"https:\/\/jvelektronika.cz\/index.php?rest_route=\/wp\/v2\/types\/page"}],"author":[{"embeddable":true,"href":"https:\/\/jvelektronika.cz\/index.php?rest_route=\/wp\/v2\/users\/1"}],"replies":[{"embeddable":true,"href":"https:\/\/jvelektronika.cz\/index.php?rest_route=%2Fwp%2Fv2%2Fcomments&post=203"}],"version-history":[{"count":1,"href":"https:\/\/jvelektronika.cz\/index.php?rest_route=\/wp\/v2\/pages\/203\/revisions"}],"predecessor-version":[{"id":204,"href":"https:\/\/jvelektronika.cz\/index.php?rest_route=\/wp\/v2\/pages\/203\/revisions\/204"}],"up":[{"embeddable":true,"href":"https:\/\/jvelektronika.cz\/index.php?rest_route=\/wp\/v2\/pages\/199"}],"wp:attachment":[{"href":"https:\/\/jvelektronika.cz\/index.php?rest_route=%2Fwp%2Fv2%2Fmedia&parent=203"}],"curies":[{"name":"wp","href":"https:\/\/api.w.org\/{rel}","templated":true}]}}