{"id":201,"date":"2014-08-16T23:30:44","date_gmt":"2014-08-16T21:30:44","guid":{"rendered":"http:\/\/jvelektronika.cz\/?page_id=201"},"modified":"2014-08-16T23:30:44","modified_gmt":"2014-08-16T21:30:44","slug":"prvni-videorecenze-tohoto-skveleho-tabletu","status":"publish","type":"page","link":"https:\/\/jvelektronika.cz\/?page_id=201","title":{"rendered":"PRVN\u00cd VIDEORECENZE TOHOTO SKV\u011aL\u00c9HO TABLETU"},"content":{"rendered":"<div>\n<h1>PRVN\u00cd VIDEORECENZE TOHOTO SKV\u011aL\u00c9HO TABLETU<\/h1>\n<\/div>\n<div>\n<div><ins>05.07.2014 21:24<\/ins><\/p>\n<h1>PRVN\u00cd VIDEORECENZE TOHOTO SKV\u011aL\u00c9HO TABLETU<\/h1>\n<p>&nbsp;<\/p>\n<h3>Acer Iconia Tab A1-810<\/h3>\n<\/div>\n<\/div>\n<p>&nbsp;<\/p>\n<div class=\"epyt-video-wrapper\"><iframe loading=\"lazy\"  style=\"display: block; margin: 0px auto;\"  id=\"_ytid_55885\"  width=\"640\" height=\"360\"  data-origwidth=\"640\" data-origheight=\"360\" src=\"https:\/\/www.youtube.com\/embed\/fTysIxEZkUg?enablejsapi=1&#038;autoplay=0&#038;cc_load_policy=0&#038;cc_lang_pref=&#038;iv_load_policy=1&#038;loop=0&#038;modestbranding=0&#038;rel=1&#038;fs=1&#038;playsinline=1&#038;autohide=2&#038;theme=dark&#038;color=red&#038;controls=1&#038;\" class=\"__youtube_prefs__  epyt-is-override  no-lazyload\" title=\"YouTube player\"  allow=\"accelerometer; autoplay; clipboard-write; encrypted-media; gyroscope; picture-in-picture\" allowfullscreen data-no-lazy=\"1\" data-skipgform_ajax_framebjll=\"\"><\/iframe><\/div>\n","protected":false},"excerpt":{"rendered":"<p>PRVN\u00cd VIDEORECENZE TOHOTO SKV\u011aL\u00c9HO TABLETU 05.07.2014 21:24 PRVN\u00cd VIDEORECENZE TOHOTO SKV\u011aL\u00c9HO TABLETU &nbsp; Acer Iconia Tab A1-810 &nbsp;<\/p>\n","protected":false},"author":1,"featured_media":0,"parent":199,"menu_order":0,"comment_status":"closed","ping_status":"open","template":"","meta":{"footnotes":""},"_links":{"self":[{"href":"https:\/\/jvelektronika.cz\/index.php?rest_route=\/wp\/v2\/pages\/201"}],"collection":[{"href":"https:\/\/jvelektronika.cz\/index.php?rest_route=\/wp\/v2\/pages"}],"about":[{"href":"https:\/\/jvelektronika.cz\/index.php?rest_route=\/wp\/v2\/types\/page"}],"author":[{"embeddable":true,"href":"https:\/\/jvelektronika.cz\/index.php?rest_route=\/wp\/v2\/users\/1"}],"replies":[{"embeddable":true,"href":"https:\/\/jvelektronika.cz\/index.php?rest_route=%2Fwp%2Fv2%2Fcomments&post=201"}],"version-history":[{"count":1,"href":"https:\/\/jvelektronika.cz\/index.php?rest_route=\/wp\/v2\/pages\/201\/revisions"}],"predecessor-version":[{"id":202,"href":"https:\/\/jvelektronika.cz\/index.php?rest_route=\/wp\/v2\/pages\/201\/revisions\/202"}],"up":[{"embeddable":true,"href":"https:\/\/jvelektronika.cz\/index.php?rest_route=\/wp\/v2\/pages\/199"}],"wp:attachment":[{"href":"https:\/\/jvelektronika.cz\/index.php?rest_route=%2Fwp%2Fv2%2Fmedia&parent=201"}],"curies":[{"name":"wp","href":"https:\/\/api.w.org\/{rel}","templated":true}]}}