{"id":179,"date":"2014-08-16T23:11:52","date_gmt":"2014-08-16T21:11:52","guid":{"rendered":"http:\/\/jvelektronika.cz\/?page_id=179"},"modified":"2014-08-16T23:11:52","modified_gmt":"2014-08-16T21:11:52","slug":"videorecenze-2","status":"publish","type":"page","link":"https:\/\/jvelektronika.cz\/?page_id=179","title":{"rendered":"Videorecenze 2"},"content":{"rendered":"<div>\n<h1>Recenze 2<\/h1>\n<\/div>\n<div>\n<div><ins>10.12.2012 10:23<\/ins><\/p>\n<h1>RECENZE<\/h1>\n<h1>VIDEORECENZE 2<\/h1>\n<p>&nbsp;<\/p>\n<p><strong>NA KONCI STR\u00c1NKY SE M\u016e\u017dETE POD\u00cdVAT NA VIDEORECENZI&#8230;<\/strong><\/p>\n<p>&nbsp;<\/p>\n<p>V t\u00e9to recenzi si uk\u00e1\u017eeme to co jsme v prvn\u00edm d\u00edle nestihly, jako t\u0159eba integrovan\u00fd prohl\u00ed\u017ee\u010d a pam\u011b\u0165 ram apod.<\/p>\n<p>Hlavn\u00ed v\u011bc v t\u00e9to 15 minutov\u00e9 videorecenzi je, ale PlayStation EMUL\u00c1TOR pro PSP hry, kde si uk\u00e1\u017eemu hru MOTO GP na tomto tabletu. Zat\u00edm v\u00fdvoj\u00e1\u0159i nedokon\u010dili emul\u00e1tor do fin\u00e1ln\u00ed verze, kde by m\u011bli fungovat v\u0161echny hry. Zat\u00edm je ve verzi 0.4 a funguje pouze 4 hry. P\u0159ipom\u00edn\u00e1m, \u017ee tablet m\u00e1 GRAFIKU 4 J\u00c1DRA A CPU\u00a0 2 J\u00c1DRA NA TAKTU 1,6GHz A TUD\u00cd\u017d BY M\u011aL ZVL\u00c1DNOUT OPRAVDU ODN\u011a.<\/p>\n<p>&nbsp;<\/p>\n<p>P\u0159ipom\u00edn\u00e1m, \u017ee videorecenze je ji\u017e s aktualizovan\u00fdm syst\u00e9mem s nov\u00e9m sestaven\u00ed&#8230;<\/p>\n<p>&nbsp;<\/p>\n<h3>NOV\u00c9 ZM\u011aNY<\/h3>\n<p>Jedna ze zm\u011bn je m\u00edrn\u00e1 grafick\u00e1 \u00faprava kl\u00e1vesnice a nov\u00e9 aplikace a zm\u011bna ur\u010dit\u00fdch ikon&#8230;<\/p>\n<p>&nbsp;<\/p>\n<p>( 10. 12. 2012 )<\/p>\n<\/div>\n<\/div>\n<p>&nbsp;<\/p>\n<div class=\"epyt-video-wrapper\"><iframe loading=\"lazy\"  style=\"display: block; margin: 0px auto;\"  id=\"_ytid_43692\"  width=\"640\" height=\"360\"  data-origwidth=\"640\" data-origheight=\"360\" src=\"https:\/\/www.youtube.com\/embed\/xvZMpdVbPIU?enablejsapi=1&#038;autoplay=0&#038;cc_load_policy=0&#038;cc_lang_pref=&#038;iv_load_policy=1&#038;loop=0&#038;modestbranding=0&#038;rel=1&#038;fs=1&#038;playsinline=1&#038;autohide=2&#038;theme=dark&#038;color=red&#038;controls=1&#038;\" class=\"__youtube_prefs__  epyt-is-override  no-lazyload\" title=\"YouTube player\"  allow=\"accelerometer; autoplay; clipboard-write; encrypted-media; gyroscope; picture-in-picture\" allowfullscreen data-no-lazy=\"1\" data-skipgform_ajax_framebjll=\"\"><\/iframe><\/div>\n","protected":false},"excerpt":{"rendered":"<p>Recenze 2 10.12.2012 10:23 RECENZE VIDEORECENZE 2 &nbsp; NA KONCI STR\u00c1NKY SE M\u016e\u017dETE POD\u00cdVAT NA VIDEORECENZI&#8230; &nbsp; V t\u00e9to recenzi si uk\u00e1\u017eeme to co jsme v prvn\u00edm d\u00edle nestihly, jako t\u0159eba integrovan\u00fd prohl\u00ed\u017ee\u010d a pam\u011b\u0165 ram apod. Hlavn\u00ed v\u011bc v t\u00e9to 15 minutov\u00e9 videorecenzi je, ale PlayStation EMUL\u00c1TOR pro PSP [&hellip;]<\/p>\n","protected":false},"author":1,"featured_media":0,"parent":171,"menu_order":0,"comment_status":"closed","ping_status":"open","template":"","meta":{"footnotes":""},"_links":{"self":[{"href":"https:\/\/jvelektronika.cz\/index.php?rest_route=\/wp\/v2\/pages\/179"}],"collection":[{"href":"https:\/\/jvelektronika.cz\/index.php?rest_route=\/wp\/v2\/pages"}],"about":[{"href":"https:\/\/jvelektronika.cz\/index.php?rest_route=\/wp\/v2\/types\/page"}],"author":[{"embeddable":true,"href":"https:\/\/jvelektronika.cz\/index.php?rest_route=\/wp\/v2\/users\/1"}],"replies":[{"embeddable":true,"href":"https:\/\/jvelektronika.cz\/index.php?rest_route=%2Fwp%2Fv2%2Fcomments&post=179"}],"version-history":[{"count":1,"href":"https:\/\/jvelektronika.cz\/index.php?rest_route=\/wp\/v2\/pages\/179\/revisions"}],"predecessor-version":[{"id":180,"href":"https:\/\/jvelektronika.cz\/index.php?rest_route=\/wp\/v2\/pages\/179\/revisions\/180"}],"up":[{"embeddable":true,"href":"https:\/\/jvelektronika.cz\/index.php?rest_route=\/wp\/v2\/pages\/171"}],"wp:attachment":[{"href":"https:\/\/jvelektronika.cz\/index.php?rest_route=%2Fwp%2Fv2%2Fmedia&parent=179"}],"curies":[{"name":"wp","href":"https:\/\/api.w.org\/{rel}","templated":true}]}}